{"id":451,"date":"2025-12-02T21:48:45","date_gmt":"2025-12-02T21:48:45","guid":{"rendered":"https:\/\/siranius.tanovis.linawang.se\/?page_id=451"},"modified":"2025-12-22T17:09:59","modified_gmt":"2025-12-22T17:09:59","slug":"urunler","status":"publish","type":"page","link":"https:\/\/siranius.com\/tr\/urunler\/","title":{"rendered":"\u00dcr\u00fcnler"},"content":{"rendered":"<section\n  class=\"tanovis_sub_hero  sub_hero--bg-default none\"\n  >\n  <div class=\"hero__media\">\n        \n    <div class=\"hero__symbol-container none\">\n      <div class=\"hero__symbol\">\n              <\/div>\n    <\/div>\n  <\/div>\n\n  <div class=\"hero__content container\">\n          <h1 class=\"hero__title title-lg\">Yak\u0131nda d\u00fcnyan\u0131n ilk lignin bazl\u0131 nutras\u00f6tik \u00fcr\u00fcnlerini piyasaya s\u00fcrece\u011fiz.<\/h1>\n      <\/div>\n<\/section>\n\n\n<section class=\"text container wysiwyg\" id=\"ibs\" >\n                                      <h2 class=\"text__title fade-up\">\n            \u0130rritabl Ba\u011f\u0131rsak Sendromu (IBS) i\u00e7in Lignin          <\/h2>\n                                                  <div class=\"text__body fade-up\">\n            <p>Son y\u0131llarda, IBS dahil olmak \u00fczere sa\u011fl\u0131k sorunlar\u0131n\u0131 y\u00f6netmek i\u00e7in do\u011fal alternatifler arayan bireyler aras\u0131nda artan bir e\u011filim vard\u0131r. Bu bak\u0131\u015f a\u00e7\u0131s\u0131ndaki de\u011fi\u015fim, ila\u00e7larla ili\u015fkili olas\u0131 yan etkileri en aza indirme ve sa\u011fl\u0131\u011fa daha b\u00fct\u00fcnsel bir yakla\u015f\u0131m benimseme arzusundan kaynaklanmaktad\u0131r. Sonu\u00e7 olarak, bir\u00e7ok ki\u015fi IBS semptomlar\u0131n\u0131 hafifleten do\u011fal ila\u00e7lar ve besin takviyeleri aktif olarak aramaktad\u0131r.<\/p>\n<p>&nbsp;<\/p>\n<p>Bu alternatifler, daha az kimyasal kullanma tercihi ve v\u00fccudun do\u011fal dengesini koruma odakl\u0131 yakla\u015f\u0131mla uyumlu oldu\u011fu i\u00e7in ilgi \u00e7ekmektedir. Bu nedenle, IBS'den etkili bir \u015fekilde kurtulmay\u0131 sa\u011flayan ve bireylerin ya\u015fam tarzlar\u0131 ve de\u011ferleriyle uyumlu bir \u015fekilde sindirim sa\u011fl\u0131\u011f\u0131 \u00fczerindeki kontrol\u00fcn\u00fc yeniden kazanmas\u0131n\u0131 sa\u011flayan do\u011fal \u00e7\u00f6z\u00fcmler i\u00e7in artan bir talep bulunmaktad\u0131r. Siranius olarak, IBS'den muzdarip ki\u015filerin ya\u015fam kalitesini ve ya\u015fam tarzlar\u0131n\u0131 korurken, hayatlar\u0131n\u0131 iyile\u015ftirmeye kararl\u0131y\u0131z.<\/p>\n          <\/div>\n                    \n<\/section>\n\n\n<section class=\"hubspot-form container bg-accent\" >\n  <div class=\"hubspot-form__inner\">\n    <div class=\"hubspot-form__content\">\n      <h2 class=\"hubspot-form__title title-md\">IBS nutras\u00f6tik \u00fcr\u00fcn\u00fcm\u00fcz hakk\u0131nda ilk bilen siz olmak ister misiniz?<\/h2>\n      <p class=\"hubspot-form__text body-md\">\u00dcr\u00fcn\u00fc denemek ve deneyimlerinizi bizimle payla\u015fmak i\u00e7in do\u011fru ki\u015fileri arayaca\u011f\u0131z.<\/p>\n    <\/div>\n          <style id=\"wpforms-css-vars-493\">\n\t\t\t\t#wpforms-493 {\n\t\t\t\t--wpforms-field-size-input-height: 43px;\n--wpforms-field-size-input-spacing: 15px;\n--wpforms-field-size-font-size: 16px;\n--wpforms-field-size-line-height: 19px;\n--wpforms-field-size-padding-h: 14px;\n--wpforms-field-size-checkbox-size: 16px;\n--wpforms-field-size-sublabel-spacing: 5px;\n--wpforms-field-size-icon-size: 1;\n--wpforms-label-size-font-size: 16px;\n--wpforms-label-size-line-height: 19px;\n--wpforms-label-size-sublabel-font-size: 14px;\n--wpforms-label-size-sublabel-line-height: 17px;\n--wpforms-button-size-font-size: 17px;\n--wpforms-button-size-height: 41px;\n--wpforms-button-size-padding-h: 15px;\n--wpforms-button-size-margin-top: 10px;\n--wpforms-container-shadow-size-box-shadow: none;\n\t\t\t}\n\t\t\t<\/style><div class=\"wpforms-container wpforms-container-full wpforms-render-modern\" id=\"wpforms-493\"><form id=\"wpforms-form-493\" class=\"wpforms-validate wpforms-form wpforms-ajax-form\" data-formid=\"493\" method=\"post\" enctype=\"multipart\/form-data\" action=\"\/tr\/wp-json\/wp\/v2\/pages\/451\" data-token=\"b47b1f09bdb053a9a401885569ec4c58\" data-token-time=\"1776775771\" data-trp-original-action=\"\/tr\/wp-json\/wp\/v2\/pages\/451\"><noscript class=\"wpforms-error-noscript\">Bu formu bitirebilmek i\u00e7in taray\u0131c\u0131n\u0131zda JavaScript&#039;i etkinle\u015ftirin.<\/noscript><div id=\"wpforms-error-noscript\" style=\"display: none;\">Bu formu bitirebilmek i\u00e7in taray\u0131c\u0131n\u0131zda JavaScript&#039;i etkinle\u015ftirin.<\/div><div class=\"wpforms-field-container\">\t\t<div id=\"wpforms-493-field_3-container\"\n\t\t\tclass=\"wpforms-field wpforms-field-text\"\n\t\t\tdata-field-type=\"text\"\n\t\t\tdata-field-id=\"3\"\n\t\t\t>\n\t\t\t<label class=\"wpforms-field-label\" for=\"wpforms-493-field_3\" >Ad\u0131 E-posta<\/label>\n\t\t\t<input type=\"text\" id=\"wpforms-493-field_3\" class=\"wpforms-field-medium\" name=\"wpforms[fields][3]\" >\n\t\t<\/div>\n\t\t<div id=\"wpforms-493-field_1-container\" class=\"wpforms-field wpforms-field-name\" data-field-id=\"1\"><fieldset><legend class=\"wpforms-field-label\">Ad <span class=\"wpforms-required-label\" aria-hidden=\"true\">*<\/span><\/legend><div class=\"wpforms-field-row wpforms-field-medium\"><div class=\"wpforms-field-row-block wpforms-first wpforms-one-half\"><input type=\"text\" id=\"wpforms-493-field_1\" class=\"wpforms-field-name-first wpforms-field-required\" name=\"wpforms[fields][1][first]\" aria-errormessage=\"wpforms-493-field_1-error\" required><label for=\"wpforms-493-field_1\" class=\"wpforms-field-sublabel after\">Ad<\/label><\/div><div class=\"wpforms-field-row-block wpforms-one-half\"><input type=\"text\" id=\"wpforms-493-field_1-last\" class=\"wpforms-field-name-last wpforms-field-required\" name=\"wpforms[fields][1][last]\" aria-errormessage=\"wpforms-493-field_1-last-error\" required><label for=\"wpforms-493-field_1-last\" class=\"wpforms-field-sublabel after\">Soyad<\/label><\/div><\/div><\/fieldset><\/div><div id=\"wpforms-493-field_2-container\" class=\"wpforms-field wpforms-field-email\" data-field-id=\"2\"><label class=\"wpforms-field-label\" for=\"wpforms-493-field_2\">E-posta <span class=\"wpforms-required-label\" aria-hidden=\"true\">*<\/span><\/label><input type=\"email\" id=\"wpforms-493-field_2\" class=\"wpforms-field-medium wpforms-field-required\" name=\"wpforms[fields][2]\" spellcheck=\"false\" aria-errormessage=\"wpforms-493-field_2-error\" required><\/div><script>\n\t\t\t\t( function() {\n\t\t\t\t\tconst style = document.createElement( 'style' );\n\t\t\t\t\tstyle.appendChild( document.createTextNode( '#wpforms-493-field_3-container { position: absolute !important; overflow: hidden !important; display: inline !important; height: 1px !important; width: 1px !important; z-index: -1000 !important; padding: 0 !important; } #wpforms-493-field_3-container input { visibility: hidden; } #wpforms-conversational-form-page #wpforms-493-field_3-container label { counter-increment: none; }' ) );\n\t\t\t\t\tdocument.head.appendChild( style );\n\t\t\t\t\tdocument.currentScript?.remove();\n\t\t\t\t} )();\n\t\t\t<\/script><\/div><!-- .wpforms-field-container --><div class=\"wpforms-submit-container\" ><input type=\"hidden\" name=\"wpforms[id]\" value=\"493\"><input type=\"hidden\" name=\"page_title\" value=\"\"><input type=\"hidden\" name=\"page_url\" value=\"https:\/\/siranius.com\/tr\/wp-json\/wp\/v2\/pages\/451\"><input type=\"hidden\" name=\"url_referer\" value=\"\"><button type=\"submit\" name=\"wpforms[submit]\" id=\"wpforms-submit-493\" class=\"wpforms-submit\" data-alt-text=\"Sending...\" data-submit-text=\"Submit\" aria-live=\"assertive\" value=\"wpforms-submit\">G\u00f6nder<\/button><img loading=\"lazy\" decoding=\"async\" src=\"https:\/\/siranius.com\/wp-content\/plugins\/wpforms\/assets\/images\/submit-spin.svg\" class=\"wpforms-submit-spinner\" style=\"display: none;\" width=\"26\" height=\"26\" alt=\"Y\u00fckleniyor\"><\/div><input type=\"hidden\" name=\"trp-form-language\" value=\"tr\"\/><\/form><\/div>  <!-- .wpforms-container -->\n      <\/div>\n<\/section>","protected":false},"excerpt":{"rendered":"","protected":false},"author":1,"featured_media":516,"parent":0,"menu_order":0,"comment_status":"closed","ping_status":"closed","template":"","meta":{"_acf_changed":false,"content-type":"","footnotes":""},"class_list":["post-451","page","type-page","status-publish","has-post-thumbnail","hentry"],"acf":[],"yoast_head":"<!-- This site is optimized with the Yoast SEO plugin v26.6 - https:\/\/yoast.com\/wordpress\/plugins\/seo\/ -->\n<title>Products - Siranius<\/title>\n<meta name=\"description\" content=\"Explore Siranius\u2019 lignin-derived health products. Thoughtfully developed to support wellbeing with sustainable, science-led innovation that matters.\" \/>\n<meta name=\"robots\" content=\"index, follow, max-snippet:-1, max-image-preview:large, max-video-preview:-1\" \/>\n<link rel=\"canonical\" href=\"https:\/\/siranius.com\/tr\/urunler\/\" \/>\n<meta property=\"og:locale\" content=\"tr_TR\" \/>\n<meta property=\"og:type\" content=\"article\" \/>\n<meta property=\"og:title\" content=\"Products - Siranius\" \/>\n<meta property=\"og:description\" content=\"Explore Siranius\u2019 lignin-derived health products. Thoughtfully developed to support wellbeing with sustainable, science-led innovation that matters.\" \/>\n<meta property=\"og:url\" content=\"https:\/\/siranius.com\/tr\/urunler\/\" \/>\n<meta property=\"og:site_name\" content=\"Siranius\" \/>\n<meta property=\"article:modified_time\" content=\"2025-12-22T17:09:59+00:00\" \/>\n<meta property=\"og:image\" content=\"https:\/\/siranius.com\/wp-content\/uploads\/sites\/2\/2025\/12\/Meta-Products-to-come.jpg\" \/>\n\t<meta property=\"og:image:width\" content=\"1024\" \/>\n\t<meta property=\"og:image:height\" content=\"768\" \/>\n\t<meta property=\"og:image:type\" content=\"image\/jpeg\" \/>\n<meta name=\"twitter:card\" content=\"summary_large_image\" \/>\n<meta name=\"twitter:label1\" content=\"Tahmini okuma s\u00fcresi\" \/>\n\t<meta name=\"twitter:data1\" content=\"2 dakika\" \/>\n<script type=\"application\/ld+json\" class=\"yoast-schema-graph\">{\"@context\":\"https:\/\/schema.org\",\"@graph\":[{\"@type\":\"WebPage\",\"@id\":\"https:\/\/siranius.com\/products\/\",\"url\":\"https:\/\/siranius.com\/products\/\",\"name\":\"Products - Siranius\",\"isPartOf\":{\"@id\":\"https:\/\/siranius.com\/#website\"},\"primaryImageOfPage\":{\"@id\":\"https:\/\/siranius.com\/products\/#primaryimage\"},\"image\":{\"@id\":\"https:\/\/siranius.com\/products\/#primaryimage\"},\"thumbnailUrl\":\"https:\/\/siranius.com\/wp-content\/uploads\/sites\/2\/2025\/12\/Meta-Products-to-come.jpg\",\"datePublished\":\"2025-12-02T21:48:45+00:00\",\"dateModified\":\"2025-12-22T17:09:59+00:00\",\"description\":\"Explore Siranius\u2019 lignin-derived health products. Thoughtfully developed to support wellbeing with sustainable, science-led innovation that matters.\",\"breadcrumb\":{\"@id\":\"https:\/\/siranius.com\/products\/#breadcrumb\"},\"inLanguage\":\"tr\",\"potentialAction\":[{\"@type\":\"ReadAction\",\"target\":[\"https:\/\/siranius.com\/products\/\"]}]},{\"@type\":\"ImageObject\",\"inLanguage\":\"tr\",\"@id\":\"https:\/\/siranius.com\/products\/#primaryimage\",\"url\":\"https:\/\/siranius.com\/wp-content\/uploads\/sites\/2\/2025\/12\/Meta-Products-to-come.jpg\",\"contentUrl\":\"https:\/\/siranius.com\/wp-content\/uploads\/sites\/2\/2025\/12\/Meta-Products-to-come.jpg\",\"width\":1024,\"height\":768},{\"@type\":\"BreadcrumbList\",\"@id\":\"https:\/\/siranius.com\/products\/#breadcrumb\",\"itemListElement\":[{\"@type\":\"ListItem\",\"position\":1,\"name\":\"Home\",\"item\":\"https:\/\/siranius.com\/\"},{\"@type\":\"ListItem\",\"position\":2,\"name\":\"Products\"}]},{\"@type\":\"WebSite\",\"@id\":\"https:\/\/siranius.com\/#website\",\"url\":\"https:\/\/siranius.com\/\",\"name\":\"Siranius\",\"description\":\"Lignin powered nutraceuticals\",\"potentialAction\":[{\"@type\":\"SearchAction\",\"target\":{\"@type\":\"EntryPoint\",\"urlTemplate\":\"https:\/\/siranius.com\/?s={search_term_string}\"},\"query-input\":{\"@type\":\"PropertyValueSpecification\",\"valueRequired\":true,\"valueName\":\"search_term_string\"}}],\"inLanguage\":\"tr\"}]}<\/script>\n<!-- \/ Yoast SEO plugin. -->","yoast_head_json":{"title":"\u00dcr\u00fcnler - Siranius","description":"Siranius'un ligninden elde edilen sa\u011fl\u0131k \u00fcr\u00fcnlerini ke\u015ffedin. S\u00fcrd\u00fcr\u00fclebilir, bilimsel temelli ve \u00f6nemli yeniliklerle sa\u011fl\u0131\u011f\u0131 desteklemek i\u00e7in \u00f6zenle geli\u015ftirilmi\u015ftir.","robots":{"index":"index","follow":"follow","max-snippet":"max-snippet:-1","max-image-preview":"max-image-preview:large","max-video-preview":"max-video-preview:-1"},"canonical":"https:\/\/siranius.com\/tr\/urunler\/","og_locale":"tr_TR","og_type":"article","og_title":"Products - Siranius","og_description":"Explore Siranius\u2019 lignin-derived health products. Thoughtfully developed to support wellbeing with sustainable, science-led innovation that matters.","og_url":"https:\/\/siranius.com\/tr\/urunler\/","og_site_name":"Siranius","article_modified_time":"2025-12-22T17:09:59+00:00","og_image":[{"width":1024,"height":768,"url":"https:\/\/siranius.com\/wp-content\/uploads\/sites\/2\/2025\/12\/Meta-Products-to-come.jpg","type":"image\/jpeg"}],"twitter_card":"summary_large_image","twitter_misc":{"Tahmini okuma s\u00fcresi":"2 dakika"},"schema":{"@context":"https:\/\/schema.org","@graph":[{"@type":"WebPage","@id":"https:\/\/siranius.com\/products\/","url":"https:\/\/siranius.com\/products\/","name":"\u00dcr\u00fcnler - Siranius","isPartOf":{"@id":"https:\/\/siranius.com\/#website"},"primaryImageOfPage":{"@id":"https:\/\/siranius.com\/products\/#primaryimage"},"image":{"@id":"https:\/\/siranius.com\/products\/#primaryimage"},"thumbnailUrl":"https:\/\/siranius.com\/wp-content\/uploads\/sites\/2\/2025\/12\/Meta-Products-to-come.jpg","datePublished":"2025-12-02T21:48:45+00:00","dateModified":"2025-12-22T17:09:59+00:00","description":"Siranius'un ligninden elde edilen sa\u011fl\u0131k \u00fcr\u00fcnlerini ke\u015ffedin. S\u00fcrd\u00fcr\u00fclebilir, bilimsel temelli ve \u00f6nemli yeniliklerle sa\u011fl\u0131\u011f\u0131 desteklemek i\u00e7in \u00f6zenle geli\u015ftirilmi\u015ftir.","breadcrumb":{"@id":"https:\/\/siranius.com\/products\/#breadcrumb"},"inLanguage":"tr","potentialAction":[{"@type":"ReadAction","target":["https:\/\/siranius.com\/products\/"]}]},{"@type":"ImageObject","inLanguage":"tr","@id":"https:\/\/siranius.com\/products\/#primaryimage","url":"https:\/\/siranius.com\/wp-content\/uploads\/sites\/2\/2025\/12\/Meta-Products-to-come.jpg","contentUrl":"https:\/\/siranius.com\/wp-content\/uploads\/sites\/2\/2025\/12\/Meta-Products-to-come.jpg","width":1024,"height":768},{"@type":"BreadcrumbList","@id":"https:\/\/siranius.com\/products\/#breadcrumb","itemListElement":[{"@type":"ListItem","position":1,"name":"Home","item":"https:\/\/siranius.com\/"},{"@type":"ListItem","position":2,"name":"Products"}]},{"@type":"WebSite","@id":"https:\/\/siranius.com\/#website","url":"https:\/\/siranius.com\/","name":"Siranius","description":"Lignin ile g\u00fc\u00e7lendirilmi\u015f nutras\u00f6tikler","potentialAction":[{"@type":"SearchAction","target":{"@type":"EntryPoint","urlTemplate":"https:\/\/siranius.com\/?s={search_term_string}"},"query-input":{"@type":"PropertyValueSpecification","valueRequired":true,"valueName":"search_term_string"}}],"inLanguage":"tr"}]}},"_links":{"self":[{"href":"https:\/\/siranius.com\/tr\/wp-json\/wp\/v2\/pages\/451","targetHints":{"allow":["GET"]}}],"collection":[{"href":"https:\/\/siranius.com\/tr\/wp-json\/wp\/v2\/pages"}],"about":[{"href":"https:\/\/siranius.com\/tr\/wp-json\/wp\/v2\/types\/page"}],"author":[{"embeddable":true,"href":"https:\/\/siranius.com\/tr\/wp-json\/wp\/v2\/users\/1"}],"replies":[{"embeddable":true,"href":"https:\/\/siranius.com\/tr\/wp-json\/wp\/v2\/comments?post=451"}],"version-history":[{"count":13,"href":"https:\/\/siranius.com\/tr\/wp-json\/wp\/v2\/pages\/451\/revisions"}],"predecessor-version":[{"id":531,"href":"https:\/\/siranius.com\/tr\/wp-json\/wp\/v2\/pages\/451\/revisions\/531"}],"wp:featuredmedia":[{"embeddable":true,"href":"https:\/\/siranius.com\/tr\/wp-json\/wp\/v2\/media\/516"}],"wp:attachment":[{"href":"https:\/\/siranius.com\/tr\/wp-json\/wp\/v2\/media?parent=451"}],"curies":[{"name":"wp","href":"https:\/\/api.w.org\/{rel}","templated":true}]}}