{"id":35,"date":"2025-11-19T09:53:25","date_gmt":"2025-11-19T09:53:25","guid":{"rendered":"https:\/\/siranius.tanovis.linawang.se\/?page_id=35"},"modified":"2025-12-16T20:42:38","modified_gmt":"2025-12-16T20:42:38","slug":"hakkinda","status":"publish","type":"page","link":"https:\/\/siranius.com\/tr\/hakkinda\/","title":{"rendered":"\u015eirket"},"content":{"rendered":"<section\n  class=\"tanovis_sub_hero  sub_hero--bg-default split\"\n  >\n  <div class=\"hero__media\">\n        \n    <div class=\"hero__symbol-container split\">\n      <div class=\"hero__symbol\">\n                  <img decoding=\"async\" class=\"hero__symbol\" src=\"https:\/\/siranius.com\/wp-content\/uploads\/sites\/2\/2025\/11\/image06.jpg\"\n            alt=\"\" \/>\n              <\/div>\n    <\/div>\n  <\/div>\n\n  <div class=\"hero__content container\">\n          <h1 class=\"hero__title title-lg\">Ligninle \u00e7al\u0131\u015fan insan sa\u011fl\u0131\u011f\u0131 \u00e7\u00f6z\u00fcmleri.<\/h1>\n      <\/div>\n<\/section>\n\n\n<section class=\"text container wysiwyg\" >\n                                      <div class=\"text__body fade-up\">\n            <p><span style=\"font-weight: 400\">Ba\u011f\u0131rsaklar\u0131 g\u00fc\u00e7lendiren lignin bazl\u0131 nutras\u00f6tikler ve fonksiyonel bile\u015fenler geli\u015ftirerek, s\u00fcrd\u00fcr\u00fclebilir sa\u011fl\u0131k \u00e7\u00f6z\u00fcmlerinde yepyeni bir kategoriye \u00f6nc\u00fcl\u00fck ediyoruz. Misyonumuz, sadece insanlar i\u00e7in de\u011fil, t\u00fcm toplum i\u00e7in \u00f6l\u00e7\u00fclebilir bir etki yaratmakt\u0131r.<\/span><\/p>\n<p>&nbsp;<\/p>\n          <\/div>\n                    \n<\/section>\n\n\n<section class=\"stacked-texts container  bg-default\" >\n  <h2 class=\"stacked-texts__title body-md\">Siranius hakk\u0131nda<\/h2>\n  <div class=\"stacked-texts__inner\">\n            <div class=\"stacked-texts__section fade-up\">\n      <h3 class=\"stacked-texts__section-title title-md animate-words\">\u015eirketimiz<\/h3>\n      <div class=\"stacked-texts__section-text body-md fade-up-delay-600\"><p><span style=\"font-weight: 400;\">Siranius, \u0130svi\u00e7re merkezli bir biyobilim \u015firketidir. Biyoteknoloji ve g\u00fcnl\u00fck sa\u011fl\u0131k alanlar\u0131n\u0131n kesi\u015fim noktas\u0131nda faaliyet g\u00f6stererek, ligninin do\u011fal savunma sistemini g\u00fcvenli ve etkili ba\u011f\u0131rsak sa\u011fl\u0131\u011f\u0131 \u00fcr\u00fcnlerine d\u00f6n\u00fc\u015ft\u00fcr\u00fcyoruz.<\/span><\/p>\n<\/div>\n    <\/div>\n        <div class=\"stacked-texts__section fade-up\">\n      <h3 class=\"stacked-texts__section-title title-md animate-words\">Misyonumuz<\/h3>\n      <div class=\"stacked-texts__section-text body-md fade-up-delay-600\"><ul class=\"ul1\">\n<li class=\"li2\">Ligninin insan sa\u011fl\u0131\u011f\u0131 i\u00e7in biyoaktif g\u00fcc\u00fcn\u00fc ortaya \u00e7\u0131karmak, ba\u011f\u0131rsak dengesi, ba\u011f\u0131\u015f\u0131kl\u0131k ve direnci destekleyen g\u00fcvenli, etkili ve s\u00fcrd\u00fcr\u00fclebilir \u00e7\u00f6z\u00fcmler yaratmak.<\/li>\n<\/ul>\n<\/div>\n    <\/div>\n        <div class=\"stacked-texts__section fade-up\">\n      <h3 class=\"stacked-texts__section-title title-md animate-words\">Vizyonumuz<\/h3>\n      <div class=\"stacked-texts__section-text body-md fade-up-delay-600\"><ul class=\"ul1\">\n<li class=\"li1\">Ligninden elde edilen sa\u011fl\u0131k \u00e7\u00f6z\u00fcmlerini, sadece do\u011fal k\u00f6kenleri nedeniyle de\u011fil, insan sa\u011fl\u0131\u011f\u0131 \u00fczerindeki kan\u0131tlanm\u0131\u015f etkileri nedeniyle de besin takviyeleri ve fonksiyonel sa\u011fl\u0131k alan\u0131nda g\u00fcvenilir bir standart haline getirmek.<\/li>\n<\/ul>\n<\/div>\n    <\/div>\n        <div class=\"stacked-texts__section fade-up\">\n      <h3 class=\"stacked-texts__section-title title-md animate-words\">Anahtar pazarlar\u0131m\u0131z<\/h3>\n      <div class=\"stacked-texts__section-text body-md fade-up-delay-600\"><p>Siranius, \u00e7e\u015fitli pazarlarda faaliyet g\u00f6steren k\u00fcresel bir \u015firkettir. \u0130lk t\u00fcketici \u00fcr\u00fcnlerimiz yak\u0131nda Latin Amerika'da sat\u0131\u015fa sunulacakt\u0131r.<\/p>\n<\/div>\n    <\/div>\n          <\/div>\n<\/section>\n\n\n<section class=\"text container wysiwyg\" >\n                                      <div class=\"text__image fade-up\">\n            <img loading=\"lazy\" decoding=\"async\" width=\"800\" height=\"600\" src=\"https:\/\/siranius.com\/wp-content\/uploads\/sites\/2\/2025\/12\/Siranius-i-symbol.png\" class=\"text__image-img\" alt=\"\" srcset=\"https:\/\/siranius.com\/wp-content\/uploads\/sites\/2\/2025\/12\/Siranius-i-symbol.png 800w, https:\/\/siranius.com\/wp-content\/uploads\/sites\/2\/2025\/12\/Siranius-i-symbol-300x225.png 300w, https:\/\/siranius.com\/wp-content\/uploads\/sites\/2\/2025\/12\/Siranius-i-symbol-768x576.png 768w\" sizes=\"auto, (max-width: 800px) 100vw, 800px\" \/>          <\/div>\n                                                  <h3 class=\"text__title fade-up\">\n            Tanovis grubunun bir par\u00e7as\u0131y\u0131z.          <\/h3>\n                                                  <div class=\"text__body fade-up\">\n            <p><span style=\"font-weight: 400\">Siranius, ligninin bilimsel potansiyelini somut sonu\u00e7lara d\u00f6n\u00fc\u015ft\u00fcren, geni\u015fleyen bir giri\u015fimler grubu olan Tanovis Group b\u00fcnyesindeki bir \u015firkettir. Her giri\u015fim, Tanovis lignin platformunu yeni bir alana geni\u015fleterek, ayn\u0131 temel teknolojiyi hayvan sa\u011fl\u0131\u011f\u0131n\u0131 iyile\u015ftirmek, malzeme performans\u0131n\u0131 geli\u015ftirmek ve insan refah\u0131n\u0131 art\u0131rmak i\u00e7in kullan\u0131r. Tanovis'in bitki bazl\u0131 polimerler ile yapt\u0131\u011f\u0131 \u00f6nc\u00fc \u00e7al\u0131\u015fmalar, kendi geli\u015ftirmemizin bilimsel temelini olu\u015fturur ve bize insan sa\u011fl\u0131\u011f\u0131 \u00e7\u00f6z\u00fcmlerini g\u00fcvenle ilerletmek i\u00e7in kan\u0131tlanm\u0131\u015f bir platform sunar.<\/span><\/p>\n<p>&nbsp;<\/p>\n<p>&nbsp;<\/p>\n          <\/div>\n                                                  <div class=\"text__image fade-up\">\n            <img loading=\"lazy\" decoding=\"async\" width=\"800\" height=\"242\" src=\"https:\/\/siranius.com\/wp-content\/uploads\/sites\/2\/2025\/12\/Tanovis-Group-colors-800.jpg\" class=\"text__image-img\" alt=\"\" srcset=\"https:\/\/siranius.com\/wp-content\/uploads\/sites\/2\/2025\/12\/Tanovis-Group-colors-800.jpg 800w, https:\/\/siranius.com\/wp-content\/uploads\/sites\/2\/2025\/12\/Tanovis-Group-colors-800-300x91.jpg 300w, https:\/\/siranius.com\/wp-content\/uploads\/sites\/2\/2025\/12\/Tanovis-Group-colors-800-768x232.jpg 768w\" sizes=\"auto, (max-width: 800px) 100vw, 800px\" \/>          <\/div>\n                    \n<\/section>","protected":false},"excerpt":{"rendered":"","protected":false},"author":1,"featured_media":505,"parent":0,"menu_order":0,"comment_status":"closed","ping_status":"closed","template":"","meta":{"_acf_changed":false,"content-type":"","footnotes":""},"class_list":["post-35","page","type-page","status-publish","has-post-thumbnail","hentry"],"acf":[],"yoast_head":"<!-- This site is optimized with the Yoast SEO plugin v26.6 - https:\/\/yoast.com\/wordpress\/plugins\/seo\/ -->\n<title>The company - Siranius<\/title>\n<meta name=\"description\" content=\"Discover Siranius\u2019 story, mission and values \u2014 a team dedicated to science-led, sustainable health innovation rooted in lignin and real human impact.\" \/>\n<meta name=\"robots\" content=\"index, follow, max-snippet:-1, max-image-preview:large, max-video-preview:-1\" \/>\n<link rel=\"canonical\" href=\"https:\/\/siranius.com\/tr\/hakkinda\/\" \/>\n<meta property=\"og:locale\" content=\"tr_TR\" \/>\n<meta property=\"og:type\" content=\"article\" \/>\n<meta property=\"og:title\" content=\"The company - Siranius\" \/>\n<meta property=\"og:description\" content=\"Discover Siranius\u2019 story, mission and values \u2014 a team dedicated to science-led, sustainable health innovation rooted in lignin and real human impact.\" \/>\n<meta property=\"og:url\" content=\"https:\/\/siranius.com\/tr\/hakkinda\/\" \/>\n<meta property=\"og:site_name\" content=\"Siranius\" \/>\n<meta property=\"article:modified_time\" content=\"2025-12-16T20:42:38+00:00\" \/>\n<meta property=\"og:image\" content=\"https:\/\/siranius.com\/wp-content\/uploads\/sites\/2\/2025\/12\/Meta-Human-health.png\" \/>\n\t<meta property=\"og:image:width\" content=\"1024\" \/>\n\t<meta property=\"og:image:height\" content=\"768\" \/>\n\t<meta property=\"og:image:type\" content=\"image\/png\" \/>\n<meta name=\"twitter:card\" content=\"summary_large_image\" \/>\n<meta name=\"twitter:label1\" content=\"Tahmini okuma s\u00fcresi\" \/>\n\t<meta name=\"twitter:data1\" content=\"2 dakika\" \/>\n<script type=\"application\/ld+json\" class=\"yoast-schema-graph\">{\"@context\":\"https:\/\/schema.org\",\"@graph\":[{\"@type\":\"WebPage\",\"@id\":\"https:\/\/siranius.com\/about\/\",\"url\":\"https:\/\/siranius.com\/about\/\",\"name\":\"The company - Siranius\",\"isPartOf\":{\"@id\":\"https:\/\/siranius.com\/#website\"},\"primaryImageOfPage\":{\"@id\":\"https:\/\/siranius.com\/about\/#primaryimage\"},\"image\":{\"@id\":\"https:\/\/siranius.com\/about\/#primaryimage\"},\"thumbnailUrl\":\"https:\/\/siranius.com\/wp-content\/uploads\/sites\/2\/2025\/12\/Meta-Human-health.png\",\"datePublished\":\"2025-11-19T09:53:25+00:00\",\"dateModified\":\"2025-12-16T20:42:38+00:00\",\"description\":\"Discover Siranius\u2019 story, mission and values \u2014 a team dedicated to science-led, sustainable health innovation rooted in lignin and real human impact.\",\"breadcrumb\":{\"@id\":\"https:\/\/siranius.com\/about\/#breadcrumb\"},\"inLanguage\":\"tr\",\"potentialAction\":[{\"@type\":\"ReadAction\",\"target\":[\"https:\/\/siranius.com\/about\/\"]}]},{\"@type\":\"ImageObject\",\"inLanguage\":\"tr\",\"@id\":\"https:\/\/siranius.com\/about\/#primaryimage\",\"url\":\"https:\/\/siranius.com\/wp-content\/uploads\/sites\/2\/2025\/12\/Meta-Human-health.png\",\"contentUrl\":\"https:\/\/siranius.com\/wp-content\/uploads\/sites\/2\/2025\/12\/Meta-Human-health.png\",\"width\":1024,\"height\":768},{\"@type\":\"BreadcrumbList\",\"@id\":\"https:\/\/siranius.com\/about\/#breadcrumb\",\"itemListElement\":[{\"@type\":\"ListItem\",\"position\":1,\"name\":\"Home\",\"item\":\"https:\/\/siranius.com\/\"},{\"@type\":\"ListItem\",\"position\":2,\"name\":\"The company\"}]},{\"@type\":\"WebSite\",\"@id\":\"https:\/\/siranius.com\/#website\",\"url\":\"https:\/\/siranius.com\/\",\"name\":\"Siranius\",\"description\":\"Lignin powered nutraceuticals\",\"potentialAction\":[{\"@type\":\"SearchAction\",\"target\":{\"@type\":\"EntryPoint\",\"urlTemplate\":\"https:\/\/siranius.com\/?s={search_term_string}\"},\"query-input\":{\"@type\":\"PropertyValueSpecification\",\"valueRequired\":true,\"valueName\":\"search_term_string\"}}],\"inLanguage\":\"tr\"}]}<\/script>\n<!-- \/ Yoast SEO plugin. -->","yoast_head_json":{"title":"\u015eirket - Siranius","description":"Siranius'un hikayesini, misyonunu ve de\u011ferlerini ke\u015ffedin \u2014 lignin ve ger\u00e7ek insan etkisine dayanan, bilim odakl\u0131, s\u00fcrd\u00fcr\u00fclebilir sa\u011fl\u0131k inovasyonuna adanm\u0131\u015f bir ekip.","robots":{"index":"index","follow":"follow","max-snippet":"max-snippet:-1","max-image-preview":"max-image-preview:large","max-video-preview":"max-video-preview:-1"},"canonical":"https:\/\/siranius.com\/tr\/hakkinda\/","og_locale":"tr_TR","og_type":"article","og_title":"The company - Siranius","og_description":"Discover Siranius\u2019 story, mission and values \u2014 a team dedicated to science-led, sustainable health innovation rooted in lignin and real human impact.","og_url":"https:\/\/siranius.com\/tr\/hakkinda\/","og_site_name":"Siranius","article_modified_time":"2025-12-16T20:42:38+00:00","og_image":[{"width":1024,"height":768,"url":"https:\/\/siranius.com\/wp-content\/uploads\/sites\/2\/2025\/12\/Meta-Human-health.png","type":"image\/png"}],"twitter_card":"summary_large_image","twitter_misc":{"Tahmini okuma s\u00fcresi":"2 dakika"},"schema":{"@context":"https:\/\/schema.org","@graph":[{"@type":"WebPage","@id":"https:\/\/siranius.com\/about\/","url":"https:\/\/siranius.com\/about\/","name":"\u015eirket - Siranius","isPartOf":{"@id":"https:\/\/siranius.com\/#website"},"primaryImageOfPage":{"@id":"https:\/\/siranius.com\/about\/#primaryimage"},"image":{"@id":"https:\/\/siranius.com\/about\/#primaryimage"},"thumbnailUrl":"https:\/\/siranius.com\/wp-content\/uploads\/sites\/2\/2025\/12\/Meta-Human-health.png","datePublished":"2025-11-19T09:53:25+00:00","dateModified":"2025-12-16T20:42:38+00:00","description":"Siranius'un hikayesini, misyonunu ve de\u011ferlerini ke\u015ffedin \u2014 lignin ve ger\u00e7ek insan etkisine dayanan, bilim odakl\u0131, s\u00fcrd\u00fcr\u00fclebilir sa\u011fl\u0131k inovasyonuna adanm\u0131\u015f bir ekip.","breadcrumb":{"@id":"https:\/\/siranius.com\/about\/#breadcrumb"},"inLanguage":"tr","potentialAction":[{"@type":"ReadAction","target":["https:\/\/siranius.com\/about\/"]}]},{"@type":"ImageObject","inLanguage":"tr","@id":"https:\/\/siranius.com\/about\/#primaryimage","url":"https:\/\/siranius.com\/wp-content\/uploads\/sites\/2\/2025\/12\/Meta-Human-health.png","contentUrl":"https:\/\/siranius.com\/wp-content\/uploads\/sites\/2\/2025\/12\/Meta-Human-health.png","width":1024,"height":768},{"@type":"BreadcrumbList","@id":"https:\/\/siranius.com\/about\/#breadcrumb","itemListElement":[{"@type":"ListItem","position":1,"name":"Home","item":"https:\/\/siranius.com\/"},{"@type":"ListItem","position":2,"name":"The company"}]},{"@type":"WebSite","@id":"https:\/\/siranius.com\/#website","url":"https:\/\/siranius.com\/","name":"Siranius","description":"Lignin ile g\u00fc\u00e7lendirilmi\u015f nutras\u00f6tikler","potentialAction":[{"@type":"SearchAction","target":{"@type":"EntryPoint","urlTemplate":"https:\/\/siranius.com\/?s={search_term_string}"},"query-input":{"@type":"PropertyValueSpecification","valueRequired":true,"valueName":"search_term_string"}}],"inLanguage":"tr"}]}},"_links":{"self":[{"href":"https:\/\/siranius.com\/tr\/wp-json\/wp\/v2\/pages\/35","targetHints":{"allow":["GET"]}}],"collection":[{"href":"https:\/\/siranius.com\/tr\/wp-json\/wp\/v2\/pages"}],"about":[{"href":"https:\/\/siranius.com\/tr\/wp-json\/wp\/v2\/types\/page"}],"author":[{"embeddable":true,"href":"https:\/\/siranius.com\/tr\/wp-json\/wp\/v2\/users\/1"}],"replies":[{"embeddable":true,"href":"https:\/\/siranius.com\/tr\/wp-json\/wp\/v2\/comments?post=35"}],"version-history":[{"count":20,"href":"https:\/\/siranius.com\/tr\/wp-json\/wp\/v2\/pages\/35\/revisions"}],"predecessor-version":[{"id":476,"href":"https:\/\/siranius.com\/tr\/wp-json\/wp\/v2\/pages\/35\/revisions\/476"}],"wp:featuredmedia":[{"embeddable":true,"href":"https:\/\/siranius.com\/tr\/wp-json\/wp\/v2\/media\/505"}],"wp:attachment":[{"href":"https:\/\/siranius.com\/tr\/wp-json\/wp\/v2\/media?parent=35"}],"curies":[{"name":"wp","href":"https:\/\/api.w.org\/{rel}","templated":true}]}}