{"id":33,"date":"2025-11-19T09:52:37","date_gmt":"2025-11-19T09:52:37","guid":{"rendered":"https:\/\/siranius.tanovis.linawang.se\/?page_id=33"},"modified":"2025-12-16T20:43:57","modified_gmt":"2025-12-16T20:43:57","slug":"biyobilim","status":"publish","type":"page","link":"https:\/\/siranius.com\/tr\/biyobilim\/","title":{"rendered":"Bilim"},"content":{"rendered":"<section class=\"title-text-block  bg-default\" >\n  <div class=\"title-text-block__inner container\">\n    <div class=\"title-text-block__title\">\n      <h2 class=\"title-xl animate-words\">20 y\u0131ll\u0131k ara\u015ft\u0131rma. Ve daha yeni ba\u015fl\u0131yoruz. <\/h2>\n    <\/div>\n    <div class=\"title-text-block__text fade-up-delay-600\">\n      <div class=\"body-lg\"><\/div>\n          <\/div>\n  <\/div>\n<\/section>\n\n\n<section class=\"quote   bg-default\" >\n  \n  <div class=\"container\">\n        <h3 class=\"quote__text animate-lines title-md\">\n      Bitkilerin dayan\u0131kl\u0131l\u0131\u011f\u0131n\u0131n ve savunmas\u0131n\u0131n ard\u0131ndaki do\u011fal bile\u015fik olan ligninin gizli g\u00fcc\u00fcn\u00fc ortaya \u00e7\u0131kard\u0131k. 20 y\u0131l\u0131 a\u015fk\u0131n ara\u015ft\u0131rma deneyimimizle, lignin bazl\u0131 sa\u011fl\u0131k \u00e7\u00f6z\u00fcmlerinde \u00f6nc\u00fc rol oynuyoruz.     <\/h3>\n          <\/div>\n\n<\/section>\n\n\n<section class=\"text container wysiwyg\" >\n                                      <h2 class=\"text__title fade-up\">\n            Ba\u011f\u0131rsak sa\u011fl\u0131\u011f\u0131n\u0131 ve s\u00fcrd\u00fcr\u00fclebilirli\u011fi iyile\u015ftirme<br \/><br \/>\r\n          <\/h2>\n                                                  <div class=\"text__body fade-up\">\n            <p><span style=\"font-weight: 400\">Metabolik bozukluklar ve karaci\u011fer hastal\u0131klar\u0131ndan ba\u011f\u0131\u015f\u0131kl\u0131k fonksiyon bozukluklar\u0131na, kardiyovask\u00fcler sorunlara, alerjilere ve IBS'ye kadar. D\u00fcnya \u00e7ap\u0131nda, ba\u011f\u0131rsak dengesizli\u011fi ile ba\u011flant\u0131l\u0131 kronik rahats\u0131zl\u0131klar artmaktad\u0131r. \u00c7ok say\u0131da ara\u015ft\u0131rma, ba\u011f\u0131rsak floras\u0131ndaki bozukluklar\u0131n iltihaplanma, ba\u011f\u0131\u015f\u0131kl\u0131k d\u00fczenlemesi ve v\u00fccudun genel direncini nas\u0131l etkileyebilece\u011fini g\u00f6stermektedir.<\/span><\/p>\n<p>&nbsp;<\/p>\n<p><span style=\"font-weight: 400\">Ayn\u0131 zamanda, toplum hem insanlar\u0131 hem de gezegeni koruyan \u00e7\u00f6z\u00fcmlere ihtiya\u00e7 duymaktad\u0131r. Bol miktarda bulunan, yenilenebilir bir bitki polimeri olan lignin ile \u00e7al\u0131\u015fmak, fosil bazl\u0131 malzemelere olan ba\u011f\u0131ml\u0131l\u0131\u011f\u0131 azalt\u0131rken insan sa\u011fl\u0131\u011f\u0131n\u0131 da ele almam\u0131z\u0131 sa\u011flar. <\/span><\/p>\n          <\/div>\n                    \n<\/section>\n\n\n<section class=\"numbers container  bg-default\" >\n  <h2 class=\"numbers__title\">Rakamlarla IBS<\/h2>\n  <div class=\"numbers__inner\">\n        <div class=\"numbers__item\">\n      <h3 class=\"numbers__item-number title-xxl\"><span\n          class=\"numbers__item-number-animate\">11<\/span>%      <\/h3>\n      <p class=\"numbers__item-text body-sm\">K\u00fcresel n\u00fcfusun 'u IBS ile ya\u015f\u0131yor.<\/p>\n    <\/div>\n        <div class=\"numbers__item\">\n      <h3 class=\"numbers__item-number title-xxl\"><span\n          class=\"numbers__item-number-animate\">15<\/span>%      <\/h3>\n      <p class=\"numbers__item-text body-sm\">Avrupa, ABD ve Meksika'da ya\u015fayanlar\u0131n IBS'den muzdarip oldu\u011fu tahmin edilmektedir.<\/p>\n    <\/div>\n        <div class=\"numbers__item\">\n      <h3 class=\"numbers__item-number title-xxl\"><span\n          class=\"numbers__item-number-animate\">30<\/span>%      <\/h3>\n      <p class=\"numbers__item-text body-sm\">IBS semptomlar\u0131 ya\u015fayanlar\u0131n t\u0131bbi yard\u0131m arayanlar<\/p>\n    <\/div>\n      <\/div>\n<\/section>\n\n\n<section class=\"text container wysiwyg\" >\n                              <div class=\"text__table fade-up\">\n                          <div class=\"text__table-column\">\n                                                  <p class=\"text__table-header body-md\">Lignin ve ba\u011f\u0131rsak sa\u011fl\u0131\u011f\u0131<\/p>\n                                                  <ul class=\"text__table-list\">\n                                                                                        <li class=\"text__table-item\">Ba\u011f\u0131rsak dengesizli\u011fi diyabet, karaci\u011fer hastal\u0131\u011f\u0131, kardiyovask\u00fcler rahats\u0131zl\u0131klar, otoimm\u00fcn bozukluklar ve IBS ile ba\u011flant\u0131l\u0131d\u0131r.<\/li>\n                                                                                                              <li class=\"text__table-item\">Lignin bazl\u0131 biyopolimerlerimiz daha sa\u011fl\u0131kl\u0131 bir ba\u011f\u0131rsak ortam\u0131 sa\u011flar, iltihaplanmay\u0131 azalt\u0131r ve ba\u011f\u0131\u015f\u0131kl\u0131\u011f\u0131 destekler.<\/li>\n                                                                                                              <li class=\"text__table-item\">Ligninin ba\u011f\u0131rsak floras\u0131n\u0131 etkileme konusundaki do\u011fal yetene\u011fi, g\u00fcn\u00fcm\u00fcz\u00fcn g\u00fcnl\u00fck semptomlar\u0131n\u0131n ve gelecekteki \u00f6nemli k\u00fcresel sa\u011fl\u0131k sorunlar\u0131n\u0131n \u00e7\u00f6z\u00fcm\u00fcne yard\u0131mc\u0131 olma potansiyeli sunmaktad\u0131r.<\/li>\n                                                            <\/ul>\n                              <\/div>\n                      <\/div>\n                    \n<\/section>\n\n\n<section class=\"card-slider\" id=\"card-slider-block_e26907cdc753f4ebd0f98a01e00cb9cd\" >\n  <div class=\"bg-decorator\"\n    ><\/div>\n\n      <div class=\"container\">\n      <div class=\"card-slider__cards swiper\">\n        <div class=\"swiper-wrapper\">\n                      <div class=\"swiper-slide\">\n              <div class=\"card-slider__cards-card cutout cutout-top-right aspect-ratio-1-1\">\n                                  <h3 class=\"card-slider__cards-card-title\">Lignin ve ba\u011f\u0131rsak sa\u011fl\u0131\u011f\u0131<\/h3>\n                                              <\/div>\n            <\/div>\n                      <div class=\"swiper-slide\">\n              <div class=\"card-slider__cards-card cutout cutout-top-right aspect-ratio-1-1\">\n                                                  <div class=\"card-slider__cards-card-text\">\n                    <p>Ba\u011f\u0131rsak dengesizli\u011fi diyabet, karaci\u011fer hastal\u0131\u011f\u0131, kardiyovask\u00fcler rahats\u0131zl\u0131klar, otoimm\u00fcn bozukluklar ve IBS ile ba\u011flant\u0131l\u0131d\u0131r.<\/p>\n                  <\/div>\n                              <\/div>\n            <\/div>\n                      <div class=\"swiper-slide\">\n              <div class=\"card-slider__cards-card cutout cutout-top-right aspect-ratio-1-1\">\n                                                  <div class=\"card-slider__cards-card-text\">\n                    <p>Lignin bazl\u0131 biyopolimerlerimiz daha sa\u011fl\u0131kl\u0131 bir ba\u011f\u0131rsak ortam\u0131 sa\u011flar, iltihaplanmay\u0131 azalt\u0131r ve ba\u011f\u0131\u015f\u0131kl\u0131\u011f\u0131 destekler.<\/p>\n                  <\/div>\n                              <\/div>\n            <\/div>\n                      <div class=\"swiper-slide\">\n              <div class=\"card-slider__cards-card cutout cutout-top-right aspect-ratio-1-1\">\n                                                  <div class=\"card-slider__cards-card-text\">\n                    <p>Ligninin ba\u011f\u0131rsak floras\u0131n\u0131 etkileme konusundaki do\u011fal yetene\u011fi, g\u00fcn\u00fcm\u00fcz\u00fcn g\u00fcnl\u00fck semptomlar\u0131n\u0131n ve gelecekteki \u00f6nemli k\u00fcresel sa\u011fl\u0131k sorunlar\u0131n\u0131n \u00e7\u00f6z\u00fcm\u00fcne yard\u0131mc\u0131 olma potansiyeli sunmaktad\u0131r.<\/p>\n                  <\/div>\n                              <\/div>\n            <\/div>\n                  <\/div>\n        <div class=\"swiper-pagination\"><\/div>\n      <\/div>\n        <\/div>\n\n    <script type=\"module\">\n      import Swiper from \"https:\/\/cdn.jsdelivr.net\/npm\/swiper@11\/swiper-bundle.min.mjs\";\n\n      \/\/ Initialize Swiper\n              const section = document.getElementById(\"card-slider-block_e26907cdc753f4ebd0f98a01e00cb9cd\");\n        const swiperEl = section?.querySelector(\".swiper\");\n        if (swiperEl) {\n          new Swiper(swiperEl, {\n            slidesPerView: 'auto',\n            spaceBetween: 20,\n            pagination: {\n              el: \".swiper-pagination\",\n              clickable: true,\n            },\n          });\n        }\n          <\/script>\n<\/section>\n\n\n<section class=\"text container wysiwyg\" >\n                                      <h3 class=\"text__title fade-up\">\n            Lignin \u00f6zellikleri ve bilimsel bulgular          <\/h3>\n                                                  <div class=\"text__body fade-up\">\n            <p><span style=\"font-weight: 400\">Lignin, bitki ya\u015fam\u0131n\u0131 savunmak, stabilize etmek ve korumak i\u00e7in do\u011fa taraf\u0131ndan tasarlanm\u0131\u015f karma\u015f\u0131k bir fenolik polimerdir. \u00c7ok say\u0131da ara\u015ft\u0131rma, ligninin geni\u015f biyoaktivitesini g\u00f6stermektedir: antiviral, antioksidan, antienflamatuar, antimikrobiyal ve imm\u00fcnomod\u00fclat\u00f6r \u00f6zellikleri, b\u00fcy\u00fck \u00f6l\u00e7\u00fcde y\u00fcksek polimerize polifenolik yap\u0131s\u0131 taraf\u0131ndan sa\u011flanmaktad\u0131r.<\/span><\/p>\n<p>&nbsp;<\/p>\n<p><span style=\"font-weight: 400\">Lignin bazl\u0131 biyopolimerlerimizin ba\u011f\u0131rsak sa\u011fl\u0131\u011f\u0131n\u0131 destekledi\u011fi, tahri\u015fi yat\u0131\u015ft\u0131rd\u0131\u011f\u0131 ve ba\u011f\u0131\u015f\u0131kl\u0131\u011f\u0131 g\u00fc\u00e7lendirdi\u011fi kan\u0131tlanm\u0131\u015ft\u0131r. Toksinleri ba\u011flama, mikrobiyota dengesini etkileme ve ba\u011f\u0131\u015f\u0131kl\u0131k yollar\u0131n\u0131 d\u00fczenleme yetenekleri, ba\u011f\u0131rsak sa\u011fl\u0131\u011f\u0131, iltihaplanma ve ba\u011f\u0131rsak korumas\u0131 alanlar\u0131nda 20 y\u0131l\u0131 a\u015fk\u0131n bir s\u00fcredir y\u00fcr\u00fct\u00fclen lignin ara\u015ft\u0131rmalar\u0131na dayanmaktad\u0131r.<\/span><\/p>\n          <\/div>\n                    \n<\/section>","protected":false},"excerpt":{"rendered":"","protected":false},"author":1,"featured_media":505,"parent":0,"menu_order":0,"comment_status":"closed","ping_status":"closed","template":"","meta":{"_acf_changed":false,"content-type":"","footnotes":""},"class_list":["post-33","page","type-page","status-publish","has-post-thumbnail","hentry"],"acf":[],"yoast_head":"<!-- This site is optimized with the Yoast SEO plugin v26.6 - https:\/\/yoast.com\/wordpress\/plugins\/seo\/ -->\n<title>The Science - Siranius<\/title>\n<meta name=\"description\" content=\"Discover the science behind lignin at Siranius \u2014 how bioscience research fuels sustainable health innovation and meaningful impact for people and planet.\" \/>\n<meta name=\"robots\" content=\"index, follow, max-snippet:-1, max-image-preview:large, max-video-preview:-1\" \/>\n<link rel=\"canonical\" href=\"https:\/\/siranius.com\/tr\/biyobilim\/\" \/>\n<meta property=\"og:locale\" content=\"tr_TR\" \/>\n<meta property=\"og:type\" content=\"article\" \/>\n<meta property=\"og:title\" content=\"The Science - Siranius\" \/>\n<meta property=\"og:description\" content=\"Discover the science behind lignin at Siranius \u2014 how bioscience research fuels sustainable health innovation and meaningful impact for people and planet.\" \/>\n<meta property=\"og:url\" content=\"https:\/\/siranius.com\/tr\/biyobilim\/\" \/>\n<meta property=\"og:site_name\" content=\"Siranius\" \/>\n<meta property=\"article:modified_time\" content=\"2025-12-16T20:43:57+00:00\" \/>\n<meta property=\"og:image\" content=\"https:\/\/siranius.com\/wp-content\/uploads\/sites\/2\/2025\/12\/Meta-Human-health.png\" \/>\n\t<meta property=\"og:image:width\" content=\"1024\" \/>\n\t<meta property=\"og:image:height\" content=\"768\" \/>\n\t<meta property=\"og:image:type\" content=\"image\/png\" \/>\n<meta name=\"twitter:card\" content=\"summary_large_image\" \/>\n<meta name=\"twitter:label1\" content=\"Tahmini okuma s\u00fcresi\" \/>\n\t<meta name=\"twitter:data1\" content=\"2 dakika\" \/>\n<script type=\"application\/ld+json\" class=\"yoast-schema-graph\">{\"@context\":\"https:\/\/schema.org\",\"@graph\":[{\"@type\":\"WebPage\",\"@id\":\"https:\/\/siranius.com\/bioscience\/\",\"url\":\"https:\/\/siranius.com\/bioscience\/\",\"name\":\"The Science - Siranius\",\"isPartOf\":{\"@id\":\"https:\/\/siranius.com\/#website\"},\"primaryImageOfPage\":{\"@id\":\"https:\/\/siranius.com\/bioscience\/#primaryimage\"},\"image\":{\"@id\":\"https:\/\/siranius.com\/bioscience\/#primaryimage\"},\"thumbnailUrl\":\"https:\/\/siranius.com\/wp-content\/uploads\/sites\/2\/2025\/12\/Meta-Human-health.png\",\"datePublished\":\"2025-11-19T09:52:37+00:00\",\"dateModified\":\"2025-12-16T20:43:57+00:00\",\"description\":\"Discover the science behind lignin at Siranius \u2014 how bioscience research fuels sustainable health innovation and meaningful impact for people and planet.\",\"breadcrumb\":{\"@id\":\"https:\/\/siranius.com\/bioscience\/#breadcrumb\"},\"inLanguage\":\"tr\",\"potentialAction\":[{\"@type\":\"ReadAction\",\"target\":[\"https:\/\/siranius.com\/bioscience\/\"]}]},{\"@type\":\"ImageObject\",\"inLanguage\":\"tr\",\"@id\":\"https:\/\/siranius.com\/bioscience\/#primaryimage\",\"url\":\"https:\/\/siranius.com\/wp-content\/uploads\/sites\/2\/2025\/12\/Meta-Human-health.png\",\"contentUrl\":\"https:\/\/siranius.com\/wp-content\/uploads\/sites\/2\/2025\/12\/Meta-Human-health.png\",\"width\":1024,\"height\":768},{\"@type\":\"BreadcrumbList\",\"@id\":\"https:\/\/siranius.com\/bioscience\/#breadcrumb\",\"itemListElement\":[{\"@type\":\"ListItem\",\"position\":1,\"name\":\"Home\",\"item\":\"https:\/\/siranius.com\/\"},{\"@type\":\"ListItem\",\"position\":2,\"name\":\"The Science\"}]},{\"@type\":\"WebSite\",\"@id\":\"https:\/\/siranius.com\/#website\",\"url\":\"https:\/\/siranius.com\/\",\"name\":\"Siranius\",\"description\":\"Lignin powered nutraceuticals\",\"potentialAction\":[{\"@type\":\"SearchAction\",\"target\":{\"@type\":\"EntryPoint\",\"urlTemplate\":\"https:\/\/siranius.com\/?s={search_term_string}\"},\"query-input\":{\"@type\":\"PropertyValueSpecification\",\"valueRequired\":true,\"valueName\":\"search_term_string\"}}],\"inLanguage\":\"tr\"}]}<\/script>\n<!-- \/ Yoast SEO plugin. -->","yoast_head_json":{"title":"Bilim - Siranius","description":"Siranius'ta ligninin arkas\u0131ndaki bilimi ke\u015ffedin \u2014 biyobilim ara\u015ft\u0131rmalar\u0131n\u0131n s\u00fcrd\u00fcr\u00fclebilir sa\u011fl\u0131k inovasyonunu ve insanlar ve gezegen i\u00e7in anlaml\u0131 etkileri nas\u0131l destekledi\u011fini \u00f6\u011frenin.","robots":{"index":"index","follow":"follow","max-snippet":"max-snippet:-1","max-image-preview":"max-image-preview:large","max-video-preview":"max-video-preview:-1"},"canonical":"https:\/\/siranius.com\/tr\/biyobilim\/","og_locale":"tr_TR","og_type":"article","og_title":"The Science - Siranius","og_description":"Discover the science behind lignin at Siranius \u2014 how bioscience research fuels sustainable health innovation and meaningful impact for people and planet.","og_url":"https:\/\/siranius.com\/tr\/biyobilim\/","og_site_name":"Siranius","article_modified_time":"2025-12-16T20:43:57+00:00","og_image":[{"width":1024,"height":768,"url":"https:\/\/siranius.com\/wp-content\/uploads\/sites\/2\/2025\/12\/Meta-Human-health.png","type":"image\/png"}],"twitter_card":"summary_large_image","twitter_misc":{"Tahmini okuma s\u00fcresi":"2 dakika"},"schema":{"@context":"https:\/\/schema.org","@graph":[{"@type":"WebPage","@id":"https:\/\/siranius.com\/bioscience\/","url":"https:\/\/siranius.com\/bioscience\/","name":"Bilim - Siranius","isPartOf":{"@id":"https:\/\/siranius.com\/#website"},"primaryImageOfPage":{"@id":"https:\/\/siranius.com\/bioscience\/#primaryimage"},"image":{"@id":"https:\/\/siranius.com\/bioscience\/#primaryimage"},"thumbnailUrl":"https:\/\/siranius.com\/wp-content\/uploads\/sites\/2\/2025\/12\/Meta-Human-health.png","datePublished":"2025-11-19T09:52:37+00:00","dateModified":"2025-12-16T20:43:57+00:00","description":"Siranius'ta ligninin arkas\u0131ndaki bilimi ke\u015ffedin \u2014 biyobilim ara\u015ft\u0131rmalar\u0131n\u0131n s\u00fcrd\u00fcr\u00fclebilir sa\u011fl\u0131k inovasyonunu ve insanlar ve gezegen i\u00e7in anlaml\u0131 etkileri nas\u0131l destekledi\u011fini \u00f6\u011frenin.","breadcrumb":{"@id":"https:\/\/siranius.com\/bioscience\/#breadcrumb"},"inLanguage":"tr","potentialAction":[{"@type":"ReadAction","target":["https:\/\/siranius.com\/bioscience\/"]}]},{"@type":"ImageObject","inLanguage":"tr","@id":"https:\/\/siranius.com\/bioscience\/#primaryimage","url":"https:\/\/siranius.com\/wp-content\/uploads\/sites\/2\/2025\/12\/Meta-Human-health.png","contentUrl":"https:\/\/siranius.com\/wp-content\/uploads\/sites\/2\/2025\/12\/Meta-Human-health.png","width":1024,"height":768},{"@type":"BreadcrumbList","@id":"https:\/\/siranius.com\/bioscience\/#breadcrumb","itemListElement":[{"@type":"ListItem","position":1,"name":"Home","item":"https:\/\/siranius.com\/"},{"@type":"ListItem","position":2,"name":"The Science"}]},{"@type":"WebSite","@id":"https:\/\/siranius.com\/#website","url":"https:\/\/siranius.com\/","name":"Siranius","description":"Lignin ile g\u00fc\u00e7lendirilmi\u015f nutras\u00f6tikler","potentialAction":[{"@type":"SearchAction","target":{"@type":"EntryPoint","urlTemplate":"https:\/\/siranius.com\/?s={search_term_string}"},"query-input":{"@type":"PropertyValueSpecification","valueRequired":true,"valueName":"search_term_string"}}],"inLanguage":"tr"}]}},"_links":{"self":[{"href":"https:\/\/siranius.com\/tr\/wp-json\/wp\/v2\/pages\/33","targetHints":{"allow":["GET"]}}],"collection":[{"href":"https:\/\/siranius.com\/tr\/wp-json\/wp\/v2\/pages"}],"about":[{"href":"https:\/\/siranius.com\/tr\/wp-json\/wp\/v2\/types\/page"}],"author":[{"embeddable":true,"href":"https:\/\/siranius.com\/tr\/wp-json\/wp\/v2\/users\/1"}],"replies":[{"embeddable":true,"href":"https:\/\/siranius.com\/tr\/wp-json\/wp\/v2\/comments?post=33"}],"version-history":[{"count":20,"href":"https:\/\/siranius.com\/tr\/wp-json\/wp\/v2\/pages\/33\/revisions"}],"predecessor-version":[{"id":246,"href":"https:\/\/siranius.com\/tr\/wp-json\/wp\/v2\/pages\/33\/revisions\/246"}],"wp:featuredmedia":[{"embeddable":true,"href":"https:\/\/siranius.com\/tr\/wp-json\/wp\/v2\/media\/505"}],"wp:attachment":[{"href":"https:\/\/siranius.com\/tr\/wp-json\/wp\/v2\/media?parent=33"}],"curies":[{"name":"wp","href":"https:\/\/api.w.org\/{rel}","templated":true}]}}