{"id":31,"date":"2025-11-19T09:52:04","date_gmt":"2025-11-19T09:52:04","guid":{"rendered":"https:\/\/siranius.tanovis.linawang.se\/?page_id=31"},"modified":"2025-12-22T20:12:03","modified_gmt":"2025-12-22T20:12:03","slug":"lignin-ozellikleri","status":"publish","type":"page","link":"https:\/\/siranius.com\/tr\/lignin-ozellikleri\/","title":{"rendered":"Lignin"},"content":{"rendered":"<section\n  class=\"tanovis_sub_hero  sub_hero--bg-medium split\"\n  >\n  <div class=\"hero__media\">\n        \n    <div class=\"hero__symbol-container split\">\n      <div class=\"hero__symbol\">\n                  <img decoding=\"async\" class=\"hero__symbol\" src=\"https:\/\/siranius.com\/wp-content\/uploads\/sites\/2\/2025\/11\/image01.jpg\"\n            alt=\"\" \/>\n              <\/div>\n    <\/div>\n  <\/div>\n\n  <div class=\"hero__content container\">\n          <h1 class=\"hero__title title-lg\">Lignin, saf do\u011fal zekad\u0131r.<\/h1>\n      <\/div>\n<\/section>\n\n\n<section class=\"text container wysiwyg\" >\n                                      <div class=\"text__body fade-up\">\n            <p><span style=\"font-weight: 400\">Lignin, bitkilerin dayan\u0131kl\u0131l\u0131\u011f\u0131n\u0131n ve savunmas\u0131n\u0131n ard\u0131ndaki do\u011fal bile\u015fiktir. Biyopolimerlerimiz ise ba\u011f\u0131rsak sa\u011fl\u0131\u011f\u0131n\u0131 desteklerken iltihaplanmay\u0131 yat\u0131\u015ft\u0131r\u0131r ve ba\u011f\u0131\u015f\u0131kl\u0131\u011f\u0131 g\u00fc\u00e7lendirir. <\/span><\/p>\n          <\/div>\n                    \n<\/section>\n\n\n<section class=\"text-columns container  bg-default\" >\n  <div class=\"text-columns__inner\">\n    <div class=\"text-columns__col-title\">\n      <h2 class=\"title-md\">Ligninlerin g\u00fcc\u00fcn\u00fcn ard\u0131ndaki bilim.<\/h2>\n    <\/div>\n    <div><\/div>\n    <div class=\"text-columns__col-1 fade-up-delay-200\">\n      <p>Lignin ile \u00e7al\u0131\u015f\u0131yoruz \u00e7\u00fcnk\u00fc molek\u00fcler yap\u0131s\u0131 ba\u011f\u0131rsak ve ba\u011f\u0131\u015f\u0131kl\u0131k sistemine do\u011frudan fayda sa\u011flayan nadir \u00f6zellikler ta\u015f\u0131yor. Karma\u015f\u0131k bir fenolik biyopolimer olan lignin, ba\u011f\u0131rsak ortam\u0131 ile \u00e7e\u015fitli \u015fekillerde etkile\u015fime girer:<\/p>\n    <\/div>\n    <div class=\"text-columns__col-2 fade-up-delay-600\">\n      <p>G\u00fcnl\u00fck toksinleri ba\u011flay\u0131p n\u00f6tralize eder, mikrobiyal \u00e7e\u015fitlili\u011fi destekler ve enflamatuar tepkileri d\u00fczenlemeye yard\u0131mc\u0131 olur. Lignin bazl\u0131 biyopolimerlerimizin, ba\u011f\u0131rsak ekosisteminin dengesini destekleyen ko\u015fullar yarat\u0131rken, tahri\u015fi yat\u0131\u015ft\u0131rd\u0131\u011f\u0131 ve ba\u011f\u0131\u015f\u0131kl\u0131\u011f\u0131 destekledi\u011fi kan\u0131tlanm\u0131\u015ft\u0131r.<\/p>\n    <\/div>\n      <\/div>\n<\/section>\n\n\n<section class=\"stacked-texts container  bg-default\" >\n  <h2 class=\"stacked-texts__title body-md\">Lignin ve ba\u011f\u0131rsak sa\u011fl\u0131\u011f\u0131<\/h2>\n  <div class=\"stacked-texts__inner\">\n            <div class=\"stacked-texts__section fade-up\">\n      <h3 class=\"stacked-texts__section-title title-md animate-words\">Zorluk<\/h3>\n      <div class=\"stacked-texts__section-text body-md fade-up-delay-600\"><p><span style=\"font-weight: 400;\">Ba\u011f\u0131rsak dengesizli\u011fi diyabet, karaci\u011fer hastal\u0131\u011f\u0131, kardiyovask\u00fcler rahats\u0131zl\u0131klar, otoimm\u00fcn bozukluklar ve IBS ile ba\u011flant\u0131l\u0131d\u0131r.<\/span><\/p>\n<\/div>\n    <\/div>\n        <div class=\"stacked-texts__section fade-up\">\n      <h3 class=\"stacked-texts__section-title title-md animate-words\">Bulgular<\/h3>\n      <div class=\"stacked-texts__section-text body-md fade-up-delay-600\"><p><span style=\"font-weight: 400;\">Lignin bazl\u0131 biyopolimerlerimiz daha sa\u011fl\u0131kl\u0131 bir ba\u011f\u0131rsak ortam\u0131 sa\u011flar, iltihaplanmay\u0131 azalt\u0131r ve ba\u011f\u0131\u015f\u0131kl\u0131\u011f\u0131 destekler.<\/span>y<span style=\"font-weight: 400;\">.<\/span><\/p>\n<\/div>\n    <\/div>\n        <div class=\"stacked-texts__section fade-up\">\n      <h3 class=\"stacked-texts__section-title title-md animate-words\">Potansiyel<\/h3>\n      <div class=\"stacked-texts__section-text body-md fade-up-delay-600\"><p><span style=\"font-weight: 400;\">Ligninin ba\u011f\u0131rsak floras\u0131n\u0131 etkileme konusundaki do\u011fal yetene\u011fi, g\u00fcn\u00fcm\u00fcz\u00fcn g\u00fcnl\u00fck semptomlar\u0131n\u0131n ve gelecekteki \u00f6nemli k\u00fcresel sa\u011fl\u0131k sorunlar\u0131n\u0131n \u00e7\u00f6z\u00fcm\u00fcne yard\u0131mc\u0131 olma potansiyeli sunmaktad\u0131r.<\/span><\/p>\n<\/div>\n    <\/div>\n          <\/div>\n<\/section>","protected":false},"excerpt":{"rendered":"","protected":false},"author":1,"featured_media":504,"parent":0,"menu_order":0,"comment_status":"closed","ping_status":"closed","template":"","meta":{"_acf_changed":false,"content-type":"","footnotes":""},"class_list":["post-31","page","type-page","status-publish","has-post-thumbnail","hentry"],"acf":[],"yoast_head":"<!-- This site is optimized with the Yoast SEO plugin v26.6 - https:\/\/yoast.com\/wordpress\/plugins\/seo\/ -->\n<title>Lignin - Siranius<\/title>\n<meta name=\"description\" content=\"Learn about lignin\u2019s properties and why they matter. Siranius breaks down its benefits, characteristics and role in sustainable health and material solutions.\" \/>\n<meta name=\"robots\" content=\"index, follow, max-snippet:-1, max-image-preview:large, max-video-preview:-1\" \/>\n<link rel=\"canonical\" href=\"https:\/\/siranius.com\/tr\/lignin-ozellikleri\/\" \/>\n<meta property=\"og:locale\" content=\"tr_TR\" \/>\n<meta property=\"og:type\" content=\"article\" \/>\n<meta property=\"og:title\" content=\"Lignin - Siranius\" \/>\n<meta property=\"og:description\" content=\"Learn about lignin\u2019s properties and why they matter. Siranius breaks down its benefits, characteristics and role in sustainable health and material solutions.\" \/>\n<meta property=\"og:url\" content=\"https:\/\/siranius.com\/tr\/lignin-ozellikleri\/\" \/>\n<meta property=\"og:site_name\" content=\"Siranius\" \/>\n<meta property=\"article:modified_time\" content=\"2025-12-22T20:12:03+00:00\" \/>\n<meta property=\"og:image\" content=\"https:\/\/siranius.com\/wp-content\/uploads\/sites\/2\/2025\/12\/Meta-The-company.png\" \/>\n\t<meta property=\"og:image:width\" content=\"1024\" \/>\n\t<meta property=\"og:image:height\" content=\"768\" \/>\n\t<meta property=\"og:image:type\" content=\"image\/png\" \/>\n<meta name=\"twitter:card\" content=\"summary_large_image\" \/>\n<meta name=\"twitter:label1\" content=\"Tahmini okuma s\u00fcresi\" \/>\n\t<meta name=\"twitter:data1\" content=\"1 dakika\" \/>\n<script type=\"application\/ld+json\" class=\"yoast-schema-graph\">{\"@context\":\"https:\/\/schema.org\",\"@graph\":[{\"@type\":\"WebPage\",\"@id\":\"https:\/\/siranius.com\/lignin-properties\/\",\"url\":\"https:\/\/siranius.com\/lignin-properties\/\",\"name\":\"Lignin - Siranius\",\"isPartOf\":{\"@id\":\"https:\/\/siranius.com\/#website\"},\"primaryImageOfPage\":{\"@id\":\"https:\/\/siranius.com\/lignin-properties\/#primaryimage\"},\"image\":{\"@id\":\"https:\/\/siranius.com\/lignin-properties\/#primaryimage\"},\"thumbnailUrl\":\"https:\/\/siranius.com\/wp-content\/uploads\/sites\/2\/2025\/12\/Meta-The-company.png\",\"datePublished\":\"2025-11-19T09:52:04+00:00\",\"dateModified\":\"2025-12-22T20:12:03+00:00\",\"description\":\"Learn about lignin\u2019s properties and why they matter. Siranius breaks down its benefits, characteristics and role in sustainable health and material solutions.\",\"breadcrumb\":{\"@id\":\"https:\/\/siranius.com\/lignin-properties\/#breadcrumb\"},\"inLanguage\":\"tr\",\"potentialAction\":[{\"@type\":\"ReadAction\",\"target\":[\"https:\/\/siranius.com\/lignin-properties\/\"]}]},{\"@type\":\"ImageObject\",\"inLanguage\":\"tr\",\"@id\":\"https:\/\/siranius.com\/lignin-properties\/#primaryimage\",\"url\":\"https:\/\/siranius.com\/wp-content\/uploads\/sites\/2\/2025\/12\/Meta-The-company.png\",\"contentUrl\":\"https:\/\/siranius.com\/wp-content\/uploads\/sites\/2\/2025\/12\/Meta-The-company.png\",\"width\":1024,\"height\":768},{\"@type\":\"BreadcrumbList\",\"@id\":\"https:\/\/siranius.com\/lignin-properties\/#breadcrumb\",\"itemListElement\":[{\"@type\":\"ListItem\",\"position\":1,\"name\":\"Home\",\"item\":\"https:\/\/siranius.com\/\"},{\"@type\":\"ListItem\",\"position\":2,\"name\":\"Lignin\"}]},{\"@type\":\"WebSite\",\"@id\":\"https:\/\/siranius.com\/#website\",\"url\":\"https:\/\/siranius.com\/\",\"name\":\"Siranius\",\"description\":\"Lignin powered nutraceuticals\",\"potentialAction\":[{\"@type\":\"SearchAction\",\"target\":{\"@type\":\"EntryPoint\",\"urlTemplate\":\"https:\/\/siranius.com\/?s={search_term_string}\"},\"query-input\":{\"@type\":\"PropertyValueSpecification\",\"valueRequired\":true,\"valueName\":\"search_term_string\"}}],\"inLanguage\":\"tr\"}]}<\/script>\n<!-- \/ Yoast SEO plugin. -->","yoast_head_json":{"title":"Lignin - Siranius","description":"Ligninin \u00f6zellikleri ve bunlar\u0131n neden \u00f6nemli oldu\u011fu hakk\u0131nda bilgi edinin. Siranius, ligninin faydalar\u0131n\u0131, \u00f6zelliklerini ve s\u00fcrd\u00fcr\u00fclebilir sa\u011fl\u0131k ve malzeme \u00e7\u00f6z\u00fcmlerindeki rol\u00fcn\u00fc ayr\u0131nt\u0131l\u0131 olarak anlat\u0131yor.","robots":{"index":"index","follow":"follow","max-snippet":"max-snippet:-1","max-image-preview":"max-image-preview:large","max-video-preview":"max-video-preview:-1"},"canonical":"https:\/\/siranius.com\/tr\/lignin-ozellikleri\/","og_locale":"tr_TR","og_type":"article","og_title":"Lignin - Siranius","og_description":"Learn about lignin\u2019s properties and why they matter. Siranius breaks down its benefits, characteristics and role in sustainable health and material solutions.","og_url":"https:\/\/siranius.com\/tr\/lignin-ozellikleri\/","og_site_name":"Siranius","article_modified_time":"2025-12-22T20:12:03+00:00","og_image":[{"width":1024,"height":768,"url":"https:\/\/siranius.com\/wp-content\/uploads\/sites\/2\/2025\/12\/Meta-The-company.png","type":"image\/png"}],"twitter_card":"summary_large_image","twitter_misc":{"Tahmini okuma s\u00fcresi":"1 dakika"},"schema":{"@context":"https:\/\/schema.org","@graph":[{"@type":"WebPage","@id":"https:\/\/siranius.com\/lignin-properties\/","url":"https:\/\/siranius.com\/lignin-properties\/","name":"Lignin - Siranius","isPartOf":{"@id":"https:\/\/siranius.com\/#website"},"primaryImageOfPage":{"@id":"https:\/\/siranius.com\/lignin-properties\/#primaryimage"},"image":{"@id":"https:\/\/siranius.com\/lignin-properties\/#primaryimage"},"thumbnailUrl":"https:\/\/siranius.com\/wp-content\/uploads\/sites\/2\/2025\/12\/Meta-The-company.png","datePublished":"2025-11-19T09:52:04+00:00","dateModified":"2025-12-22T20:12:03+00:00","description":"Ligninin \u00f6zellikleri ve bunlar\u0131n neden \u00f6nemli oldu\u011fu hakk\u0131nda bilgi edinin. Siranius, ligninin faydalar\u0131n\u0131, \u00f6zelliklerini ve s\u00fcrd\u00fcr\u00fclebilir sa\u011fl\u0131k ve malzeme \u00e7\u00f6z\u00fcmlerindeki rol\u00fcn\u00fc ayr\u0131nt\u0131l\u0131 olarak anlat\u0131yor.","breadcrumb":{"@id":"https:\/\/siranius.com\/lignin-properties\/#breadcrumb"},"inLanguage":"tr","potentialAction":[{"@type":"ReadAction","target":["https:\/\/siranius.com\/lignin-properties\/"]}]},{"@type":"ImageObject","inLanguage":"tr","@id":"https:\/\/siranius.com\/lignin-properties\/#primaryimage","url":"https:\/\/siranius.com\/wp-content\/uploads\/sites\/2\/2025\/12\/Meta-The-company.png","contentUrl":"https:\/\/siranius.com\/wp-content\/uploads\/sites\/2\/2025\/12\/Meta-The-company.png","width":1024,"height":768},{"@type":"BreadcrumbList","@id":"https:\/\/siranius.com\/lignin-properties\/#breadcrumb","itemListElement":[{"@type":"ListItem","position":1,"name":"Home","item":"https:\/\/siranius.com\/"},{"@type":"ListItem","position":2,"name":"Lignin"}]},{"@type":"WebSite","@id":"https:\/\/siranius.com\/#website","url":"https:\/\/siranius.com\/","name":"Siranius","description":"Lignin ile g\u00fc\u00e7lendirilmi\u015f nutras\u00f6tikler","potentialAction":[{"@type":"SearchAction","target":{"@type":"EntryPoint","urlTemplate":"https:\/\/siranius.com\/?s={search_term_string}"},"query-input":{"@type":"PropertyValueSpecification","valueRequired":true,"valueName":"search_term_string"}}],"inLanguage":"tr"}]}},"_links":{"self":[{"href":"https:\/\/siranius.com\/tr\/wp-json\/wp\/v2\/pages\/31","targetHints":{"allow":["GET"]}}],"collection":[{"href":"https:\/\/siranius.com\/tr\/wp-json\/wp\/v2\/pages"}],"about":[{"href":"https:\/\/siranius.com\/tr\/wp-json\/wp\/v2\/types\/page"}],"author":[{"embeddable":true,"href":"https:\/\/siranius.com\/tr\/wp-json\/wp\/v2\/users\/1"}],"replies":[{"embeddable":true,"href":"https:\/\/siranius.com\/tr\/wp-json\/wp\/v2\/comments?post=31"}],"version-history":[{"count":18,"href":"https:\/\/siranius.com\/tr\/wp-json\/wp\/v2\/pages\/31\/revisions"}],"predecessor-version":[{"id":534,"href":"https:\/\/siranius.com\/tr\/wp-json\/wp\/v2\/pages\/31\/revisions\/534"}],"wp:featuredmedia":[{"embeddable":true,"href":"https:\/\/siranius.com\/tr\/wp-json\/wp\/v2\/media\/504"}],"wp:attachment":[{"href":"https:\/\/siranius.com\/tr\/wp-json\/wp\/v2\/media?parent=31"}],"curies":[{"name":"wp","href":"https:\/\/api.w.org\/{rel}","templated":true}]}}