{"id":25,"date":"2025-11-19T09:50:13","date_gmt":"2025-11-19T09:50:13","guid":{"rendered":"https:\/\/siranius.tanovis.linawang.se\/?page_id=25"},"modified":"2025-12-16T20:41:10","modified_gmt":"2025-12-16T20:41:10","slug":"surdurulebilirlik","status":"publish","type":"page","link":"https:\/\/siranius.com\/tr\/surdurulebilirlik\/","title":{"rendered":"S\u00fcrd\u00fcr\u00fclebilirlik"},"content":{"rendered":"<section\n  class=\"tanovis_sub_hero  sub_hero--bg-light split\"\n  >\n  <div class=\"hero__media\">\n        \n    <div class=\"hero__symbol-container split\">\n      <div class=\"hero__symbol\">\n                  <img decoding=\"async\" class=\"hero__symbol\" src=\"https:\/\/siranius.com\/wp-content\/uploads\/sites\/2\/2025\/11\/image08.jpg\"\n            alt=\"\" \/>\n              <\/div>\n    <\/div>\n  <\/div>\n\n  <div class=\"hero__content container\">\n          <h1 class=\"hero__title title-lg\">Biz tamamen temel bilimle ilgileniyoruz. Kelimenin tam anlam\u0131yla.<\/h1>\n      <\/div>\n<\/section>\n\n\n<section class=\"text container wysiwyg\" >\n                                      <div class=\"text__body fade-up\">\n            <p>Tedarik etti\u011fimiz bu\u011fday saman\u0131dan, kolayla\u015ft\u0131rd\u0131\u011f\u0131m\u0131z \u00fcretime kadar, amac\u0131m\u0131z ve d\u00f6ng\u00fcsellik yolculu\u011fumuzun her ad\u0131m\u0131na yerle\u015fmi\u015ftir. \u0130nsanlar\u0131n sa\u011fl\u0131\u011f\u0131 i\u00e7in de\u011feri art\u0131r\u0131rken, etkiyi azaltmak i\u00e7in s\u00fcrekli olarak daha ak\u0131ll\u0131 yollar ar\u0131yoruz. Ald\u0131\u011f\u0131m\u0131z her karar, s\u00fcrd\u00fcr\u00fclebilirli\u011fin bir \u00f6zellik de\u011fil, temel oldu\u011funa olan inanc\u0131m\u0131zla \u015fekillenir.<\/p>\n          <\/div>\n                    \n<\/section>\n\n\n<section class=\"text-columns container  bg-default\" >\n  <div class=\"text-columns__inner\">\n    <div class=\"text-columns__col-title\">\n      <h2 class=\"title-md\">Do\u011fal bir geri d\u00f6n\u00fc\u015ft\u00fcr\u00fclm\u00fc\u015f kaynak<\/h2>\n    <\/div>\n    <div><\/div>\n    <div class=\"text-columns__col-1 fade-up-delay-200\">\n      <p>Lignini, aksi takdirde yak\u0131lacak veya at\u0131lacak olan tar\u0131msal yan \u00fcr\u00fcnlerden elde ediyoruz. Bu bol miktarda bulunan biyopolimeri geri d\u00f6n\u00fc\u015ft\u00fcrerek ve modifiye ederek, fosil bazl\u0131 \u00fcretimden kaynaklanan at\u0131klar\u0131 y\u00f6nlendiriyor, karbon emisyonlar\u0131n\u0131 azalt\u0131yor ve insan sa\u011fl\u0131\u011f\u0131 \u00e7\u00f6z\u00fcmleri i\u00e7in d\u00f6ng\u00fcsel bir hammadde yarat\u0131yoruz. .<\/p>\n    <\/div>\n    <div class=\"text-columns__col-2 fade-up-delay-600\">\n      <p>Bu yakla\u015f\u0131m, yeterince kullan\u0131lmayan bir do\u011fal kayna\u011f\u0131 s\u00fcrd\u00fcr\u00fclebilir etki i\u00e7in bir s\u0131\u00e7rama tahtas\u0131 haline getiriyor. Ak\u0131ll\u0131 bilim ve sorumlu kaynak kullan\u0131m\u0131, bu \u015fekilde insanl\u0131k ve gezegen i\u00e7in daha sa\u011fl\u0131kl\u0131 olanaklar yaratmak \u00fczere el ele \u00e7al\u0131\u015fabilir.<\/p>\n    <\/div>\n      <\/div>\n<\/section>\n\n\n<section class=\"text container wysiwyg\" >\n                              <div class=\"text__table fade-up\">\n                          <div class=\"text__table-column\">\n                                                  <p class=\"text__table-header body-md\">S\u00fcre\u00e7lerimiz<\/p>\n                                              <\/div>\n                      <\/div>\n                                                  <div class=\"text__image fade-up\">\n            <img loading=\"lazy\" decoding=\"async\" width=\"1920\" height=\"300\" src=\"https:\/\/siranius.com\/wp-content\/uploads\/sites\/2\/2025\/12\/Siranius-Our-base-model-beige-1.jpg\" class=\"text__image-img\" alt=\"\" srcset=\"https:\/\/siranius.com\/wp-content\/uploads\/sites\/2\/2025\/12\/Siranius-Our-base-model-beige-1.jpg 1920w, https:\/\/siranius.com\/wp-content\/uploads\/sites\/2\/2025\/12\/Siranius-Our-base-model-beige-1-300x47.jpg 300w, https:\/\/siranius.com\/wp-content\/uploads\/sites\/2\/2025\/12\/Siranius-Our-base-model-beige-1-1024x160.jpg 1024w, https:\/\/siranius.com\/wp-content\/uploads\/sites\/2\/2025\/12\/Siranius-Our-base-model-beige-1-768x120.jpg 768w, https:\/\/siranius.com\/wp-content\/uploads\/sites\/2\/2025\/12\/Siranius-Our-base-model-beige-1-1536x240.jpg 1536w\" sizes=\"auto, (max-width: 1920px) 100vw, 1920px\" \/>          <\/div>\n                    \n<\/section>\n\n\n<section class=\"text-columns container  bg-default\" >\n  <div class=\"text-columns__inner\">\n    <div class=\"text-columns__col-title\">\n      <h2 class=\"title-md\">Sorumlu inovasyon ve \u00fcretim<\/h2>\n    <\/div>\n    <div><\/div>\n    <div class=\"text-columns__col-1 fade-up-delay-200\">\n      <p><span style=\"font-weight: 400;\">Ligninin molek\u00fcler b\u00fct\u00fcnl\u00fc\u011f\u00fcn\u00fc korurken enerji ve at\u0131klar\u0131 minimumda tutmak i\u00e7in tasarlanm\u0131\u015f bir \u00fcretim s\u00fcreci kullan\u0131yoruz. Hafif fraksiyonlama, hassas form\u00fclasyon ve kapal\u0131 devre yard\u0131mc\u0131 sistemleri bir araya getirerek kaynak t\u00fcketimini ve \u00e7evresel ayak izini en aza indiriyoruz.\u00a0<\/span><\/p>\n    <\/div>\n    <div class=\"text-columns__col-2 fade-up-delay-600\">\n      <p><span style=\"font-weight: 400;\">Piyasaya sundu\u011fumuz her \u00fcr\u00fcn, gezegen dostu inovasyon ve sa\u011fl\u0131\u011f\u0131 \u00f6n planda tutan amac\u0131m\u0131za olan ba\u011fl\u0131l\u0131\u011f\u0131m\u0131z\u0131 yans\u0131tmaktad\u0131r.<\/span><\/p>\n    <\/div>\n      <\/div>\n<\/section>\n\n\n<section class=\"quote   bg-default\" >\n    <img decoding=\"async\" class=\"quote__bg\" src=\"https:\/\/siranius.com\/wp-content\/uploads\/sites\/2\/2025\/11\/Image05.jpg\" alt=\"\" \/>\n  \n  <div class=\"container\">\n        <h3 class=\"quote__text animate-lines title-xl\">\n      \u201dAma\u00e7 ve d\u00f6ng\u00fcsellik, yolculu\u011fumuzun her ad\u0131m\u0131na yerle\u015fmi\u015ftir.\u201d    <\/h3>\n          <\/div>\n\n<\/section>","protected":false},"excerpt":{"rendered":"","protected":false},"author":1,"featured_media":504,"parent":0,"menu_order":0,"comment_status":"closed","ping_status":"closed","template":"","meta":{"_acf_changed":false,"content-type":"","footnotes":""},"class_list":["post-25","page","type-page","status-publish","has-post-thumbnail","hentry"],"acf":[],"yoast_head":"<!-- This site is optimized with the Yoast SEO plugin v26.6 - https:\/\/yoast.com\/wordpress\/plugins\/seo\/ -->\n<title>Sustainability - Siranius<\/title>\n<meta name=\"description\" content=\"Explore Siranius\u2019 sustainability journey \u2014 how we combine science, responsibility and eco-friendly practices in lignin-based health innovation that matters.\" \/>\n<meta name=\"robots\" content=\"index, follow, max-snippet:-1, max-image-preview:large, max-video-preview:-1\" \/>\n<link rel=\"canonical\" href=\"https:\/\/siranius.com\/tr\/surdurulebilirlik\/\" \/>\n<meta property=\"og:locale\" content=\"tr_TR\" \/>\n<meta property=\"og:type\" content=\"article\" \/>\n<meta property=\"og:title\" content=\"Sustainability - Siranius\" \/>\n<meta property=\"og:description\" content=\"Explore Siranius\u2019 sustainability journey \u2014 how we combine science, responsibility and eco-friendly practices in lignin-based health innovation that matters.\" \/>\n<meta property=\"og:url\" content=\"https:\/\/siranius.com\/tr\/surdurulebilirlik\/\" \/>\n<meta property=\"og:site_name\" content=\"Siranius\" \/>\n<meta property=\"article:modified_time\" content=\"2025-12-16T20:41:10+00:00\" \/>\n<meta property=\"og:image\" content=\"https:\/\/siranius.com\/wp-content\/uploads\/sites\/2\/2025\/12\/Meta-The-company.png\" \/>\n\t<meta property=\"og:image:width\" content=\"1024\" \/>\n\t<meta property=\"og:image:height\" content=\"768\" \/>\n\t<meta property=\"og:image:type\" content=\"image\/png\" \/>\n<meta name=\"twitter:card\" content=\"summary_large_image\" \/>\n<meta name=\"twitter:label1\" content=\"Tahmini okuma s\u00fcresi\" \/>\n\t<meta name=\"twitter:data1\" content=\"2 dakika\" \/>\n<script type=\"application\/ld+json\" class=\"yoast-schema-graph\">{\"@context\":\"https:\/\/schema.org\",\"@graph\":[{\"@type\":\"WebPage\",\"@id\":\"https:\/\/siranius.com\/sustainability\/\",\"url\":\"https:\/\/siranius.com\/sustainability\/\",\"name\":\"Sustainability - Siranius\",\"isPartOf\":{\"@id\":\"https:\/\/siranius.com\/#website\"},\"primaryImageOfPage\":{\"@id\":\"https:\/\/siranius.com\/sustainability\/#primaryimage\"},\"image\":{\"@id\":\"https:\/\/siranius.com\/sustainability\/#primaryimage\"},\"thumbnailUrl\":\"https:\/\/siranius.com\/wp-content\/uploads\/sites\/2\/2025\/12\/Meta-The-company.png\",\"datePublished\":\"2025-11-19T09:50:13+00:00\",\"dateModified\":\"2025-12-16T20:41:10+00:00\",\"description\":\"Explore Siranius\u2019 sustainability journey \u2014 how we combine science, responsibility and eco-friendly practices in lignin-based health innovation that matters.\",\"breadcrumb\":{\"@id\":\"https:\/\/siranius.com\/sustainability\/#breadcrumb\"},\"inLanguage\":\"tr\",\"potentialAction\":[{\"@type\":\"ReadAction\",\"target\":[\"https:\/\/siranius.com\/sustainability\/\"]}]},{\"@type\":\"ImageObject\",\"inLanguage\":\"tr\",\"@id\":\"https:\/\/siranius.com\/sustainability\/#primaryimage\",\"url\":\"https:\/\/siranius.com\/wp-content\/uploads\/sites\/2\/2025\/12\/Meta-The-company.png\",\"contentUrl\":\"https:\/\/siranius.com\/wp-content\/uploads\/sites\/2\/2025\/12\/Meta-The-company.png\",\"width\":1024,\"height\":768},{\"@type\":\"BreadcrumbList\",\"@id\":\"https:\/\/siranius.com\/sustainability\/#breadcrumb\",\"itemListElement\":[{\"@type\":\"ListItem\",\"position\":1,\"name\":\"Home\",\"item\":\"https:\/\/siranius.com\/\"},{\"@type\":\"ListItem\",\"position\":2,\"name\":\"Sustainability\"}]},{\"@type\":\"WebSite\",\"@id\":\"https:\/\/siranius.com\/#website\",\"url\":\"https:\/\/siranius.com\/\",\"name\":\"Siranius\",\"description\":\"Lignin powered nutraceuticals\",\"potentialAction\":[{\"@type\":\"SearchAction\",\"target\":{\"@type\":\"EntryPoint\",\"urlTemplate\":\"https:\/\/siranius.com\/?s={search_term_string}\"},\"query-input\":{\"@type\":\"PropertyValueSpecification\",\"valueRequired\":true,\"valueName\":\"search_term_string\"}}],\"inLanguage\":\"tr\"}]}<\/script>\n<!-- \/ Yoast SEO plugin. -->","yoast_head_json":{"title":"S\u00fcrd\u00fcr\u00fclebilirlik - Siranius","description":"Siranius'un s\u00fcrd\u00fcr\u00fclebilirlik yolculu\u011funu ke\u015ffedin \u2014 \u00f6nemli lignin bazl\u0131 sa\u011fl\u0131k yeniliklerinde bilim, sorumluluk ve \u00e7evre dostu uygulamalar\u0131 nas\u0131l bir araya getirdi\u011fimizi \u00f6\u011frenin.","robots":{"index":"index","follow":"follow","max-snippet":"max-snippet:-1","max-image-preview":"max-image-preview:large","max-video-preview":"max-video-preview:-1"},"canonical":"https:\/\/siranius.com\/tr\/surdurulebilirlik\/","og_locale":"tr_TR","og_type":"article","og_title":"Sustainability - Siranius","og_description":"Explore Siranius\u2019 sustainability journey \u2014 how we combine science, responsibility and eco-friendly practices in lignin-based health innovation that matters.","og_url":"https:\/\/siranius.com\/tr\/surdurulebilirlik\/","og_site_name":"Siranius","article_modified_time":"2025-12-16T20:41:10+00:00","og_image":[{"width":1024,"height":768,"url":"https:\/\/siranius.com\/wp-content\/uploads\/sites\/2\/2025\/12\/Meta-The-company.png","type":"image\/png"}],"twitter_card":"summary_large_image","twitter_misc":{"Tahmini okuma s\u00fcresi":"2 dakika"},"schema":{"@context":"https:\/\/schema.org","@graph":[{"@type":"WebPage","@id":"https:\/\/siranius.com\/sustainability\/","url":"https:\/\/siranius.com\/sustainability\/","name":"S\u00fcrd\u00fcr\u00fclebilirlik - Siranius","isPartOf":{"@id":"https:\/\/siranius.com\/#website"},"primaryImageOfPage":{"@id":"https:\/\/siranius.com\/sustainability\/#primaryimage"},"image":{"@id":"https:\/\/siranius.com\/sustainability\/#primaryimage"},"thumbnailUrl":"https:\/\/siranius.com\/wp-content\/uploads\/sites\/2\/2025\/12\/Meta-The-company.png","datePublished":"2025-11-19T09:50:13+00:00","dateModified":"2025-12-16T20:41:10+00:00","description":"Siranius'un s\u00fcrd\u00fcr\u00fclebilirlik yolculu\u011funu ke\u015ffedin \u2014 \u00f6nemli lignin bazl\u0131 sa\u011fl\u0131k yeniliklerinde bilim, sorumluluk ve \u00e7evre dostu uygulamalar\u0131 nas\u0131l bir araya getirdi\u011fimizi \u00f6\u011frenin.","breadcrumb":{"@id":"https:\/\/siranius.com\/sustainability\/#breadcrumb"},"inLanguage":"tr","potentialAction":[{"@type":"ReadAction","target":["https:\/\/siranius.com\/sustainability\/"]}]},{"@type":"ImageObject","inLanguage":"tr","@id":"https:\/\/siranius.com\/sustainability\/#primaryimage","url":"https:\/\/siranius.com\/wp-content\/uploads\/sites\/2\/2025\/12\/Meta-The-company.png","contentUrl":"https:\/\/siranius.com\/wp-content\/uploads\/sites\/2\/2025\/12\/Meta-The-company.png","width":1024,"height":768},{"@type":"BreadcrumbList","@id":"https:\/\/siranius.com\/sustainability\/#breadcrumb","itemListElement":[{"@type":"ListItem","position":1,"name":"Home","item":"https:\/\/siranius.com\/"},{"@type":"ListItem","position":2,"name":"Sustainability"}]},{"@type":"WebSite","@id":"https:\/\/siranius.com\/#website","url":"https:\/\/siranius.com\/","name":"Siranius","description":"Lignin ile g\u00fc\u00e7lendirilmi\u015f nutras\u00f6tikler","potentialAction":[{"@type":"SearchAction","target":{"@type":"EntryPoint","urlTemplate":"https:\/\/siranius.com\/?s={search_term_string}"},"query-input":{"@type":"PropertyValueSpecification","valueRequired":true,"valueName":"search_term_string"}}],"inLanguage":"tr"}]}},"_links":{"self":[{"href":"https:\/\/siranius.com\/tr\/wp-json\/wp\/v2\/pages\/25","targetHints":{"allow":["GET"]}}],"collection":[{"href":"https:\/\/siranius.com\/tr\/wp-json\/wp\/v2\/pages"}],"about":[{"href":"https:\/\/siranius.com\/tr\/wp-json\/wp\/v2\/types\/page"}],"author":[{"embeddable":true,"href":"https:\/\/siranius.com\/tr\/wp-json\/wp\/v2\/users\/1"}],"replies":[{"embeddable":true,"href":"https:\/\/siranius.com\/tr\/wp-json\/wp\/v2\/comments?post=25"}],"version-history":[{"count":28,"href":"https:\/\/siranius.com\/tr\/wp-json\/wp\/v2\/pages\/25\/revisions"}],"predecessor-version":[{"id":422,"href":"https:\/\/siranius.com\/tr\/wp-json\/wp\/v2\/pages\/25\/revisions\/422"}],"wp:featuredmedia":[{"embeddable":true,"href":"https:\/\/siranius.com\/tr\/wp-json\/wp\/v2\/media\/504"}],"wp:attachment":[{"href":"https:\/\/siranius.com\/tr\/wp-json\/wp\/v2\/media?parent=25"}],"curies":[{"name":"wp","href":"https:\/\/api.w.org\/{rel}","templated":true}]}}