{"id":248,"date":"2025-11-30T19:32:17","date_gmt":"2025-11-30T19:32:17","guid":{"rendered":"https:\/\/siranius.tanovis.linawang.se\/?page_id=248"},"modified":"2025-12-16T19:04:37","modified_gmt":"2025-12-16T19:04:37","slug":"248-2","status":"publish","type":"page","link":"https:\/\/siranius.com\/tr\/248-2\/","title":{"rendered":"Yay\u0131nc\u0131 Bilgileri"},"content":{"rendered":"<section class=\"text container wysiwyg\" >\n                                      <h2 class=\"text__title fade-up\">\n            Yay\u0131nc\u0131 Bilgileri          <\/h2>\n                                                  <div class=\"text__body fade-up\">\n            <p>Siranius AG<br \/>\nWeingarten Caddesi 11<br \/>\n8803 R\u00fcschlikon<\/p>\n<p>\u0130svi\u00e7re<\/p>\n<p>+41 (0)44 500 7325<\/p>\n<p><a class=\"obfuscated-link\" href=\"mailto:info@plt-innovations.com\"><span class=\"obfuscated-link-text\">info@siranius.com<\/span><\/a><\/p>\n<p>&nbsp;<\/p>\n<p>CEO: Charles Walser<\/p>\n          <\/div>\n                    \n<\/section>\n\n\n<section class=\"text container wysiwyg\" >\n                                      <h2 class=\"text__title fade-up\">\n            Kullan\u0131m ko\u015fullar\u0131          <\/h2>\n                                                  <div class=\"text__body fade-up\">\n            <p>Bu web sitesinde g\u00f6r\u00fcnt\u00fclenen materyaller, t\u00fcm yaz\u0131l\u0131 materyaller, foto\u011fraflar, ill\u00fcstrasyonlar, sanat eserleri ve di\u011fer grafik materyaller ile isimler, logolar, ticari markalar ve hizmet markalar\u0131 dahil ancak bunlarla s\u0131n\u0131rl\u0131 olmamak \u00fczere, Siranius AG veya lisans verenlerinin m\u00fclkiyetindedir ve telif hakk\u0131, ticari marka ve di\u011fer fikri m\u00fclkiyet kanunlar\u0131 ile korunmaktad\u0131r. Bu web sitesindeki herhangi bir i\u00e7erik, yaln\u0131zca ki\u015fisel, ticari olmayan kullan\u0131m\u0131n\u0131z i\u00e7in g\u00f6r\u00fcnt\u00fclenebilir ve yazd\u0131r\u0131labilir. Siranius AG'nin \u00f6nceden a\u00e7\u0131k yaz\u0131l\u0131 izni olmadan bu web sitesindeki hi\u00e7bir materyali \u00e7o\u011faltmayaca\u011f\u0131n\u0131z\u0131, yeniden iletmeyece\u011finizi, da\u011f\u0131tmayaca\u011f\u0131n\u0131z\u0131, yaymayaca\u011f\u0131n\u0131z\u0131, satmayaca\u011f\u0131n\u0131z\u0131, yay\u0131nlamayaca\u011f\u0131n\u0131z\u0131 veya ba\u015fka bir \u015fekilde kullanmayaca\u011f\u0131n\u0131z\u0131 kabul edersiniz.<\/p>\n<p>Bu web sitesi di\u011fer sitelere ba\u011flant\u0131lar i\u00e7ermektedir. Di\u011fer web sitelerinin i\u00e7eri\u011fi ve gizlilik uygulamalar\u0131ndan sorumlu de\u011filiz ve her sitenin gizlilik politikas\u0131n\u0131 incelemenizi ve bulunan materyal ve bilgilerin do\u011frulu\u011fu, g\u00fcvenilirli\u011fi ve kesinli\u011fi konusunda kendi karar\u0131n\u0131z\u0131 vermenizi \u00f6neririz.<\/p>\n          <\/div>\n                                                  <h2 class=\"text__title fade-up\">\n            Feragatname          <\/h2>\n                                                  <div class=\"text__body fade-up\">\n            <p>Bu web sitesi ileriye d\u00f6n\u00fck ifadeler i\u00e7ermektedir. Bu ifadeler, risklere ve belirsizliklere tabi olan mevcut beklentilere ve varsay\u0131mlara dayanmaktad\u0131r. Ger\u00e7ek sonu\u00e7lar, Sirnaius AG hizmetleri ve \u00fcr\u00fcnlerine olan talebi etkileyen genel ekonomik ko\u015fullardaki de\u011fi\u015fiklikler, kur dalgalanmalar\u0131, teknolojik de\u011fi\u015fimler, \u00fcr\u00fcn ya\u015fam d\u00f6ng\u00fcleri, sat\u0131\u015f \u015fart ve ko\u015fullar\u0131ndaki de\u011fi\u015fiklikler, i\u015f ortaklar\u0131n\u0131n mali durumu gibi fakt\u00f6rler nedeniyle \u00f6nemli \u00f6l\u00e7\u00fcde farkl\u0131l\u0131k g\u00f6sterebilir.<\/p>\n<p>Gelece\u011fe ili\u015fkin varsay\u0131mlar\u0131n ve g\u00f6r\u00fc\u015flerin do\u011fru oldu\u011fu veya bu t\u00fcr tahmin ve \u00f6ng\u00f6r\u00fclerin ger\u00e7ekle\u015fece\u011fi konusunda hi\u00e7bir garanti verilemez.<\/p>\n<p>Bu web sitesinde yer alan bilgiler, Siranius taraf\u0131ndan kendi kay\u0131tlar\u0131ndan ve g\u00fcvenilir oldu\u011funa inan\u0131lan di\u011fer kaynaklardan elde edilmi\u015ftir; ancak bu bilgilerin do\u011frulu\u011fu veya eksiksizli\u011fi konusunda herhangi bir beyanda bulunulmamakta veya garanti verilmemektedir.<\/p>\n          <\/div>\n                    \n<\/section>","protected":false},"excerpt":{"rendered":"","protected":false},"author":1,"featured_media":504,"parent":0,"menu_order":0,"comment_status":"closed","ping_status":"closed","template":"","meta":{"_acf_changed":false,"content-type":"","footnotes":""},"class_list":["post-248","page","type-page","status-publish","has-post-thumbnail","hentry"],"acf":[],"yoast_head":"<!-- This site is optimized with the Yoast SEO plugin v26.6 - https:\/\/yoast.com\/wordpress\/plugins\/seo\/ -->\n<title>Impressum - Siranius<\/title>\n<meta name=\"robots\" content=\"index, follow, max-snippet:-1, max-image-preview:large, max-video-preview:-1\" \/>\n<link rel=\"canonical\" href=\"https:\/\/siranius.com\/tr\/248-2\/\" \/>\n<meta property=\"og:locale\" content=\"tr_TR\" \/>\n<meta property=\"og:type\" content=\"article\" \/>\n<meta property=\"og:title\" content=\"Impressum - Siranius\" \/>\n<meta property=\"og:url\" content=\"https:\/\/siranius.com\/tr\/248-2\/\" \/>\n<meta property=\"og:site_name\" content=\"Siranius\" \/>\n<meta property=\"article:modified_time\" content=\"2025-12-16T19:04:37+00:00\" \/>\n<meta property=\"og:image\" content=\"https:\/\/siranius.com\/wp-content\/uploads\/sites\/2\/2025\/12\/Meta-The-company.png\" \/>\n\t<meta property=\"og:image:width\" content=\"1024\" \/>\n\t<meta property=\"og:image:height\" content=\"768\" \/>\n\t<meta property=\"og:image:type\" content=\"image\/png\" \/>\n<meta name=\"twitter:card\" content=\"summary_large_image\" \/>\n<meta name=\"twitter:label1\" content=\"Tahmini okuma s\u00fcresi\" \/>\n\t<meta name=\"twitter:data1\" content=\"2 dakika\" \/>\n<script type=\"application\/ld+json\" class=\"yoast-schema-graph\">{\"@context\":\"https:\/\/schema.org\",\"@graph\":[{\"@type\":\"WebPage\",\"@id\":\"https:\/\/siranius.com\/248-2\/\",\"url\":\"https:\/\/siranius.com\/248-2\/\",\"name\":\"Impressum - Siranius\",\"isPartOf\":{\"@id\":\"https:\/\/siranius.com\/#website\"},\"primaryImageOfPage\":{\"@id\":\"https:\/\/siranius.com\/248-2\/#primaryimage\"},\"image\":{\"@id\":\"https:\/\/siranius.com\/248-2\/#primaryimage\"},\"thumbnailUrl\":\"https:\/\/siranius.com\/wp-content\/uploads\/sites\/2\/2025\/12\/Meta-The-company.png\",\"datePublished\":\"2025-11-30T19:32:17+00:00\",\"dateModified\":\"2025-12-16T19:04:37+00:00\",\"breadcrumb\":{\"@id\":\"https:\/\/siranius.com\/248-2\/#breadcrumb\"},\"inLanguage\":\"tr\",\"potentialAction\":[{\"@type\":\"ReadAction\",\"target\":[\"https:\/\/siranius.com\/248-2\/\"]}]},{\"@type\":\"ImageObject\",\"inLanguage\":\"tr\",\"@id\":\"https:\/\/siranius.com\/248-2\/#primaryimage\",\"url\":\"https:\/\/siranius.com\/wp-content\/uploads\/sites\/2\/2025\/12\/Meta-The-company.png\",\"contentUrl\":\"https:\/\/siranius.com\/wp-content\/uploads\/sites\/2\/2025\/12\/Meta-The-company.png\",\"width\":1024,\"height\":768},{\"@type\":\"BreadcrumbList\",\"@id\":\"https:\/\/siranius.com\/248-2\/#breadcrumb\",\"itemListElement\":[{\"@type\":\"ListItem\",\"position\":1,\"name\":\"Home\",\"item\":\"https:\/\/siranius.com\/\"},{\"@type\":\"ListItem\",\"position\":2,\"name\":\"Impressum\"}]},{\"@type\":\"WebSite\",\"@id\":\"https:\/\/siranius.com\/#website\",\"url\":\"https:\/\/siranius.com\/\",\"name\":\"Siranius\",\"description\":\"Lignin powered nutraceuticals\",\"potentialAction\":[{\"@type\":\"SearchAction\",\"target\":{\"@type\":\"EntryPoint\",\"urlTemplate\":\"https:\/\/siranius.com\/?s={search_term_string}\"},\"query-input\":{\"@type\":\"PropertyValueSpecification\",\"valueRequired\":true,\"valueName\":\"search_term_string\"}}],\"inLanguage\":\"tr\"}]}<\/script>\n<!-- \/ Yoast SEO plugin. -->","yoast_head_json":{"title":"Yay\u0131nc\u0131 Bilgileri - Siranius","robots":{"index":"index","follow":"follow","max-snippet":"max-snippet:-1","max-image-preview":"max-image-preview:large","max-video-preview":"max-video-preview:-1"},"canonical":"https:\/\/siranius.com\/tr\/248-2\/","og_locale":"tr_TR","og_type":"article","og_title":"Impressum - Siranius","og_url":"https:\/\/siranius.com\/tr\/248-2\/","og_site_name":"Siranius","article_modified_time":"2025-12-16T19:04:37+00:00","og_image":[{"width":1024,"height":768,"url":"https:\/\/siranius.com\/wp-content\/uploads\/sites\/2\/2025\/12\/Meta-The-company.png","type":"image\/png"}],"twitter_card":"summary_large_image","twitter_misc":{"Tahmini okuma s\u00fcresi":"2 dakika"},"schema":{"@context":"https:\/\/schema.org","@graph":[{"@type":"WebPage","@id":"https:\/\/siranius.com\/248-2\/","url":"https:\/\/siranius.com\/248-2\/","name":"Yay\u0131nc\u0131 Bilgileri - Siranius","isPartOf":{"@id":"https:\/\/siranius.com\/#website"},"primaryImageOfPage":{"@id":"https:\/\/siranius.com\/248-2\/#primaryimage"},"image":{"@id":"https:\/\/siranius.com\/248-2\/#primaryimage"},"thumbnailUrl":"https:\/\/siranius.com\/wp-content\/uploads\/sites\/2\/2025\/12\/Meta-The-company.png","datePublished":"2025-11-30T19:32:17+00:00","dateModified":"2025-12-16T19:04:37+00:00","breadcrumb":{"@id":"https:\/\/siranius.com\/248-2\/#breadcrumb"},"inLanguage":"tr","potentialAction":[{"@type":"ReadAction","target":["https:\/\/siranius.com\/248-2\/"]}]},{"@type":"ImageObject","inLanguage":"tr","@id":"https:\/\/siranius.com\/248-2\/#primaryimage","url":"https:\/\/siranius.com\/wp-content\/uploads\/sites\/2\/2025\/12\/Meta-The-company.png","contentUrl":"https:\/\/siranius.com\/wp-content\/uploads\/sites\/2\/2025\/12\/Meta-The-company.png","width":1024,"height":768},{"@type":"BreadcrumbList","@id":"https:\/\/siranius.com\/248-2\/#breadcrumb","itemListElement":[{"@type":"ListItem","position":1,"name":"Home","item":"https:\/\/siranius.com\/"},{"@type":"ListItem","position":2,"name":"Impressum"}]},{"@type":"WebSite","@id":"https:\/\/siranius.com\/#website","url":"https:\/\/siranius.com\/","name":"Siranius","description":"Lignin ile g\u00fc\u00e7lendirilmi\u015f nutras\u00f6tikler","potentialAction":[{"@type":"SearchAction","target":{"@type":"EntryPoint","urlTemplate":"https:\/\/siranius.com\/?s={search_term_string}"},"query-input":{"@type":"PropertyValueSpecification","valueRequired":true,"valueName":"search_term_string"}}],"inLanguage":"tr"}]}},"_links":{"self":[{"href":"https:\/\/siranius.com\/tr\/wp-json\/wp\/v2\/pages\/248","targetHints":{"allow":["GET"]}}],"collection":[{"href":"https:\/\/siranius.com\/tr\/wp-json\/wp\/v2\/pages"}],"about":[{"href":"https:\/\/siranius.com\/tr\/wp-json\/wp\/v2\/types\/page"}],"author":[{"embeddable":true,"href":"https:\/\/siranius.com\/tr\/wp-json\/wp\/v2\/users\/1"}],"replies":[{"embeddable":true,"href":"https:\/\/siranius.com\/tr\/wp-json\/wp\/v2\/comments?post=248"}],"version-history":[{"count":3,"href":"https:\/\/siranius.com\/tr\/wp-json\/wp\/v2\/pages\/248\/revisions"}],"predecessor-version":[{"id":280,"href":"https:\/\/siranius.com\/tr\/wp-json\/wp\/v2\/pages\/248\/revisions\/280"}],"wp:featuredmedia":[{"embeddable":true,"href":"https:\/\/siranius.com\/tr\/wp-json\/wp\/v2\/media\/504"}],"wp:attachment":[{"href":"https:\/\/siranius.com\/tr\/wp-json\/wp\/v2\/media?parent=248"}],"curies":[{"name":"wp","href":"https:\/\/api.w.org\/{rel}","templated":true}]}}