{"id":21,"date":"2025-11-19T09:49:24","date_gmt":"2025-11-19T09:49:24","guid":{"rendered":"https:\/\/siranius.tanovis.linawang.se\/?page_id=21"},"modified":"2025-12-16T20:34:00","modified_gmt":"2025-12-16T20:34:00","slug":"insan-sagligi","status":"publish","type":"page","link":"https:\/\/siranius.com\/tr\/insan-sagligi\/","title":{"rendered":"\u0130nsan sa\u011fl\u0131\u011f\u0131"},"content":{"rendered":"<section\n  class=\"tanovis_sub_hero  sub_hero--bg-medium split\"\n  >\n  <div class=\"hero__media\">\n              <img decoding=\"async\" class=\"hero__bg\" src=\"https:\/\/siranius.com\/wp-content\/uploads\/sites\/2\/2025\/11\/image01.jpg\" alt=\"\" \/>\n    \n    <div class=\"hero__symbol-container split\">\n      <div class=\"hero__symbol\">\n              <\/div>\n    <\/div>\n  <\/div>\n\n  <div class=\"hero__content container\">\n          <h1 class=\"hero__title title-lg\">Daha g\u00fc\u00e7l\u00fc bir ba\u011f\u0131rsak sistemi olu\u015fturmak i\u00e7in milyonlarca neden vard\u0131r.<\/h1>\n      <\/div>\n<\/section>\n\n\n<section class=\"text container wysiwyg\" id=\"Global-challenges\" >\n                                      <div class=\"text__body fade-up\">\n            <p>IBS. Dehidrasyon. \u0130shal. G\u00fcn\u00fcm\u00fczde milyonlarca insan dengesiz ba\u011f\u0131rsaklar ve \u00f6ng\u00f6r\u00fclemeyen ba\u011f\u0131rsak sa\u011fl\u0131\u011f\u0131 sorunlar\u0131yla m\u00fccadele ediyor. Ba\u011f\u0131rsak bakterileri ile \u00f6nemli sa\u011fl\u0131k sorunlar\u0131 aras\u0131nda ba\u011flant\u0131 kuran k\u00fcresel ara\u015ft\u0131rmalar\u0131n \u0131\u015f\u0131\u011f\u0131nda, en \u00f6nemli noktalar\u0131 g\u00fc\u00e7lendirmek ve korumak i\u00e7in buraday\u0131z.<\/p>\n          <\/div>\n                    \n<\/section>\n\n\n<section class=\"text-columns container  bg-default\" id=\"Gobal-health-challenges\" >\n  <div class=\"text-columns__inner\">\n    <div class=\"text-columns__col-title\">\n      <h2 class=\"title-md\">K\u00fcresel sa\u011fl\u0131k sorunlar\u0131<\/h2>\n    <\/div>\n    <div><\/div>\n    <div class=\"text-columns__col-1 fade-up-delay-200\">\n      <p><span style=\"font-weight: 400;\">Modern ya\u015fam, biyolojimizin ayak uydurmakta zorland\u0131\u011f\u0131 \u015fekillerde insan sa\u011fl\u0131\u011f\u0131 \u00fczerinde bask\u0131 olu\u015fturmaktad\u0131r. Stres, k\u00f6t\u00fc beslenme, \u00e7evresel bask\u0131 ve a\u015f\u0131r\u0131 y\u00fcklenmi\u015f ba\u011f\u0131\u015f\u0131kl\u0131k sistemi nedeniyle kronik iltihaplanma, otoimm\u00fcn reaksiyonlar, metabolik bozukluklar ve toksin maruziyeti artmaktad\u0131r.<\/span><\/p>\n    <\/div>\n    <div class=\"text-columns__col-2 fade-up-delay-600\">\n      <p><span style=\"font-weight: 400;\">T\u00fcm bunlar\u0131n merkezinde ba\u011f\u0131rsaklar yer al\u0131r. Ara\u015ft\u0131rmalar, ba\u011f\u0131rsak mikrobiyomundaki bozukluklar\u0131n sadece sindirim sorunlar\u0131yla de\u011fil, beyin, kalp, metabolizma ve ba\u011f\u0131\u015f\u0131kl\u0131k tepkisini etkileyen sistemik durumlarla da ba\u011flant\u0131l\u0131 oldu\u011funu giderek daha fazla g\u00f6stermektedir.<\/span><\/p>\n    <\/div>\n      <\/div>\n<\/section>\n\n\n<section class=\"numbers container  bg-default\" >\n  <h2 class=\"numbers__title\"><\/h2>\n  <div class=\"numbers__inner\">\n        <div class=\"numbers__item\">\n      <h3 class=\"numbers__item-number title-xxl\"><span\n          class=\"numbers__item-number-animate\">11<\/span>%      <\/h3>\n      <p class=\"numbers__item-text body-sm\">k\u00fcresel n\u00fcfusun 'u IBS ile ya\u015f\u0131yor<\/p>\n    <\/div>\n        <div class=\"numbers__item\">\n      <h3 class=\"numbers__item-number title-xxl\"><span\n          class=\"numbers__item-number-animate\">30<\/span>%      <\/h3>\n      <p class=\"numbers__item-text body-sm\">t\u0131bbi yard\u0131m arayanlar\u0131n<\/p>\n    <\/div>\n        <div class=\"numbers__item\">\n      <h3 class=\"numbers__item-number title-xxl\"><span\n          class=\"numbers__item-number-animate\">15<\/span>%      <\/h3>\n      <p class=\"numbers__item-text body-sm\">Avrupa, ABD ve Meksika'da 10\u201315% ki\u015finin IBS'den muzdarip oldu\u011fu tahmin edilmektedir.<\/p>\n    <\/div>\n      <\/div>\n<\/section>\n\n\n<section class=\"text-columns container  bg-default\" id=\"Our-focus-areas\" >\n  <div class=\"text-columns__inner\">\n    <div class=\"text-columns__col-title\">\n      <h2 class=\"title-md\">Odak alanlar\u0131m\u0131z<\/h2>\n    <\/div>\n    <div><\/div>\n    <div class=\"text-columns__col-1 fade-up-delay-200\">\n      <p><span style=\"font-weight: 400;\">Ba\u011f\u0131rsak, sindirim organ\u0131ndan \u00e7ok daha fazlas\u0131d\u0131r. Ba\u011f\u0131\u015f\u0131kl\u0131k, enerji metabolizmas\u0131 ve zihinsel berrakl\u0131k ile i\u00e7 i\u00e7e ge\u00e7mi\u015f karma\u015f\u0131k bir ekosistemdir. Ba\u011f\u0131\u015f\u0131kl\u0131k sisteminin 'ine kadar\u0131n\u0131n burada bulundu\u011fu ba\u011f\u0131rsak dengesi, genel sa\u011fl\u0131k i\u00e7in temel \u00f6neme sahiptir. Mevcut ara\u015ft\u0131rmalar\u0131m\u0131z, faydal\u0131 mikroplar\u0131 destekleyen, iltihab\u0131 hafifleten ve ba\u011f\u0131rsak bariyerini g\u00fc\u00e7lendiren lignin t\u00fcrevli bile\u015fiklere odaklanmaktad\u0131r.<\/span><\/p>\n    <\/div>\n    <div class=\"text-columns__col-2 fade-up-delay-600\">\n      <p><span style=\"font-weight: 400;\">S\u0131k\u0131 klinik do\u011frulama ve geli\u015fmi\u015f form\u00fclasyon sayesinde, ligninin biyoaktif g\u00fcc\u00fcn\u00fc g\u00fcvenli ve etkili \u00e7\u00f6z\u00fcmlere d\u00f6n\u00fc\u015ft\u00fcr\u00fcyoruz.  Nutras\u00f6tiklerden gelecekteki t\u0131bbi veya fonksiyonel uygulamalara kadar,  v\u00fccudun kendini i\u00e7eriden savunmas\u0131n\u0131 ve yenilemesini sa\u011fl\u0131yoruz.<\/span><\/p>\n    <\/div>\n      <\/div>\n<\/section>\n\n\n<section class=\"stacked-texts container  bg-default\" >\n  <h2 class=\"stacked-texts__title body-md\">Ba\u011f\u0131rsak sa\u011fl\u0131\u011f\u0131 <\/h2>\n  <div class=\"stacked-texts__inner\">\n            <div class=\"stacked-texts__section fade-up\">\n      <h3 class=\"stacked-texts__section-title title-md animate-words\">Deneyim <\/h3>\n      <div class=\"stacked-texts__section-text body-md fade-up-delay-600\"><p><span style=\"font-weight: 400;\">Dengesiz bir ba\u011f\u0131rsak bir\u00e7ok \u015fekilde kendini g\u00f6sterebilir: \u015fi\u015fkinlik, yorgunluk, g\u0131da duyarl\u0131l\u0131\u011f\u0131, konsantrasyon bozuklu\u011fu veya s\u0131k enfeksiyonlar. Bunlar ayr\u0131 ayr\u0131 g\u00f6r\u00fcnebilir, ancak genellikle v\u00fccudun i\u00e7 ekosisteminden gelen ba\u011flant\u0131l\u0131 sinyallerdir. Siranius \u00e7\u00f6z\u00fcmleri dengeyi yeniden sa\u011flamak i\u00e7in \u00e7al\u0131\u015f\u0131r.\u00a0<\/span><\/p>\n<\/div>\n    <\/div>\n        <div class=\"stacked-texts__section fade-up\">\n      <h3 class=\"stacked-texts__section-title title-md animate-words\">Etki<\/h3>\n      <div class=\"stacked-texts__section-text body-md fade-up-delay-600\"><p>Lignin bazl\u0131 form\u00fclasyonlar\u0131m\u0131z iltihab\u0131 azaltmay\u0131, mikrobiyomu dengelemeyi ve do\u011fal savunma mekanizmalar\u0131n\u0131 g\u00fc\u00e7lendirmeyi ama\u00e7lamaktad\u0131r. Sonu\u00e7 somuttur: daha sakin bir ba\u011f\u0131rsak, daha net bir enerji ve daha fazla g\u00fcnl\u00fck diren\u00e7.<\/p>\n<\/div>\n    <\/div>\n          <\/div>\n<\/section>\n\n\n<section class=\"text container wysiwyg\" >\n                                      <div class=\"text__image fade-up\">\n            <img loading=\"lazy\" decoding=\"async\" width=\"700\" height=\"525\" src=\"https:\/\/siranius.com\/wp-content\/uploads\/sites\/2\/2025\/12\/SIRANIUS_Mirelle_Casual_0359_V01-4-3-700px.jpg\" class=\"text__image-img\" alt=\"\" srcset=\"https:\/\/siranius.com\/wp-content\/uploads\/sites\/2\/2025\/12\/SIRANIUS_Mirelle_Casual_0359_V01-4-3-700px.jpg 700w, https:\/\/siranius.com\/wp-content\/uploads\/sites\/2\/2025\/12\/SIRANIUS_Mirelle_Casual_0359_V01-4-3-700px-300x225.jpg 300w\" sizes=\"auto, (max-width: 700px) 100vw, 700px\" \/>          <\/div>\n                    \n<\/section>","protected":false},"excerpt":{"rendered":"","protected":false},"author":1,"featured_media":505,"parent":0,"menu_order":0,"comment_status":"closed","ping_status":"closed","template":"","meta":{"_acf_changed":false,"content-type":"","footnotes":""},"class_list":["post-21","page","type-page","status-publish","has-post-thumbnail","hentry"],"acf":[],"yoast_head":"<!-- This site is optimized with the Yoast SEO plugin v26.6 - https:\/\/yoast.com\/wordpress\/plugins\/seo\/ -->\n<title>Human health - Siranius<\/title>\n<meta name=\"description\" content=\"Explore Siranius\u2019 human health solutions using lignin. Discover sustainable, science-backed innovations that support wellbeing and real-world health impact.\" \/>\n<meta name=\"robots\" content=\"index, follow, max-snippet:-1, max-image-preview:large, max-video-preview:-1\" \/>\n<link rel=\"canonical\" href=\"https:\/\/siranius.com\/tr\/insan-sagligi\/\" \/>\n<meta property=\"og:locale\" content=\"tr_TR\" \/>\n<meta property=\"og:type\" content=\"article\" \/>\n<meta property=\"og:title\" content=\"Human health - Siranius\" \/>\n<meta property=\"og:description\" content=\"Explore Siranius\u2019 human health solutions using lignin. Discover sustainable, science-backed innovations that support wellbeing and real-world health impact.\" \/>\n<meta property=\"og:url\" content=\"https:\/\/siranius.com\/tr\/insan-sagligi\/\" \/>\n<meta property=\"og:site_name\" content=\"Siranius\" \/>\n<meta property=\"article:modified_time\" content=\"2025-12-16T20:34:00+00:00\" \/>\n<meta property=\"og:image\" content=\"https:\/\/siranius.com\/wp-content\/uploads\/sites\/2\/2025\/12\/Meta-Human-health.png\" \/>\n\t<meta property=\"og:image:width\" content=\"1024\" \/>\n\t<meta property=\"og:image:height\" content=\"768\" \/>\n\t<meta property=\"og:image:type\" content=\"image\/png\" \/>\n<meta name=\"twitter:card\" content=\"summary_large_image\" \/>\n<meta name=\"twitter:label1\" content=\"Tahmini okuma s\u00fcresi\" \/>\n\t<meta name=\"twitter:data1\" content=\"3 dakika\" \/>\n<script type=\"application\/ld+json\" class=\"yoast-schema-graph\">{\"@context\":\"https:\/\/schema.org\",\"@graph\":[{\"@type\":\"WebPage\",\"@id\":\"https:\/\/siranius.com\/human-health\/\",\"url\":\"https:\/\/siranius.com\/human-health\/\",\"name\":\"Human health - Siranius\",\"isPartOf\":{\"@id\":\"https:\/\/siranius.com\/#website\"},\"primaryImageOfPage\":{\"@id\":\"https:\/\/siranius.com\/human-health\/#primaryimage\"},\"image\":{\"@id\":\"https:\/\/siranius.com\/human-health\/#primaryimage\"},\"thumbnailUrl\":\"https:\/\/siranius.com\/wp-content\/uploads\/sites\/2\/2025\/12\/Meta-Human-health.png\",\"datePublished\":\"2025-11-19T09:49:24+00:00\",\"dateModified\":\"2025-12-16T20:34:00+00:00\",\"description\":\"Explore Siranius\u2019 human health solutions using lignin. Discover sustainable, science-backed innovations that support wellbeing and real-world health impact.\",\"breadcrumb\":{\"@id\":\"https:\/\/siranius.com\/human-health\/#breadcrumb\"},\"inLanguage\":\"tr\",\"potentialAction\":[{\"@type\":\"ReadAction\",\"target\":[\"https:\/\/siranius.com\/human-health\/\"]}]},{\"@type\":\"ImageObject\",\"inLanguage\":\"tr\",\"@id\":\"https:\/\/siranius.com\/human-health\/#primaryimage\",\"url\":\"https:\/\/siranius.com\/wp-content\/uploads\/sites\/2\/2025\/12\/Meta-Human-health.png\",\"contentUrl\":\"https:\/\/siranius.com\/wp-content\/uploads\/sites\/2\/2025\/12\/Meta-Human-health.png\",\"width\":1024,\"height\":768},{\"@type\":\"BreadcrumbList\",\"@id\":\"https:\/\/siranius.com\/human-health\/#breadcrumb\",\"itemListElement\":[{\"@type\":\"ListItem\",\"position\":1,\"name\":\"Home\",\"item\":\"https:\/\/siranius.com\/\"},{\"@type\":\"ListItem\",\"position\":2,\"name\":\"Human health\"}]},{\"@type\":\"WebSite\",\"@id\":\"https:\/\/siranius.com\/#website\",\"url\":\"https:\/\/siranius.com\/\",\"name\":\"Siranius\",\"description\":\"Lignin powered nutraceuticals\",\"potentialAction\":[{\"@type\":\"SearchAction\",\"target\":{\"@type\":\"EntryPoint\",\"urlTemplate\":\"https:\/\/siranius.com\/?s={search_term_string}\"},\"query-input\":{\"@type\":\"PropertyValueSpecification\",\"valueRequired\":true,\"valueName\":\"search_term_string\"}}],\"inLanguage\":\"tr\"}]}<\/script>\n<!-- \/ Yoast SEO plugin. -->","yoast_head_json":{"title":"\u0130nsan sa\u011fl\u0131\u011f\u0131 - Siranius","description":"Siranius'un lignin kullanarak geli\u015ftirdi\u011fi insan sa\u011fl\u0131\u011f\u0131 \u00e7\u00f6z\u00fcmlerini ke\u015ffedin. Refah\u0131 ve ger\u00e7ek hayattaki sa\u011fl\u0131k etkisini destekleyen, s\u00fcrd\u00fcr\u00fclebilir ve bilimsel olarak desteklenen yenilikleri ke\u015ffedin.","robots":{"index":"index","follow":"follow","max-snippet":"max-snippet:-1","max-image-preview":"max-image-preview:large","max-video-preview":"max-video-preview:-1"},"canonical":"https:\/\/siranius.com\/tr\/insan-sagligi\/","og_locale":"tr_TR","og_type":"article","og_title":"Human health - Siranius","og_description":"Explore Siranius\u2019 human health solutions using lignin. Discover sustainable, science-backed innovations that support wellbeing and real-world health impact.","og_url":"https:\/\/siranius.com\/tr\/insan-sagligi\/","og_site_name":"Siranius","article_modified_time":"2025-12-16T20:34:00+00:00","og_image":[{"width":1024,"height":768,"url":"https:\/\/siranius.com\/wp-content\/uploads\/sites\/2\/2025\/12\/Meta-Human-health.png","type":"image\/png"}],"twitter_card":"summary_large_image","twitter_misc":{"Tahmini okuma s\u00fcresi":"3 dakika"},"schema":{"@context":"https:\/\/schema.org","@graph":[{"@type":"WebPage","@id":"https:\/\/siranius.com\/human-health\/","url":"https:\/\/siranius.com\/human-health\/","name":"\u0130nsan sa\u011fl\u0131\u011f\u0131 - Siranius","isPartOf":{"@id":"https:\/\/siranius.com\/#website"},"primaryImageOfPage":{"@id":"https:\/\/siranius.com\/human-health\/#primaryimage"},"image":{"@id":"https:\/\/siranius.com\/human-health\/#primaryimage"},"thumbnailUrl":"https:\/\/siranius.com\/wp-content\/uploads\/sites\/2\/2025\/12\/Meta-Human-health.png","datePublished":"2025-11-19T09:49:24+00:00","dateModified":"2025-12-16T20:34:00+00:00","description":"Siranius'un lignin kullanarak geli\u015ftirdi\u011fi insan sa\u011fl\u0131\u011f\u0131 \u00e7\u00f6z\u00fcmlerini ke\u015ffedin. Refah\u0131 ve ger\u00e7ek hayattaki sa\u011fl\u0131k etkisini destekleyen, s\u00fcrd\u00fcr\u00fclebilir ve bilimsel olarak desteklenen yenilikleri ke\u015ffedin.","breadcrumb":{"@id":"https:\/\/siranius.com\/human-health\/#breadcrumb"},"inLanguage":"tr","potentialAction":[{"@type":"ReadAction","target":["https:\/\/siranius.com\/human-health\/"]}]},{"@type":"ImageObject","inLanguage":"tr","@id":"https:\/\/siranius.com\/human-health\/#primaryimage","url":"https:\/\/siranius.com\/wp-content\/uploads\/sites\/2\/2025\/12\/Meta-Human-health.png","contentUrl":"https:\/\/siranius.com\/wp-content\/uploads\/sites\/2\/2025\/12\/Meta-Human-health.png","width":1024,"height":768},{"@type":"BreadcrumbList","@id":"https:\/\/siranius.com\/human-health\/#breadcrumb","itemListElement":[{"@type":"ListItem","position":1,"name":"Home","item":"https:\/\/siranius.com\/"},{"@type":"ListItem","position":2,"name":"Human health"}]},{"@type":"WebSite","@id":"https:\/\/siranius.com\/#website","url":"https:\/\/siranius.com\/","name":"Siranius","description":"Lignin ile g\u00fc\u00e7lendirilmi\u015f nutras\u00f6tikler","potentialAction":[{"@type":"SearchAction","target":{"@type":"EntryPoint","urlTemplate":"https:\/\/siranius.com\/?s={search_term_string}"},"query-input":{"@type":"PropertyValueSpecification","valueRequired":true,"valueName":"search_term_string"}}],"inLanguage":"tr"}]}},"_links":{"self":[{"href":"https:\/\/siranius.com\/tr\/wp-json\/wp\/v2\/pages\/21","targetHints":{"allow":["GET"]}}],"collection":[{"href":"https:\/\/siranius.com\/tr\/wp-json\/wp\/v2\/pages"}],"about":[{"href":"https:\/\/siranius.com\/tr\/wp-json\/wp\/v2\/types\/page"}],"author":[{"embeddable":true,"href":"https:\/\/siranius.com\/tr\/wp-json\/wp\/v2\/users\/1"}],"replies":[{"embeddable":true,"href":"https:\/\/siranius.com\/tr\/wp-json\/wp\/v2\/comments?post=21"}],"version-history":[{"count":45,"href":"https:\/\/siranius.com\/tr\/wp-json\/wp\/v2\/pages\/21\/revisions"}],"predecessor-version":[{"id":443,"href":"https:\/\/siranius.com\/tr\/wp-json\/wp\/v2\/pages\/21\/revisions\/443"}],"wp:featuredmedia":[{"embeddable":true,"href":"https:\/\/siranius.com\/tr\/wp-json\/wp\/v2\/media\/505"}],"wp:attachment":[{"href":"https:\/\/siranius.com\/tr\/wp-json\/wp\/v2\/media?parent=21"}],"curies":[{"name":"wp","href":"https:\/\/api.w.org\/{rel}","templated":true}]}}