{"id":2,"date":"2025-10-30T14:18:17","date_gmt":"2025-10-30T14:18:17","guid":{"rendered":"http:\/\/siranius.tanovis.linawang.se\/?page_id=2"},"modified":"2025-12-16T21:52:58","modified_gmt":"2025-12-16T21:52:58","slug":"sample-page","status":"publish","type":"page","link":"https:\/\/siranius.com\/tr\/","title":{"rendered":"Siranius"},"content":{"rendered":"<section class=\"tanovis_hero  bg-medium\" >\n  <div class=\"hero__media\">\n          <video class=\"hero__video\" src=\"https:\/\/siranius.com\/wp-content\/uploads\/sites\/2\/2025\/12\/SIRANIUS_16-9_03.mp4\" autoplay muted loop playsinline><\/video>\n              <img decoding=\"async\" class=\"hero__bg\" src=\"https:\/\/siranius.com\/wp-content\/uploads\/sites\/2\/2025\/12\/Siranius-color-16-9.jpg\" alt=\"\" \/>\n    \n    <div class=\"hero__symbol-container\">\n          <\/div>\n  <\/div>\n\n  <div class=\"hero__content container\">\n    \n          <h1 class=\"hero__title title-lg\">\u0130nsan sa\u011fl\u0131\u011f\u0131 i\u00e7in saf do\u011fal zeka.<\/h1>\n    \n    \n  <\/div>\n<\/section>\n\n\n<section class=\"text container wysiwyg\" >\n                                      <div class=\"text__preamble  fade-up\">\n            <p class=\"preamble\">Ba\u011f\u0131rsaklar\u0131 g\u00fc\u00e7lendiren lignin bazl\u0131 nutras\u00f6tikler ve fonksiyonel bile\u015fenler geli\u015ftirerek, tamamen yeni bir s\u00fcrd\u00fcr\u00fclebilir sa\u011fl\u0131k \u00e7\u00f6z\u00fcmleri kategorisi olu\u015fturuyoruz.<\/p>\n          <\/div>\n                    \n<\/section>\n\n\n<section class=\"gallery  bg-medium\" >\n  <div class=\"gallery__images layout-two\">\n          <h3 class=\"gallery__text title-md\" data-speed=\"1.2\">\n        \u0130nsan sa\u011fl\u0131\u011f\u0131 i\u00e7in saf do\u011fal zeka      <\/h3>\n      <div class=\"image-1 cutout cutout-image aspect-ratio-16-9 cutout-top-right\" data-speed=\"1.5\">\n        <img decoding=\"async\" src=\"https:\/\/siranius.com\/wp-content\/uploads\/sites\/2\/2025\/11\/image01.jpg\" alt=\"\" data-speed=\"0.9\">\n      <\/div>\n      <div class=\"image-2 cutout cutout-image aspect-ratio-4-3 cutout-top-right\" data-speed=\"1.1\">\n        <img decoding=\"async\" src=\"https:\/\/siranius.com\/wp-content\/uploads\/sites\/2\/2025\/12\/SIRANIUS_Morgane_Casual_0481_V01-1-1-scaled.jpg\" alt=\"\" data-speed=\"1.1\">\n      <\/div>\n\n      <\/div>\n\n  <\/section>\n\n\n<section class=\"title-text-block  bg-medium\" >\n  <div class=\"title-text-block__inner container\">\n    <div class=\"title-text-block__title\">\n      <h2 class=\"title-xl animate-words\">Ligninle \u00e7al\u0131\u015fan insan sa\u011fl\u0131\u011f\u0131 \u00e7\u00f6z\u00fcmleri.<\/h2>\n    <\/div>\n    <div class=\"title-text-block__text fade-up-delay-600\">\n      <div class=\"body-lg\"><p><span style=\"font-weight: 400\">Bitkilerin dayan\u0131kl\u0131l\u0131\u011f\u0131n\u0131n ve savunmas\u0131n\u0131n ard\u0131ndaki do\u011fal bile\u015fik olan ligninin gizli g\u00fcc\u00fcn\u00fc ortaya \u00e7\u0131kard\u0131k. Bilim ve geri d\u00f6n\u00fc\u015f\u00fcm\u00fcn birle\u015fimiyle, tamamen yeni bir s\u00fcrd\u00fcr\u00fclebilir sa\u011fl\u0131k \u00e7\u00f6z\u00fcmleri kategorisi olu\u015fturuyoruz: hem ba\u011f\u0131rsaklar\u0131n\u0131z\u0131 hem de toplumumuzu g\u00fc\u00e7lendiren lignin bazl\u0131 nutras\u00f6tikler ve fonksiyonel bile\u015fenler.<\/span><\/p>\n<\/div>\n                  <a href=\"https:\/\/siranius.tanovis.linawang.se\/human-health\/\" class=\"link\" >\n      \u0130nsan sa\u011fl\u0131\u011f\u0131 i\u00e7in lignini ke\u015ffedin <span class=\"link__arrow\"><svg width=\"14\" height=\"17\" viewbox=\"0 0 14 17\" fill=\"none\"\n          xmlns=\"http:\/\/www.w3.org\/2000\/svg\">\n          <path d=\"M0 17V0L14 8.5L0 17Z\" fill=\"currentColor\" \/>\n        <\/svg>\n      <\/span>\n    <\/a>\n          <\/div>\n  <\/div>\n<\/section>","protected":false},"excerpt":{"rendered":"","protected":false},"author":1,"featured_media":505,"parent":0,"menu_order":0,"comment_status":"closed","ping_status":"open","template":"","meta":{"_acf_changed":false,"content-type":"","footnotes":""},"class_list":["post-2","page","type-page","status-publish","has-post-thumbnail","hentry"],"acf":[],"yoast_head":"<!-- This site is optimized with the Yoast SEO plugin v26.6 - https:\/\/yoast.com\/wordpress\/plugins\/seo\/ -->\n<title>Siranius - Siranius<\/title>\n<meta name=\"description\" content=\"Welcome to Siranius \u2014 where lignin science meets human health. Discover sustainable, thoughtfully developed solutions that support wellbeing and real impact.\" \/>\n<meta name=\"robots\" content=\"index, follow, max-snippet:-1, max-image-preview:large, max-video-preview:-1\" \/>\n<link rel=\"canonical\" href=\"https:\/\/siranius.com\/tr\/\" \/>\n<meta property=\"og:locale\" content=\"tr_TR\" \/>\n<meta property=\"og:type\" content=\"article\" \/>\n<meta property=\"og:title\" content=\"Siranius - Siranius\" \/>\n<meta property=\"og:description\" content=\"Welcome to Siranius \u2014 where lignin science meets human health. Discover sustainable, thoughtfully developed solutions that support wellbeing and real impact.\" \/>\n<meta property=\"og:url\" content=\"https:\/\/siranius.com\/tr\/\" \/>\n<meta property=\"og:site_name\" content=\"Siranius\" \/>\n<meta property=\"article:modified_time\" content=\"2025-12-16T21:52:58+00:00\" \/>\n<meta property=\"og:image\" content=\"https:\/\/siranius.com\/wp-content\/uploads\/sites\/2\/2025\/12\/Meta-Human-health.png\" \/>\n\t<meta property=\"og:image:width\" content=\"1024\" \/>\n\t<meta property=\"og:image:height\" content=\"768\" \/>\n\t<meta property=\"og:image:type\" content=\"image\/png\" \/>\n<meta name=\"twitter:card\" content=\"summary_large_image\" \/>\n<meta name=\"twitter:label1\" content=\"Tahmini okuma s\u00fcresi\" \/>\n\t<meta name=\"twitter:data1\" content=\"2 dakika\" \/>\n<script type=\"application\/ld+json\" class=\"yoast-schema-graph\">{\"@context\":\"https:\/\/schema.org\",\"@graph\":[{\"@type\":\"WebPage\",\"@id\":\"https:\/\/siranius.com\/\",\"url\":\"https:\/\/siranius.com\/\",\"name\":\"Siranius - Siranius\",\"isPartOf\":{\"@id\":\"https:\/\/siranius.com\/#website\"},\"primaryImageOfPage\":{\"@id\":\"https:\/\/siranius.com\/#primaryimage\"},\"image\":{\"@id\":\"https:\/\/siranius.com\/#primaryimage\"},\"thumbnailUrl\":\"https:\/\/siranius.com\/wp-content\/uploads\/sites\/2\/2025\/12\/Meta-Human-health.png\",\"datePublished\":\"2025-10-30T14:18:17+00:00\",\"dateModified\":\"2025-12-16T21:52:58+00:00\",\"description\":\"Welcome to Siranius \u2014 where lignin science meets human health. Discover sustainable, thoughtfully developed solutions that support wellbeing and real impact.\",\"breadcrumb\":{\"@id\":\"https:\/\/siranius.com\/#breadcrumb\"},\"inLanguage\":\"tr\",\"potentialAction\":[{\"@type\":\"ReadAction\",\"target\":[\"https:\/\/siranius.com\/\"]}]},{\"@type\":\"ImageObject\",\"inLanguage\":\"tr\",\"@id\":\"https:\/\/siranius.com\/#primaryimage\",\"url\":\"https:\/\/siranius.com\/wp-content\/uploads\/sites\/2\/2025\/12\/Meta-Human-health.png\",\"contentUrl\":\"https:\/\/siranius.com\/wp-content\/uploads\/sites\/2\/2025\/12\/Meta-Human-health.png\",\"width\":1024,\"height\":768},{\"@type\":\"BreadcrumbList\",\"@id\":\"https:\/\/siranius.com\/#breadcrumb\",\"itemListElement\":[{\"@type\":\"ListItem\",\"position\":1,\"name\":\"Home\",\"item\":\"https:\/\/siranius.com\/\"},{\"@type\":\"ListItem\",\"position\":2,\"name\":\"Siranius\"}]},{\"@type\":\"WebSite\",\"@id\":\"https:\/\/siranius.com\/#website\",\"url\":\"https:\/\/siranius.com\/\",\"name\":\"Siranius\",\"description\":\"Lignin powered nutraceuticals\",\"potentialAction\":[{\"@type\":\"SearchAction\",\"target\":{\"@type\":\"EntryPoint\",\"urlTemplate\":\"https:\/\/siranius.com\/?s={search_term_string}\"},\"query-input\":{\"@type\":\"PropertyValueSpecification\",\"valueRequired\":true,\"valueName\":\"search_term_string\"}}],\"inLanguage\":\"tr\"}]}<\/script>\n<!-- \/ Yoast SEO plugin. -->","yoast_head_json":{"title":"Siranius - Siranius","description":"Siranius'a ho\u015f geldiniz \u2014 lignin biliminin insan sa\u011fl\u0131\u011f\u0131yla bulu\u015ftu\u011fu yer. Sa\u011fl\u0131kl\u0131 ya\u015fam\u0131 ve ger\u00e7ek etkiyi destekleyen, s\u00fcrd\u00fcr\u00fclebilir ve \u00f6zenle geli\u015ftirilmi\u015f \u00e7\u00f6z\u00fcmleri ke\u015ffedin.","robots":{"index":"index","follow":"follow","max-snippet":"max-snippet:-1","max-image-preview":"max-image-preview:large","max-video-preview":"max-video-preview:-1"},"canonical":"https:\/\/siranius.com\/tr\/","og_locale":"tr_TR","og_type":"article","og_title":"Siranius - Siranius","og_description":"Welcome to Siranius \u2014 where lignin science meets human health. Discover sustainable, thoughtfully developed solutions that support wellbeing and real impact.","og_url":"https:\/\/siranius.com\/tr\/","og_site_name":"Siranius","article_modified_time":"2025-12-16T21:52:58+00:00","og_image":[{"width":1024,"height":768,"url":"https:\/\/siranius.com\/wp-content\/uploads\/sites\/2\/2025\/12\/Meta-Human-health.png","type":"image\/png"}],"twitter_card":"summary_large_image","twitter_misc":{"Tahmini okuma s\u00fcresi":"2 dakika"},"schema":{"@context":"https:\/\/schema.org","@graph":[{"@type":"WebPage","@id":"https:\/\/siranius.com\/","url":"https:\/\/siranius.com\/","name":"Siranius - Siranius","isPartOf":{"@id":"https:\/\/siranius.com\/#website"},"primaryImageOfPage":{"@id":"https:\/\/siranius.com\/#primaryimage"},"image":{"@id":"https:\/\/siranius.com\/#primaryimage"},"thumbnailUrl":"https:\/\/siranius.com\/wp-content\/uploads\/sites\/2\/2025\/12\/Meta-Human-health.png","datePublished":"2025-10-30T14:18:17+00:00","dateModified":"2025-12-16T21:52:58+00:00","description":"Siranius'a ho\u015f geldiniz \u2014 lignin biliminin insan sa\u011fl\u0131\u011f\u0131yla bulu\u015ftu\u011fu yer. Sa\u011fl\u0131kl\u0131 ya\u015fam\u0131 ve ger\u00e7ek etkiyi destekleyen, s\u00fcrd\u00fcr\u00fclebilir ve \u00f6zenle geli\u015ftirilmi\u015f \u00e7\u00f6z\u00fcmleri ke\u015ffedin.","breadcrumb":{"@id":"https:\/\/siranius.com\/#breadcrumb"},"inLanguage":"tr","potentialAction":[{"@type":"ReadAction","target":["https:\/\/siranius.com\/"]}]},{"@type":"ImageObject","inLanguage":"tr","@id":"https:\/\/siranius.com\/#primaryimage","url":"https:\/\/siranius.com\/wp-content\/uploads\/sites\/2\/2025\/12\/Meta-Human-health.png","contentUrl":"https:\/\/siranius.com\/wp-content\/uploads\/sites\/2\/2025\/12\/Meta-Human-health.png","width":1024,"height":768},{"@type":"BreadcrumbList","@id":"https:\/\/siranius.com\/#breadcrumb","itemListElement":[{"@type":"ListItem","position":1,"name":"Home","item":"https:\/\/siranius.com\/"},{"@type":"ListItem","position":2,"name":"Siranius"}]},{"@type":"WebSite","@id":"https:\/\/siranius.com\/#website","url":"https:\/\/siranius.com\/","name":"Siranius","description":"Lignin ile g\u00fc\u00e7lendirilmi\u015f nutras\u00f6tikler","potentialAction":[{"@type":"SearchAction","target":{"@type":"EntryPoint","urlTemplate":"https:\/\/siranius.com\/?s={search_term_string}"},"query-input":{"@type":"PropertyValueSpecification","valueRequired":true,"valueName":"search_term_string"}}],"inLanguage":"tr"}]}},"_links":{"self":[{"href":"https:\/\/siranius.com\/tr\/wp-json\/wp\/v2\/pages\/2","targetHints":{"allow":["GET"]}}],"collection":[{"href":"https:\/\/siranius.com\/tr\/wp-json\/wp\/v2\/pages"}],"about":[{"href":"https:\/\/siranius.com\/tr\/wp-json\/wp\/v2\/types\/page"}],"author":[{"embeddable":true,"href":"https:\/\/siranius.com\/tr\/wp-json\/wp\/v2\/users\/1"}],"replies":[{"embeddable":true,"href":"https:\/\/siranius.com\/tr\/wp-json\/wp\/v2\/comments?post=2"}],"version-history":[{"count":95,"href":"https:\/\/siranius.com\/tr\/wp-json\/wp\/v2\/pages\/2\/revisions"}],"predecessor-version":[{"id":512,"href":"https:\/\/siranius.com\/tr\/wp-json\/wp\/v2\/pages\/2\/revisions\/512"}],"wp:featuredmedia":[{"embeddable":true,"href":"https:\/\/siranius.com\/tr\/wp-json\/wp\/v2\/media\/505"}],"wp:attachment":[{"href":"https:\/\/siranius.com\/tr\/wp-json\/wp\/v2\/media?parent=2"}],"curies":[{"name":"wp","href":"https:\/\/api.w.org\/{rel}","templated":true}]}}