{"id":451,"date":"2025-12-02T21:48:45","date_gmt":"2025-12-02T21:48:45","guid":{"rendered":"https:\/\/siranius.tanovis.linawang.se\/?page_id=451"},"modified":"2025-12-22T17:09:59","modified_gmt":"2025-12-22T17:09:59","slug":"produtos","status":"publish","type":"page","link":"https:\/\/siranius.com\/pt\/produtos\/","title":{"rendered":"Produtos"},"content":{"rendered":"<section\n  class=\"tanovis_sub_hero  sub_hero--bg-default none\"\n  >\n  <div class=\"hero__media\">\n        \n    <div class=\"hero__symbol-container none\">\n      <div class=\"hero__symbol\">\n              <\/div>\n    <\/div>\n  <\/div>\n\n  <div class=\"hero__content container\">\n          <h1 class=\"hero__title title-lg\">Em breve lan\u00e7aremos os primeiros nutrac\u00eauticos \u00e0 base de lignina do mundo.<\/h1>\n      <\/div>\n<\/section>\n\n\n<section class=\"text container wysiwyg\" id=\"ibs\" >\n                                      <h2 class=\"text__title fade-up\">\n            Lignina para a s\u00edndrome do intestino irrit\u00e1vel (SII)          <\/h2>\n                                                  <div class=\"text__body fade-up\">\n            <p>Nos \u00faltimos anos, tem havido uma tend\u00eancia crescente entre as pessoas que est\u00e3o explorando alternativas naturais para lidar com seus problemas de sa\u00fade, incluindo a SII. Essa mudan\u00e7a de perspectiva \u00e9 motivada pelo desejo de minimizar os poss\u00edveis efeitos colaterais associados aos medicamentos farmac\u00eauticos e adotar uma abordagem mais hol\u00edstica ao bem-estar. Como resultado, muitas pessoas est\u00e3o buscando ativamente rem\u00e9dios naturais e suplementos alimentares que ofere\u00e7am al\u00edvio para os sintomas da SII.<\/p>\n<p>&nbsp;<\/p>\n<p>Elas s\u00e3o atra\u00eddas por essas alternativas porque muitas vezes se alinham com a prefer\u00eancia por menos produtos qu\u00edmicos e um foco em nutrir o equil\u00edbrio natural do corpo. Assim, h\u00e1 uma demanda crescente por solu\u00e7\u00f5es naturais que possam proporcionar um al\u00edvio eficaz da SII, permitindo que as pessoas recuperem o controle sobre sua sa\u00fade digestiva de uma forma que complemente seu estilo de vida e seus valores. Na Siranius, nosso compromisso \u00e9 melhorar a vida das pessoas que sofrem de SII, permitindo que elas mantenham seu estilo de vida e qualidade de vida.<\/p>\n          <\/div>\n                    \n<\/section>\n\n\n<section class=\"hubspot-form container bg-accent\" >\n  <div class=\"hubspot-form__inner\">\n    <div class=\"hubspot-form__content\">\n      <h2 class=\"hubspot-form__title title-md\">Quer ser o primeiro a saber sobre o nosso produto nutrac\u00eautico para a s\u00edndrome do intestino irrit\u00e1vel?<\/h2>\n      <p class=\"hubspot-form__text body-md\">Estaremos procurando as pessoas certas para experimentar o produto e nos contar como foi a sua experi\u00eancia.<\/p>\n    <\/div>\n          <style id=\"wpforms-css-vars-493\">\n\t\t\t\t#wpforms-493 {\n\t\t\t\t--wpforms-field-size-input-height: 43px;\n--wpforms-field-size-input-spacing: 15px;\n--wpforms-field-size-font-size: 16px;\n--wpforms-field-size-line-height: 19px;\n--wpforms-field-size-padding-h: 14px;\n--wpforms-field-size-checkbox-size: 16px;\n--wpforms-field-size-sublabel-spacing: 5px;\n--wpforms-field-size-icon-size: 1;\n--wpforms-label-size-font-size: 16px;\n--wpforms-label-size-line-height: 19px;\n--wpforms-label-size-sublabel-font-size: 14px;\n--wpforms-label-size-sublabel-line-height: 17px;\n--wpforms-button-size-font-size: 17px;\n--wpforms-button-size-height: 41px;\n--wpforms-button-size-padding-h: 15px;\n--wpforms-button-size-margin-top: 10px;\n--wpforms-container-shadow-size-box-shadow: none;\n\t\t\t}\n\t\t\t<\/style><div class=\"wpforms-container wpforms-container-full wpforms-render-modern\" id=\"wpforms-493\"><form id=\"wpforms-form-493\" class=\"wpforms-validate wpforms-form wpforms-ajax-form\" data-formid=\"493\" method=\"post\" enctype=\"multipart\/form-data\" action=\"\/pt\/wp-json\/wp\/v2\/pages\/451\" data-token=\"b47b1f09bdb053a9a401885569ec4c58\" data-token-time=\"1776770732\" data-trp-original-action=\"\/pt\/wp-json\/wp\/v2\/pages\/451\"><noscript class=\"wpforms-error-noscript\">Ative o JavaScript no seu navegador para preencher este formul\u00e1rio.<\/noscript><div id=\"wpforms-error-noscript\" style=\"display: none;\">Ative o JavaScript no seu navegador para preencher este formul\u00e1rio.<\/div><div class=\"wpforms-field-container\"><div id=\"wpforms-493-field_1-container\" class=\"wpforms-field wpforms-field-name\" data-field-id=\"1\"><fieldset><legend class=\"wpforms-field-label\">Nome <span class=\"wpforms-required-label\" aria-hidden=\"true\">*<\/span><\/legend><div class=\"wpforms-field-row wpforms-field-medium\"><div class=\"wpforms-field-row-block wpforms-first wpforms-one-half\"><input type=\"text\" id=\"wpforms-493-field_1\" class=\"wpforms-field-name-first wpforms-field-required\" name=\"wpforms[fields][1][first]\" aria-errormessage=\"wpforms-493-field_1-error\" required><label for=\"wpforms-493-field_1\" class=\"wpforms-field-sublabel after\">Nome<\/label><\/div><div class=\"wpforms-field-row-block wpforms-one-half\"><input type=\"text\" id=\"wpforms-493-field_1-last\" class=\"wpforms-field-name-last wpforms-field-required\" name=\"wpforms[fields][1][last]\" aria-errormessage=\"wpforms-493-field_1-last-error\" required><label for=\"wpforms-493-field_1-last\" class=\"wpforms-field-sublabel after\">Sobrenome<\/label><\/div><\/div><\/fieldset><\/div>\t\t<div id=\"wpforms-493-field_3-container\"\n\t\t\tclass=\"wpforms-field wpforms-field-text\"\n\t\t\tdata-field-type=\"text\"\n\t\t\tdata-field-id=\"3\"\n\t\t\t>\n\t\t\t<label class=\"wpforms-field-label\" for=\"wpforms-493-field_3\" >Nome E-mail<\/label>\n\t\t\t<input type=\"text\" id=\"wpforms-493-field_3\" class=\"wpforms-field-medium\" name=\"wpforms[fields][3]\" >\n\t\t<\/div>\n\t\t<div id=\"wpforms-493-field_2-container\" class=\"wpforms-field wpforms-field-email\" data-field-id=\"2\"><label class=\"wpforms-field-label\" for=\"wpforms-493-field_2\">E-mail <span class=\"wpforms-required-label\" aria-hidden=\"true\">*<\/span><\/label><input type=\"email\" id=\"wpforms-493-field_2\" class=\"wpforms-field-medium wpforms-field-required\" name=\"wpforms[fields][2]\" spellcheck=\"false\" aria-errormessage=\"wpforms-493-field_2-error\" required><\/div><script>\n\t\t\t\t( function() {\n\t\t\t\t\tconst style = document.createElement( 'style' );\n\t\t\t\t\tstyle.appendChild( document.createTextNode( '#wpforms-493-field_3-container { position: absolute !important; overflow: hidden !important; display: inline !important; height: 1px !important; width: 1px !important; z-index: -1000 !important; padding: 0 !important; } #wpforms-493-field_3-container input { visibility: hidden; } #wpforms-conversational-form-page #wpforms-493-field_3-container label { counter-increment: none; }' ) );\n\t\t\t\t\tdocument.head.appendChild( style );\n\t\t\t\t\tdocument.currentScript?.remove();\n\t\t\t\t} )();\n\t\t\t<\/script><\/div><!-- .wpforms-field-container --><div class=\"wpforms-submit-container\" ><input type=\"hidden\" name=\"wpforms[id]\" value=\"493\"><input type=\"hidden\" name=\"page_title\" value=\"\"><input type=\"hidden\" name=\"page_url\" value=\"https:\/\/siranius.com\/pt\/wp-json\/wp\/v2\/pages\/451\"><input type=\"hidden\" name=\"url_referer\" value=\"\"><button type=\"submit\" name=\"wpforms[submit]\" id=\"wpforms-submit-493\" class=\"wpforms-submit\" data-alt-text=\"Sending...\" data-submit-text=\"Submit\" aria-live=\"assertive\" value=\"wpforms-submit\">Enviar<\/button><img loading=\"lazy\" decoding=\"async\" src=\"https:\/\/siranius.com\/wp-content\/plugins\/wpforms\/assets\/images\/submit-spin.svg\" class=\"wpforms-submit-spinner\" style=\"display: none;\" width=\"26\" height=\"26\" alt=\"Carregando\"><\/div><input type=\"hidden\" name=\"trp-form-language\" value=\"pt\"\/><\/form><\/div>  <!-- .wpforms-container -->\n      <\/div>\n<\/section>","protected":false},"excerpt":{"rendered":"","protected":false},"author":1,"featured_media":516,"parent":0,"menu_order":0,"comment_status":"closed","ping_status":"closed","template":"","meta":{"_acf_changed":false,"content-type":"","footnotes":""},"class_list":["post-451","page","type-page","status-publish","has-post-thumbnail","hentry"],"acf":[],"yoast_head":"<!-- This site is optimized with the Yoast SEO plugin v26.6 - https:\/\/yoast.com\/wordpress\/plugins\/seo\/ -->\n<title>Products - Siranius<\/title>\n<meta name=\"description\" content=\"Explore Siranius\u2019 lignin-derived health products. Thoughtfully developed to support wellbeing with sustainable, science-led innovation that matters.\" \/>\n<meta name=\"robots\" content=\"index, follow, max-snippet:-1, max-image-preview:large, max-video-preview:-1\" \/>\n<link rel=\"canonical\" href=\"https:\/\/siranius.com\/pt\/produtos\/\" \/>\n<meta property=\"og:locale\" content=\"pt_BR\" \/>\n<meta property=\"og:type\" content=\"article\" \/>\n<meta property=\"og:title\" content=\"Products - Siranius\" \/>\n<meta property=\"og:description\" content=\"Explore Siranius\u2019 lignin-derived health products. Thoughtfully developed to support wellbeing with sustainable, science-led innovation that matters.\" \/>\n<meta property=\"og:url\" content=\"https:\/\/siranius.com\/pt\/produtos\/\" \/>\n<meta property=\"og:site_name\" content=\"Siranius\" \/>\n<meta property=\"article:modified_time\" content=\"2025-12-22T17:09:59+00:00\" \/>\n<meta property=\"og:image\" content=\"https:\/\/siranius.com\/wp-content\/uploads\/sites\/2\/2025\/12\/Meta-Products-to-come.jpg\" \/>\n\t<meta property=\"og:image:width\" content=\"1024\" \/>\n\t<meta property=\"og:image:height\" content=\"768\" \/>\n\t<meta property=\"og:image:type\" content=\"image\/jpeg\" \/>\n<meta name=\"twitter:card\" content=\"summary_large_image\" \/>\n<meta name=\"twitter:label1\" content=\"Est. tempo de leitura\" \/>\n\t<meta name=\"twitter:data1\" content=\"2 minutos\" \/>\n<script type=\"application\/ld+json\" class=\"yoast-schema-graph\">{\"@context\":\"https:\/\/schema.org\",\"@graph\":[{\"@type\":\"WebPage\",\"@id\":\"https:\/\/siranius.com\/products\/\",\"url\":\"https:\/\/siranius.com\/products\/\",\"name\":\"Products - Siranius\",\"isPartOf\":{\"@id\":\"https:\/\/siranius.com\/#website\"},\"primaryImageOfPage\":{\"@id\":\"https:\/\/siranius.com\/products\/#primaryimage\"},\"image\":{\"@id\":\"https:\/\/siranius.com\/products\/#primaryimage\"},\"thumbnailUrl\":\"https:\/\/siranius.com\/wp-content\/uploads\/sites\/2\/2025\/12\/Meta-Products-to-come.jpg\",\"datePublished\":\"2025-12-02T21:48:45+00:00\",\"dateModified\":\"2025-12-22T17:09:59+00:00\",\"description\":\"Explore Siranius\u2019 lignin-derived health products. Thoughtfully developed to support wellbeing with sustainable, science-led innovation that matters.\",\"breadcrumb\":{\"@id\":\"https:\/\/siranius.com\/products\/#breadcrumb\"},\"inLanguage\":\"pt-BR\",\"potentialAction\":[{\"@type\":\"ReadAction\",\"target\":[\"https:\/\/siranius.com\/products\/\"]}]},{\"@type\":\"ImageObject\",\"inLanguage\":\"pt-BR\",\"@id\":\"https:\/\/siranius.com\/products\/#primaryimage\",\"url\":\"https:\/\/siranius.com\/wp-content\/uploads\/sites\/2\/2025\/12\/Meta-Products-to-come.jpg\",\"contentUrl\":\"https:\/\/siranius.com\/wp-content\/uploads\/sites\/2\/2025\/12\/Meta-Products-to-come.jpg\",\"width\":1024,\"height\":768},{\"@type\":\"BreadcrumbList\",\"@id\":\"https:\/\/siranius.com\/products\/#breadcrumb\",\"itemListElement\":[{\"@type\":\"ListItem\",\"position\":1,\"name\":\"Home\",\"item\":\"https:\/\/siranius.com\/\"},{\"@type\":\"ListItem\",\"position\":2,\"name\":\"Products\"}]},{\"@type\":\"WebSite\",\"@id\":\"https:\/\/siranius.com\/#website\",\"url\":\"https:\/\/siranius.com\/\",\"name\":\"Siranius\",\"description\":\"Lignin powered nutraceuticals\",\"potentialAction\":[{\"@type\":\"SearchAction\",\"target\":{\"@type\":\"EntryPoint\",\"urlTemplate\":\"https:\/\/siranius.com\/?s={search_term_string}\"},\"query-input\":{\"@type\":\"PropertyValueSpecification\",\"valueRequired\":true,\"valueName\":\"search_term_string\"}}],\"inLanguage\":\"pt-BR\"}]}<\/script>\n<!-- \/ Yoast SEO plugin. -->","yoast_head_json":{"title":"Produtos - Siranius","description":"Explore os produtos de sa\u00fade derivados da lignina da Siranius. Cuidadosamente desenvolvidos para promover o bem-estar com inova\u00e7\u00e3o sustent\u00e1vel e baseada na ci\u00eancia que faz a diferen\u00e7a.","robots":{"index":"index","follow":"follow","max-snippet":"max-snippet:-1","max-image-preview":"max-image-preview:large","max-video-preview":"max-video-preview:-1"},"canonical":"https:\/\/siranius.com\/pt\/produtos\/","og_locale":"pt_BR","og_type":"article","og_title":"Products - Siranius","og_description":"Explore Siranius\u2019 lignin-derived health products. Thoughtfully developed to support wellbeing with sustainable, science-led innovation that matters.","og_url":"https:\/\/siranius.com\/pt\/produtos\/","og_site_name":"Siranius","article_modified_time":"2025-12-22T17:09:59+00:00","og_image":[{"width":1024,"height":768,"url":"https:\/\/siranius.com\/wp-content\/uploads\/sites\/2\/2025\/12\/Meta-Products-to-come.jpg","type":"image\/jpeg"}],"twitter_card":"summary_large_image","twitter_misc":{"Est. tempo de leitura":"2 minutos"},"schema":{"@context":"https:\/\/schema.org","@graph":[{"@type":"WebPage","@id":"https:\/\/siranius.com\/products\/","url":"https:\/\/siranius.com\/products\/","name":"Produtos - Siranius","isPartOf":{"@id":"https:\/\/siranius.com\/#website"},"primaryImageOfPage":{"@id":"https:\/\/siranius.com\/products\/#primaryimage"},"image":{"@id":"https:\/\/siranius.com\/products\/#primaryimage"},"thumbnailUrl":"https:\/\/siranius.com\/wp-content\/uploads\/sites\/2\/2025\/12\/Meta-Products-to-come.jpg","datePublished":"2025-12-02T21:48:45+00:00","dateModified":"2025-12-22T17:09:59+00:00","description":"Explore os produtos de sa\u00fade derivados da lignina da Siranius. Cuidadosamente desenvolvidos para promover o bem-estar com inova\u00e7\u00e3o sustent\u00e1vel e baseada na ci\u00eancia que faz a diferen\u00e7a.","breadcrumb":{"@id":"https:\/\/siranius.com\/products\/#breadcrumb"},"inLanguage":"pt-BR","potentialAction":[{"@type":"ReadAction","target":["https:\/\/siranius.com\/products\/"]}]},{"@type":"ImageObject","inLanguage":"pt-BR","@id":"https:\/\/siranius.com\/products\/#primaryimage","url":"https:\/\/siranius.com\/wp-content\/uploads\/sites\/2\/2025\/12\/Meta-Products-to-come.jpg","contentUrl":"https:\/\/siranius.com\/wp-content\/uploads\/sites\/2\/2025\/12\/Meta-Products-to-come.jpg","width":1024,"height":768},{"@type":"BreadcrumbList","@id":"https:\/\/siranius.com\/products\/#breadcrumb","itemListElement":[{"@type":"ListItem","position":1,"name":"Home","item":"https:\/\/siranius.com\/"},{"@type":"ListItem","position":2,"name":"Products"}]},{"@type":"WebSite","@id":"https:\/\/siranius.com\/#website","url":"https:\/\/siranius.com\/","name":"Siranius","description":"Nutrac\u00eauticos movidos a lignina","potentialAction":[{"@type":"SearchAction","target":{"@type":"EntryPoint","urlTemplate":"https:\/\/siranius.com\/?s={search_term_string}"},"query-input":{"@type":"PropertyValueSpecification","valueRequired":true,"valueName":"search_term_string"}}],"inLanguage":"pt-BR"}]}},"_links":{"self":[{"href":"https:\/\/siranius.com\/pt\/wp-json\/wp\/v2\/pages\/451","targetHints":{"allow":["GET"]}}],"collection":[{"href":"https:\/\/siranius.com\/pt\/wp-json\/wp\/v2\/pages"}],"about":[{"href":"https:\/\/siranius.com\/pt\/wp-json\/wp\/v2\/types\/page"}],"author":[{"embeddable":true,"href":"https:\/\/siranius.com\/pt\/wp-json\/wp\/v2\/users\/1"}],"replies":[{"embeddable":true,"href":"https:\/\/siranius.com\/pt\/wp-json\/wp\/v2\/comments?post=451"}],"version-history":[{"count":13,"href":"https:\/\/siranius.com\/pt\/wp-json\/wp\/v2\/pages\/451\/revisions"}],"predecessor-version":[{"id":531,"href":"https:\/\/siranius.com\/pt\/wp-json\/wp\/v2\/pages\/451\/revisions\/531"}],"wp:featuredmedia":[{"embeddable":true,"href":"https:\/\/siranius.com\/pt\/wp-json\/wp\/v2\/media\/516"}],"wp:attachment":[{"href":"https:\/\/siranius.com\/pt\/wp-json\/wp\/v2\/media?parent=451"}],"curies":[{"name":"wp","href":"https:\/\/api.w.org\/{rel}","templated":true}]}}