{"id":39,"date":"2025-11-19T09:54:03","date_gmt":"2025-11-19T09:54:03","guid":{"rendered":"https:\/\/siranius.tanovis.linawang.se\/?page_id=39"},"modified":"2025-12-16T20:30:38","modified_gmt":"2025-12-16T20:30:38","slug":"contato","status":"publish","type":"page","link":"https:\/\/siranius.com\/pt\/contato\/","title":{"rendered":"Contato"},"content":{"rendered":"<section\n  class=\"tanovis_sub_hero  sub_hero--bg-medium split\"\n  >\n  <div class=\"hero__media\">\n        \n    <div class=\"hero__symbol-container split\">\n      <div class=\"hero__symbol\">\n                  <img decoding=\"async\" class=\"hero__symbol\" src=\"https:\/\/siranius.com\/wp-content\/uploads\/sites\/2\/2025\/12\/SIRANIUS_Morgane_Casual_0481_V01-4-3.jpg\"\n            alt=\"\" \/>\n              <\/div>\n    <\/div>\n  <\/div>\n\n  <div class=\"hero__content container\">\n          <h1 class=\"hero__title title-lg\">Vamos colaborar<\/h1>\n      <\/div>\n<\/section>\n\n\n<section class=\"hubspot-form container bg-accent\" >\n  <div class=\"hubspot-form__inner\">\n    <div class=\"hubspot-form__content\">\n      <h2 class=\"hubspot-form__title title-md\">Gostar\u00edamos muito de ouvir sua opini\u00e3o.<\/h2>\n      <p class=\"hubspot-form__text body-md\">Continuamos a buscar parcerias com inovadores que enxergam o potencial da lignina como a pedra angular das solu\u00e7\u00f5es de sa\u00fade humana do futuro. Ao unir for\u00e7as com parceiros alinhados, podemos acelerar a transi\u00e7\u00e3o para solu\u00e7\u00f5es de sa\u00fade sustent\u00e1veis.<\/p>\n    <\/div>\n          <style id=\"wpforms-css-vars-483\">\n\t\t\t\t#wpforms-483 {\n\t\t\t\t--wpforms-field-size-input-height: 43px;\n--wpforms-field-size-input-spacing: 15px;\n--wpforms-field-size-font-size: 16px;\n--wpforms-field-size-line-height: 19px;\n--wpforms-field-size-padding-h: 14px;\n--wpforms-field-size-checkbox-size: 16px;\n--wpforms-field-size-sublabel-spacing: 5px;\n--wpforms-field-size-icon-size: 1;\n--wpforms-label-size-font-size: 16px;\n--wpforms-label-size-line-height: 19px;\n--wpforms-label-size-sublabel-font-size: 14px;\n--wpforms-label-size-sublabel-line-height: 17px;\n--wpforms-button-size-font-size: 17px;\n--wpforms-button-size-height: 41px;\n--wpforms-button-size-padding-h: 15px;\n--wpforms-button-size-margin-top: 10px;\n--wpforms-container-shadow-size-box-shadow: none;\n\t\t\t}\n\t\t\t<\/style><div class=\"wpforms-container wpforms-container-full wpforms-render-modern\" id=\"wpforms-483\"><form id=\"wpforms-form-483\" class=\"wpforms-validate wpforms-form wpforms-ajax-form\" data-formid=\"483\" method=\"post\" enctype=\"multipart\/form-data\" action=\"\/pt\/wp-json\/wp\/v2\/pages\/39\" data-token=\"e43486b19cc9fb53141d777d49eebcab\" data-token-time=\"1776772203\" data-trp-original-action=\"\/pt\/wp-json\/wp\/v2\/pages\/39\"><noscript class=\"wpforms-error-noscript\">Ative o JavaScript no seu navegador para preencher este formul\u00e1rio.<\/noscript><div id=\"wpforms-error-noscript\" style=\"display: none;\">Ative o JavaScript no seu navegador para preencher este formul\u00e1rio.<\/div><div class=\"wpforms-field-container\"><div id=\"wpforms-483-field_1-container\" class=\"wpforms-field wpforms-field-name\" data-field-id=\"1\"><fieldset><legend class=\"wpforms-field-label\">Nome <span class=\"wpforms-required-label\" aria-hidden=\"true\">*<\/span><\/legend><div class=\"wpforms-field-row wpforms-field-medium\"><div class=\"wpforms-field-row-block wpforms-first wpforms-one-half\"><input type=\"text\" id=\"wpforms-483-field_1\" class=\"wpforms-field-name-first wpforms-field-required\" name=\"wpforms[fields][1][first]\" aria-errormessage=\"wpforms-483-field_1-error\" required><label for=\"wpforms-483-field_1\" class=\"wpforms-field-sublabel after\">Nome<\/label><\/div><div class=\"wpforms-field-row-block wpforms-one-half\"><input type=\"text\" id=\"wpforms-483-field_1-last\" class=\"wpforms-field-name-last wpforms-field-required\" name=\"wpforms[fields][1][last]\" aria-errormessage=\"wpforms-483-field_1-last-error\" required><label for=\"wpforms-483-field_1-last\" class=\"wpforms-field-sublabel after\">Sobrenome<\/label><\/div><\/div><\/fieldset><\/div>\t\t<div id=\"wpforms-483-field_3-container\"\n\t\t\tclass=\"wpforms-field wpforms-field-text\"\n\t\t\tdata-field-type=\"text\"\n\t\t\tdata-field-id=\"3\"\n\t\t\t>\n\t\t\t<label class=\"wpforms-field-label\" for=\"wpforms-483-field_3\" >Nome E-mail<\/label>\n\t\t\t<input type=\"text\" id=\"wpforms-483-field_3\" class=\"wpforms-field-medium\" name=\"wpforms[fields][3]\" >\n\t\t<\/div>\n\t\t<div id=\"wpforms-483-field_2-container\" class=\"wpforms-field wpforms-field-email\" data-field-id=\"2\"><label class=\"wpforms-field-label\" for=\"wpforms-483-field_2\">E-mail <span class=\"wpforms-required-label\" aria-hidden=\"true\">*<\/span><\/label><input type=\"email\" id=\"wpforms-483-field_2\" class=\"wpforms-field-medium wpforms-field-required\" name=\"wpforms[fields][2]\" spellcheck=\"false\" aria-errormessage=\"wpforms-483-field_2-error\" required><\/div><script>\n\t\t\t\t( function() {\n\t\t\t\t\tconst style = document.createElement( 'style' );\n\t\t\t\t\tstyle.appendChild( document.createTextNode( '#wpforms-483-field_3-container { position: absolute !important; overflow: hidden !important; display: inline !important; height: 1px !important; width: 1px !important; z-index: -1000 !important; padding: 0 !important; } #wpforms-483-field_3-container input { visibility: hidden; } #wpforms-conversational-form-page #wpforms-483-field_3-container label { counter-increment: none; }' ) );\n\t\t\t\t\tdocument.head.appendChild( style );\n\t\t\t\t\tdocument.currentScript?.remove();\n\t\t\t\t} )();\n\t\t\t<\/script><\/div><!-- .wpforms-field-container --><div class=\"wpforms-submit-container\" ><input type=\"hidden\" name=\"wpforms[id]\" value=\"483\"><input type=\"hidden\" name=\"page_title\" value=\"\"><input type=\"hidden\" name=\"page_url\" value=\"https:\/\/siranius.com\/pt\/wp-json\/wp\/v2\/pages\/39\"><input type=\"hidden\" name=\"url_referer\" value=\"\"><button type=\"submit\" name=\"wpforms[submit]\" id=\"wpforms-submit-483\" class=\"wpforms-submit\" data-alt-text=\"Sending...\" data-submit-text=\"Submit\" aria-live=\"assertive\" value=\"wpforms-submit\">Enviar<\/button><img loading=\"lazy\" decoding=\"async\" src=\"https:\/\/siranius.com\/wp-content\/plugins\/wpforms\/assets\/images\/submit-spin.svg\" class=\"wpforms-submit-spinner\" style=\"display: none;\" width=\"26\" height=\"26\" alt=\"Carregando\"><\/div><input type=\"hidden\" name=\"trp-form-language\" value=\"pt\"\/><\/form><\/div>  <!-- .wpforms-container -->\n      <\/div>\n<\/section>\n\n\n<section class=\"card-slider\" id=\"card-slider-block_cdee307d0224375759c9d87400f4d2d2\" >\n  <div class=\"bg-decorator\"\n    style=\"background-image: url('https:\/\/siranius.com\/wp-content\/uploads\/sites\/2\/2025\/11\/Image05.jpg');\"\n    ><\/div>\n\n      <div class=\"container\">\n      <div class=\"card-slider__cards swiper\">\n        <div class=\"swiper-wrapper\">\n                      <div class=\"swiper-slide\">\n              <div class=\"card-slider__cards-card cutout cutout-top-right aspect-ratio-1-1\">\n                                  <h3 class=\"card-slider__cards-card-title\">Sede da Siranius<\/h3>\n                                                  <div class=\"card-slider__cards-card-text\">\n                    <p>Siranius AG<\/p>\n<p>Weingartenstrasse 11<\/p>\n<p>8803 R\u00fcschlikon<\/p>\n<p>Su\u00ed\u00e7a<\/p>\n                  <\/div>\n                              <\/div>\n            <\/div>\n                  <\/div>\n        <div class=\"swiper-pagination\"><\/div>\n      <\/div>\n        <\/div>\n\n    <script type=\"module\">\n      import Swiper from \"https:\/\/cdn.jsdelivr.net\/npm\/swiper@11\/swiper-bundle.min.mjs\";\n\n      \/\/ Initialize Swiper\n              const section = document.getElementById(\"card-slider-block_cdee307d0224375759c9d87400f4d2d2\");\n        const swiperEl = section?.querySelector(\".swiper\");\n        if (swiperEl) {\n          new Swiper(swiperEl, {\n            slidesPerView: 'auto',\n            spaceBetween: 20,\n            pagination: {\n              el: \".swiper-pagination\",\n              clickable: true,\n            },\n          });\n        }\n          <\/script>\n<\/section>","protected":false},"excerpt":{"rendered":"","protected":false},"author":1,"featured_media":504,"parent":0,"menu_order":0,"comment_status":"closed","ping_status":"closed","template":"","meta":{"_acf_changed":false,"content-type":"","footnotes":""},"class_list":["post-39","page","type-page","status-publish","has-post-thumbnail","hentry"],"acf":[],"yoast_head":"<!-- This site is optimized with the Yoast SEO plugin v26.6 - https:\/\/yoast.com\/wordpress\/plugins\/seo\/ -->\n<title>Contact - Siranius<\/title>\n<meta name=\"description\" content=\"Get in touch with the Siranius team. Contact us for questions, partnerships or collaborations around sustainable health and innovation. We\u2019re here to connect.\" \/>\n<meta name=\"robots\" content=\"index, follow, max-snippet:-1, max-image-preview:large, max-video-preview:-1\" \/>\n<link rel=\"canonical\" href=\"https:\/\/siranius.com\/pt\/contato\/\" \/>\n<meta property=\"og:locale\" content=\"pt_BR\" \/>\n<meta property=\"og:type\" content=\"article\" \/>\n<meta property=\"og:title\" content=\"Contact - Siranius\" \/>\n<meta property=\"og:description\" content=\"Get in touch with the Siranius team. Contact us for questions, partnerships or collaborations around sustainable health and innovation. We\u2019re here to connect.\" \/>\n<meta property=\"og:url\" content=\"https:\/\/siranius.com\/pt\/contato\/\" \/>\n<meta property=\"og:site_name\" content=\"Siranius\" \/>\n<meta property=\"article:modified_time\" content=\"2025-12-16T20:30:38+00:00\" \/>\n<meta property=\"og:image\" content=\"https:\/\/siranius.com\/wp-content\/uploads\/sites\/2\/2025\/12\/Meta-The-company.png\" \/>\n\t<meta property=\"og:image:width\" content=\"1024\" \/>\n\t<meta property=\"og:image:height\" content=\"768\" \/>\n\t<meta property=\"og:image:type\" content=\"image\/png\" \/>\n<meta name=\"twitter:card\" content=\"summary_large_image\" \/>\n<meta name=\"twitter:label1\" content=\"Est. tempo de leitura\" \/>\n\t<meta name=\"twitter:data1\" content=\"1 minuto\" \/>\n<script type=\"application\/ld+json\" class=\"yoast-schema-graph\">{\"@context\":\"https:\/\/schema.org\",\"@graph\":[{\"@type\":\"WebPage\",\"@id\":\"https:\/\/siranius.com\/contact\/\",\"url\":\"https:\/\/siranius.com\/contact\/\",\"name\":\"Contact - Siranius\",\"isPartOf\":{\"@id\":\"https:\/\/siranius.com\/#website\"},\"primaryImageOfPage\":{\"@id\":\"https:\/\/siranius.com\/contact\/#primaryimage\"},\"image\":{\"@id\":\"https:\/\/siranius.com\/contact\/#primaryimage\"},\"thumbnailUrl\":\"https:\/\/siranius.com\/wp-content\/uploads\/sites\/2\/2025\/12\/Meta-The-company.png\",\"datePublished\":\"2025-11-19T09:54:03+00:00\",\"dateModified\":\"2025-12-16T20:30:38+00:00\",\"description\":\"Get in touch with the Siranius team. Contact us for questions, partnerships or collaborations around sustainable health and innovation. We\u2019re here to connect.\",\"breadcrumb\":{\"@id\":\"https:\/\/siranius.com\/contact\/#breadcrumb\"},\"inLanguage\":\"pt-BR\",\"potentialAction\":[{\"@type\":\"ReadAction\",\"target\":[\"https:\/\/siranius.com\/contact\/\"]}]},{\"@type\":\"ImageObject\",\"inLanguage\":\"pt-BR\",\"@id\":\"https:\/\/siranius.com\/contact\/#primaryimage\",\"url\":\"https:\/\/siranius.com\/wp-content\/uploads\/sites\/2\/2025\/12\/Meta-The-company.png\",\"contentUrl\":\"https:\/\/siranius.com\/wp-content\/uploads\/sites\/2\/2025\/12\/Meta-The-company.png\",\"width\":1024,\"height\":768},{\"@type\":\"BreadcrumbList\",\"@id\":\"https:\/\/siranius.com\/contact\/#breadcrumb\",\"itemListElement\":[{\"@type\":\"ListItem\",\"position\":1,\"name\":\"Home\",\"item\":\"https:\/\/siranius.com\/\"},{\"@type\":\"ListItem\",\"position\":2,\"name\":\"Contact\"}]},{\"@type\":\"WebSite\",\"@id\":\"https:\/\/siranius.com\/#website\",\"url\":\"https:\/\/siranius.com\/\",\"name\":\"Siranius\",\"description\":\"Lignin powered nutraceuticals\",\"potentialAction\":[{\"@type\":\"SearchAction\",\"target\":{\"@type\":\"EntryPoint\",\"urlTemplate\":\"https:\/\/siranius.com\/?s={search_term_string}\"},\"query-input\":{\"@type\":\"PropertyValueSpecification\",\"valueRequired\":true,\"valueName\":\"search_term_string\"}}],\"inLanguage\":\"pt-BR\"}]}<\/script>\n<!-- \/ Yoast SEO plugin. -->","yoast_head_json":{"title":"Contato - Siranius","description":"Entre em contato com a equipe Siranius. Entre em contato conosco para perguntas, parcerias ou colabora\u00e7\u00f5es sobre sa\u00fade sustent\u00e1vel e inova\u00e7\u00e3o. Estamos aqui para nos conectar.","robots":{"index":"index","follow":"follow","max-snippet":"max-snippet:-1","max-image-preview":"max-image-preview:large","max-video-preview":"max-video-preview:-1"},"canonical":"https:\/\/siranius.com\/pt\/contato\/","og_locale":"pt_BR","og_type":"article","og_title":"Contact - Siranius","og_description":"Get in touch with the Siranius team. Contact us for questions, partnerships or collaborations around sustainable health and innovation. We\u2019re here to connect.","og_url":"https:\/\/siranius.com\/pt\/contato\/","og_site_name":"Siranius","article_modified_time":"2025-12-16T20:30:38+00:00","og_image":[{"width":1024,"height":768,"url":"https:\/\/siranius.com\/wp-content\/uploads\/sites\/2\/2025\/12\/Meta-The-company.png","type":"image\/png"}],"twitter_card":"summary_large_image","twitter_misc":{"Est. tempo de leitura":"1 minuto"},"schema":{"@context":"https:\/\/schema.org","@graph":[{"@type":"WebPage","@id":"https:\/\/siranius.com\/contact\/","url":"https:\/\/siranius.com\/contact\/","name":"Contato - Siranius","isPartOf":{"@id":"https:\/\/siranius.com\/#website"},"primaryImageOfPage":{"@id":"https:\/\/siranius.com\/contact\/#primaryimage"},"image":{"@id":"https:\/\/siranius.com\/contact\/#primaryimage"},"thumbnailUrl":"https:\/\/siranius.com\/wp-content\/uploads\/sites\/2\/2025\/12\/Meta-The-company.png","datePublished":"2025-11-19T09:54:03+00:00","dateModified":"2025-12-16T20:30:38+00:00","description":"Entre em contato com a equipe Siranius. Entre em contato conosco para perguntas, parcerias ou colabora\u00e7\u00f5es sobre sa\u00fade sustent\u00e1vel e inova\u00e7\u00e3o. Estamos aqui para nos conectar.","breadcrumb":{"@id":"https:\/\/siranius.com\/contact\/#breadcrumb"},"inLanguage":"pt-BR","potentialAction":[{"@type":"ReadAction","target":["https:\/\/siranius.com\/contact\/"]}]},{"@type":"ImageObject","inLanguage":"pt-BR","@id":"https:\/\/siranius.com\/contact\/#primaryimage","url":"https:\/\/siranius.com\/wp-content\/uploads\/sites\/2\/2025\/12\/Meta-The-company.png","contentUrl":"https:\/\/siranius.com\/wp-content\/uploads\/sites\/2\/2025\/12\/Meta-The-company.png","width":1024,"height":768},{"@type":"BreadcrumbList","@id":"https:\/\/siranius.com\/contact\/#breadcrumb","itemListElement":[{"@type":"ListItem","position":1,"name":"Home","item":"https:\/\/siranius.com\/"},{"@type":"ListItem","position":2,"name":"Contact"}]},{"@type":"WebSite","@id":"https:\/\/siranius.com\/#website","url":"https:\/\/siranius.com\/","name":"Siranius","description":"Nutrac\u00eauticos movidos a lignina","potentialAction":[{"@type":"SearchAction","target":{"@type":"EntryPoint","urlTemplate":"https:\/\/siranius.com\/?s={search_term_string}"},"query-input":{"@type":"PropertyValueSpecification","valueRequired":true,"valueName":"search_term_string"}}],"inLanguage":"pt-BR"}]}},"_links":{"self":[{"href":"https:\/\/siranius.com\/pt\/wp-json\/wp\/v2\/pages\/39","targetHints":{"allow":["GET"]}}],"collection":[{"href":"https:\/\/siranius.com\/pt\/wp-json\/wp\/v2\/pages"}],"about":[{"href":"https:\/\/siranius.com\/pt\/wp-json\/wp\/v2\/types\/page"}],"author":[{"embeddable":true,"href":"https:\/\/siranius.com\/pt\/wp-json\/wp\/v2\/users\/1"}],"replies":[{"embeddable":true,"href":"https:\/\/siranius.com\/pt\/wp-json\/wp\/v2\/comments?post=39"}],"version-history":[{"count":9,"href":"https:\/\/siranius.com\/pt\/wp-json\/wp\/v2\/pages\/39\/revisions"}],"predecessor-version":[{"id":486,"href":"https:\/\/siranius.com\/pt\/wp-json\/wp\/v2\/pages\/39\/revisions\/486"}],"wp:featuredmedia":[{"embeddable":true,"href":"https:\/\/siranius.com\/pt\/wp-json\/wp\/v2\/media\/504"}],"wp:attachment":[{"href":"https:\/\/siranius.com\/pt\/wp-json\/wp\/v2\/media?parent=39"}],"curies":[{"name":"wp","href":"https:\/\/api.w.org\/{rel}","templated":true}]}}