{"id":35,"date":"2025-11-19T09:53:25","date_gmt":"2025-11-19T09:53:25","guid":{"rendered":"https:\/\/siranius.tanovis.linawang.se\/?page_id=35"},"modified":"2025-12-16T20:42:38","modified_gmt":"2025-12-16T20:42:38","slug":"sobre","status":"publish","type":"page","link":"https:\/\/siranius.com\/pt\/sobre\/","title":{"rendered":"A empresa"},"content":{"rendered":"<section\n  class=\"tanovis_sub_hero  sub_hero--bg-default split\"\n  >\n  <div class=\"hero__media\">\n        \n    <div class=\"hero__symbol-container split\">\n      <div class=\"hero__symbol\">\n                  <img decoding=\"async\" class=\"hero__symbol\" src=\"https:\/\/siranius.com\/wp-content\/uploads\/sites\/2\/2025\/11\/image06.jpg\"\n            alt=\"\" \/>\n              <\/div>\n    <\/div>\n  <\/div>\n\n  <div class=\"hero__content container\">\n          <h1 class=\"hero__title title-lg\">Solu\u00e7\u00f5es para a sa\u00fade humana \u00e0 base de lignina.<\/h1>\n      <\/div>\n<\/section>\n\n\n<section class=\"text container wysiwyg\" >\n                                      <div class=\"text__body fade-up\">\n            <p><span style=\"font-weight: 400\">Desenvolvemos nutrac\u00eauticos e ingredientes funcionais \u00e0 base de lignina que fortalecem o intestino, sendo pioneiros em uma categoria totalmente nova de solu\u00e7\u00f5es sustent\u00e1veis para a sa\u00fade. Nossa miss\u00e3o \u00e9 proporcionar um impacto mensur\u00e1vel n\u00e3o apenas para as pessoas, mas tamb\u00e9m para a nossa sociedade em geral.<\/span><\/p>\n<p>&nbsp;<\/p>\n          <\/div>\n                    \n<\/section>\n\n\n<section class=\"stacked-texts container  bg-default\" >\n  <h2 class=\"stacked-texts__title body-md\">Sobre Siranius<\/h2>\n  <div class=\"stacked-texts__inner\">\n            <div class=\"stacked-texts__section fade-up\">\n      <h3 class=\"stacked-texts__section-title title-md animate-words\">Nossa empresa<\/h3>\n      <div class=\"stacked-texts__section-text body-md fade-up-delay-600\"><p><span style=\"font-weight: 400;\">A Siranius \u00e9 uma empresa su\u00ed\u00e7a de bioci\u00eancias. Atuamos na intersec\u00e7\u00e3o entre a biotecnologia e a sa\u00fade cotidiana, transformando o sistema de defesa natural da lignina em produtos seguros e eficazes para a sa\u00fade intestinal.<\/span><\/p>\n<\/div>\n    <\/div>\n        <div class=\"stacked-texts__section fade-up\">\n      <h3 class=\"stacked-texts__section-title title-md animate-words\">Nossa miss\u00e3o<\/h3>\n      <div class=\"stacked-texts__section-text body-md fade-up-delay-600\"><ul class=\"ul1\">\n<li class=\"li2\">Desbloquear o poder bioativo da lignina para a sa\u00fade humana, criando solu\u00e7\u00f5es seguras, eficazes e sustent\u00e1veis que apoiam o equil\u00edbrio intestinal, a imunidade e a resili\u00eancia.<\/li>\n<\/ul>\n<\/div>\n    <\/div>\n        <div class=\"stacked-texts__section fade-up\">\n      <h3 class=\"stacked-texts__section-title title-md animate-words\">Nossa vis\u00e3o<\/h3>\n      <div class=\"stacked-texts__section-text body-md fade-up-delay-600\"><ul class=\"ul1\">\n<li class=\"li1\">Tornar as solu\u00e7\u00f5es de sa\u00fade derivadas da lignina um padr\u00e3o confi\u00e1vel em nutrac\u00eauticos e bem-estar funcional, valorizadas n\u00e3o apenas por sua origem natural, mas tamb\u00e9m por seu desempenho comprovado na sa\u00fade humana.<\/li>\n<\/ul>\n<\/div>\n    <\/div>\n        <div class=\"stacked-texts__section fade-up\">\n      <h3 class=\"stacked-texts__section-title title-md animate-words\">Nossos principais mercados<\/h3>\n      <div class=\"stacked-texts__section-text body-md fade-up-delay-600\"><p>A Siranius \u00e9 uma empresa global, com atua\u00e7\u00e3o em diversos mercados. Nossos primeiros produtos de consumo estar\u00e3o dispon\u00edveis em breve na Am\u00e9rica Latina.<\/p>\n<\/div>\n    <\/div>\n          <\/div>\n<\/section>\n\n\n<section class=\"text container wysiwyg\" >\n                                      <div class=\"text__image fade-up\">\n            <img loading=\"lazy\" decoding=\"async\" width=\"800\" height=\"600\" src=\"https:\/\/siranius.com\/wp-content\/uploads\/sites\/2\/2025\/12\/Siranius-i-symbol.png\" class=\"text__image-img\" alt=\"\" srcset=\"https:\/\/siranius.com\/wp-content\/uploads\/sites\/2\/2025\/12\/Siranius-i-symbol.png 800w, https:\/\/siranius.com\/wp-content\/uploads\/sites\/2\/2025\/12\/Siranius-i-symbol-300x225.png 300w, https:\/\/siranius.com\/wp-content\/uploads\/sites\/2\/2025\/12\/Siranius-i-symbol-768x576.png 768w\" sizes=\"auto, (max-width: 800px) 100vw, 800px\" \/>          <\/div>\n                                                  <h3 class=\"text__title fade-up\">\n            Fazemos parte do grupo Tanovis          <\/h3>\n                                                  <div class=\"text__body fade-up\">\n            <p><span style=\"font-weight: 400\">A Siranius \u00e9 uma empresa do Grupo Tanovis, um grupo em expans\u00e3o de empreendimentos que transforma o potencial cient\u00edfico da lignina em resultados tang\u00edveis. Cada empreendimento amplia a plataforma de lignina da Tanovis para um novo campo, aplicando a mesma tecnologia central de maneiras que melhoram a sa\u00fade animal, aprimoram o desempenho dos materiais e aumentam o bem-estar humano. O trabalho pioneiro da Tanovis com pol\u00edmeros \u00e0 base de plantas forma a base cient\u00edfica do nosso pr\u00f3prio desenvolvimento, proporcionando-nos uma plataforma comprovada para avan\u00e7ar com confian\u00e7a em solu\u00e7\u00f5es para a sa\u00fade humana.<\/span><\/p>\n<p>&nbsp;<\/p>\n<p>&nbsp;<\/p>\n          <\/div>\n                                                  <div class=\"text__image fade-up\">\n            <img loading=\"lazy\" decoding=\"async\" width=\"800\" height=\"242\" src=\"https:\/\/siranius.com\/wp-content\/uploads\/sites\/2\/2025\/12\/Tanovis-Group-colors-800.jpg\" class=\"text__image-img\" alt=\"\" srcset=\"https:\/\/siranius.com\/wp-content\/uploads\/sites\/2\/2025\/12\/Tanovis-Group-colors-800.jpg 800w, https:\/\/siranius.com\/wp-content\/uploads\/sites\/2\/2025\/12\/Tanovis-Group-colors-800-300x91.jpg 300w, https:\/\/siranius.com\/wp-content\/uploads\/sites\/2\/2025\/12\/Tanovis-Group-colors-800-768x232.jpg 768w\" sizes=\"auto, (max-width: 800px) 100vw, 800px\" \/>          <\/div>\n                    \n<\/section>","protected":false},"excerpt":{"rendered":"","protected":false},"author":1,"featured_media":505,"parent":0,"menu_order":0,"comment_status":"closed","ping_status":"closed","template":"","meta":{"_acf_changed":false,"content-type":"","footnotes":""},"class_list":["post-35","page","type-page","status-publish","has-post-thumbnail","hentry"],"acf":[],"yoast_head":"<!-- This site is optimized with the Yoast SEO plugin v26.6 - https:\/\/yoast.com\/wordpress\/plugins\/seo\/ -->\n<title>The company - Siranius<\/title>\n<meta name=\"description\" content=\"Discover Siranius\u2019 story, mission and values \u2014 a team dedicated to science-led, sustainable health innovation rooted in lignin and real human impact.\" \/>\n<meta name=\"robots\" content=\"index, follow, max-snippet:-1, max-image-preview:large, max-video-preview:-1\" \/>\n<link rel=\"canonical\" href=\"https:\/\/siranius.com\/pt\/sobre\/\" \/>\n<meta property=\"og:locale\" content=\"pt_BR\" \/>\n<meta property=\"og:type\" content=\"article\" \/>\n<meta property=\"og:title\" content=\"The company - Siranius\" \/>\n<meta property=\"og:description\" content=\"Discover Siranius\u2019 story, mission and values \u2014 a team dedicated to science-led, sustainable health innovation rooted in lignin and real human impact.\" \/>\n<meta property=\"og:url\" content=\"https:\/\/siranius.com\/pt\/sobre\/\" \/>\n<meta property=\"og:site_name\" content=\"Siranius\" \/>\n<meta property=\"article:modified_time\" content=\"2025-12-16T20:42:38+00:00\" \/>\n<meta property=\"og:image\" content=\"https:\/\/siranius.com\/wp-content\/uploads\/sites\/2\/2025\/12\/Meta-Human-health.png\" \/>\n\t<meta property=\"og:image:width\" content=\"1024\" \/>\n\t<meta property=\"og:image:height\" content=\"768\" \/>\n\t<meta property=\"og:image:type\" content=\"image\/png\" \/>\n<meta name=\"twitter:card\" content=\"summary_large_image\" \/>\n<meta name=\"twitter:label1\" content=\"Est. tempo de leitura\" \/>\n\t<meta name=\"twitter:data1\" content=\"2 minutos\" \/>\n<script type=\"application\/ld+json\" class=\"yoast-schema-graph\">{\"@context\":\"https:\/\/schema.org\",\"@graph\":[{\"@type\":\"WebPage\",\"@id\":\"https:\/\/siranius.com\/about\/\",\"url\":\"https:\/\/siranius.com\/about\/\",\"name\":\"The company - Siranius\",\"isPartOf\":{\"@id\":\"https:\/\/siranius.com\/#website\"},\"primaryImageOfPage\":{\"@id\":\"https:\/\/siranius.com\/about\/#primaryimage\"},\"image\":{\"@id\":\"https:\/\/siranius.com\/about\/#primaryimage\"},\"thumbnailUrl\":\"https:\/\/siranius.com\/wp-content\/uploads\/sites\/2\/2025\/12\/Meta-Human-health.png\",\"datePublished\":\"2025-11-19T09:53:25+00:00\",\"dateModified\":\"2025-12-16T20:42:38+00:00\",\"description\":\"Discover Siranius\u2019 story, mission and values \u2014 a team dedicated to science-led, sustainable health innovation rooted in lignin and real human impact.\",\"breadcrumb\":{\"@id\":\"https:\/\/siranius.com\/about\/#breadcrumb\"},\"inLanguage\":\"pt-BR\",\"potentialAction\":[{\"@type\":\"ReadAction\",\"target\":[\"https:\/\/siranius.com\/about\/\"]}]},{\"@type\":\"ImageObject\",\"inLanguage\":\"pt-BR\",\"@id\":\"https:\/\/siranius.com\/about\/#primaryimage\",\"url\":\"https:\/\/siranius.com\/wp-content\/uploads\/sites\/2\/2025\/12\/Meta-Human-health.png\",\"contentUrl\":\"https:\/\/siranius.com\/wp-content\/uploads\/sites\/2\/2025\/12\/Meta-Human-health.png\",\"width\":1024,\"height\":768},{\"@type\":\"BreadcrumbList\",\"@id\":\"https:\/\/siranius.com\/about\/#breadcrumb\",\"itemListElement\":[{\"@type\":\"ListItem\",\"position\":1,\"name\":\"Home\",\"item\":\"https:\/\/siranius.com\/\"},{\"@type\":\"ListItem\",\"position\":2,\"name\":\"The company\"}]},{\"@type\":\"WebSite\",\"@id\":\"https:\/\/siranius.com\/#website\",\"url\":\"https:\/\/siranius.com\/\",\"name\":\"Siranius\",\"description\":\"Lignin powered nutraceuticals\",\"potentialAction\":[{\"@type\":\"SearchAction\",\"target\":{\"@type\":\"EntryPoint\",\"urlTemplate\":\"https:\/\/siranius.com\/?s={search_term_string}\"},\"query-input\":{\"@type\":\"PropertyValueSpecification\",\"valueRequired\":true,\"valueName\":\"search_term_string\"}}],\"inLanguage\":\"pt-BR\"}]}<\/script>\n<!-- \/ Yoast SEO plugin. -->","yoast_head_json":{"title":"A empresa - Siranius","description":"Descubra a hist\u00f3ria, a miss\u00e3o e os valores da Siranius \u2014 uma equipe dedicada \u00e0 inova\u00e7\u00e3o sustent\u00e1vel em sa\u00fade, baseada na ci\u00eancia, com ra\u00edzes na lignina e impacto real nas pessoas.","robots":{"index":"index","follow":"follow","max-snippet":"max-snippet:-1","max-image-preview":"max-image-preview:large","max-video-preview":"max-video-preview:-1"},"canonical":"https:\/\/siranius.com\/pt\/sobre\/","og_locale":"pt_BR","og_type":"article","og_title":"The company - Siranius","og_description":"Discover Siranius\u2019 story, mission and values \u2014 a team dedicated to science-led, sustainable health innovation rooted in lignin and real human impact.","og_url":"https:\/\/siranius.com\/pt\/sobre\/","og_site_name":"Siranius","article_modified_time":"2025-12-16T20:42:38+00:00","og_image":[{"width":1024,"height":768,"url":"https:\/\/siranius.com\/wp-content\/uploads\/sites\/2\/2025\/12\/Meta-Human-health.png","type":"image\/png"}],"twitter_card":"summary_large_image","twitter_misc":{"Est. tempo de leitura":"2 minutos"},"schema":{"@context":"https:\/\/schema.org","@graph":[{"@type":"WebPage","@id":"https:\/\/siranius.com\/about\/","url":"https:\/\/siranius.com\/about\/","name":"A empresa - Siranius","isPartOf":{"@id":"https:\/\/siranius.com\/#website"},"primaryImageOfPage":{"@id":"https:\/\/siranius.com\/about\/#primaryimage"},"image":{"@id":"https:\/\/siranius.com\/about\/#primaryimage"},"thumbnailUrl":"https:\/\/siranius.com\/wp-content\/uploads\/sites\/2\/2025\/12\/Meta-Human-health.png","datePublished":"2025-11-19T09:53:25+00:00","dateModified":"2025-12-16T20:42:38+00:00","description":"Descubra a hist\u00f3ria, a miss\u00e3o e os valores da Siranius \u2014 uma equipe dedicada \u00e0 inova\u00e7\u00e3o sustent\u00e1vel em sa\u00fade, baseada na ci\u00eancia, com ra\u00edzes na lignina e impacto real nas pessoas.","breadcrumb":{"@id":"https:\/\/siranius.com\/about\/#breadcrumb"},"inLanguage":"pt-BR","potentialAction":[{"@type":"ReadAction","target":["https:\/\/siranius.com\/about\/"]}]},{"@type":"ImageObject","inLanguage":"pt-BR","@id":"https:\/\/siranius.com\/about\/#primaryimage","url":"https:\/\/siranius.com\/wp-content\/uploads\/sites\/2\/2025\/12\/Meta-Human-health.png","contentUrl":"https:\/\/siranius.com\/wp-content\/uploads\/sites\/2\/2025\/12\/Meta-Human-health.png","width":1024,"height":768},{"@type":"BreadcrumbList","@id":"https:\/\/siranius.com\/about\/#breadcrumb","itemListElement":[{"@type":"ListItem","position":1,"name":"Home","item":"https:\/\/siranius.com\/"},{"@type":"ListItem","position":2,"name":"The company"}]},{"@type":"WebSite","@id":"https:\/\/siranius.com\/#website","url":"https:\/\/siranius.com\/","name":"Siranius","description":"Nutrac\u00eauticos movidos a lignina","potentialAction":[{"@type":"SearchAction","target":{"@type":"EntryPoint","urlTemplate":"https:\/\/siranius.com\/?s={search_term_string}"},"query-input":{"@type":"PropertyValueSpecification","valueRequired":true,"valueName":"search_term_string"}}],"inLanguage":"pt-BR"}]}},"_links":{"self":[{"href":"https:\/\/siranius.com\/pt\/wp-json\/wp\/v2\/pages\/35","targetHints":{"allow":["GET"]}}],"collection":[{"href":"https:\/\/siranius.com\/pt\/wp-json\/wp\/v2\/pages"}],"about":[{"href":"https:\/\/siranius.com\/pt\/wp-json\/wp\/v2\/types\/page"}],"author":[{"embeddable":true,"href":"https:\/\/siranius.com\/pt\/wp-json\/wp\/v2\/users\/1"}],"replies":[{"embeddable":true,"href":"https:\/\/siranius.com\/pt\/wp-json\/wp\/v2\/comments?post=35"}],"version-history":[{"count":20,"href":"https:\/\/siranius.com\/pt\/wp-json\/wp\/v2\/pages\/35\/revisions"}],"predecessor-version":[{"id":476,"href":"https:\/\/siranius.com\/pt\/wp-json\/wp\/v2\/pages\/35\/revisions\/476"}],"wp:featuredmedia":[{"embeddable":true,"href":"https:\/\/siranius.com\/pt\/wp-json\/wp\/v2\/media\/505"}],"wp:attachment":[{"href":"https:\/\/siranius.com\/pt\/wp-json\/wp\/v2\/media?parent=35"}],"curies":[{"name":"wp","href":"https:\/\/api.w.org\/{rel}","templated":true}]}}