{"id":33,"date":"2025-11-19T09:52:37","date_gmt":"2025-11-19T09:52:37","guid":{"rendered":"https:\/\/siranius.tanovis.linawang.se\/?page_id=33"},"modified":"2025-12-16T20:43:57","modified_gmt":"2025-12-16T20:43:57","slug":"biociencia","status":"publish","type":"page","link":"https:\/\/siranius.com\/pt\/biociencia\/","title":{"rendered":"A ci\u00eancia"},"content":{"rendered":"<section class=\"title-text-block  bg-default\" >\n  <div class=\"title-text-block__inner container\">\n    <div class=\"title-text-block__title\">\n      <h2 class=\"title-xl animate-words\">20 anos de pesquisa. E estamos apenas come\u00e7ando. <\/h2>\n    <\/div>\n    <div class=\"title-text-block__text fade-up-delay-600\">\n      <div class=\"body-lg\"><\/div>\n          <\/div>\n  <\/div>\n<\/section>\n\n\n<section class=\"quote   bg-default\" >\n  \n  <div class=\"container\">\n        <h3 class=\"quote__text animate-lines title-md\">\n      Descobrimos o poder oculto da lignina, o composto natural respons\u00e1vel pela resili\u00eancia e defesa das plantas. Com mais de 20 anos de pesquisa, somos pioneiros em solu\u00e7\u00f5es de sa\u00fade \u00e0 base de lignina.     <\/h3>\n          <\/div>\n\n<\/section>\n\n\n<section class=\"text container wysiwyg\" >\n                                      <h2 class=\"text__title fade-up\">\n            Melhorando a sa\u00fade intestinal e a sustentabilidade<br \/><br \/>\r\n          <\/h2>\n                                                  <div class=\"text__body fade-up\">\n            <p><span style=\"font-weight: 400\">Desde dist\u00farbios metab\u00f3licos e doen\u00e7as hep\u00e1ticas at\u00e9 disfun\u00e7\u00f5es imunol\u00f3gicas, problemas cardiovasculares, alergias e s\u00edndrome do intestino irrit\u00e1vel. Em todo o mundo, as doen\u00e7as cr\u00f4nicas relacionadas ao desequil\u00edbrio intestinal est\u00e3o aumentando. Um grande n\u00famero de pesquisas mostra agora como os dist\u00farbios na flora intestinal podem influenciar a inflama\u00e7\u00e3o, a regula\u00e7\u00e3o imunol\u00f3gica e a resili\u00eancia geral do corpo.<\/span><\/p>\n<p>&nbsp;<\/p>\n<p><span style=\"font-weight: 400\">Ao mesmo tempo, a sociedade precisa de solu\u00e7\u00f5es que protejam tanto as pessoas quanto o planeta. Trabalhar com lignina \u2013 um pol\u00edmero vegetal abundante e renov\u00e1vel \u2013 nos permite cuidar da sa\u00fade humana e, ao mesmo tempo, reduzir a depend\u00eancia de materiais f\u00f3sseis. <\/span><\/p>\n          <\/div>\n                    \n<\/section>\n\n\n<section class=\"numbers container  bg-default\" >\n  <h2 class=\"numbers__title\">A SII em n\u00fameros<\/h2>\n  <div class=\"numbers__inner\">\n        <div class=\"numbers__item\">\n      <h3 class=\"numbers__item-number title-xxl\"><span\n          class=\"numbers__item-number-animate\">11<\/span>%      <\/h3>\n      <p class=\"numbers__item-text body-sm\">Da popula\u00e7\u00e3o global vive com SII<\/p>\n    <\/div>\n        <div class=\"numbers__item\">\n      <h3 class=\"numbers__item-number title-xxl\"><span\n          class=\"numbers__item-number-animate\">15<\/span>%      <\/h3>\n      <p class=\"numbers__item-text body-sm\">Estima-se que, entre a popula\u00e7\u00e3o da Europa, dos EUA e do M\u00e9xico, sofram de SII.<\/p>\n    <\/div>\n        <div class=\"numbers__item\">\n      <h3 class=\"numbers__item-number title-xxl\"><span\n          class=\"numbers__item-number-animate\">30<\/span>%      <\/h3>\n      <p class=\"numbers__item-text body-sm\">Das pessoas que apresentam sintomas de SII, procuram atendimento m\u00e9dico<\/p>\n    <\/div>\n      <\/div>\n<\/section>\n\n\n<section class=\"text container wysiwyg\" >\n                              <div class=\"text__table fade-up\">\n                          <div class=\"text__table-column\">\n                                                  <p class=\"text__table-header body-md\">Lignina e sa\u00fade intestinal<\/p>\n                                                  <ul class=\"text__table-list\">\n                                                                                        <li class=\"text__table-item\">O desequil\u00edbrio intestinal est\u00e1 associado a diabetes, doen\u00e7as hep\u00e1ticas, doen\u00e7as cardiovasculares, doen\u00e7as autoimunes e s\u00edndrome do intestino irrit\u00e1vel.<\/li>\n                                                                                                              <li class=\"text__table-item\">Nossos biopol\u00edmeros \u00e0 base de lignina promovem um ambiente intestinal mais saud\u00e1vel, reduzem a inflama\u00e7\u00e3o e fortalecem a imunidade.<\/li>\n                                                                                                              <li class=\"text__table-item\">A capacidade natural da lignina de influenciar a flora intestinal lhe confere o potencial de ajudar a tratar sintomas cotidianos atuais e grandes desafios globais de sa\u00fade no futuro.<\/li>\n                                                            <\/ul>\n                              <\/div>\n                      <\/div>\n                    \n<\/section>\n\n\n<section class=\"card-slider\" id=\"card-slider-block_e26907cdc753f4ebd0f98a01e00cb9cd\" >\n  <div class=\"bg-decorator\"\n    ><\/div>\n\n      <div class=\"container\">\n      <div class=\"card-slider__cards swiper\">\n        <div class=\"swiper-wrapper\">\n                      <div class=\"swiper-slide\">\n              <div class=\"card-slider__cards-card cutout cutout-top-right aspect-ratio-1-1\">\n                                  <h3 class=\"card-slider__cards-card-title\">Lignina e sa\u00fade intestinal<\/h3>\n                                              <\/div>\n            <\/div>\n                      <div class=\"swiper-slide\">\n              <div class=\"card-slider__cards-card cutout cutout-top-right aspect-ratio-1-1\">\n                                                  <div class=\"card-slider__cards-card-text\">\n                    <p>O desequil\u00edbrio intestinal est\u00e1 associado a diabetes, doen\u00e7as hep\u00e1ticas, doen\u00e7as cardiovasculares, doen\u00e7as autoimunes e s\u00edndrome do intestino irrit\u00e1vel.<\/p>\n                  <\/div>\n                              <\/div>\n            <\/div>\n                      <div class=\"swiper-slide\">\n              <div class=\"card-slider__cards-card cutout cutout-top-right aspect-ratio-1-1\">\n                                                  <div class=\"card-slider__cards-card-text\">\n                    <p>Nossos biopol\u00edmeros \u00e0 base de lignina promovem um ambiente intestinal mais saud\u00e1vel, reduzem a inflama\u00e7\u00e3o e fortalecem a imunidade.<\/p>\n                  <\/div>\n                              <\/div>\n            <\/div>\n                      <div class=\"swiper-slide\">\n              <div class=\"card-slider__cards-card cutout cutout-top-right aspect-ratio-1-1\">\n                                                  <div class=\"card-slider__cards-card-text\">\n                    <p>A capacidade natural da lignina de influenciar a flora intestinal lhe confere o potencial de ajudar a tratar sintomas cotidianos atuais e grandes desafios globais de sa\u00fade no futuro.<\/p>\n                  <\/div>\n                              <\/div>\n            <\/div>\n                  <\/div>\n        <div class=\"swiper-pagination\"><\/div>\n      <\/div>\n        <\/div>\n\n    <script type=\"module\">\n      import Swiper from \"https:\/\/cdn.jsdelivr.net\/npm\/swiper@11\/swiper-bundle.min.mjs\";\n\n      \/\/ Initialize Swiper\n              const section = document.getElementById(\"card-slider-block_e26907cdc753f4ebd0f98a01e00cb9cd\");\n        const swiperEl = section?.querySelector(\".swiper\");\n        if (swiperEl) {\n          new Swiper(swiperEl, {\n            slidesPerView: 'auto',\n            spaceBetween: 20,\n            pagination: {\n              el: \".swiper-pagination\",\n              clickable: true,\n            },\n          });\n        }\n          <\/script>\n<\/section>\n\n\n<section class=\"text container wysiwyg\" >\n                                      <h3 class=\"text__title fade-up\">\n            Propriedades da lignina e descobertas cient\u00edficas          <\/h3>\n                                                  <div class=\"text__body fade-up\">\n            <p><span style=\"font-weight: 400\">A lignina \u00e9 um pol\u00edmero fen\u00f3lico complexo concebido pela natureza para defender, estabilizar e proteger a vida vegetal. V\u00e1rios estudos demonstram a sua ampla bioatividade: propriedades antivirais, antioxidantes, anti-inflamat\u00f3rias, antimicrobianas e imunomoduladoras, em grande parte impulsionadas pela sua estrutura polifen\u00f3lica altamente polimerizada.<\/span><\/p>\n<p>&nbsp;<\/p>\n<p><span style=\"font-weight: 400\">Nossos biopol\u00edmeros \u00e0 base de lignina comprovadamente promovem um ambiente intestinal mais saud\u00e1vel, acalmam irrita\u00e7\u00f5es e fortalecem a imunidade. Sua capacidade de se ligar a toxinas, influenciar o equil\u00edbrio da microbiota e modular as vias imunol\u00f3gicas se baseia em mais de 20 anos de pesquisa sobre lignina em sa\u00fade intestinal, inflama\u00e7\u00e3o e prote\u00e7\u00e3o intestinal.<\/span><\/p>\n          <\/div>\n                    \n<\/section>","protected":false},"excerpt":{"rendered":"","protected":false},"author":1,"featured_media":505,"parent":0,"menu_order":0,"comment_status":"closed","ping_status":"closed","template":"","meta":{"_acf_changed":false,"content-type":"","footnotes":""},"class_list":["post-33","page","type-page","status-publish","has-post-thumbnail","hentry"],"acf":[],"yoast_head":"<!-- This site is optimized with the Yoast SEO plugin v26.6 - https:\/\/yoast.com\/wordpress\/plugins\/seo\/ -->\n<title>The Science - Siranius<\/title>\n<meta name=\"description\" content=\"Discover the science behind lignin at Siranius \u2014 how bioscience research fuels sustainable health innovation and meaningful impact for people and planet.\" \/>\n<meta name=\"robots\" content=\"index, follow, max-snippet:-1, max-image-preview:large, max-video-preview:-1\" \/>\n<link rel=\"canonical\" href=\"https:\/\/siranius.com\/pt\/biociencia\/\" \/>\n<meta property=\"og:locale\" content=\"pt_BR\" \/>\n<meta property=\"og:type\" content=\"article\" \/>\n<meta property=\"og:title\" content=\"The Science - Siranius\" \/>\n<meta property=\"og:description\" content=\"Discover the science behind lignin at Siranius \u2014 how bioscience research fuels sustainable health innovation and meaningful impact for people and planet.\" \/>\n<meta property=\"og:url\" content=\"https:\/\/siranius.com\/pt\/biociencia\/\" \/>\n<meta property=\"og:site_name\" content=\"Siranius\" \/>\n<meta property=\"article:modified_time\" content=\"2025-12-16T20:43:57+00:00\" \/>\n<meta property=\"og:image\" content=\"https:\/\/siranius.com\/wp-content\/uploads\/sites\/2\/2025\/12\/Meta-Human-health.png\" \/>\n\t<meta property=\"og:image:width\" content=\"1024\" \/>\n\t<meta property=\"og:image:height\" content=\"768\" \/>\n\t<meta property=\"og:image:type\" content=\"image\/png\" \/>\n<meta name=\"twitter:card\" content=\"summary_large_image\" \/>\n<meta name=\"twitter:label1\" content=\"Est. tempo de leitura\" \/>\n\t<meta name=\"twitter:data1\" content=\"2 minutos\" \/>\n<script type=\"application\/ld+json\" class=\"yoast-schema-graph\">{\"@context\":\"https:\/\/schema.org\",\"@graph\":[{\"@type\":\"WebPage\",\"@id\":\"https:\/\/siranius.com\/bioscience\/\",\"url\":\"https:\/\/siranius.com\/bioscience\/\",\"name\":\"The Science - Siranius\",\"isPartOf\":{\"@id\":\"https:\/\/siranius.com\/#website\"},\"primaryImageOfPage\":{\"@id\":\"https:\/\/siranius.com\/bioscience\/#primaryimage\"},\"image\":{\"@id\":\"https:\/\/siranius.com\/bioscience\/#primaryimage\"},\"thumbnailUrl\":\"https:\/\/siranius.com\/wp-content\/uploads\/sites\/2\/2025\/12\/Meta-Human-health.png\",\"datePublished\":\"2025-11-19T09:52:37+00:00\",\"dateModified\":\"2025-12-16T20:43:57+00:00\",\"description\":\"Discover the science behind lignin at Siranius \u2014 how bioscience research fuels sustainable health innovation and meaningful impact for people and planet.\",\"breadcrumb\":{\"@id\":\"https:\/\/siranius.com\/bioscience\/#breadcrumb\"},\"inLanguage\":\"pt-BR\",\"potentialAction\":[{\"@type\":\"ReadAction\",\"target\":[\"https:\/\/siranius.com\/bioscience\/\"]}]},{\"@type\":\"ImageObject\",\"inLanguage\":\"pt-BR\",\"@id\":\"https:\/\/siranius.com\/bioscience\/#primaryimage\",\"url\":\"https:\/\/siranius.com\/wp-content\/uploads\/sites\/2\/2025\/12\/Meta-Human-health.png\",\"contentUrl\":\"https:\/\/siranius.com\/wp-content\/uploads\/sites\/2\/2025\/12\/Meta-Human-health.png\",\"width\":1024,\"height\":768},{\"@type\":\"BreadcrumbList\",\"@id\":\"https:\/\/siranius.com\/bioscience\/#breadcrumb\",\"itemListElement\":[{\"@type\":\"ListItem\",\"position\":1,\"name\":\"Home\",\"item\":\"https:\/\/siranius.com\/\"},{\"@type\":\"ListItem\",\"position\":2,\"name\":\"The Science\"}]},{\"@type\":\"WebSite\",\"@id\":\"https:\/\/siranius.com\/#website\",\"url\":\"https:\/\/siranius.com\/\",\"name\":\"Siranius\",\"description\":\"Lignin powered nutraceuticals\",\"potentialAction\":[{\"@type\":\"SearchAction\",\"target\":{\"@type\":\"EntryPoint\",\"urlTemplate\":\"https:\/\/siranius.com\/?s={search_term_string}\"},\"query-input\":{\"@type\":\"PropertyValueSpecification\",\"valueRequired\":true,\"valueName\":\"search_term_string\"}}],\"inLanguage\":\"pt-BR\"}]}<\/script>\n<!-- \/ Yoast SEO plugin. -->","yoast_head_json":{"title":"A Ci\u00eancia - Siranius","description":"Descubra a ci\u00eancia por tr\u00e1s da lignina na Siranius \u2014 como a pesquisa em bioci\u00eancia impulsiona a inova\u00e7\u00e3o sustent\u00e1vel na \u00e1rea da sa\u00fade e gera um impacto significativo para as pessoas e o planeta.","robots":{"index":"index","follow":"follow","max-snippet":"max-snippet:-1","max-image-preview":"max-image-preview:large","max-video-preview":"max-video-preview:-1"},"canonical":"https:\/\/siranius.com\/pt\/biociencia\/","og_locale":"pt_BR","og_type":"article","og_title":"The Science - Siranius","og_description":"Discover the science behind lignin at Siranius \u2014 how bioscience research fuels sustainable health innovation and meaningful impact for people and planet.","og_url":"https:\/\/siranius.com\/pt\/biociencia\/","og_site_name":"Siranius","article_modified_time":"2025-12-16T20:43:57+00:00","og_image":[{"width":1024,"height":768,"url":"https:\/\/siranius.com\/wp-content\/uploads\/sites\/2\/2025\/12\/Meta-Human-health.png","type":"image\/png"}],"twitter_card":"summary_large_image","twitter_misc":{"Est. tempo de leitura":"2 minutos"},"schema":{"@context":"https:\/\/schema.org","@graph":[{"@type":"WebPage","@id":"https:\/\/siranius.com\/bioscience\/","url":"https:\/\/siranius.com\/bioscience\/","name":"A Ci\u00eancia - Siranius","isPartOf":{"@id":"https:\/\/siranius.com\/#website"},"primaryImageOfPage":{"@id":"https:\/\/siranius.com\/bioscience\/#primaryimage"},"image":{"@id":"https:\/\/siranius.com\/bioscience\/#primaryimage"},"thumbnailUrl":"https:\/\/siranius.com\/wp-content\/uploads\/sites\/2\/2025\/12\/Meta-Human-health.png","datePublished":"2025-11-19T09:52:37+00:00","dateModified":"2025-12-16T20:43:57+00:00","description":"Descubra a ci\u00eancia por tr\u00e1s da lignina na Siranius \u2014 como a pesquisa em bioci\u00eancia impulsiona a inova\u00e7\u00e3o sustent\u00e1vel na \u00e1rea da sa\u00fade e gera um impacto significativo para as pessoas e o planeta.","breadcrumb":{"@id":"https:\/\/siranius.com\/bioscience\/#breadcrumb"},"inLanguage":"pt-BR","potentialAction":[{"@type":"ReadAction","target":["https:\/\/siranius.com\/bioscience\/"]}]},{"@type":"ImageObject","inLanguage":"pt-BR","@id":"https:\/\/siranius.com\/bioscience\/#primaryimage","url":"https:\/\/siranius.com\/wp-content\/uploads\/sites\/2\/2025\/12\/Meta-Human-health.png","contentUrl":"https:\/\/siranius.com\/wp-content\/uploads\/sites\/2\/2025\/12\/Meta-Human-health.png","width":1024,"height":768},{"@type":"BreadcrumbList","@id":"https:\/\/siranius.com\/bioscience\/#breadcrumb","itemListElement":[{"@type":"ListItem","position":1,"name":"Home","item":"https:\/\/siranius.com\/"},{"@type":"ListItem","position":2,"name":"The Science"}]},{"@type":"WebSite","@id":"https:\/\/siranius.com\/#website","url":"https:\/\/siranius.com\/","name":"Siranius","description":"Nutrac\u00eauticos movidos a lignina","potentialAction":[{"@type":"SearchAction","target":{"@type":"EntryPoint","urlTemplate":"https:\/\/siranius.com\/?s={search_term_string}"},"query-input":{"@type":"PropertyValueSpecification","valueRequired":true,"valueName":"search_term_string"}}],"inLanguage":"pt-BR"}]}},"_links":{"self":[{"href":"https:\/\/siranius.com\/pt\/wp-json\/wp\/v2\/pages\/33","targetHints":{"allow":["GET"]}}],"collection":[{"href":"https:\/\/siranius.com\/pt\/wp-json\/wp\/v2\/pages"}],"about":[{"href":"https:\/\/siranius.com\/pt\/wp-json\/wp\/v2\/types\/page"}],"author":[{"embeddable":true,"href":"https:\/\/siranius.com\/pt\/wp-json\/wp\/v2\/users\/1"}],"replies":[{"embeddable":true,"href":"https:\/\/siranius.com\/pt\/wp-json\/wp\/v2\/comments?post=33"}],"version-history":[{"count":20,"href":"https:\/\/siranius.com\/pt\/wp-json\/wp\/v2\/pages\/33\/revisions"}],"predecessor-version":[{"id":246,"href":"https:\/\/siranius.com\/pt\/wp-json\/wp\/v2\/pages\/33\/revisions\/246"}],"wp:featuredmedia":[{"embeddable":true,"href":"https:\/\/siranius.com\/pt\/wp-json\/wp\/v2\/media\/505"}],"wp:attachment":[{"href":"https:\/\/siranius.com\/pt\/wp-json\/wp\/v2\/media?parent=33"}],"curies":[{"name":"wp","href":"https:\/\/api.w.org\/{rel}","templated":true}]}}