{"id":31,"date":"2025-11-19T09:52:04","date_gmt":"2025-11-19T09:52:04","guid":{"rendered":"https:\/\/siranius.tanovis.linawang.se\/?page_id=31"},"modified":"2025-12-22T20:12:03","modified_gmt":"2025-12-22T20:12:03","slug":"propriedades-da-lignina","status":"publish","type":"page","link":"https:\/\/siranius.com\/pt\/propriedades-da-lignina\/","title":{"rendered":"Lignina"},"content":{"rendered":"<section\n  class=\"tanovis_sub_hero  sub_hero--bg-medium split\"\n  >\n  <div class=\"hero__media\">\n        \n    <div class=\"hero__symbol-container split\">\n      <div class=\"hero__symbol\">\n                  <img decoding=\"async\" class=\"hero__symbol\" src=\"https:\/\/siranius.com\/wp-content\/uploads\/sites\/2\/2025\/11\/image01.jpg\"\n            alt=\"\" \/>\n              <\/div>\n    <\/div>\n  <\/div>\n\n  <div class=\"hero__content container\">\n          <h1 class=\"hero__title title-lg\">A lignina \u00e9 pura intelig\u00eancia natural.<\/h1>\n      <\/div>\n<\/section>\n\n\n<section class=\"text container wysiwyg\" >\n                                      <div class=\"text__body fade-up\">\n            <p><span style=\"font-weight: 400\">A lignina \u00e9 o composto natural respons\u00e1vel pela resili\u00eancia e defesa das plantas. E nossos biopol\u00edmeros promovem um ambiente intestinal saud\u00e1vel, ao mesmo tempo que acalmam a inflama\u00e7\u00e3o e refor\u00e7am a imunidade. <\/span><\/p>\n          <\/div>\n                    \n<\/section>\n\n\n<section class=\"text-columns container  bg-default\" >\n  <div class=\"text-columns__inner\">\n    <div class=\"text-columns__col-title\">\n      <h2 class=\"title-md\">A ci\u00eancia por tr\u00e1s do poder das ligninas.<\/h2>\n    <\/div>\n    <div><\/div>\n    <div class=\"text-columns__col-1 fade-up-delay-200\">\n      <p>Trabalhamos com lignina porque sua arquitetura molecular possui qualidades raras que beneficiam diretamente o intestino e o sistema imunol\u00f3gico. Como um biopol\u00edmero fen\u00f3lico complexo, a lignina interage com o ambiente intestinal de v\u00e1rias maneiras:<\/p>\n    <\/div>\n    <div class=\"text-columns__col-2 fade-up-delay-600\">\n      <p>Ele liga e neutraliza as toxinas do dia a dia, apoia a diversidade microbiana e ajuda a modular as respostas inflamat\u00f3rias. Nossos biopol\u00edmeros \u00e0 base de lignina demonstraram criar condi\u00e7\u00f5es que promovem um ecossistema intestinal equilibrado, ao mesmo tempo que acalmam a irrita\u00e7\u00e3o e apoiam a imunidade.<\/p>\n    <\/div>\n      <\/div>\n<\/section>\n\n\n<section class=\"stacked-texts container  bg-default\" >\n  <h2 class=\"stacked-texts__title body-md\">Lignina e sa\u00fade intestinal<\/h2>\n  <div class=\"stacked-texts__inner\">\n            <div class=\"stacked-texts__section fade-up\">\n      <h3 class=\"stacked-texts__section-title title-md animate-words\">O desafio<\/h3>\n      <div class=\"stacked-texts__section-text body-md fade-up-delay-600\"><p><span style=\"font-weight: 400;\">O desequil\u00edbrio intestinal est\u00e1 associado a diabetes, doen\u00e7as hep\u00e1ticas, doen\u00e7as cardiovasculares, doen\u00e7as autoimunes e s\u00edndrome do intestino irrit\u00e1vel.<\/span><\/p>\n<\/div>\n    <\/div>\n        <div class=\"stacked-texts__section fade-up\">\n      <h3 class=\"stacked-texts__section-title title-md animate-words\">As conclus\u00f5es<\/h3>\n      <div class=\"stacked-texts__section-text body-md fade-up-delay-600\"><p><span style=\"font-weight: 400;\">Nossos biopol\u00edmeros \u00e0 base de lignina promovem um ambiente intestinal mais saud\u00e1vel, reduzem a inflama\u00e7\u00e3o e fortalecem o sistema imunol\u00f3gico.<\/span>y<span style=\"font-weight: 400;\">.<\/span><\/p>\n<\/div>\n    <\/div>\n        <div class=\"stacked-texts__section fade-up\">\n      <h3 class=\"stacked-texts__section-title title-md animate-words\">O potencial<\/h3>\n      <div class=\"stacked-texts__section-text body-md fade-up-delay-600\"><p><span style=\"font-weight: 400;\">A capacidade natural da lignina de influenciar a flora intestinal lhe confere o potencial de ajudar a tratar sintomas cotidianos atuais e grandes desafios globais de sa\u00fade no futuro.<\/span><\/p>\n<\/div>\n    <\/div>\n          <\/div>\n<\/section>","protected":false},"excerpt":{"rendered":"","protected":false},"author":1,"featured_media":504,"parent":0,"menu_order":0,"comment_status":"closed","ping_status":"closed","template":"","meta":{"_acf_changed":false,"content-type":"","footnotes":""},"class_list":["post-31","page","type-page","status-publish","has-post-thumbnail","hentry"],"acf":[],"yoast_head":"<!-- This site is optimized with the Yoast SEO plugin v26.6 - https:\/\/yoast.com\/wordpress\/plugins\/seo\/ -->\n<title>Lignin - Siranius<\/title>\n<meta name=\"description\" content=\"Learn about lignin\u2019s properties and why they matter. Siranius breaks down its benefits, characteristics and role in sustainable health and material solutions.\" \/>\n<meta name=\"robots\" content=\"index, follow, max-snippet:-1, max-image-preview:large, max-video-preview:-1\" \/>\n<link rel=\"canonical\" href=\"https:\/\/siranius.com\/pt\/propriedades-da-lignina\/\" \/>\n<meta property=\"og:locale\" content=\"pt_BR\" \/>\n<meta property=\"og:type\" content=\"article\" \/>\n<meta property=\"og:title\" content=\"Lignin - Siranius\" \/>\n<meta property=\"og:description\" content=\"Learn about lignin\u2019s properties and why they matter. Siranius breaks down its benefits, characteristics and role in sustainable health and material solutions.\" \/>\n<meta property=\"og:url\" content=\"https:\/\/siranius.com\/pt\/propriedades-da-lignina\/\" \/>\n<meta property=\"og:site_name\" content=\"Siranius\" \/>\n<meta property=\"article:modified_time\" content=\"2025-12-22T20:12:03+00:00\" \/>\n<meta property=\"og:image\" content=\"https:\/\/siranius.com\/wp-content\/uploads\/sites\/2\/2025\/12\/Meta-The-company.png\" \/>\n\t<meta property=\"og:image:width\" content=\"1024\" \/>\n\t<meta property=\"og:image:height\" content=\"768\" \/>\n\t<meta property=\"og:image:type\" content=\"image\/png\" \/>\n<meta name=\"twitter:card\" content=\"summary_large_image\" \/>\n<meta name=\"twitter:label1\" content=\"Est. tempo de leitura\" \/>\n\t<meta name=\"twitter:data1\" content=\"1 minuto\" \/>\n<script type=\"application\/ld+json\" class=\"yoast-schema-graph\">{\"@context\":\"https:\/\/schema.org\",\"@graph\":[{\"@type\":\"WebPage\",\"@id\":\"https:\/\/siranius.com\/lignin-properties\/\",\"url\":\"https:\/\/siranius.com\/lignin-properties\/\",\"name\":\"Lignin - Siranius\",\"isPartOf\":{\"@id\":\"https:\/\/siranius.com\/#website\"},\"primaryImageOfPage\":{\"@id\":\"https:\/\/siranius.com\/lignin-properties\/#primaryimage\"},\"image\":{\"@id\":\"https:\/\/siranius.com\/lignin-properties\/#primaryimage\"},\"thumbnailUrl\":\"https:\/\/siranius.com\/wp-content\/uploads\/sites\/2\/2025\/12\/Meta-The-company.png\",\"datePublished\":\"2025-11-19T09:52:04+00:00\",\"dateModified\":\"2025-12-22T20:12:03+00:00\",\"description\":\"Learn about lignin\u2019s properties and why they matter. Siranius breaks down its benefits, characteristics and role in sustainable health and material solutions.\",\"breadcrumb\":{\"@id\":\"https:\/\/siranius.com\/lignin-properties\/#breadcrumb\"},\"inLanguage\":\"pt-BR\",\"potentialAction\":[{\"@type\":\"ReadAction\",\"target\":[\"https:\/\/siranius.com\/lignin-properties\/\"]}]},{\"@type\":\"ImageObject\",\"inLanguage\":\"pt-BR\",\"@id\":\"https:\/\/siranius.com\/lignin-properties\/#primaryimage\",\"url\":\"https:\/\/siranius.com\/wp-content\/uploads\/sites\/2\/2025\/12\/Meta-The-company.png\",\"contentUrl\":\"https:\/\/siranius.com\/wp-content\/uploads\/sites\/2\/2025\/12\/Meta-The-company.png\",\"width\":1024,\"height\":768},{\"@type\":\"BreadcrumbList\",\"@id\":\"https:\/\/siranius.com\/lignin-properties\/#breadcrumb\",\"itemListElement\":[{\"@type\":\"ListItem\",\"position\":1,\"name\":\"Home\",\"item\":\"https:\/\/siranius.com\/\"},{\"@type\":\"ListItem\",\"position\":2,\"name\":\"Lignin\"}]},{\"@type\":\"WebSite\",\"@id\":\"https:\/\/siranius.com\/#website\",\"url\":\"https:\/\/siranius.com\/\",\"name\":\"Siranius\",\"description\":\"Lignin powered nutraceuticals\",\"potentialAction\":[{\"@type\":\"SearchAction\",\"target\":{\"@type\":\"EntryPoint\",\"urlTemplate\":\"https:\/\/siranius.com\/?s={search_term_string}\"},\"query-input\":{\"@type\":\"PropertyValueSpecification\",\"valueRequired\":true,\"valueName\":\"search_term_string\"}}],\"inLanguage\":\"pt-BR\"}]}<\/script>\n<!-- \/ Yoast SEO plugin. -->","yoast_head_json":{"title":"Lignina - Siranius","description":"Saiba mais sobre as propriedades da lignina e por que elas s\u00e3o importantes. A Siranius detalha seus benef\u00edcios, caracter\u00edsticas e papel em solu\u00e7\u00f5es sustent\u00e1veis para a sa\u00fade e materiais.","robots":{"index":"index","follow":"follow","max-snippet":"max-snippet:-1","max-image-preview":"max-image-preview:large","max-video-preview":"max-video-preview:-1"},"canonical":"https:\/\/siranius.com\/pt\/propriedades-da-lignina\/","og_locale":"pt_BR","og_type":"article","og_title":"Lignin - Siranius","og_description":"Learn about lignin\u2019s properties and why they matter. Siranius breaks down its benefits, characteristics and role in sustainable health and material solutions.","og_url":"https:\/\/siranius.com\/pt\/propriedades-da-lignina\/","og_site_name":"Siranius","article_modified_time":"2025-12-22T20:12:03+00:00","og_image":[{"width":1024,"height":768,"url":"https:\/\/siranius.com\/wp-content\/uploads\/sites\/2\/2025\/12\/Meta-The-company.png","type":"image\/png"}],"twitter_card":"summary_large_image","twitter_misc":{"Est. tempo de leitura":"1 minuto"},"schema":{"@context":"https:\/\/schema.org","@graph":[{"@type":"WebPage","@id":"https:\/\/siranius.com\/lignin-properties\/","url":"https:\/\/siranius.com\/lignin-properties\/","name":"Lignina - Siranius","isPartOf":{"@id":"https:\/\/siranius.com\/#website"},"primaryImageOfPage":{"@id":"https:\/\/siranius.com\/lignin-properties\/#primaryimage"},"image":{"@id":"https:\/\/siranius.com\/lignin-properties\/#primaryimage"},"thumbnailUrl":"https:\/\/siranius.com\/wp-content\/uploads\/sites\/2\/2025\/12\/Meta-The-company.png","datePublished":"2025-11-19T09:52:04+00:00","dateModified":"2025-12-22T20:12:03+00:00","description":"Saiba mais sobre as propriedades da lignina e por que elas s\u00e3o importantes. A Siranius detalha seus benef\u00edcios, caracter\u00edsticas e papel em solu\u00e7\u00f5es sustent\u00e1veis para a sa\u00fade e materiais.","breadcrumb":{"@id":"https:\/\/siranius.com\/lignin-properties\/#breadcrumb"},"inLanguage":"pt-BR","potentialAction":[{"@type":"ReadAction","target":["https:\/\/siranius.com\/lignin-properties\/"]}]},{"@type":"ImageObject","inLanguage":"pt-BR","@id":"https:\/\/siranius.com\/lignin-properties\/#primaryimage","url":"https:\/\/siranius.com\/wp-content\/uploads\/sites\/2\/2025\/12\/Meta-The-company.png","contentUrl":"https:\/\/siranius.com\/wp-content\/uploads\/sites\/2\/2025\/12\/Meta-The-company.png","width":1024,"height":768},{"@type":"BreadcrumbList","@id":"https:\/\/siranius.com\/lignin-properties\/#breadcrumb","itemListElement":[{"@type":"ListItem","position":1,"name":"Home","item":"https:\/\/siranius.com\/"},{"@type":"ListItem","position":2,"name":"Lignin"}]},{"@type":"WebSite","@id":"https:\/\/siranius.com\/#website","url":"https:\/\/siranius.com\/","name":"Siranius","description":"Nutrac\u00eauticos movidos a lignina","potentialAction":[{"@type":"SearchAction","target":{"@type":"EntryPoint","urlTemplate":"https:\/\/siranius.com\/?s={search_term_string}"},"query-input":{"@type":"PropertyValueSpecification","valueRequired":true,"valueName":"search_term_string"}}],"inLanguage":"pt-BR"}]}},"_links":{"self":[{"href":"https:\/\/siranius.com\/pt\/wp-json\/wp\/v2\/pages\/31","targetHints":{"allow":["GET"]}}],"collection":[{"href":"https:\/\/siranius.com\/pt\/wp-json\/wp\/v2\/pages"}],"about":[{"href":"https:\/\/siranius.com\/pt\/wp-json\/wp\/v2\/types\/page"}],"author":[{"embeddable":true,"href":"https:\/\/siranius.com\/pt\/wp-json\/wp\/v2\/users\/1"}],"replies":[{"embeddable":true,"href":"https:\/\/siranius.com\/pt\/wp-json\/wp\/v2\/comments?post=31"}],"version-history":[{"count":18,"href":"https:\/\/siranius.com\/pt\/wp-json\/wp\/v2\/pages\/31\/revisions"}],"predecessor-version":[{"id":534,"href":"https:\/\/siranius.com\/pt\/wp-json\/wp\/v2\/pages\/31\/revisions\/534"}],"wp:featuredmedia":[{"embeddable":true,"href":"https:\/\/siranius.com\/pt\/wp-json\/wp\/v2\/media\/504"}],"wp:attachment":[{"href":"https:\/\/siranius.com\/pt\/wp-json\/wp\/v2\/media?parent=31"}],"curies":[{"name":"wp","href":"https:\/\/api.w.org\/{rel}","templated":true}]}}