{"id":25,"date":"2025-11-19T09:50:13","date_gmt":"2025-11-19T09:50:13","guid":{"rendered":"https:\/\/siranius.tanovis.linawang.se\/?page_id=25"},"modified":"2025-12-16T20:41:10","modified_gmt":"2025-12-16T20:41:10","slug":"sustentabilidade","status":"publish","type":"page","link":"https:\/\/siranius.com\/pt\/sustentabilidade\/","title":{"rendered":"Sustentabilidade"},"content":{"rendered":"<section\n  class=\"tanovis_sub_hero  sub_hero--bg-light split\"\n  >\n  <div class=\"hero__media\">\n        \n    <div class=\"hero__symbol-container split\">\n      <div class=\"hero__symbol\">\n                  <img decoding=\"async\" class=\"hero__symbol\" src=\"https:\/\/siranius.com\/wp-content\/uploads\/sites\/2\/2025\/11\/image08.jpg\"\n            alt=\"\" \/>\n              <\/div>\n    <\/div>\n  <\/div>\n\n  <div class=\"hero__content container\">\n          <h1 class=\"hero__title title-lg\">Somos totalmente dedicados \u00e0 ci\u00eancia de base. Literalmente.<\/h1>\n      <\/div>\n<\/section>\n\n\n<section class=\"text container wysiwyg\" >\n                                      <div class=\"text__body fade-up\">\n            <p>Desde a palha de trigo que adquirimos at\u00e9 \u00e0 produ\u00e7\u00e3o que facilitamos, o prop\u00f3sito e a circularidade est\u00e3o incorporados em cada etapa da nossa jornada. Estamos constantemente \u00e0 procura de formas mais inteligentes de reduzir o impacto, aumentando simultaneamente o valor para a sa\u00fade das pessoas. Todas as decis\u00f5es que tomamos s\u00e3o guiadas pela convic\u00e7\u00e3o de que a sustentabilidade n\u00e3o \u00e9 uma caracter\u00edstica. \u00c9 a base.<\/p>\n          <\/div>\n                    \n<\/section>\n\n\n<section class=\"text-columns container  bg-default\" >\n  <div class=\"text-columns__inner\">\n    <div class=\"text-columns__col-title\">\n      <h2 class=\"title-md\">Um recurso natural reciclado<\/h2>\n    <\/div>\n    <div><\/div>\n    <div class=\"text-columns__col-1 fade-up-delay-200\">\n      <p>N\u00f3s obtemos lignina a partir de subprodutos agr\u00edcolas que, de outra forma, seriam queimados ou descartados. Ao reciclar e modificar esse biopol\u00edmero abundante, desviamos res\u00edduos da produ\u00e7\u00e3o baseada em combust\u00edveis f\u00f3sseis, reduzimos as emiss\u00f5es de carbono e criamos uma mat\u00e9ria-prima circular para solu\u00e7\u00f5es de sa\u00fade humana. .<\/p>\n    <\/div>\n    <div class=\"text-columns__col-2 fade-up-delay-600\">\n      <p>Essa abordagem transforma um recurso natural subutilizado em um trampolim para um impacto sustent\u00e1vel. \u00c9 assim que a ci\u00eancia inteligente e o abastecimento respons\u00e1vel podem trabalhar em conjunto para abrir possibilidades mais saud\u00e1veis para as pessoas e para o planeta.<\/p>\n    <\/div>\n      <\/div>\n<\/section>\n\n\n<section class=\"text container wysiwyg\" >\n                              <div class=\"text__table fade-up\">\n                          <div class=\"text__table-column\">\n                                                  <p class=\"text__table-header body-md\">Nosso processo<\/p>\n                                              <\/div>\n                      <\/div>\n                                                  <div class=\"text__image fade-up\">\n            <img loading=\"lazy\" decoding=\"async\" width=\"1920\" height=\"300\" src=\"https:\/\/siranius.com\/wp-content\/uploads\/sites\/2\/2025\/12\/Siranius-Our-base-model-beige-1.jpg\" class=\"text__image-img\" alt=\"\" srcset=\"https:\/\/siranius.com\/wp-content\/uploads\/sites\/2\/2025\/12\/Siranius-Our-base-model-beige-1.jpg 1920w, https:\/\/siranius.com\/wp-content\/uploads\/sites\/2\/2025\/12\/Siranius-Our-base-model-beige-1-300x47.jpg 300w, https:\/\/siranius.com\/wp-content\/uploads\/sites\/2\/2025\/12\/Siranius-Our-base-model-beige-1-1024x160.jpg 1024w, https:\/\/siranius.com\/wp-content\/uploads\/sites\/2\/2025\/12\/Siranius-Our-base-model-beige-1-768x120.jpg 768w, https:\/\/siranius.com\/wp-content\/uploads\/sites\/2\/2025\/12\/Siranius-Our-base-model-beige-1-1536x240.jpg 1536w\" sizes=\"auto, (max-width: 1920px) 100vw, 1920px\" \/>          <\/div>\n                    \n<\/section>\n\n\n<section class=\"text-columns container  bg-default\" >\n  <div class=\"text-columns__inner\">\n    <div class=\"text-columns__col-title\">\n      <h2 class=\"title-md\">Inova\u00e7\u00e3o e produ\u00e7\u00e3o respons\u00e1veis<\/h2>\n    <\/div>\n    <div><\/div>\n    <div class=\"text-columns__col-1 fade-up-delay-200\">\n      <p><span style=\"font-weight: 400;\">Utilizamos um processo de produ\u00e7\u00e3o projetado para preservar a integridade molecular da lignina, mantendo o consumo de energia e os res\u00edduos ao m\u00ednimo. Ao combinar fraccionamento suave, formula\u00e7\u00e3o precisa e sistemas utilit\u00e1rios de ciclo fechado, minimizamos o consumo de recursos e o impacto ambiental.\u00a0<\/span><\/p>\n    <\/div>\n    <div class=\"text-columns__col-2 fade-up-delay-600\">\n      <p><span style=\"font-weight: 400;\">Todos os produtos que lan\u00e7amos no mercado refletem nosso compromisso com a inova\u00e7\u00e3o ecol\u00f3gica e com a promo\u00e7\u00e3o da sa\u00fade.<\/span><\/p>\n    <\/div>\n      <\/div>\n<\/section>\n\n\n<section class=\"quote   bg-default\" >\n    <img decoding=\"async\" class=\"quote__bg\" src=\"https:\/\/siranius.com\/wp-content\/uploads\/sites\/2\/2025\/11\/Image05.jpg\" alt=\"\" \/>\n  \n  <div class=\"container\">\n        <h3 class=\"quote__text animate-lines title-xl\">\n      \u201dO prop\u00f3sito e a circularidade est\u00e3o incorporados em cada etapa de nossa jornada.\u201d    <\/h3>\n          <\/div>\n\n<\/section>","protected":false},"excerpt":{"rendered":"","protected":false},"author":1,"featured_media":504,"parent":0,"menu_order":0,"comment_status":"closed","ping_status":"closed","template":"","meta":{"_acf_changed":false,"content-type":"","footnotes":""},"class_list":["post-25","page","type-page","status-publish","has-post-thumbnail","hentry"],"acf":[],"yoast_head":"<!-- This site is optimized with the Yoast SEO plugin v26.6 - https:\/\/yoast.com\/wordpress\/plugins\/seo\/ -->\n<title>Sustainability - Siranius<\/title>\n<meta name=\"description\" content=\"Explore Siranius\u2019 sustainability journey \u2014 how we combine science, responsibility and eco-friendly practices in lignin-based health innovation that matters.\" \/>\n<meta name=\"robots\" content=\"index, follow, max-snippet:-1, max-image-preview:large, max-video-preview:-1\" \/>\n<link rel=\"canonical\" href=\"https:\/\/siranius.com\/pt\/sustentabilidade\/\" \/>\n<meta property=\"og:locale\" content=\"pt_BR\" \/>\n<meta property=\"og:type\" content=\"article\" \/>\n<meta property=\"og:title\" content=\"Sustainability - Siranius\" \/>\n<meta property=\"og:description\" content=\"Explore Siranius\u2019 sustainability journey \u2014 how we combine science, responsibility and eco-friendly practices in lignin-based health innovation that matters.\" \/>\n<meta property=\"og:url\" content=\"https:\/\/siranius.com\/pt\/sustentabilidade\/\" \/>\n<meta property=\"og:site_name\" content=\"Siranius\" \/>\n<meta property=\"article:modified_time\" content=\"2025-12-16T20:41:10+00:00\" \/>\n<meta property=\"og:image\" content=\"https:\/\/siranius.com\/wp-content\/uploads\/sites\/2\/2025\/12\/Meta-The-company.png\" \/>\n\t<meta property=\"og:image:width\" content=\"1024\" \/>\n\t<meta property=\"og:image:height\" content=\"768\" \/>\n\t<meta property=\"og:image:type\" content=\"image\/png\" \/>\n<meta name=\"twitter:card\" content=\"summary_large_image\" \/>\n<meta name=\"twitter:label1\" content=\"Est. tempo de leitura\" \/>\n\t<meta name=\"twitter:data1\" content=\"2 minutos\" \/>\n<script type=\"application\/ld+json\" class=\"yoast-schema-graph\">{\"@context\":\"https:\/\/schema.org\",\"@graph\":[{\"@type\":\"WebPage\",\"@id\":\"https:\/\/siranius.com\/sustainability\/\",\"url\":\"https:\/\/siranius.com\/sustainability\/\",\"name\":\"Sustainability - Siranius\",\"isPartOf\":{\"@id\":\"https:\/\/siranius.com\/#website\"},\"primaryImageOfPage\":{\"@id\":\"https:\/\/siranius.com\/sustainability\/#primaryimage\"},\"image\":{\"@id\":\"https:\/\/siranius.com\/sustainability\/#primaryimage\"},\"thumbnailUrl\":\"https:\/\/siranius.com\/wp-content\/uploads\/sites\/2\/2025\/12\/Meta-The-company.png\",\"datePublished\":\"2025-11-19T09:50:13+00:00\",\"dateModified\":\"2025-12-16T20:41:10+00:00\",\"description\":\"Explore Siranius\u2019 sustainability journey \u2014 how we combine science, responsibility and eco-friendly practices in lignin-based health innovation that matters.\",\"breadcrumb\":{\"@id\":\"https:\/\/siranius.com\/sustainability\/#breadcrumb\"},\"inLanguage\":\"pt-BR\",\"potentialAction\":[{\"@type\":\"ReadAction\",\"target\":[\"https:\/\/siranius.com\/sustainability\/\"]}]},{\"@type\":\"ImageObject\",\"inLanguage\":\"pt-BR\",\"@id\":\"https:\/\/siranius.com\/sustainability\/#primaryimage\",\"url\":\"https:\/\/siranius.com\/wp-content\/uploads\/sites\/2\/2025\/12\/Meta-The-company.png\",\"contentUrl\":\"https:\/\/siranius.com\/wp-content\/uploads\/sites\/2\/2025\/12\/Meta-The-company.png\",\"width\":1024,\"height\":768},{\"@type\":\"BreadcrumbList\",\"@id\":\"https:\/\/siranius.com\/sustainability\/#breadcrumb\",\"itemListElement\":[{\"@type\":\"ListItem\",\"position\":1,\"name\":\"Home\",\"item\":\"https:\/\/siranius.com\/\"},{\"@type\":\"ListItem\",\"position\":2,\"name\":\"Sustainability\"}]},{\"@type\":\"WebSite\",\"@id\":\"https:\/\/siranius.com\/#website\",\"url\":\"https:\/\/siranius.com\/\",\"name\":\"Siranius\",\"description\":\"Lignin powered nutraceuticals\",\"potentialAction\":[{\"@type\":\"SearchAction\",\"target\":{\"@type\":\"EntryPoint\",\"urlTemplate\":\"https:\/\/siranius.com\/?s={search_term_string}\"},\"query-input\":{\"@type\":\"PropertyValueSpecification\",\"valueRequired\":true,\"valueName\":\"search_term_string\"}}],\"inLanguage\":\"pt-BR\"}]}<\/script>\n<!-- \/ Yoast SEO plugin. -->","yoast_head_json":{"title":"Sustentabilidade - Siranius","description":"Explore a jornada de sustentabilidade da Siranius \u2014 como combinamos ci\u00eancia, responsabilidade e pr\u00e1ticas ecol\u00f3gicas em inova\u00e7\u00f5es importantes para a sa\u00fade baseadas na lignina.","robots":{"index":"index","follow":"follow","max-snippet":"max-snippet:-1","max-image-preview":"max-image-preview:large","max-video-preview":"max-video-preview:-1"},"canonical":"https:\/\/siranius.com\/pt\/sustentabilidade\/","og_locale":"pt_BR","og_type":"article","og_title":"Sustainability - Siranius","og_description":"Explore Siranius\u2019 sustainability journey \u2014 how we combine science, responsibility and eco-friendly practices in lignin-based health innovation that matters.","og_url":"https:\/\/siranius.com\/pt\/sustentabilidade\/","og_site_name":"Siranius","article_modified_time":"2025-12-16T20:41:10+00:00","og_image":[{"width":1024,"height":768,"url":"https:\/\/siranius.com\/wp-content\/uploads\/sites\/2\/2025\/12\/Meta-The-company.png","type":"image\/png"}],"twitter_card":"summary_large_image","twitter_misc":{"Est. tempo de leitura":"2 minutos"},"schema":{"@context":"https:\/\/schema.org","@graph":[{"@type":"WebPage","@id":"https:\/\/siranius.com\/sustainability\/","url":"https:\/\/siranius.com\/sustainability\/","name":"Sustentabilidade - Siranius","isPartOf":{"@id":"https:\/\/siranius.com\/#website"},"primaryImageOfPage":{"@id":"https:\/\/siranius.com\/sustainability\/#primaryimage"},"image":{"@id":"https:\/\/siranius.com\/sustainability\/#primaryimage"},"thumbnailUrl":"https:\/\/siranius.com\/wp-content\/uploads\/sites\/2\/2025\/12\/Meta-The-company.png","datePublished":"2025-11-19T09:50:13+00:00","dateModified":"2025-12-16T20:41:10+00:00","description":"Explore a jornada de sustentabilidade da Siranius \u2014 como combinamos ci\u00eancia, responsabilidade e pr\u00e1ticas ecol\u00f3gicas em inova\u00e7\u00f5es importantes para a sa\u00fade baseadas na lignina.","breadcrumb":{"@id":"https:\/\/siranius.com\/sustainability\/#breadcrumb"},"inLanguage":"pt-BR","potentialAction":[{"@type":"ReadAction","target":["https:\/\/siranius.com\/sustainability\/"]}]},{"@type":"ImageObject","inLanguage":"pt-BR","@id":"https:\/\/siranius.com\/sustainability\/#primaryimage","url":"https:\/\/siranius.com\/wp-content\/uploads\/sites\/2\/2025\/12\/Meta-The-company.png","contentUrl":"https:\/\/siranius.com\/wp-content\/uploads\/sites\/2\/2025\/12\/Meta-The-company.png","width":1024,"height":768},{"@type":"BreadcrumbList","@id":"https:\/\/siranius.com\/sustainability\/#breadcrumb","itemListElement":[{"@type":"ListItem","position":1,"name":"Home","item":"https:\/\/siranius.com\/"},{"@type":"ListItem","position":2,"name":"Sustainability"}]},{"@type":"WebSite","@id":"https:\/\/siranius.com\/#website","url":"https:\/\/siranius.com\/","name":"Siranius","description":"Nutrac\u00eauticos movidos a lignina","potentialAction":[{"@type":"SearchAction","target":{"@type":"EntryPoint","urlTemplate":"https:\/\/siranius.com\/?s={search_term_string}"},"query-input":{"@type":"PropertyValueSpecification","valueRequired":true,"valueName":"search_term_string"}}],"inLanguage":"pt-BR"}]}},"_links":{"self":[{"href":"https:\/\/siranius.com\/pt\/wp-json\/wp\/v2\/pages\/25","targetHints":{"allow":["GET"]}}],"collection":[{"href":"https:\/\/siranius.com\/pt\/wp-json\/wp\/v2\/pages"}],"about":[{"href":"https:\/\/siranius.com\/pt\/wp-json\/wp\/v2\/types\/page"}],"author":[{"embeddable":true,"href":"https:\/\/siranius.com\/pt\/wp-json\/wp\/v2\/users\/1"}],"replies":[{"embeddable":true,"href":"https:\/\/siranius.com\/pt\/wp-json\/wp\/v2\/comments?post=25"}],"version-history":[{"count":28,"href":"https:\/\/siranius.com\/pt\/wp-json\/wp\/v2\/pages\/25\/revisions"}],"predecessor-version":[{"id":422,"href":"https:\/\/siranius.com\/pt\/wp-json\/wp\/v2\/pages\/25\/revisions\/422"}],"wp:featuredmedia":[{"embeddable":true,"href":"https:\/\/siranius.com\/pt\/wp-json\/wp\/v2\/media\/504"}],"wp:attachment":[{"href":"https:\/\/siranius.com\/pt\/wp-json\/wp\/v2\/media?parent=25"}],"curies":[{"name":"wp","href":"https:\/\/api.w.org\/{rel}","templated":true}]}}