{"id":248,"date":"2025-11-30T19:32:17","date_gmt":"2025-11-30T19:32:17","guid":{"rendered":"https:\/\/siranius.tanovis.linawang.se\/?page_id=248"},"modified":"2025-12-16T19:04:37","modified_gmt":"2025-12-16T19:04:37","slug":"248-2","status":"publish","type":"page","link":"https:\/\/siranius.com\/pt\/248-2\/","title":{"rendered":"Impressionante"},"content":{"rendered":"<section class=\"text container wysiwyg\" >\n                                      <h2 class=\"text__title fade-up\">\n            Impressionante          <\/h2>\n                                                  <div class=\"text__body fade-up\">\n            <p>Siranius AG<br \/>\nWeingartenstrasse 11<br \/>\n8803 R\u00fcschlikon<\/p>\n<p>Su\u00ed\u00e7a<\/p>\n<p>+41 (0)44 500 7325<\/p>\n<p><a class=\"obfuscated-link\" href=\"mailto:info@plt-innovations.com\"><span class=\"obfuscated-link-text\">info@siranius.com<\/span><\/a><\/p>\n<p>&nbsp;<\/p>\n<p>Diretor executivo: Charles Walser<\/p>\n          <\/div>\n                    \n<\/section>\n\n\n<section class=\"text container wysiwyg\" >\n                                      <h2 class=\"text__title fade-up\">\n            Termos de uso          <\/h2>\n                                                  <div class=\"text__body fade-up\">\n            <p>Os materiais exibidos neste site, incluindo, mas n\u00e3o se limitando a, todo o material escrito, fotografias, ilustra\u00e7\u00f5es, obras de arte e outros materiais gr\u00e1ficos, bem como nomes, logotipos, marcas registradas e marcas de servi\u00e7o, s\u00e3o propriedade da Siranius AG ou de seus licenciadores e s\u00e3o protegidos por leis de direitos autorais, marcas registradas e outras leis de propriedade intelectual. Qualquer conte\u00fado deste site pode ser exibido e impresso exclusivamente para seu uso pessoal e n\u00e3o comercial. Voc\u00ea concorda em n\u00e3o reproduzir, retransmitir, distribuir, divulgar, vender, publicar, transmitir ou usar de qualquer outra forma qualquer material deste site sem o consentimento pr\u00e9vio por escrito da Siranius AG.<\/p>\n<p>Este site cont\u00e9m links para outros sites. N\u00e3o nos responsabilizamos pelo conte\u00fado e pelas pr\u00e1ticas de privacidade de outros sites e recomendamos que voc\u00ea examine a pol\u00edtica de privacidade de cada site e tome suas pr\u00f3prias decis\u00f5es quanto \u00e0 precis\u00e3o, confiabilidade e exatid\u00e3o do material e das informa\u00e7\u00f5es encontradas.<\/p>\n          <\/div>\n                                                  <h2 class=\"text__title fade-up\">\n            Isen\u00e7\u00e3o de responsabilidade          <\/h2>\n                                                  <div class=\"text__body fade-up\">\n            <p>Este site cont\u00e9m declara\u00e7\u00f5es prospectivas. Essas declara\u00e7\u00f5es s\u00e3o baseadas em expectativas e suposi\u00e7\u00f5es atuais que est\u00e3o sujeitas a riscos e incertezas. Os resultados reais podem diferir materialmente devido a fatores como: mudan\u00e7as nas condi\u00e7\u00f5es econ\u00f4micas gerais que afetam a demanda pelos servi\u00e7os e produtos da Sirnaius AG; flutua\u00e7\u00f5es cambiais; mudan\u00e7as tecnol\u00f3gicas; ciclos de vida dos produtos; mudan\u00e7as nos termos e condi\u00e7\u00f5es de venda; a situa\u00e7\u00e3o financeira dos parceiros comerciais.<\/p>\n<p>N\u00e3o h\u00e1 garantias de que as suposi\u00e7\u00f5es e vis\u00f5es do futuro sejam precisas, ou que tais estimativas e proje\u00e7\u00f5es se concretizem.<\/p>\n<p>As informa\u00e7\u00f5es contidas neste site foram obtidas pela Siranius a partir de seus pr\u00f3prios registros e de outras fontes consideradas confi\u00e1veis; no entanto, n\u00e3o h\u00e1 qualquer garantia quanto \u00e0 sua precis\u00e3o ou integridade.<\/p>\n          <\/div>\n                    \n<\/section>","protected":false},"excerpt":{"rendered":"","protected":false},"author":1,"featured_media":504,"parent":0,"menu_order":0,"comment_status":"closed","ping_status":"closed","template":"","meta":{"_acf_changed":false,"content-type":"","footnotes":""},"class_list":["post-248","page","type-page","status-publish","has-post-thumbnail","hentry"],"acf":[],"yoast_head":"<!-- This site is optimized with the Yoast SEO plugin v26.6 - https:\/\/yoast.com\/wordpress\/plugins\/seo\/ -->\n<title>Impressum - Siranius<\/title>\n<meta name=\"robots\" content=\"index, follow, max-snippet:-1, max-image-preview:large, max-video-preview:-1\" \/>\n<link rel=\"canonical\" href=\"https:\/\/siranius.com\/pt\/248-2\/\" \/>\n<meta property=\"og:locale\" content=\"pt_BR\" \/>\n<meta property=\"og:type\" content=\"article\" \/>\n<meta property=\"og:title\" content=\"Impressum - Siranius\" \/>\n<meta property=\"og:url\" content=\"https:\/\/siranius.com\/pt\/248-2\/\" \/>\n<meta property=\"og:site_name\" content=\"Siranius\" \/>\n<meta property=\"article:modified_time\" content=\"2025-12-16T19:04:37+00:00\" \/>\n<meta property=\"og:image\" content=\"https:\/\/siranius.com\/wp-content\/uploads\/sites\/2\/2025\/12\/Meta-The-company.png\" \/>\n\t<meta property=\"og:image:width\" content=\"1024\" \/>\n\t<meta property=\"og:image:height\" content=\"768\" \/>\n\t<meta property=\"og:image:type\" content=\"image\/png\" \/>\n<meta name=\"twitter:card\" content=\"summary_large_image\" \/>\n<meta name=\"twitter:label1\" content=\"Est. tempo de leitura\" \/>\n\t<meta name=\"twitter:data1\" content=\"2 minutos\" \/>\n<script type=\"application\/ld+json\" class=\"yoast-schema-graph\">{\"@context\":\"https:\/\/schema.org\",\"@graph\":[{\"@type\":\"WebPage\",\"@id\":\"https:\/\/siranius.com\/248-2\/\",\"url\":\"https:\/\/siranius.com\/248-2\/\",\"name\":\"Impressum - Siranius\",\"isPartOf\":{\"@id\":\"https:\/\/siranius.com\/#website\"},\"primaryImageOfPage\":{\"@id\":\"https:\/\/siranius.com\/248-2\/#primaryimage\"},\"image\":{\"@id\":\"https:\/\/siranius.com\/248-2\/#primaryimage\"},\"thumbnailUrl\":\"https:\/\/siranius.com\/wp-content\/uploads\/sites\/2\/2025\/12\/Meta-The-company.png\",\"datePublished\":\"2025-11-30T19:32:17+00:00\",\"dateModified\":\"2025-12-16T19:04:37+00:00\",\"breadcrumb\":{\"@id\":\"https:\/\/siranius.com\/248-2\/#breadcrumb\"},\"inLanguage\":\"pt-BR\",\"potentialAction\":[{\"@type\":\"ReadAction\",\"target\":[\"https:\/\/siranius.com\/248-2\/\"]}]},{\"@type\":\"ImageObject\",\"inLanguage\":\"pt-BR\",\"@id\":\"https:\/\/siranius.com\/248-2\/#primaryimage\",\"url\":\"https:\/\/siranius.com\/wp-content\/uploads\/sites\/2\/2025\/12\/Meta-The-company.png\",\"contentUrl\":\"https:\/\/siranius.com\/wp-content\/uploads\/sites\/2\/2025\/12\/Meta-The-company.png\",\"width\":1024,\"height\":768},{\"@type\":\"BreadcrumbList\",\"@id\":\"https:\/\/siranius.com\/248-2\/#breadcrumb\",\"itemListElement\":[{\"@type\":\"ListItem\",\"position\":1,\"name\":\"Home\",\"item\":\"https:\/\/siranius.com\/\"},{\"@type\":\"ListItem\",\"position\":2,\"name\":\"Impressum\"}]},{\"@type\":\"WebSite\",\"@id\":\"https:\/\/siranius.com\/#website\",\"url\":\"https:\/\/siranius.com\/\",\"name\":\"Siranius\",\"description\":\"Lignin powered nutraceuticals\",\"potentialAction\":[{\"@type\":\"SearchAction\",\"target\":{\"@type\":\"EntryPoint\",\"urlTemplate\":\"https:\/\/siranius.com\/?s={search_term_string}\"},\"query-input\":{\"@type\":\"PropertyValueSpecification\",\"valueRequired\":true,\"valueName\":\"search_term_string\"}}],\"inLanguage\":\"pt-BR\"}]}<\/script>\n<!-- \/ Yoast SEO plugin. -->","yoast_head_json":{"title":"Impressum - Siranius","robots":{"index":"index","follow":"follow","max-snippet":"max-snippet:-1","max-image-preview":"max-image-preview:large","max-video-preview":"max-video-preview:-1"},"canonical":"https:\/\/siranius.com\/pt\/248-2\/","og_locale":"pt_BR","og_type":"article","og_title":"Impressum - Siranius","og_url":"https:\/\/siranius.com\/pt\/248-2\/","og_site_name":"Siranius","article_modified_time":"2025-12-16T19:04:37+00:00","og_image":[{"width":1024,"height":768,"url":"https:\/\/siranius.com\/wp-content\/uploads\/sites\/2\/2025\/12\/Meta-The-company.png","type":"image\/png"}],"twitter_card":"summary_large_image","twitter_misc":{"Est. tempo de leitura":"2 minutos"},"schema":{"@context":"https:\/\/schema.org","@graph":[{"@type":"WebPage","@id":"https:\/\/siranius.com\/248-2\/","url":"https:\/\/siranius.com\/248-2\/","name":"Impressum - Siranius","isPartOf":{"@id":"https:\/\/siranius.com\/#website"},"primaryImageOfPage":{"@id":"https:\/\/siranius.com\/248-2\/#primaryimage"},"image":{"@id":"https:\/\/siranius.com\/248-2\/#primaryimage"},"thumbnailUrl":"https:\/\/siranius.com\/wp-content\/uploads\/sites\/2\/2025\/12\/Meta-The-company.png","datePublished":"2025-11-30T19:32:17+00:00","dateModified":"2025-12-16T19:04:37+00:00","breadcrumb":{"@id":"https:\/\/siranius.com\/248-2\/#breadcrumb"},"inLanguage":"pt-BR","potentialAction":[{"@type":"ReadAction","target":["https:\/\/siranius.com\/248-2\/"]}]},{"@type":"ImageObject","inLanguage":"pt-BR","@id":"https:\/\/siranius.com\/248-2\/#primaryimage","url":"https:\/\/siranius.com\/wp-content\/uploads\/sites\/2\/2025\/12\/Meta-The-company.png","contentUrl":"https:\/\/siranius.com\/wp-content\/uploads\/sites\/2\/2025\/12\/Meta-The-company.png","width":1024,"height":768},{"@type":"BreadcrumbList","@id":"https:\/\/siranius.com\/248-2\/#breadcrumb","itemListElement":[{"@type":"ListItem","position":1,"name":"Home","item":"https:\/\/siranius.com\/"},{"@type":"ListItem","position":2,"name":"Impressum"}]},{"@type":"WebSite","@id":"https:\/\/siranius.com\/#website","url":"https:\/\/siranius.com\/","name":"Siranius","description":"Nutrac\u00eauticos movidos a lignina","potentialAction":[{"@type":"SearchAction","target":{"@type":"EntryPoint","urlTemplate":"https:\/\/siranius.com\/?s={search_term_string}"},"query-input":{"@type":"PropertyValueSpecification","valueRequired":true,"valueName":"search_term_string"}}],"inLanguage":"pt-BR"}]}},"_links":{"self":[{"href":"https:\/\/siranius.com\/pt\/wp-json\/wp\/v2\/pages\/248","targetHints":{"allow":["GET"]}}],"collection":[{"href":"https:\/\/siranius.com\/pt\/wp-json\/wp\/v2\/pages"}],"about":[{"href":"https:\/\/siranius.com\/pt\/wp-json\/wp\/v2\/types\/page"}],"author":[{"embeddable":true,"href":"https:\/\/siranius.com\/pt\/wp-json\/wp\/v2\/users\/1"}],"replies":[{"embeddable":true,"href":"https:\/\/siranius.com\/pt\/wp-json\/wp\/v2\/comments?post=248"}],"version-history":[{"count":3,"href":"https:\/\/siranius.com\/pt\/wp-json\/wp\/v2\/pages\/248\/revisions"}],"predecessor-version":[{"id":280,"href":"https:\/\/siranius.com\/pt\/wp-json\/wp\/v2\/pages\/248\/revisions\/280"}],"wp:featuredmedia":[{"embeddable":true,"href":"https:\/\/siranius.com\/pt\/wp-json\/wp\/v2\/media\/504"}],"wp:attachment":[{"href":"https:\/\/siranius.com\/pt\/wp-json\/wp\/v2\/media?parent=248"}],"curies":[{"name":"wp","href":"https:\/\/api.w.org\/{rel}","templated":true}]}}