{"id":21,"date":"2025-11-19T09:49:24","date_gmt":"2025-11-19T09:49:24","guid":{"rendered":"https:\/\/siranius.tanovis.linawang.se\/?page_id=21"},"modified":"2025-12-16T20:34:00","modified_gmt":"2025-12-16T20:34:00","slug":"saude-humana","status":"publish","type":"page","link":"https:\/\/siranius.com\/pt\/saude-humana\/","title":{"rendered":"Sa\u00fade humana"},"content":{"rendered":"<section\n  class=\"tanovis_sub_hero  sub_hero--bg-medium split\"\n  >\n  <div class=\"hero__media\">\n              <img decoding=\"async\" class=\"hero__bg\" src=\"https:\/\/siranius.com\/wp-content\/uploads\/sites\/2\/2025\/11\/image01.jpg\" alt=\"\" \/>\n    \n    <div class=\"hero__symbol-container split\">\n      <div class=\"hero__symbol\">\n              <\/div>\n    <\/div>\n  <\/div>\n\n  <div class=\"hero__content container\">\n          <h1 class=\"hero__title title-lg\">Existem milh\u00f5es de raz\u00f5es para fortalecer o intestino.<\/h1>\n      <\/div>\n<\/section>\n\n\n<section class=\"text container wysiwyg\" id=\"Global-challenges\" >\n                                      <div class=\"text__body fade-up\">\n            <p>SII. Desidrata\u00e7\u00e3o. Diarreia. Atualmente, milh\u00f5es de pessoas lutam contra o desequil\u00edbrio intestinal e a sa\u00fade intestinal imprevis\u00edvel. E com pesquisas globais relacionando as bact\u00e9rias intestinais a importantes problemas de sa\u00fade, estamos aqui para ajudar a fortalecer e proteger o que \u00e9 mais importante.<\/p>\n          <\/div>\n                    \n<\/section>\n\n\n<section class=\"text-columns container  bg-default\" id=\"Gobal-health-challenges\" >\n  <div class=\"text-columns__inner\">\n    <div class=\"text-columns__col-title\">\n      <h2 class=\"title-md\">Os desafios globais da sa\u00fade<\/h2>\n    <\/div>\n    <div><\/div>\n    <div class=\"text-columns__col-1 fade-up-delay-200\">\n      <p><span style=\"font-weight: 400;\">A vida moderna est\u00e1 pressionando a sa\u00fade humana de maneiras que nossa biologia tem dificuldade em acompanhar. Inflama\u00e7\u00f5es cr\u00f4nicas, rea\u00e7\u00f5es autoimunes, dist\u00farbios metab\u00f3licos e exposi\u00e7\u00e3o a toxinas est\u00e3o aumentando, impulsionados pelo estresse, m\u00e1 alimenta\u00e7\u00e3o, press\u00e3o ambiental e um sistema imunol\u00f3gico sobrecarregado.<\/span><\/p>\n    <\/div>\n    <div class=\"text-columns__col-2 fade-up-delay-600\">\n      <p><span style=\"font-weight: 400;\">No centro de tudo isso est\u00e1 o intestino. Pesquisas mostram cada vez mais que dist\u00farbios no microbioma intestinal est\u00e3o ligados n\u00e3o apenas a problemas digestivos, mas tamb\u00e9m a condi\u00e7\u00f5es sist\u00eamicas que afetam o c\u00e9rebro, o cora\u00e7\u00e3o, o metabolismo e a resposta imunol\u00f3gica.<\/span><\/p>\n    <\/div>\n      <\/div>\n<\/section>\n\n\n<section class=\"numbers container  bg-default\" >\n  <h2 class=\"numbers__title\"><\/h2>\n  <div class=\"numbers__inner\">\n        <div class=\"numbers__item\">\n      <h3 class=\"numbers__item-number title-xxl\"><span\n          class=\"numbers__item-number-animate\">11<\/span>%      <\/h3>\n      <p class=\"numbers__item-text body-sm\">da popula\u00e7\u00e3o mundial vive com SII<\/p>\n    <\/div>\n        <div class=\"numbers__item\">\n      <h3 class=\"numbers__item-number title-xxl\"><span\n          class=\"numbers__item-number-animate\">30<\/span>%      <\/h3>\n      <p class=\"numbers__item-text body-sm\">daqueles que procuram atendimento m\u00e9dico<\/p>\n    <\/div>\n        <div class=\"numbers__item\">\n      <h3 class=\"numbers__item-number title-xxl\"><span\n          class=\"numbers__item-number-animate\">15<\/span>%      <\/h3>\n      <p class=\"numbers__item-text body-sm\">Estima-se que entre 10 e 15% de pessoas na Europa, nos EUA e no M\u00e9xico sofram de SII.<\/p>\n    <\/div>\n      <\/div>\n<\/section>\n\n\n<section class=\"text-columns container  bg-default\" id=\"Our-focus-areas\" >\n  <div class=\"text-columns__inner\">\n    <div class=\"text-columns__col-title\">\n      <h2 class=\"title-md\">Nossas \u00e1reas de foco<\/h2>\n    <\/div>\n    <div><\/div>\n    <div class=\"text-columns__col-1 fade-up-delay-200\">\n      <p><span style=\"font-weight: 400;\">O intestino \u00e9 muito mais do que um \u00f3rg\u00e3o digestivo. \u00c9 um ecossistema complexo interligado com a imunidade, o metabolismo energ\u00e9tico e a clareza mental. Com at\u00e9 70% do sistema imunol\u00f3gico localizado nesse \u00f3rg\u00e3o, o equil\u00edbrio intestinal \u00e9 fundamental para a sa\u00fade geral. Nossa pesquisa atual se concentra em compostos derivados da lignina que apoiam micr\u00f3bios ben\u00e9ficos, moderam a inflama\u00e7\u00e3o e fortalecem a barreira intestinal.<\/span><\/p>\n    <\/div>\n    <div class=\"text-columns__col-2 fade-up-delay-600\">\n      <p><span style=\"font-weight: 400;\">Atrav\u00e9s de uma rigorosa valida\u00e7\u00e3o cl\u00ednica e de uma formula\u00e7\u00e3o avan\u00e7ada, transformamos o poder bioativo da lignina em solu\u00e7\u00f5es seguras e eficazes. Desde nutrac\u00eauticos at\u00e9 futuras aplica\u00e7\u00f5es m\u00e9dicas ou funcionais, permitindo que o corpo se defenda e se restaure a partir de dentro.<\/span><\/p>\n    <\/div>\n      <\/div>\n<\/section>\n\n\n<section class=\"stacked-texts container  bg-default\" >\n  <h2 class=\"stacked-texts__title body-md\">Sa\u00fade intestinal <\/h2>\n  <div class=\"stacked-texts__inner\">\n            <div class=\"stacked-texts__section fade-up\">\n      <h3 class=\"stacked-texts__section-title title-md animate-words\">Experi\u00eancia <\/h3>\n      <div class=\"stacked-texts__section-text body-md fade-up-delay-600\"><p><span style=\"font-weight: 400;\">Um intestino inst\u00e1vel pode se manifestar de v\u00e1rias maneiras: incha\u00e7o, fadiga, sensibilidade alimentar, falta de concentra\u00e7\u00e3o ou infec\u00e7\u00f5es frequentes. Esses sintomas podem parecer independentes, mas geralmente s\u00e3o sinais interligados do ecossistema interno do corpo. As solu\u00e7\u00f5es da Siranius atuam para restaurar o equil\u00edbrio.\u00a0<\/span><\/p>\n<\/div>\n    <\/div>\n        <div class=\"stacked-texts__section fade-up\">\n      <h3 class=\"stacked-texts__section-title title-md animate-words\">Efeito<\/h3>\n      <div class=\"stacked-texts__section-text body-md fade-up-delay-600\"><p>Nossas formula\u00e7\u00f5es \u00e0 base de lignina t\u00eam como objetivo reduzir a inflama\u00e7\u00e3o, harmonizar o microbioma e melhorar os mecanismos de defesa naturais. O resultado \u00e9 tang\u00edvel: um intestino mais calmo, energia mais clara e maior resili\u00eancia no dia a dia.<\/p>\n<\/div>\n    <\/div>\n          <\/div>\n<\/section>\n\n\n<section class=\"text container wysiwyg\" >\n                                      <div class=\"text__image fade-up\">\n            <img loading=\"lazy\" decoding=\"async\" width=\"700\" height=\"525\" src=\"https:\/\/siranius.com\/wp-content\/uploads\/sites\/2\/2025\/12\/SIRANIUS_Mirelle_Casual_0359_V01-4-3-700px.jpg\" class=\"text__image-img\" alt=\"\" srcset=\"https:\/\/siranius.com\/wp-content\/uploads\/sites\/2\/2025\/12\/SIRANIUS_Mirelle_Casual_0359_V01-4-3-700px.jpg 700w, https:\/\/siranius.com\/wp-content\/uploads\/sites\/2\/2025\/12\/SIRANIUS_Mirelle_Casual_0359_V01-4-3-700px-300x225.jpg 300w\" sizes=\"auto, (max-width: 700px) 100vw, 700px\" \/>          <\/div>\n                    \n<\/section>","protected":false},"excerpt":{"rendered":"","protected":false},"author":1,"featured_media":505,"parent":0,"menu_order":0,"comment_status":"closed","ping_status":"closed","template":"","meta":{"_acf_changed":false,"content-type":"","footnotes":""},"class_list":["post-21","page","type-page","status-publish","has-post-thumbnail","hentry"],"acf":[],"yoast_head":"<!-- This site is optimized with the Yoast SEO plugin v26.6 - https:\/\/yoast.com\/wordpress\/plugins\/seo\/ -->\n<title>Human health - Siranius<\/title>\n<meta name=\"description\" content=\"Explore Siranius\u2019 human health solutions using lignin. Discover sustainable, science-backed innovations that support wellbeing and real-world health impact.\" \/>\n<meta name=\"robots\" content=\"index, follow, max-snippet:-1, max-image-preview:large, max-video-preview:-1\" \/>\n<link rel=\"canonical\" href=\"https:\/\/siranius.com\/pt\/saude-humana\/\" \/>\n<meta property=\"og:locale\" content=\"pt_BR\" \/>\n<meta property=\"og:type\" content=\"article\" \/>\n<meta property=\"og:title\" content=\"Human health - Siranius\" \/>\n<meta property=\"og:description\" content=\"Explore Siranius\u2019 human health solutions using lignin. Discover sustainable, science-backed innovations that support wellbeing and real-world health impact.\" \/>\n<meta property=\"og:url\" content=\"https:\/\/siranius.com\/pt\/saude-humana\/\" \/>\n<meta property=\"og:site_name\" content=\"Siranius\" \/>\n<meta property=\"article:modified_time\" content=\"2025-12-16T20:34:00+00:00\" \/>\n<meta property=\"og:image\" content=\"https:\/\/siranius.com\/wp-content\/uploads\/sites\/2\/2025\/12\/Meta-Human-health.png\" \/>\n\t<meta property=\"og:image:width\" content=\"1024\" \/>\n\t<meta property=\"og:image:height\" content=\"768\" \/>\n\t<meta property=\"og:image:type\" content=\"image\/png\" \/>\n<meta name=\"twitter:card\" content=\"summary_large_image\" \/>\n<meta name=\"twitter:label1\" content=\"Est. tempo de leitura\" \/>\n\t<meta name=\"twitter:data1\" content=\"3 minutos\" \/>\n<script type=\"application\/ld+json\" class=\"yoast-schema-graph\">{\"@context\":\"https:\/\/schema.org\",\"@graph\":[{\"@type\":\"WebPage\",\"@id\":\"https:\/\/siranius.com\/human-health\/\",\"url\":\"https:\/\/siranius.com\/human-health\/\",\"name\":\"Human health - Siranius\",\"isPartOf\":{\"@id\":\"https:\/\/siranius.com\/#website\"},\"primaryImageOfPage\":{\"@id\":\"https:\/\/siranius.com\/human-health\/#primaryimage\"},\"image\":{\"@id\":\"https:\/\/siranius.com\/human-health\/#primaryimage\"},\"thumbnailUrl\":\"https:\/\/siranius.com\/wp-content\/uploads\/sites\/2\/2025\/12\/Meta-Human-health.png\",\"datePublished\":\"2025-11-19T09:49:24+00:00\",\"dateModified\":\"2025-12-16T20:34:00+00:00\",\"description\":\"Explore Siranius\u2019 human health solutions using lignin. Discover sustainable, science-backed innovations that support wellbeing and real-world health impact.\",\"breadcrumb\":{\"@id\":\"https:\/\/siranius.com\/human-health\/#breadcrumb\"},\"inLanguage\":\"pt-BR\",\"potentialAction\":[{\"@type\":\"ReadAction\",\"target\":[\"https:\/\/siranius.com\/human-health\/\"]}]},{\"@type\":\"ImageObject\",\"inLanguage\":\"pt-BR\",\"@id\":\"https:\/\/siranius.com\/human-health\/#primaryimage\",\"url\":\"https:\/\/siranius.com\/wp-content\/uploads\/sites\/2\/2025\/12\/Meta-Human-health.png\",\"contentUrl\":\"https:\/\/siranius.com\/wp-content\/uploads\/sites\/2\/2025\/12\/Meta-Human-health.png\",\"width\":1024,\"height\":768},{\"@type\":\"BreadcrumbList\",\"@id\":\"https:\/\/siranius.com\/human-health\/#breadcrumb\",\"itemListElement\":[{\"@type\":\"ListItem\",\"position\":1,\"name\":\"Home\",\"item\":\"https:\/\/siranius.com\/\"},{\"@type\":\"ListItem\",\"position\":2,\"name\":\"Human health\"}]},{\"@type\":\"WebSite\",\"@id\":\"https:\/\/siranius.com\/#website\",\"url\":\"https:\/\/siranius.com\/\",\"name\":\"Siranius\",\"description\":\"Lignin powered nutraceuticals\",\"potentialAction\":[{\"@type\":\"SearchAction\",\"target\":{\"@type\":\"EntryPoint\",\"urlTemplate\":\"https:\/\/siranius.com\/?s={search_term_string}\"},\"query-input\":{\"@type\":\"PropertyValueSpecification\",\"valueRequired\":true,\"valueName\":\"search_term_string\"}}],\"inLanguage\":\"pt-BR\"}]}<\/script>\n<!-- \/ Yoast SEO plugin. -->","yoast_head_json":{"title":"Sa\u00fade humana - Siranius","description":"Explore as solu\u00e7\u00f5es para a sa\u00fade humana da Siranius utilizando lignina. Descubra inova\u00e7\u00f5es sustent\u00e1veis e comprovadas cientificamente que promovem o bem-estar e t\u00eam impacto real na sa\u00fade.","robots":{"index":"index","follow":"follow","max-snippet":"max-snippet:-1","max-image-preview":"max-image-preview:large","max-video-preview":"max-video-preview:-1"},"canonical":"https:\/\/siranius.com\/pt\/saude-humana\/","og_locale":"pt_BR","og_type":"article","og_title":"Human health - Siranius","og_description":"Explore Siranius\u2019 human health solutions using lignin. Discover sustainable, science-backed innovations that support wellbeing and real-world health impact.","og_url":"https:\/\/siranius.com\/pt\/saude-humana\/","og_site_name":"Siranius","article_modified_time":"2025-12-16T20:34:00+00:00","og_image":[{"width":1024,"height":768,"url":"https:\/\/siranius.com\/wp-content\/uploads\/sites\/2\/2025\/12\/Meta-Human-health.png","type":"image\/png"}],"twitter_card":"summary_large_image","twitter_misc":{"Est. tempo de leitura":"3 minutos"},"schema":{"@context":"https:\/\/schema.org","@graph":[{"@type":"WebPage","@id":"https:\/\/siranius.com\/human-health\/","url":"https:\/\/siranius.com\/human-health\/","name":"Sa\u00fade humana - Siranius","isPartOf":{"@id":"https:\/\/siranius.com\/#website"},"primaryImageOfPage":{"@id":"https:\/\/siranius.com\/human-health\/#primaryimage"},"image":{"@id":"https:\/\/siranius.com\/human-health\/#primaryimage"},"thumbnailUrl":"https:\/\/siranius.com\/wp-content\/uploads\/sites\/2\/2025\/12\/Meta-Human-health.png","datePublished":"2025-11-19T09:49:24+00:00","dateModified":"2025-12-16T20:34:00+00:00","description":"Explore as solu\u00e7\u00f5es para a sa\u00fade humana da Siranius utilizando lignina. Descubra inova\u00e7\u00f5es sustent\u00e1veis e comprovadas cientificamente que promovem o bem-estar e t\u00eam impacto real na sa\u00fade.","breadcrumb":{"@id":"https:\/\/siranius.com\/human-health\/#breadcrumb"},"inLanguage":"pt-BR","potentialAction":[{"@type":"ReadAction","target":["https:\/\/siranius.com\/human-health\/"]}]},{"@type":"ImageObject","inLanguage":"pt-BR","@id":"https:\/\/siranius.com\/human-health\/#primaryimage","url":"https:\/\/siranius.com\/wp-content\/uploads\/sites\/2\/2025\/12\/Meta-Human-health.png","contentUrl":"https:\/\/siranius.com\/wp-content\/uploads\/sites\/2\/2025\/12\/Meta-Human-health.png","width":1024,"height":768},{"@type":"BreadcrumbList","@id":"https:\/\/siranius.com\/human-health\/#breadcrumb","itemListElement":[{"@type":"ListItem","position":1,"name":"Home","item":"https:\/\/siranius.com\/"},{"@type":"ListItem","position":2,"name":"Human health"}]},{"@type":"WebSite","@id":"https:\/\/siranius.com\/#website","url":"https:\/\/siranius.com\/","name":"Siranius","description":"Nutrac\u00eauticos movidos a lignina","potentialAction":[{"@type":"SearchAction","target":{"@type":"EntryPoint","urlTemplate":"https:\/\/siranius.com\/?s={search_term_string}"},"query-input":{"@type":"PropertyValueSpecification","valueRequired":true,"valueName":"search_term_string"}}],"inLanguage":"pt-BR"}]}},"_links":{"self":[{"href":"https:\/\/siranius.com\/pt\/wp-json\/wp\/v2\/pages\/21","targetHints":{"allow":["GET"]}}],"collection":[{"href":"https:\/\/siranius.com\/pt\/wp-json\/wp\/v2\/pages"}],"about":[{"href":"https:\/\/siranius.com\/pt\/wp-json\/wp\/v2\/types\/page"}],"author":[{"embeddable":true,"href":"https:\/\/siranius.com\/pt\/wp-json\/wp\/v2\/users\/1"}],"replies":[{"embeddable":true,"href":"https:\/\/siranius.com\/pt\/wp-json\/wp\/v2\/comments?post=21"}],"version-history":[{"count":45,"href":"https:\/\/siranius.com\/pt\/wp-json\/wp\/v2\/pages\/21\/revisions"}],"predecessor-version":[{"id":443,"href":"https:\/\/siranius.com\/pt\/wp-json\/wp\/v2\/pages\/21\/revisions\/443"}],"wp:featuredmedia":[{"embeddable":true,"href":"https:\/\/siranius.com\/pt\/wp-json\/wp\/v2\/media\/505"}],"wp:attachment":[{"href":"https:\/\/siranius.com\/pt\/wp-json\/wp\/v2\/media?parent=21"}],"curies":[{"name":"wp","href":"https:\/\/api.w.org\/{rel}","templated":true}]}}