{"id":35,"date":"2025-11-19T09:53:25","date_gmt":"2025-11-19T09:53:25","guid":{"rendered":"https:\/\/siranius.tanovis.linawang.se\/?page_id=35"},"modified":"2025-12-16T20:42:38","modified_gmt":"2025-12-16T20:42:38","slug":"acerca-de","status":"publish","type":"page","link":"https:\/\/siranius.com\/es\/acerca-de\/","title":{"rendered":"La empresa"},"content":{"rendered":"<section\n  class=\"tanovis_sub_hero  sub_hero--bg-default split\"\n  >\n  <div class=\"hero__media\">\n        \n    <div class=\"hero__symbol-container split\">\n      <div class=\"hero__symbol\">\n                  <img decoding=\"async\" class=\"hero__symbol\" src=\"https:\/\/siranius.com\/wp-content\/uploads\/sites\/2\/2025\/11\/image06.jpg\"\n            alt=\"\" \/>\n              <\/div>\n    <\/div>\n  <\/div>\n\n  <div class=\"hero__content container\">\n          <h1 class=\"hero__title title-lg\">Soluciones para la salud humana impulsadas por lignina.<\/h1>\n      <\/div>\n<\/section>\n\n\n<section class=\"text container wysiwyg\" >\n                                      <div class=\"text__body fade-up\">\n            <p><span style=\"font-weight: 400\">Desarrollamos nutrac\u00e9uticos e ingredientes funcionales a base de lignina que fortalecen el intestino, siendo pioneros en una categor\u00eda completamente nueva de soluciones de salud sostenibles. Nuestra misi\u00f3n es generar un impacto medible no s\u00f3lo para cada individuo sino tambi\u00e9n para la sociedad en general.<\/span><\/p>\n<p>&nbsp;<\/p>\n          <\/div>\n                    \n<\/section>\n\n\n<section class=\"stacked-texts container  bg-default\" >\n  <h2 class=\"stacked-texts__title body-md\">Acerca de Siranius<\/h2>\n  <div class=\"stacked-texts__inner\">\n            <div class=\"stacked-texts__section fade-up\">\n      <h3 class=\"stacked-texts__section-title title-md animate-words\">Nuestra empresa<\/h3>\n      <div class=\"stacked-texts__section-text body-md fade-up-delay-600\"><p><span style=\"font-weight: 400;\">Siranius es una empresa de biociencia con sede en Suiza. Operamos en la intersecci\u00f3n entre la biotecnolog\u00eda y la salud cotidiana, transformando el sistema de defensa natural de la lignina en productos seguros y eficaces para la salud intestinal.<\/span><\/p>\n<\/div>\n    <\/div>\n        <div class=\"stacked-texts__section fade-up\">\n      <h3 class=\"stacked-texts__section-title title-md animate-words\">Nuestra misi\u00f3n<\/h3>\n      <div class=\"stacked-texts__section-text body-md fade-up-delay-600\"><ul class=\"ul1\">\n<li class=\"li2\">Desbloquear el poder bioactivo de la lignina para la salud humana, creando soluciones seguras, eficaces y sostenibles que favorezcan el equilibrio intestinal, la inmunidad y la resiliencia.<\/li>\n<\/ul>\n<\/div>\n    <\/div>\n        <div class=\"stacked-texts__section fade-up\">\n      <h3 class=\"stacked-texts__section-title title-md animate-words\">Nuestra visi\u00f3n<\/h3>\n      <div class=\"stacked-texts__section-text body-md fade-up-delay-600\"><ul class=\"ul1\">\n<li class=\"li1\">Hacer que las soluciones para la salud derivadas de la lignina se conviertan en un est\u00e1ndar confiable en nutrac\u00e9uticos y bienestar funcional, valoradas no solo por su origen natural, sino tambi\u00e9n por su desempe\u00f1o probado en la salud humana.<\/li>\n<\/ul>\n<\/div>\n    <\/div>\n        <div class=\"stacked-texts__section fade-up\">\n      <h3 class=\"stacked-texts__section-title title-md animate-words\">Nuestros mercados clave<\/h3>\n      <div class=\"stacked-texts__section-text body-md fade-up-delay-600\"><p>Siranius es una empresa global que opera en diversos mercados. Nuestros primeros productos de consumo estar\u00e1n disponibles pr\u00f3ximamente en Am\u00e9rica Latina.<\/p>\n<\/div>\n    <\/div>\n          <\/div>\n<\/section>\n\n\n<section class=\"text container wysiwyg\" >\n                                      <div class=\"text__image fade-up\">\n            <img loading=\"lazy\" decoding=\"async\" width=\"800\" height=\"600\" src=\"https:\/\/siranius.com\/wp-content\/uploads\/sites\/2\/2025\/12\/Siranius-i-symbol.png\" class=\"text__image-img\" alt=\"\" srcset=\"https:\/\/siranius.com\/wp-content\/uploads\/sites\/2\/2025\/12\/Siranius-i-symbol.png 800w, https:\/\/siranius.com\/wp-content\/uploads\/sites\/2\/2025\/12\/Siranius-i-symbol-300x225.png 300w, https:\/\/siranius.com\/wp-content\/uploads\/sites\/2\/2025\/12\/Siranius-i-symbol-768x576.png 768w\" sizes=\"auto, (max-width: 800px) 100vw, 800px\" \/>          <\/div>\n                                                  <h3 class=\"text__title fade-up\">\n            Formamos parte del grupo Tanovis.          <\/h3>\n                                                  <div class=\"text__body fade-up\">\n            <p><span style=\"font-weight: 400\">Siranius es una empresa del Grupo Tanovis, un grupo de empresas en expansi\u00f3n que convierte el potencial cient\u00edfico de la lignina en resultados tangibles. Cada empresa ampl\u00eda la plataforma de lignina de Tanovis a un nuevo campo, aplicando la misma tecnolog\u00eda b\u00e1sica de formas que mejoran la salud animal, avanzan en el rendimiento de los materiales y mejoran el bienestar humano. El trabajo pionero de Tanovis con pol\u00edmeros de origen vegetal constituye la base cient\u00edfica de nuestro propio desarrollo, lo que nos proporciona una plataforma probada para avanzar con confianza en soluciones para la salud humana.<\/span><\/p>\n<p>&nbsp;<\/p>\n<p>&nbsp;<\/p>\n          <\/div>\n                                                  <div class=\"text__image fade-up\">\n            <img loading=\"lazy\" decoding=\"async\" width=\"800\" height=\"242\" src=\"https:\/\/siranius.com\/wp-content\/uploads\/sites\/2\/2025\/12\/Tanovis-Group-colors-800.jpg\" class=\"text__image-img\" alt=\"\" srcset=\"https:\/\/siranius.com\/wp-content\/uploads\/sites\/2\/2025\/12\/Tanovis-Group-colors-800.jpg 800w, https:\/\/siranius.com\/wp-content\/uploads\/sites\/2\/2025\/12\/Tanovis-Group-colors-800-300x91.jpg 300w, https:\/\/siranius.com\/wp-content\/uploads\/sites\/2\/2025\/12\/Tanovis-Group-colors-800-768x232.jpg 768w\" sizes=\"auto, (max-width: 800px) 100vw, 800px\" \/>          <\/div>\n                    \n<\/section>","protected":false},"excerpt":{"rendered":"","protected":false},"author":1,"featured_media":505,"parent":0,"menu_order":0,"comment_status":"closed","ping_status":"closed","template":"","meta":{"_acf_changed":false,"content-type":"","footnotes":""},"class_list":["post-35","page","type-page","status-publish","has-post-thumbnail","hentry"],"acf":[],"yoast_head":"<!-- This site is optimized with the Yoast SEO plugin v26.6 - https:\/\/yoast.com\/wordpress\/plugins\/seo\/ -->\n<title>The company - Siranius<\/title>\n<meta name=\"description\" content=\"Discover Siranius\u2019 story, mission and values \u2014 a team dedicated to science-led, sustainable health innovation rooted in lignin and real human impact.\" \/>\n<meta name=\"robots\" content=\"index, follow, max-snippet:-1, max-image-preview:large, max-video-preview:-1\" \/>\n<link rel=\"canonical\" href=\"https:\/\/siranius.com\/es\/acerca-de\/\" \/>\n<meta property=\"og:locale\" content=\"es_MX\" \/>\n<meta property=\"og:type\" content=\"article\" \/>\n<meta property=\"og:title\" content=\"The company - Siranius\" \/>\n<meta property=\"og:description\" content=\"Discover Siranius\u2019 story, mission and values \u2014 a team dedicated to science-led, sustainable health innovation rooted in lignin and real human impact.\" \/>\n<meta property=\"og:url\" content=\"https:\/\/siranius.com\/es\/acerca-de\/\" \/>\n<meta property=\"og:site_name\" content=\"Siranius\" \/>\n<meta property=\"article:modified_time\" content=\"2025-12-16T20:42:38+00:00\" \/>\n<meta property=\"og:image\" content=\"https:\/\/siranius.com\/wp-content\/uploads\/sites\/2\/2025\/12\/Meta-Human-health.png\" \/>\n\t<meta property=\"og:image:width\" content=\"1024\" \/>\n\t<meta property=\"og:image:height\" content=\"768\" \/>\n\t<meta property=\"og:image:type\" content=\"image\/png\" \/>\n<meta name=\"twitter:card\" content=\"summary_large_image\" \/>\n<meta name=\"twitter:label1\" content=\"Tiempo de lectura\" \/>\n\t<meta name=\"twitter:data1\" content=\"2 minutos\" \/>\n<script type=\"application\/ld+json\" class=\"yoast-schema-graph\">{\"@context\":\"https:\/\/schema.org\",\"@graph\":[{\"@type\":\"WebPage\",\"@id\":\"https:\/\/siranius.com\/about\/\",\"url\":\"https:\/\/siranius.com\/about\/\",\"name\":\"The company - Siranius\",\"isPartOf\":{\"@id\":\"https:\/\/siranius.com\/#website\"},\"primaryImageOfPage\":{\"@id\":\"https:\/\/siranius.com\/about\/#primaryimage\"},\"image\":{\"@id\":\"https:\/\/siranius.com\/about\/#primaryimage\"},\"thumbnailUrl\":\"https:\/\/siranius.com\/wp-content\/uploads\/sites\/2\/2025\/12\/Meta-Human-health.png\",\"datePublished\":\"2025-11-19T09:53:25+00:00\",\"dateModified\":\"2025-12-16T20:42:38+00:00\",\"description\":\"Discover Siranius\u2019 story, mission and values \u2014 a team dedicated to science-led, sustainable health innovation rooted in lignin and real human impact.\",\"breadcrumb\":{\"@id\":\"https:\/\/siranius.com\/about\/#breadcrumb\"},\"inLanguage\":\"es\",\"potentialAction\":[{\"@type\":\"ReadAction\",\"target\":[\"https:\/\/siranius.com\/about\/\"]}]},{\"@type\":\"ImageObject\",\"inLanguage\":\"es\",\"@id\":\"https:\/\/siranius.com\/about\/#primaryimage\",\"url\":\"https:\/\/siranius.com\/wp-content\/uploads\/sites\/2\/2025\/12\/Meta-Human-health.png\",\"contentUrl\":\"https:\/\/siranius.com\/wp-content\/uploads\/sites\/2\/2025\/12\/Meta-Human-health.png\",\"width\":1024,\"height\":768},{\"@type\":\"BreadcrumbList\",\"@id\":\"https:\/\/siranius.com\/about\/#breadcrumb\",\"itemListElement\":[{\"@type\":\"ListItem\",\"position\":1,\"name\":\"Home\",\"item\":\"https:\/\/siranius.com\/\"},{\"@type\":\"ListItem\",\"position\":2,\"name\":\"The company\"}]},{\"@type\":\"WebSite\",\"@id\":\"https:\/\/siranius.com\/#website\",\"url\":\"https:\/\/siranius.com\/\",\"name\":\"Siranius\",\"description\":\"Lignin powered nutraceuticals\",\"potentialAction\":[{\"@type\":\"SearchAction\",\"target\":{\"@type\":\"EntryPoint\",\"urlTemplate\":\"https:\/\/siranius.com\/?s={search_term_string}\"},\"query-input\":{\"@type\":\"PropertyValueSpecification\",\"valueRequired\":true,\"valueName\":\"search_term_string\"}}],\"inLanguage\":\"es\"}]}<\/script>\n<!-- \/ Yoast SEO plugin. -->","yoast_head_json":{"title":"La empresa - Siranius","description":"Descubra la historia, la misi\u00f3n y los valores de Siranius, un equipo dedicado a la innovaci\u00f3n sanitaria sostenible basada en la ciencia, arraigada en la lignina y con un impacto real en las personas.","robots":{"index":"index","follow":"follow","max-snippet":"max-snippet:-1","max-image-preview":"max-image-preview:large","max-video-preview":"max-video-preview:-1"},"canonical":"https:\/\/siranius.com\/es\/acerca-de\/","og_locale":"es_MX","og_type":"article","og_title":"The company - Siranius","og_description":"Discover Siranius\u2019 story, mission and values \u2014 a team dedicated to science-led, sustainable health innovation rooted in lignin and real human impact.","og_url":"https:\/\/siranius.com\/es\/acerca-de\/","og_site_name":"Siranius","article_modified_time":"2025-12-16T20:42:38+00:00","og_image":[{"width":1024,"height":768,"url":"https:\/\/siranius.com\/wp-content\/uploads\/sites\/2\/2025\/12\/Meta-Human-health.png","type":"image\/png"}],"twitter_card":"summary_large_image","twitter_misc":{"Tiempo de lectura":"2 minutos"},"schema":{"@context":"https:\/\/schema.org","@graph":[{"@type":"WebPage","@id":"https:\/\/siranius.com\/about\/","url":"https:\/\/siranius.com\/about\/","name":"La empresa - Siranius","isPartOf":{"@id":"https:\/\/siranius.com\/#website"},"primaryImageOfPage":{"@id":"https:\/\/siranius.com\/about\/#primaryimage"},"image":{"@id":"https:\/\/siranius.com\/about\/#primaryimage"},"thumbnailUrl":"https:\/\/siranius.com\/wp-content\/uploads\/sites\/2\/2025\/12\/Meta-Human-health.png","datePublished":"2025-11-19T09:53:25+00:00","dateModified":"2025-12-16T20:42:38+00:00","description":"Descubra la historia, la misi\u00f3n y los valores de Siranius, un equipo dedicado a la innovaci\u00f3n sanitaria sostenible basada en la ciencia, arraigada en la lignina y con un impacto real en las personas.","breadcrumb":{"@id":"https:\/\/siranius.com\/about\/#breadcrumb"},"inLanguage":"es","potentialAction":[{"@type":"ReadAction","target":["https:\/\/siranius.com\/about\/"]}]},{"@type":"ImageObject","inLanguage":"es","@id":"https:\/\/siranius.com\/about\/#primaryimage","url":"https:\/\/siranius.com\/wp-content\/uploads\/sites\/2\/2025\/12\/Meta-Human-health.png","contentUrl":"https:\/\/siranius.com\/wp-content\/uploads\/sites\/2\/2025\/12\/Meta-Human-health.png","width":1024,"height":768},{"@type":"BreadcrumbList","@id":"https:\/\/siranius.com\/about\/#breadcrumb","itemListElement":[{"@type":"ListItem","position":1,"name":"Home","item":"https:\/\/siranius.com\/"},{"@type":"ListItem","position":2,"name":"The company"}]},{"@type":"WebSite","@id":"https:\/\/siranius.com\/#website","url":"https:\/\/siranius.com\/","name":"Siranius","description":"Nutrac\u00e9uticos a base de lignina","potentialAction":[{"@type":"SearchAction","target":{"@type":"EntryPoint","urlTemplate":"https:\/\/siranius.com\/?s={search_term_string}"},"query-input":{"@type":"PropertyValueSpecification","valueRequired":true,"valueName":"search_term_string"}}],"inLanguage":"es"}]}},"_links":{"self":[{"href":"https:\/\/siranius.com\/es\/wp-json\/wp\/v2\/pages\/35","targetHints":{"allow":["GET"]}}],"collection":[{"href":"https:\/\/siranius.com\/es\/wp-json\/wp\/v2\/pages"}],"about":[{"href":"https:\/\/siranius.com\/es\/wp-json\/wp\/v2\/types\/page"}],"author":[{"embeddable":true,"href":"https:\/\/siranius.com\/es\/wp-json\/wp\/v2\/users\/1"}],"replies":[{"embeddable":true,"href":"https:\/\/siranius.com\/es\/wp-json\/wp\/v2\/comments?post=35"}],"version-history":[{"count":20,"href":"https:\/\/siranius.com\/es\/wp-json\/wp\/v2\/pages\/35\/revisions"}],"predecessor-version":[{"id":476,"href":"https:\/\/siranius.com\/es\/wp-json\/wp\/v2\/pages\/35\/revisions\/476"}],"wp:featuredmedia":[{"embeddable":true,"href":"https:\/\/siranius.com\/es\/wp-json\/wp\/v2\/media\/505"}],"wp:attachment":[{"href":"https:\/\/siranius.com\/es\/wp-json\/wp\/v2\/media?parent=35"}],"curies":[{"name":"wp","href":"https:\/\/api.w.org\/{rel}","templated":true}]}}