{"id":33,"date":"2025-11-19T09:52:37","date_gmt":"2025-11-19T09:52:37","guid":{"rendered":"https:\/\/siranius.tanovis.linawang.se\/?page_id=33"},"modified":"2025-12-16T20:43:57","modified_gmt":"2025-12-16T20:43:57","slug":"biociencia","status":"publish","type":"page","link":"https:\/\/siranius.com\/es\/biociencia\/","title":{"rendered":"La ciencia"},"content":{"rendered":"<section class=\"title-text-block  bg-default\" >\n  <div class=\"title-text-block__inner container\">\n    <div class=\"title-text-block__title\">\n      <h2 class=\"title-xl animate-words\">20 a\u00f1os de investigaci\u00f3n. Y apenas estamos comenzando. <\/h2>\n    <\/div>\n    <div class=\"title-text-block__text fade-up-delay-600\">\n      <div class=\"body-lg\"><\/div>\n          <\/div>\n  <\/div>\n<\/section>\n\n\n<section class=\"quote   bg-default\" >\n  \n  <div class=\"container\">\n        <h3 class=\"quote__text animate-lines title-md\">\n      Hemos descubierto el poder oculto de la lignina, el compuesto natural responsable de la resistencia y defensa de las plantas. Con m\u00e1s de 20 a\u00f1os de investigaci\u00f3n a nuestras espaldas, somos pioneros en soluciones de salud basadas en la lignina.     <\/h3>\n          <\/div>\n\n<\/section>\n\n\n<section class=\"text container wysiwyg\" >\n                                      <h2 class=\"text__title fade-up\">\n            Mejorar la salud intestinal y la sostenibilidad<br \/><br \/>\r\n          <\/h2>\n                                                  <div class=\"text__body fade-up\">\n            <p><span style=\"font-weight: 400\">Desde trastornos metab\u00f3licos y enfermedades hep\u00e1ticas hasta disfunciones inmunitarias, problemas cardiovasculares, alergias y s\u00edndrome del intestino irritable. En todo el mundo est\u00e1n aumentando las enfermedades cr\u00f3nicas relacionadas con el desequilibrio intestinal. Numerosas investigaciones demuestran ahora c\u00f3mo las alteraciones de la flora intestinal pueden influir en la inflamaci\u00f3n, la regulaci\u00f3n inmunitaria y la resistencia general del organismo.<\/span><\/p>\n<p>&nbsp;<\/p>\n<p><span style=\"font-weight: 400\">Al mismo tiempo, la sociedad necesita soluciones que protejan tanto a las personas como al planeta. Trabajar con lignina, un pol\u00edmero vegetal abundante y renovable, nos permite cuidar la salud humana y reducir la dependencia de los materiales f\u00f3siles. <\/span><\/p>\n          <\/div>\n                    \n<\/section>\n\n\n<section class=\"numbers container  bg-default\" >\n  <h2 class=\"numbers__title\">El SII en cifras<\/h2>\n  <div class=\"numbers__inner\">\n        <div class=\"numbers__item\">\n      <h3 class=\"numbers__item-number title-xxl\"><span\n          class=\"numbers__item-number-animate\">11<\/span>%      <\/h3>\n      <p class=\"numbers__item-text body-sm\">De la poblaci\u00f3n mundial vive con SII.<\/p>\n    <\/div>\n        <div class=\"numbers__item\">\n      <h3 class=\"numbers__item-number title-xxl\"><span\n          class=\"numbers__item-number-animate\">15<\/span>%      <\/h3>\n      <p class=\"numbers__item-text body-sm\">Se estima que entre la poblaci\u00f3n de Europa, Estados Unidos y M\u00e9xico hay personas que padecen el s\u00edndrome del intestino irritable.<\/p>\n    <\/div>\n        <div class=\"numbers__item\">\n      <h3 class=\"numbers__item-number title-xxl\"><span\n          class=\"numbers__item-number-animate\">30<\/span>%      <\/h3>\n      <p class=\"numbers__item-text body-sm\">De las personas que experimentan s\u00edntomas del s\u00edndrome del intestino irritable, acuden al m\u00e9dico.<\/p>\n    <\/div>\n      <\/div>\n<\/section>\n\n\n<section class=\"text container wysiwyg\" >\n                              <div class=\"text__table fade-up\">\n                          <div class=\"text__table-column\">\n                                                  <p class=\"text__table-header body-md\">La lignina y la salud intestinal<\/p>\n                                                  <ul class=\"text__table-list\">\n                                                                                        <li class=\"text__table-item\">El desequilibrio intestinal est\u00e1 relacionado con la diabetes, las enfermedades hep\u00e1ticas, las afecciones cardiovasculares, los trastornos autoinmunitarios y el s\u00edndrome del intestino irritable.<\/li>\n                                                                                                              <li class=\"text__table-item\">Nuestros biopol\u00edmeros a base de lignina promueven un entorno intestinal m\u00e1s saludable, reducen la inflamaci\u00f3n y refuerzan el sistema inmunitario.<\/li>\n                                                                                                              <li class=\"text__table-item\">La capacidad natural de la lignina para influir en la flora intestinal le confiere el potencial de ayudar a tratar los s\u00edntomas cotidianos actuales y los principales retos sanitarios mundiales del futuro.<\/li>\n                                                            <\/ul>\n                              <\/div>\n                      <\/div>\n                    \n<\/section>\n\n\n<section class=\"card-slider\" id=\"card-slider-block_e26907cdc753f4ebd0f98a01e00cb9cd\" >\n  <div class=\"bg-decorator\"\n    ><\/div>\n\n      <div class=\"container\">\n      <div class=\"card-slider__cards swiper\">\n        <div class=\"swiper-wrapper\">\n                      <div class=\"swiper-slide\">\n              <div class=\"card-slider__cards-card cutout cutout-top-right aspect-ratio-1-1\">\n                                  <h3 class=\"card-slider__cards-card-title\">La lignina y la salud intestinal<\/h3>\n                                              <\/div>\n            <\/div>\n                      <div class=\"swiper-slide\">\n              <div class=\"card-slider__cards-card cutout cutout-top-right aspect-ratio-1-1\">\n                                                  <div class=\"card-slider__cards-card-text\">\n                    <p>El desequilibrio intestinal est\u00e1 relacionado con la diabetes, las enfermedades hep\u00e1ticas, las afecciones cardiovasculares, los trastornos autoinmunitarios y el s\u00edndrome del intestino irritable.<\/p>\n                  <\/div>\n                              <\/div>\n            <\/div>\n                      <div class=\"swiper-slide\">\n              <div class=\"card-slider__cards-card cutout cutout-top-right aspect-ratio-1-1\">\n                                                  <div class=\"card-slider__cards-card-text\">\n                    <p>Nuestros biopol\u00edmeros a base de lignina promueven un entorno intestinal m\u00e1s saludable, reducen la inflamaci\u00f3n y refuerzan el sistema inmunitario.<\/p>\n                  <\/div>\n                              <\/div>\n            <\/div>\n                      <div class=\"swiper-slide\">\n              <div class=\"card-slider__cards-card cutout cutout-top-right aspect-ratio-1-1\">\n                                                  <div class=\"card-slider__cards-card-text\">\n                    <p>La capacidad natural de la lignina para influir en la flora intestinal le da el potencial de ayudar a tratar los s\u00edntomas cotidianos actuales y los principales retos sanitarios mundiales del futuro.<\/p>\n                  <\/div>\n                              <\/div>\n            <\/div>\n                  <\/div>\n        <div class=\"swiper-pagination\"><\/div>\n      <\/div>\n        <\/div>\n\n    <script type=\"module\">\n      import Swiper from \"https:\/\/cdn.jsdelivr.net\/npm\/swiper@11\/swiper-bundle.min.mjs\";\n\n      \/\/ Initialize Swiper\n              const section = document.getElementById(\"card-slider-block_e26907cdc753f4ebd0f98a01e00cb9cd\");\n        const swiperEl = section?.querySelector(\".swiper\");\n        if (swiperEl) {\n          new Swiper(swiperEl, {\n            slidesPerView: 'auto',\n            spaceBetween: 20,\n            pagination: {\n              el: \".swiper-pagination\",\n              clickable: true,\n            },\n          });\n        }\n          <\/script>\n<\/section>\n\n\n<section class=\"text container wysiwyg\" >\n                                      <h3 class=\"text__title fade-up\">\n            Propiedades de la lignina y hallazgos cient\u00edficos          <\/h3>\n                                                  <div class=\"text__body fade-up\">\n            <p><span style=\"font-weight: 400\">La lignina es un pol\u00edmero fen\u00f3lico complejo dise\u00f1ado por la naturaleza para defender, estabilizar y proteger la vida vegetal. Las investigaciones de m\u00faltiples estudios demuestran su amplia bioactividad: propiedades antivirales, antioxidantes, antiinflamatorias, antimicrobianas e inmunomoduladoras, impulsadas en gran medida por su estructura polifen\u00f3lica altamente polimerizada.<\/span><\/p>\n<p>&nbsp;<\/p>\n<p><span style=\"font-weight: 400\">Se ha demostrado que nuestros biopol\u00edmeros a base de lignina favorecen un entorno intestinal m\u00e1s saludable, calman la irritaci\u00f3n y refuerzan la inmunidad. Su capacidad para unir toxinas, influir en el equilibrio de la microbiota y modular las v\u00edas inmunitarias se basa en m\u00e1s de 20 a\u00f1os de investigaci\u00f3n sobre la lignina en relaci\u00f3n con la salud intestinal, la inflamaci\u00f3n y la protecci\u00f3n intestinal.<\/span><\/p>\n          <\/div>\n                    \n<\/section>","protected":false},"excerpt":{"rendered":"","protected":false},"author":1,"featured_media":505,"parent":0,"menu_order":0,"comment_status":"closed","ping_status":"closed","template":"","meta":{"_acf_changed":false,"content-type":"","footnotes":""},"class_list":["post-33","page","type-page","status-publish","has-post-thumbnail","hentry"],"acf":[],"yoast_head":"<!-- This site is optimized with the Yoast SEO plugin v26.6 - https:\/\/yoast.com\/wordpress\/plugins\/seo\/ -->\n<title>The Science - Siranius<\/title>\n<meta name=\"description\" content=\"Discover the science behind lignin at Siranius \u2014 how bioscience research fuels sustainable health innovation and meaningful impact for people and planet.\" \/>\n<meta name=\"robots\" content=\"index, follow, max-snippet:-1, max-image-preview:large, max-video-preview:-1\" \/>\n<link rel=\"canonical\" href=\"https:\/\/siranius.com\/es\/biociencia\/\" \/>\n<meta property=\"og:locale\" content=\"es_MX\" \/>\n<meta property=\"og:type\" content=\"article\" \/>\n<meta property=\"og:title\" content=\"The Science - Siranius\" \/>\n<meta property=\"og:description\" content=\"Discover the science behind lignin at Siranius \u2014 how bioscience research fuels sustainable health innovation and meaningful impact for people and planet.\" \/>\n<meta property=\"og:url\" content=\"https:\/\/siranius.com\/es\/biociencia\/\" \/>\n<meta property=\"og:site_name\" content=\"Siranius\" \/>\n<meta property=\"article:modified_time\" content=\"2025-12-16T20:43:57+00:00\" \/>\n<meta property=\"og:image\" content=\"https:\/\/siranius.com\/wp-content\/uploads\/sites\/2\/2025\/12\/Meta-Human-health.png\" \/>\n\t<meta property=\"og:image:width\" content=\"1024\" \/>\n\t<meta property=\"og:image:height\" content=\"768\" \/>\n\t<meta property=\"og:image:type\" content=\"image\/png\" \/>\n<meta name=\"twitter:card\" content=\"summary_large_image\" \/>\n<meta name=\"twitter:label1\" content=\"Tiempo de lectura\" \/>\n\t<meta name=\"twitter:data1\" content=\"2 minutos\" \/>\n<script type=\"application\/ld+json\" class=\"yoast-schema-graph\">{\"@context\":\"https:\/\/schema.org\",\"@graph\":[{\"@type\":\"WebPage\",\"@id\":\"https:\/\/siranius.com\/bioscience\/\",\"url\":\"https:\/\/siranius.com\/bioscience\/\",\"name\":\"The Science - Siranius\",\"isPartOf\":{\"@id\":\"https:\/\/siranius.com\/#website\"},\"primaryImageOfPage\":{\"@id\":\"https:\/\/siranius.com\/bioscience\/#primaryimage\"},\"image\":{\"@id\":\"https:\/\/siranius.com\/bioscience\/#primaryimage\"},\"thumbnailUrl\":\"https:\/\/siranius.com\/wp-content\/uploads\/sites\/2\/2025\/12\/Meta-Human-health.png\",\"datePublished\":\"2025-11-19T09:52:37+00:00\",\"dateModified\":\"2025-12-16T20:43:57+00:00\",\"description\":\"Discover the science behind lignin at Siranius \u2014 how bioscience research fuels sustainable health innovation and meaningful impact for people and planet.\",\"breadcrumb\":{\"@id\":\"https:\/\/siranius.com\/bioscience\/#breadcrumb\"},\"inLanguage\":\"es\",\"potentialAction\":[{\"@type\":\"ReadAction\",\"target\":[\"https:\/\/siranius.com\/bioscience\/\"]}]},{\"@type\":\"ImageObject\",\"inLanguage\":\"es\",\"@id\":\"https:\/\/siranius.com\/bioscience\/#primaryimage\",\"url\":\"https:\/\/siranius.com\/wp-content\/uploads\/sites\/2\/2025\/12\/Meta-Human-health.png\",\"contentUrl\":\"https:\/\/siranius.com\/wp-content\/uploads\/sites\/2\/2025\/12\/Meta-Human-health.png\",\"width\":1024,\"height\":768},{\"@type\":\"BreadcrumbList\",\"@id\":\"https:\/\/siranius.com\/bioscience\/#breadcrumb\",\"itemListElement\":[{\"@type\":\"ListItem\",\"position\":1,\"name\":\"Home\",\"item\":\"https:\/\/siranius.com\/\"},{\"@type\":\"ListItem\",\"position\":2,\"name\":\"The Science\"}]},{\"@type\":\"WebSite\",\"@id\":\"https:\/\/siranius.com\/#website\",\"url\":\"https:\/\/siranius.com\/\",\"name\":\"Siranius\",\"description\":\"Lignin powered nutraceuticals\",\"potentialAction\":[{\"@type\":\"SearchAction\",\"target\":{\"@type\":\"EntryPoint\",\"urlTemplate\":\"https:\/\/siranius.com\/?s={search_term_string}\"},\"query-input\":{\"@type\":\"PropertyValueSpecification\",\"valueRequired\":true,\"valueName\":\"search_term_string\"}}],\"inLanguage\":\"es\"}]}<\/script>\n<!-- \/ Yoast SEO plugin. -->","yoast_head_json":{"title":"La ciencia - Siranius","description":"Descubra la ciencia que hay detr\u00e1s de la lignina en Siranius: c\u00f3mo la investigaci\u00f3n en biociencia impulsa la innovaci\u00f3n sostenible en salud y tiene un impacto significativo para las personas y el planeta.","robots":{"index":"index","follow":"follow","max-snippet":"max-snippet:-1","max-image-preview":"max-image-preview:large","max-video-preview":"max-video-preview:-1"},"canonical":"https:\/\/siranius.com\/es\/biociencia\/","og_locale":"es_MX","og_type":"article","og_title":"The Science - Siranius","og_description":"Discover the science behind lignin at Siranius \u2014 how bioscience research fuels sustainable health innovation and meaningful impact for people and planet.","og_url":"https:\/\/siranius.com\/es\/biociencia\/","og_site_name":"Siranius","article_modified_time":"2025-12-16T20:43:57+00:00","og_image":[{"width":1024,"height":768,"url":"https:\/\/siranius.com\/wp-content\/uploads\/sites\/2\/2025\/12\/Meta-Human-health.png","type":"image\/png"}],"twitter_card":"summary_large_image","twitter_misc":{"Tiempo de lectura":"2 minutos"},"schema":{"@context":"https:\/\/schema.org","@graph":[{"@type":"WebPage","@id":"https:\/\/siranius.com\/bioscience\/","url":"https:\/\/siranius.com\/bioscience\/","name":"La ciencia - Siranius","isPartOf":{"@id":"https:\/\/siranius.com\/#website"},"primaryImageOfPage":{"@id":"https:\/\/siranius.com\/bioscience\/#primaryimage"},"image":{"@id":"https:\/\/siranius.com\/bioscience\/#primaryimage"},"thumbnailUrl":"https:\/\/siranius.com\/wp-content\/uploads\/sites\/2\/2025\/12\/Meta-Human-health.png","datePublished":"2025-11-19T09:52:37+00:00","dateModified":"2025-12-16T20:43:57+00:00","description":"Descubra la ciencia que hay detr\u00e1s de la lignina en Siranius: c\u00f3mo la investigaci\u00f3n en biociencia impulsa la innovaci\u00f3n sostenible en salud y tiene un impacto significativo para las personas y el planeta.","breadcrumb":{"@id":"https:\/\/siranius.com\/bioscience\/#breadcrumb"},"inLanguage":"es","potentialAction":[{"@type":"ReadAction","target":["https:\/\/siranius.com\/bioscience\/"]}]},{"@type":"ImageObject","inLanguage":"es","@id":"https:\/\/siranius.com\/bioscience\/#primaryimage","url":"https:\/\/siranius.com\/wp-content\/uploads\/sites\/2\/2025\/12\/Meta-Human-health.png","contentUrl":"https:\/\/siranius.com\/wp-content\/uploads\/sites\/2\/2025\/12\/Meta-Human-health.png","width":1024,"height":768},{"@type":"BreadcrumbList","@id":"https:\/\/siranius.com\/bioscience\/#breadcrumb","itemListElement":[{"@type":"ListItem","position":1,"name":"Home","item":"https:\/\/siranius.com\/"},{"@type":"ListItem","position":2,"name":"The Science"}]},{"@type":"WebSite","@id":"https:\/\/siranius.com\/#website","url":"https:\/\/siranius.com\/","name":"Siranius","description":"Nutrac\u00e9uticos a base de lignina","potentialAction":[{"@type":"SearchAction","target":{"@type":"EntryPoint","urlTemplate":"https:\/\/siranius.com\/?s={search_term_string}"},"query-input":{"@type":"PropertyValueSpecification","valueRequired":true,"valueName":"search_term_string"}}],"inLanguage":"es"}]}},"_links":{"self":[{"href":"https:\/\/siranius.com\/es\/wp-json\/wp\/v2\/pages\/33","targetHints":{"allow":["GET"]}}],"collection":[{"href":"https:\/\/siranius.com\/es\/wp-json\/wp\/v2\/pages"}],"about":[{"href":"https:\/\/siranius.com\/es\/wp-json\/wp\/v2\/types\/page"}],"author":[{"embeddable":true,"href":"https:\/\/siranius.com\/es\/wp-json\/wp\/v2\/users\/1"}],"replies":[{"embeddable":true,"href":"https:\/\/siranius.com\/es\/wp-json\/wp\/v2\/comments?post=33"}],"version-history":[{"count":20,"href":"https:\/\/siranius.com\/es\/wp-json\/wp\/v2\/pages\/33\/revisions"}],"predecessor-version":[{"id":246,"href":"https:\/\/siranius.com\/es\/wp-json\/wp\/v2\/pages\/33\/revisions\/246"}],"wp:featuredmedia":[{"embeddable":true,"href":"https:\/\/siranius.com\/es\/wp-json\/wp\/v2\/media\/505"}],"wp:attachment":[{"href":"https:\/\/siranius.com\/es\/wp-json\/wp\/v2\/media?parent=33"}],"curies":[{"name":"wp","href":"https:\/\/api.w.org\/{rel}","templated":true}]}}