{"id":31,"date":"2025-11-19T09:52:04","date_gmt":"2025-11-19T09:52:04","guid":{"rendered":"https:\/\/siranius.tanovis.linawang.se\/?page_id=31"},"modified":"2025-12-22T20:12:03","modified_gmt":"2025-12-22T20:12:03","slug":"propiedades-de-la-lignina","status":"publish","type":"page","link":"https:\/\/siranius.com\/es\/propiedades-de-la-lignina\/","title":{"rendered":"Lignina"},"content":{"rendered":"<section\n  class=\"tanovis_sub_hero  sub_hero--bg-medium split\"\n  >\n  <div class=\"hero__media\">\n        \n    <div class=\"hero__symbol-container split\">\n      <div class=\"hero__symbol\">\n                  <img decoding=\"async\" class=\"hero__symbol\" src=\"https:\/\/siranius.com\/wp-content\/uploads\/sites\/2\/2025\/11\/image01.jpg\"\n            alt=\"\" \/>\n              <\/div>\n    <\/div>\n  <\/div>\n\n  <div class=\"hero__content container\">\n          <h1 class=\"hero__title title-lg\">La lignina es inteligencia natural pura.<\/h1>\n      <\/div>\n<\/section>\n\n\n<section class=\"text container wysiwyg\" >\n                                      <div class=\"text__body fade-up\">\n            <p><span style=\"font-weight: 400\">La lignina es el compuesto natural responsable de la resistencia y defensa de las plantas. As\u00ed pues,  nuestros biopol\u00edmeros naturales promueven un entorno intestinal saludable, al tiempo que calman la inflamaci\u00f3n y refuerzan la inmunidad. <\/span><\/p>\n          <\/div>\n                    \n<\/section>\n\n\n<section class=\"text-columns container  bg-default\" >\n  <div class=\"text-columns__inner\">\n    <div class=\"text-columns__col-title\">\n      <h2 class=\"title-md\">La ciencia detr\u00e1s del poder de las ligninas.<\/h2>\n    <\/div>\n    <div><\/div>\n    <div class=\"text-columns__col-1 fade-up-delay-200\">\n      <p>Trabajamos con lignina porque su estructura molecular tiene cualidades poco comunes que benefician directamente al intestino y al sistema inmunol\u00f3gico. Como biopol\u00edmero fen\u00f3lico complejo, la lignina interact\u00faa con el entorno intestinal de m\u00faltiples maneras:<\/p>\n    <\/div>\n    <div class=\"text-columns__col-2 fade-up-delay-600\">\n      <p>La lignina se une y neutraliza las toxinas cotidianas, favorece la diversidad microbiana y ayuda a modular las respuestas inflamatorias. Se ha demostrado que este biopol\u00edmero natural crea condiciones que favorecen un ecosistema intestinal equilibrado, por lo que calman la irritaci\u00f3n, inflamaci\u00f3n y refuerzan la inmunidad.<\/p>\n    <\/div>\n      <\/div>\n<\/section>\n\n\n<section class=\"stacked-texts container  bg-default\" >\n  <h2 class=\"stacked-texts__title body-md\">Lignina y salud intestinal<\/h2>\n  <div class=\"stacked-texts__inner\">\n            <div class=\"stacked-texts__section fade-up\">\n      <h3 class=\"stacked-texts__section-title title-md animate-words\">El reto<\/h3>\n      <div class=\"stacked-texts__section-text body-md fade-up-delay-600\"><p><span style=\"font-weight: 400;\">El desequilibrio intestinal est\u00e1 relacionado con la diabetes, las enfermedades hep\u00e1ticas, las afecciones cardiovasculares, los trastornos autoinmunitarios y el s\u00edndrome del intestino irritable.<\/span><\/p>\n<\/div>\n    <\/div>\n        <div class=\"stacked-texts__section fade-up\">\n      <h3 class=\"stacked-texts__section-title title-md animate-words\">Los resultados<\/h3>\n      <div class=\"stacked-texts__section-text body-md fade-up-delay-600\"><p><span style=\"font-weight: 400;\">Nuestros biopol\u00edmeros a base de lignina promueven un entorno intestinal m\u00e1s saludable, reducen la inflamaci\u00f3n y refuerzan el sistema inmunol\u00f3gico.<\/span>y<span style=\"font-weight: 400;\">.<\/span><\/p>\n<\/div>\n    <\/div>\n        <div class=\"stacked-texts__section fade-up\">\n      <h3 class=\"stacked-texts__section-title title-md animate-words\">El potencial<\/h3>\n      <div class=\"stacked-texts__section-text body-md fade-up-delay-600\"><p><span style=\"font-weight: 400;\">La capacidad natural de la lignina para influir en la flora intestinal le da el potencial de ayudar a tratar los s\u00edntomas cotidianos actuales y los principales retos sanitarios mundiales del futuro.<\/span><\/p>\n<\/div>\n    <\/div>\n          <\/div>\n<\/section>","protected":false},"excerpt":{"rendered":"","protected":false},"author":1,"featured_media":504,"parent":0,"menu_order":0,"comment_status":"closed","ping_status":"closed","template":"","meta":{"_acf_changed":false,"content-type":"","footnotes":""},"class_list":["post-31","page","type-page","status-publish","has-post-thumbnail","hentry"],"acf":[],"yoast_head":"<!-- This site is optimized with the Yoast SEO plugin v26.6 - https:\/\/yoast.com\/wordpress\/plugins\/seo\/ -->\n<title>Lignin - Siranius<\/title>\n<meta name=\"description\" content=\"Learn about lignin\u2019s properties and why they matter. Siranius breaks down its benefits, characteristics and role in sustainable health and material solutions.\" \/>\n<meta name=\"robots\" content=\"index, follow, max-snippet:-1, max-image-preview:large, max-video-preview:-1\" \/>\n<link rel=\"canonical\" href=\"https:\/\/siranius.com\/es\/propiedades-de-la-lignina\/\" \/>\n<meta property=\"og:locale\" content=\"es_MX\" \/>\n<meta property=\"og:type\" content=\"article\" \/>\n<meta property=\"og:title\" content=\"Lignin - Siranius\" \/>\n<meta property=\"og:description\" content=\"Learn about lignin\u2019s properties and why they matter. Siranius breaks down its benefits, characteristics and role in sustainable health and material solutions.\" \/>\n<meta property=\"og:url\" content=\"https:\/\/siranius.com\/es\/propiedades-de-la-lignina\/\" \/>\n<meta property=\"og:site_name\" content=\"Siranius\" \/>\n<meta property=\"article:modified_time\" content=\"2025-12-22T20:12:03+00:00\" \/>\n<meta property=\"og:image\" content=\"https:\/\/siranius.com\/wp-content\/uploads\/sites\/2\/2025\/12\/Meta-The-company.png\" \/>\n\t<meta property=\"og:image:width\" content=\"1024\" \/>\n\t<meta property=\"og:image:height\" content=\"768\" \/>\n\t<meta property=\"og:image:type\" content=\"image\/png\" \/>\n<meta name=\"twitter:card\" content=\"summary_large_image\" \/>\n<meta name=\"twitter:label1\" content=\"Tiempo de lectura\" \/>\n\t<meta name=\"twitter:data1\" content=\"1 minuto\" \/>\n<script type=\"application\/ld+json\" class=\"yoast-schema-graph\">{\"@context\":\"https:\/\/schema.org\",\"@graph\":[{\"@type\":\"WebPage\",\"@id\":\"https:\/\/siranius.com\/lignin-properties\/\",\"url\":\"https:\/\/siranius.com\/lignin-properties\/\",\"name\":\"Lignin - Siranius\",\"isPartOf\":{\"@id\":\"https:\/\/siranius.com\/#website\"},\"primaryImageOfPage\":{\"@id\":\"https:\/\/siranius.com\/lignin-properties\/#primaryimage\"},\"image\":{\"@id\":\"https:\/\/siranius.com\/lignin-properties\/#primaryimage\"},\"thumbnailUrl\":\"https:\/\/siranius.com\/wp-content\/uploads\/sites\/2\/2025\/12\/Meta-The-company.png\",\"datePublished\":\"2025-11-19T09:52:04+00:00\",\"dateModified\":\"2025-12-22T20:12:03+00:00\",\"description\":\"Learn about lignin\u2019s properties and why they matter. Siranius breaks down its benefits, characteristics and role in sustainable health and material solutions.\",\"breadcrumb\":{\"@id\":\"https:\/\/siranius.com\/lignin-properties\/#breadcrumb\"},\"inLanguage\":\"es\",\"potentialAction\":[{\"@type\":\"ReadAction\",\"target\":[\"https:\/\/siranius.com\/lignin-properties\/\"]}]},{\"@type\":\"ImageObject\",\"inLanguage\":\"es\",\"@id\":\"https:\/\/siranius.com\/lignin-properties\/#primaryimage\",\"url\":\"https:\/\/siranius.com\/wp-content\/uploads\/sites\/2\/2025\/12\/Meta-The-company.png\",\"contentUrl\":\"https:\/\/siranius.com\/wp-content\/uploads\/sites\/2\/2025\/12\/Meta-The-company.png\",\"width\":1024,\"height\":768},{\"@type\":\"BreadcrumbList\",\"@id\":\"https:\/\/siranius.com\/lignin-properties\/#breadcrumb\",\"itemListElement\":[{\"@type\":\"ListItem\",\"position\":1,\"name\":\"Home\",\"item\":\"https:\/\/siranius.com\/\"},{\"@type\":\"ListItem\",\"position\":2,\"name\":\"Lignin\"}]},{\"@type\":\"WebSite\",\"@id\":\"https:\/\/siranius.com\/#website\",\"url\":\"https:\/\/siranius.com\/\",\"name\":\"Siranius\",\"description\":\"Lignin powered nutraceuticals\",\"potentialAction\":[{\"@type\":\"SearchAction\",\"target\":{\"@type\":\"EntryPoint\",\"urlTemplate\":\"https:\/\/siranius.com\/?s={search_term_string}\"},\"query-input\":{\"@type\":\"PropertyValueSpecification\",\"valueRequired\":true,\"valueName\":\"search_term_string\"}}],\"inLanguage\":\"es\"}]}<\/script>\n<!-- \/ Yoast SEO plugin. -->","yoast_head_json":{"title":"Lignina - Siranius","description":"Conozca las propiedades de la lignina y por qu\u00e9 son importantes. Siranius analiza sus beneficios, caracter\u00edsticas y funci\u00f3n en soluciones sostenibles para la salud y los materiales.","robots":{"index":"index","follow":"follow","max-snippet":"max-snippet:-1","max-image-preview":"max-image-preview:large","max-video-preview":"max-video-preview:-1"},"canonical":"https:\/\/siranius.com\/es\/propiedades-de-la-lignina\/","og_locale":"es_MX","og_type":"article","og_title":"Lignin - Siranius","og_description":"Learn about lignin\u2019s properties and why they matter. Siranius breaks down its benefits, characteristics and role in sustainable health and material solutions.","og_url":"https:\/\/siranius.com\/es\/propiedades-de-la-lignina\/","og_site_name":"Siranius","article_modified_time":"2025-12-22T20:12:03+00:00","og_image":[{"width":1024,"height":768,"url":"https:\/\/siranius.com\/wp-content\/uploads\/sites\/2\/2025\/12\/Meta-The-company.png","type":"image\/png"}],"twitter_card":"summary_large_image","twitter_misc":{"Tiempo de lectura":"1 minuto"},"schema":{"@context":"https:\/\/schema.org","@graph":[{"@type":"WebPage","@id":"https:\/\/siranius.com\/lignin-properties\/","url":"https:\/\/siranius.com\/lignin-properties\/","name":"Lignina - Siranius","isPartOf":{"@id":"https:\/\/siranius.com\/#website"},"primaryImageOfPage":{"@id":"https:\/\/siranius.com\/lignin-properties\/#primaryimage"},"image":{"@id":"https:\/\/siranius.com\/lignin-properties\/#primaryimage"},"thumbnailUrl":"https:\/\/siranius.com\/wp-content\/uploads\/sites\/2\/2025\/12\/Meta-The-company.png","datePublished":"2025-11-19T09:52:04+00:00","dateModified":"2025-12-22T20:12:03+00:00","description":"Conozca las propiedades de la lignina y por qu\u00e9 son importantes. Siranius analiza sus beneficios, caracter\u00edsticas y funci\u00f3n en soluciones sostenibles para la salud y los materiales.","breadcrumb":{"@id":"https:\/\/siranius.com\/lignin-properties\/#breadcrumb"},"inLanguage":"es","potentialAction":[{"@type":"ReadAction","target":["https:\/\/siranius.com\/lignin-properties\/"]}]},{"@type":"ImageObject","inLanguage":"es","@id":"https:\/\/siranius.com\/lignin-properties\/#primaryimage","url":"https:\/\/siranius.com\/wp-content\/uploads\/sites\/2\/2025\/12\/Meta-The-company.png","contentUrl":"https:\/\/siranius.com\/wp-content\/uploads\/sites\/2\/2025\/12\/Meta-The-company.png","width":1024,"height":768},{"@type":"BreadcrumbList","@id":"https:\/\/siranius.com\/lignin-properties\/#breadcrumb","itemListElement":[{"@type":"ListItem","position":1,"name":"Home","item":"https:\/\/siranius.com\/"},{"@type":"ListItem","position":2,"name":"Lignin"}]},{"@type":"WebSite","@id":"https:\/\/siranius.com\/#website","url":"https:\/\/siranius.com\/","name":"Siranius","description":"Nutrac\u00e9uticos a base de lignina","potentialAction":[{"@type":"SearchAction","target":{"@type":"EntryPoint","urlTemplate":"https:\/\/siranius.com\/?s={search_term_string}"},"query-input":{"@type":"PropertyValueSpecification","valueRequired":true,"valueName":"search_term_string"}}],"inLanguage":"es"}]}},"_links":{"self":[{"href":"https:\/\/siranius.com\/es\/wp-json\/wp\/v2\/pages\/31","targetHints":{"allow":["GET"]}}],"collection":[{"href":"https:\/\/siranius.com\/es\/wp-json\/wp\/v2\/pages"}],"about":[{"href":"https:\/\/siranius.com\/es\/wp-json\/wp\/v2\/types\/page"}],"author":[{"embeddable":true,"href":"https:\/\/siranius.com\/es\/wp-json\/wp\/v2\/users\/1"}],"replies":[{"embeddable":true,"href":"https:\/\/siranius.com\/es\/wp-json\/wp\/v2\/comments?post=31"}],"version-history":[{"count":18,"href":"https:\/\/siranius.com\/es\/wp-json\/wp\/v2\/pages\/31\/revisions"}],"predecessor-version":[{"id":534,"href":"https:\/\/siranius.com\/es\/wp-json\/wp\/v2\/pages\/31\/revisions\/534"}],"wp:featuredmedia":[{"embeddable":true,"href":"https:\/\/siranius.com\/es\/wp-json\/wp\/v2\/media\/504"}],"wp:attachment":[{"href":"https:\/\/siranius.com\/es\/wp-json\/wp\/v2\/media?parent=31"}],"curies":[{"name":"wp","href":"https:\/\/api.w.org\/{rel}","templated":true}]}}