{"id":25,"date":"2025-11-19T09:50:13","date_gmt":"2025-11-19T09:50:13","guid":{"rendered":"https:\/\/siranius.tanovis.linawang.se\/?page_id=25"},"modified":"2025-12-16T20:41:10","modified_gmt":"2025-12-16T20:41:10","slug":"sostenibilidad","status":"publish","type":"page","link":"https:\/\/siranius.com\/es\/sostenibilidad\/","title":{"rendered":"Sostenibilidad"},"content":{"rendered":"<section\n  class=\"tanovis_sub_hero  sub_hero--bg-light split\"\n  >\n  <div class=\"hero__media\">\n        \n    <div class=\"hero__symbol-container split\">\n      <div class=\"hero__symbol\">\n                  <img decoding=\"async\" class=\"hero__symbol\" src=\"https:\/\/siranius.com\/wp-content\/uploads\/sites\/2\/2025\/11\/image08.jpg\"\n            alt=\"\" \/>\n              <\/div>\n    <\/div>\n  <\/div>\n\n  <div class=\"hero__content container\">\n          <h1 class=\"hero__title title-lg\">Nos dedicamos a la ciencia desde la ra\u00edz. Literalmente.<\/h1>\n      <\/div>\n<\/section>\n\n\n<section class=\"text container wysiwyg\" >\n                                      <div class=\"text__body fade-up\">\n            <p>Desde la paja de trigo que obtenemos hasta nuestro sistema de producci\u00f3n, el prop\u00f3sito y la circularidad est\u00e1n integrados en cada paso de nuestro camino. Buscamos constantemente formas m\u00e1s inteligentes de reducir el impacto ambiental y aumentar el valor para la salud de las personas. Cada decisi\u00f3n que tomamos se gu\u00eda por la creencia de que la sostenibilidad no es una caracter\u00edstica m\u00e1s, sino la base.<\/p>\n          <\/div>\n                    \n<\/section>\n\n\n<section class=\"text-columns container  bg-default\" >\n  <div class=\"text-columns__inner\">\n    <div class=\"text-columns__col-title\">\n      <h2 class=\"title-md\">Un recurso natural upcycled<\/h2>\n    <\/div>\n    <div><\/div>\n    <div class=\"text-columns__col-1 fade-up-delay-200\">\n      <p>Obtenemos lignina a partir de subproductos agr\u00edcolas que, de otro modo, ser\u00edan quemados o desechados. Mediante el upcycling y la modificaci\u00f3n de este abundante biopol\u00edmero, reutilizamos residuos de la producci\u00f3n basada en combustibles f\u00f3siles, reducimos las emisiones de carbono y creamos una materia prima circular para soluciones relacionadas con la salud humana.<\/p>\n    <\/div>\n    <div class=\"text-columns__col-2 fade-up-delay-600\">\n      <p>Este enfoque convierte un recurso natural infrautilizado en un trampol\u00edn para lograr un impacto sostenible. As\u00ed es como el uso de biociencia y el abastecimiento responsable pueden trabajar de la mano para abrir posibilidades m\u00e1s saludables tanto para las personas como para el planeta.<\/p>\n    <\/div>\n      <\/div>\n<\/section>\n\n\n<section class=\"text container wysiwyg\" >\n                              <div class=\"text__table fade-up\">\n                          <div class=\"text__table-column\">\n                                                  <p class=\"text__table-header body-md\">Nuestro proceso<\/p>\n                                              <\/div>\n                      <\/div>\n                                                  <div class=\"text__image fade-up\">\n            <img loading=\"lazy\" decoding=\"async\" width=\"1920\" height=\"300\" src=\"https:\/\/siranius.com\/wp-content\/uploads\/sites\/2\/2025\/12\/Siranius-Our-base-model-beige-1.jpg\" class=\"text__image-img\" alt=\"\" srcset=\"https:\/\/siranius.com\/wp-content\/uploads\/sites\/2\/2025\/12\/Siranius-Our-base-model-beige-1.jpg 1920w, https:\/\/siranius.com\/wp-content\/uploads\/sites\/2\/2025\/12\/Siranius-Our-base-model-beige-1-300x47.jpg 300w, https:\/\/siranius.com\/wp-content\/uploads\/sites\/2\/2025\/12\/Siranius-Our-base-model-beige-1-1024x160.jpg 1024w, https:\/\/siranius.com\/wp-content\/uploads\/sites\/2\/2025\/12\/Siranius-Our-base-model-beige-1-768x120.jpg 768w, https:\/\/siranius.com\/wp-content\/uploads\/sites\/2\/2025\/12\/Siranius-Our-base-model-beige-1-1536x240.jpg 1536w\" sizes=\"auto, (max-width: 1920px) 100vw, 1920px\" \/>          <\/div>\n                    \n<\/section>\n\n\n<section class=\"text-columns container  bg-default\" >\n  <div class=\"text-columns__inner\">\n    <div class=\"text-columns__col-title\">\n      <h2 class=\"title-md\">Innovaci\u00f3n y producci\u00f3n responsables<\/h2>\n    <\/div>\n    <div><\/div>\n    <div class=\"text-columns__col-1 fade-up-delay-200\">\n      <p><span style=\"font-weight: 400;\">Utilizamos un proceso de producci\u00f3n dise\u00f1ado para preservar la integridad molecular de la lignina y, al mismo tiempo, reducir al m\u00ednimo el consumo de energ\u00eda y los residuos. Mediante la combinaci\u00f3n de un fraccionamiento suave, una formulaci\u00f3n precisa y sistemas de servicios p\u00fablicos de circuito cerrado, minimizamos el consumo de recursos y el impacto ambiental.\u00a0<\/span><\/p>\n    <\/div>\n    <div class=\"text-columns__col-2 fade-up-delay-600\">\n      <p><span style=\"font-weight: 400;\">Todos los productos que lanzamos al mercado reflejan nuestro compromiso con la innovaci\u00f3n respetuosa con el planeta y con la salud.<\/span><\/p>\n    <\/div>\n      <\/div>\n<\/section>\n\n\n<section class=\"quote   bg-default\" >\n    <img decoding=\"async\" class=\"quote__bg\" src=\"https:\/\/siranius.com\/wp-content\/uploads\/sites\/2\/2025\/11\/Image05.jpg\" alt=\"\" \/>\n  \n  <div class=\"container\">\n        <h3 class=\"quote__text animate-lines title-xl\">\n      \u201dEl prop\u00f3sito y la circularidad est\u00e1n integrados en cada paso de nuestro camino\u201d.\u201d    <\/h3>\n          <\/div>\n\n<\/section>","protected":false},"excerpt":{"rendered":"","protected":false},"author":1,"featured_media":504,"parent":0,"menu_order":0,"comment_status":"closed","ping_status":"closed","template":"","meta":{"_acf_changed":false,"content-type":"","footnotes":""},"class_list":["post-25","page","type-page","status-publish","has-post-thumbnail","hentry"],"acf":[],"yoast_head":"<!-- This site is optimized with the Yoast SEO plugin v26.6 - https:\/\/yoast.com\/wordpress\/plugins\/seo\/ -->\n<title>Sustainability - Siranius<\/title>\n<meta name=\"description\" content=\"Explore Siranius\u2019 sustainability journey \u2014 how we combine science, responsibility and eco-friendly practices in lignin-based health innovation that matters.\" \/>\n<meta name=\"robots\" content=\"index, follow, max-snippet:-1, max-image-preview:large, max-video-preview:-1\" \/>\n<link rel=\"canonical\" href=\"https:\/\/siranius.com\/es\/sostenibilidad\/\" \/>\n<meta property=\"og:locale\" content=\"es_MX\" \/>\n<meta property=\"og:type\" content=\"article\" \/>\n<meta property=\"og:title\" content=\"Sustainability - Siranius\" \/>\n<meta property=\"og:description\" content=\"Explore Siranius\u2019 sustainability journey \u2014 how we combine science, responsibility and eco-friendly practices in lignin-based health innovation that matters.\" \/>\n<meta property=\"og:url\" content=\"https:\/\/siranius.com\/es\/sostenibilidad\/\" \/>\n<meta property=\"og:site_name\" content=\"Siranius\" \/>\n<meta property=\"article:modified_time\" content=\"2025-12-16T20:41:10+00:00\" \/>\n<meta property=\"og:image\" content=\"https:\/\/siranius.com\/wp-content\/uploads\/sites\/2\/2025\/12\/Meta-The-company.png\" \/>\n\t<meta property=\"og:image:width\" content=\"1024\" \/>\n\t<meta property=\"og:image:height\" content=\"768\" \/>\n\t<meta property=\"og:image:type\" content=\"image\/png\" \/>\n<meta name=\"twitter:card\" content=\"summary_large_image\" \/>\n<meta name=\"twitter:label1\" content=\"Tiempo de lectura\" \/>\n\t<meta name=\"twitter:data1\" content=\"2 minutos\" \/>\n<script type=\"application\/ld+json\" class=\"yoast-schema-graph\">{\"@context\":\"https:\/\/schema.org\",\"@graph\":[{\"@type\":\"WebPage\",\"@id\":\"https:\/\/siranius.com\/sustainability\/\",\"url\":\"https:\/\/siranius.com\/sustainability\/\",\"name\":\"Sustainability - Siranius\",\"isPartOf\":{\"@id\":\"https:\/\/siranius.com\/#website\"},\"primaryImageOfPage\":{\"@id\":\"https:\/\/siranius.com\/sustainability\/#primaryimage\"},\"image\":{\"@id\":\"https:\/\/siranius.com\/sustainability\/#primaryimage\"},\"thumbnailUrl\":\"https:\/\/siranius.com\/wp-content\/uploads\/sites\/2\/2025\/12\/Meta-The-company.png\",\"datePublished\":\"2025-11-19T09:50:13+00:00\",\"dateModified\":\"2025-12-16T20:41:10+00:00\",\"description\":\"Explore Siranius\u2019 sustainability journey \u2014 how we combine science, responsibility and eco-friendly practices in lignin-based health innovation that matters.\",\"breadcrumb\":{\"@id\":\"https:\/\/siranius.com\/sustainability\/#breadcrumb\"},\"inLanguage\":\"es\",\"potentialAction\":[{\"@type\":\"ReadAction\",\"target\":[\"https:\/\/siranius.com\/sustainability\/\"]}]},{\"@type\":\"ImageObject\",\"inLanguage\":\"es\",\"@id\":\"https:\/\/siranius.com\/sustainability\/#primaryimage\",\"url\":\"https:\/\/siranius.com\/wp-content\/uploads\/sites\/2\/2025\/12\/Meta-The-company.png\",\"contentUrl\":\"https:\/\/siranius.com\/wp-content\/uploads\/sites\/2\/2025\/12\/Meta-The-company.png\",\"width\":1024,\"height\":768},{\"@type\":\"BreadcrumbList\",\"@id\":\"https:\/\/siranius.com\/sustainability\/#breadcrumb\",\"itemListElement\":[{\"@type\":\"ListItem\",\"position\":1,\"name\":\"Home\",\"item\":\"https:\/\/siranius.com\/\"},{\"@type\":\"ListItem\",\"position\":2,\"name\":\"Sustainability\"}]},{\"@type\":\"WebSite\",\"@id\":\"https:\/\/siranius.com\/#website\",\"url\":\"https:\/\/siranius.com\/\",\"name\":\"Siranius\",\"description\":\"Lignin powered nutraceuticals\",\"potentialAction\":[{\"@type\":\"SearchAction\",\"target\":{\"@type\":\"EntryPoint\",\"urlTemplate\":\"https:\/\/siranius.com\/?s={search_term_string}\"},\"query-input\":{\"@type\":\"PropertyValueSpecification\",\"valueRequired\":true,\"valueName\":\"search_term_string\"}}],\"inLanguage\":\"es\"}]}<\/script>\n<!-- \/ Yoast SEO plugin. -->","yoast_head_json":{"title":"Sostenibilidad - Siranius","description":"Descubra el camino hacia la sostenibilidad de Siranius: c\u00f3mo combinamos ciencia, responsabilidad y pr\u00e1cticas ecol\u00f3gicas en innovaciones importantes para la salud basadas en la lignina.","robots":{"index":"index","follow":"follow","max-snippet":"max-snippet:-1","max-image-preview":"max-image-preview:large","max-video-preview":"max-video-preview:-1"},"canonical":"https:\/\/siranius.com\/es\/sostenibilidad\/","og_locale":"es_MX","og_type":"article","og_title":"Sustainability - Siranius","og_description":"Explore Siranius\u2019 sustainability journey \u2014 how we combine science, responsibility and eco-friendly practices in lignin-based health innovation that matters.","og_url":"https:\/\/siranius.com\/es\/sostenibilidad\/","og_site_name":"Siranius","article_modified_time":"2025-12-16T20:41:10+00:00","og_image":[{"width":1024,"height":768,"url":"https:\/\/siranius.com\/wp-content\/uploads\/sites\/2\/2025\/12\/Meta-The-company.png","type":"image\/png"}],"twitter_card":"summary_large_image","twitter_misc":{"Tiempo de lectura":"2 minutos"},"schema":{"@context":"https:\/\/schema.org","@graph":[{"@type":"WebPage","@id":"https:\/\/siranius.com\/sustainability\/","url":"https:\/\/siranius.com\/sustainability\/","name":"Sostenibilidad - Siranius","isPartOf":{"@id":"https:\/\/siranius.com\/#website"},"primaryImageOfPage":{"@id":"https:\/\/siranius.com\/sustainability\/#primaryimage"},"image":{"@id":"https:\/\/siranius.com\/sustainability\/#primaryimage"},"thumbnailUrl":"https:\/\/siranius.com\/wp-content\/uploads\/sites\/2\/2025\/12\/Meta-The-company.png","datePublished":"2025-11-19T09:50:13+00:00","dateModified":"2025-12-16T20:41:10+00:00","description":"Descubra el camino hacia la sostenibilidad de Siranius: c\u00f3mo combinamos ciencia, responsabilidad y pr\u00e1cticas ecol\u00f3gicas en innovaciones importantes para la salud basadas en la lignina.","breadcrumb":{"@id":"https:\/\/siranius.com\/sustainability\/#breadcrumb"},"inLanguage":"es","potentialAction":[{"@type":"ReadAction","target":["https:\/\/siranius.com\/sustainability\/"]}]},{"@type":"ImageObject","inLanguage":"es","@id":"https:\/\/siranius.com\/sustainability\/#primaryimage","url":"https:\/\/siranius.com\/wp-content\/uploads\/sites\/2\/2025\/12\/Meta-The-company.png","contentUrl":"https:\/\/siranius.com\/wp-content\/uploads\/sites\/2\/2025\/12\/Meta-The-company.png","width":1024,"height":768},{"@type":"BreadcrumbList","@id":"https:\/\/siranius.com\/sustainability\/#breadcrumb","itemListElement":[{"@type":"ListItem","position":1,"name":"Home","item":"https:\/\/siranius.com\/"},{"@type":"ListItem","position":2,"name":"Sustainability"}]},{"@type":"WebSite","@id":"https:\/\/siranius.com\/#website","url":"https:\/\/siranius.com\/","name":"Siranius","description":"Nutrac\u00e9uticos a base de lignina","potentialAction":[{"@type":"SearchAction","target":{"@type":"EntryPoint","urlTemplate":"https:\/\/siranius.com\/?s={search_term_string}"},"query-input":{"@type":"PropertyValueSpecification","valueRequired":true,"valueName":"search_term_string"}}],"inLanguage":"es"}]}},"_links":{"self":[{"href":"https:\/\/siranius.com\/es\/wp-json\/wp\/v2\/pages\/25","targetHints":{"allow":["GET"]}}],"collection":[{"href":"https:\/\/siranius.com\/es\/wp-json\/wp\/v2\/pages"}],"about":[{"href":"https:\/\/siranius.com\/es\/wp-json\/wp\/v2\/types\/page"}],"author":[{"embeddable":true,"href":"https:\/\/siranius.com\/es\/wp-json\/wp\/v2\/users\/1"}],"replies":[{"embeddable":true,"href":"https:\/\/siranius.com\/es\/wp-json\/wp\/v2\/comments?post=25"}],"version-history":[{"count":28,"href":"https:\/\/siranius.com\/es\/wp-json\/wp\/v2\/pages\/25\/revisions"}],"predecessor-version":[{"id":422,"href":"https:\/\/siranius.com\/es\/wp-json\/wp\/v2\/pages\/25\/revisions\/422"}],"wp:featuredmedia":[{"embeddable":true,"href":"https:\/\/siranius.com\/es\/wp-json\/wp\/v2\/media\/504"}],"wp:attachment":[{"href":"https:\/\/siranius.com\/es\/wp-json\/wp\/v2\/media?parent=25"}],"curies":[{"name":"wp","href":"https:\/\/api.w.org\/{rel}","templated":true}]}}