{"id":248,"date":"2025-11-30T19:32:17","date_gmt":"2025-11-30T19:32:17","guid":{"rendered":"https:\/\/siranius.tanovis.linawang.se\/?page_id=248"},"modified":"2025-12-16T19:04:37","modified_gmt":"2025-12-16T19:04:37","slug":"248-2","status":"publish","type":"page","link":"https:\/\/siranius.com\/es\/248-2\/","title":{"rendered":"Aviso legal"},"content":{"rendered":"<section class=\"text container wysiwyg\" >\n                                      <h2 class=\"text__title fade-up\">\n            Aviso legal          <\/h2>\n                                                  <div class=\"text__body fade-up\">\n            <p>Siranius AG<br \/>\nCalle Weingarten, 11<br \/>\n8803 R\u00fcschlikon<\/p>\n<p>Suiza<\/p>\n<p>+41 (0)44 500 7325<\/p>\n<p><a class=\"obfuscated-link\" href=\"mailto:info@plt-innovations.com\"><span class=\"obfuscated-link-text\">info@siranius.com<\/span><\/a><\/p>\n<p>&nbsp;<\/p>\n<p>Director general: Charles Walser<\/p>\n          <\/div>\n                    \n<\/section>\n\n\n<section class=\"text container wysiwyg\" >\n                                      <h2 class=\"text__title fade-up\">\n            Condiciones de uso          <\/h2>\n                                                  <div class=\"text__body fade-up\">\n            <p>Los materiales que aparecen en este sitio web, incluyendo, entre otros, todo el material escrito, fotograf\u00edas, ilustraciones, obras de arte y otros materiales gr\u00e1ficos, as\u00ed como nombres, logotipos, marcas comerciales y marcas de servicio, son propiedad de Siranius AG o de sus licenciantes y est\u00e1n protegidos por derechos de autor, marcas comerciales y otras leyes de propiedad intelectual. Cualquier contenido de este sitio web puede ser mostrado e impreso \u00fanicamente para su uso personal y no comercial. Usted se compromete a no reproducir, retransmitir, distribuir, difundir, vender, publicar, emitir o utilizar de cualquier otra forma cualquier material de este sitio web sin el consentimiento previo y expreso por escrito de Siranius AG.<\/p>\n<p>Este sitio web contiene enlaces a otros sitios. No nos hacemos responsables del contenido ni de las pr\u00e1cticas de privacidad de otros sitios web, por lo que le recomendamos que examine la pol\u00edtica de privacidad de cada sitio y tome sus propias decisiones con respecto a la exactitud, fiabilidad y correcci\u00f3n del material y la informaci\u00f3n que encuentre.<\/p>\n          <\/div>\n                                                  <h2 class=\"text__title fade-up\">\n            Descargo de responsabilidad          <\/h2>\n                                                  <div class=\"text__body fade-up\">\n            <p>Este sitio web contiene declaraciones prospectivas. Estas declaraciones se basan en expectativas y suposiciones actuales que est\u00e1n sujetas a riesgos e incertidumbres. Los resultados reales podr\u00edan diferir sustancialmente debido a factores tales como: cambios en las condiciones econ\u00f3micas generales que afectan a la demanda de los servicios y productos de Sirnaius AG; fluctuaciones monetarias; cambios tecnol\u00f3gicos; ciclos de vida de los productos; cambios en los t\u00e9rminos y condiciones de venta; la situaci\u00f3n financiera de los socios comerciales.<\/p>\n<p>No se puede garantizar que las hip\u00f3tesis y opiniones sobre el futuro sean correctas, ni que dichas estimaciones y proyecciones se cumplan.<\/p>\n<p>La informaci\u00f3n contenida en este sitio web ha sido obtenida por Siranius a partir de sus propios registros y de otras fuentes que se consideran confiables; sin embargo, no se garantiza su exactitud o integridad.<\/p>\n          <\/div>\n                    \n<\/section>","protected":false},"excerpt":{"rendered":"","protected":false},"author":1,"featured_media":504,"parent":0,"menu_order":0,"comment_status":"closed","ping_status":"closed","template":"","meta":{"_acf_changed":false,"content-type":"","footnotes":""},"class_list":["post-248","page","type-page","status-publish","has-post-thumbnail","hentry"],"acf":[],"yoast_head":"<!-- This site is optimized with the Yoast SEO plugin v26.6 - https:\/\/yoast.com\/wordpress\/plugins\/seo\/ -->\n<title>Impressum - Siranius<\/title>\n<meta name=\"robots\" content=\"index, follow, max-snippet:-1, max-image-preview:large, max-video-preview:-1\" \/>\n<link rel=\"canonical\" href=\"https:\/\/siranius.com\/es\/248-2\/\" \/>\n<meta property=\"og:locale\" content=\"es_MX\" \/>\n<meta property=\"og:type\" content=\"article\" \/>\n<meta property=\"og:title\" content=\"Impressum - Siranius\" \/>\n<meta property=\"og:url\" content=\"https:\/\/siranius.com\/es\/248-2\/\" \/>\n<meta property=\"og:site_name\" content=\"Siranius\" \/>\n<meta property=\"article:modified_time\" content=\"2025-12-16T19:04:37+00:00\" \/>\n<meta property=\"og:image\" content=\"https:\/\/siranius.com\/wp-content\/uploads\/sites\/2\/2025\/12\/Meta-The-company.png\" \/>\n\t<meta property=\"og:image:width\" content=\"1024\" \/>\n\t<meta property=\"og:image:height\" content=\"768\" \/>\n\t<meta property=\"og:image:type\" content=\"image\/png\" \/>\n<meta name=\"twitter:card\" content=\"summary_large_image\" \/>\n<meta name=\"twitter:label1\" content=\"Tiempo de lectura\" \/>\n\t<meta name=\"twitter:data1\" content=\"2 minutos\" \/>\n<script type=\"application\/ld+json\" class=\"yoast-schema-graph\">{\"@context\":\"https:\/\/schema.org\",\"@graph\":[{\"@type\":\"WebPage\",\"@id\":\"https:\/\/siranius.com\/248-2\/\",\"url\":\"https:\/\/siranius.com\/248-2\/\",\"name\":\"Impressum - Siranius\",\"isPartOf\":{\"@id\":\"https:\/\/siranius.com\/#website\"},\"primaryImageOfPage\":{\"@id\":\"https:\/\/siranius.com\/248-2\/#primaryimage\"},\"image\":{\"@id\":\"https:\/\/siranius.com\/248-2\/#primaryimage\"},\"thumbnailUrl\":\"https:\/\/siranius.com\/wp-content\/uploads\/sites\/2\/2025\/12\/Meta-The-company.png\",\"datePublished\":\"2025-11-30T19:32:17+00:00\",\"dateModified\":\"2025-12-16T19:04:37+00:00\",\"breadcrumb\":{\"@id\":\"https:\/\/siranius.com\/248-2\/#breadcrumb\"},\"inLanguage\":\"es\",\"potentialAction\":[{\"@type\":\"ReadAction\",\"target\":[\"https:\/\/siranius.com\/248-2\/\"]}]},{\"@type\":\"ImageObject\",\"inLanguage\":\"es\",\"@id\":\"https:\/\/siranius.com\/248-2\/#primaryimage\",\"url\":\"https:\/\/siranius.com\/wp-content\/uploads\/sites\/2\/2025\/12\/Meta-The-company.png\",\"contentUrl\":\"https:\/\/siranius.com\/wp-content\/uploads\/sites\/2\/2025\/12\/Meta-The-company.png\",\"width\":1024,\"height\":768},{\"@type\":\"BreadcrumbList\",\"@id\":\"https:\/\/siranius.com\/248-2\/#breadcrumb\",\"itemListElement\":[{\"@type\":\"ListItem\",\"position\":1,\"name\":\"Home\",\"item\":\"https:\/\/siranius.com\/\"},{\"@type\":\"ListItem\",\"position\":2,\"name\":\"Impressum\"}]},{\"@type\":\"WebSite\",\"@id\":\"https:\/\/siranius.com\/#website\",\"url\":\"https:\/\/siranius.com\/\",\"name\":\"Siranius\",\"description\":\"Lignin powered nutraceuticals\",\"potentialAction\":[{\"@type\":\"SearchAction\",\"target\":{\"@type\":\"EntryPoint\",\"urlTemplate\":\"https:\/\/siranius.com\/?s={search_term_string}\"},\"query-input\":{\"@type\":\"PropertyValueSpecification\",\"valueRequired\":true,\"valueName\":\"search_term_string\"}}],\"inLanguage\":\"es\"}]}<\/script>\n<!-- \/ Yoast SEO plugin. -->","yoast_head_json":{"title":"Aviso legal - Siranius","robots":{"index":"index","follow":"follow","max-snippet":"max-snippet:-1","max-image-preview":"max-image-preview:large","max-video-preview":"max-video-preview:-1"},"canonical":"https:\/\/siranius.com\/es\/248-2\/","og_locale":"es_MX","og_type":"article","og_title":"Impressum - Siranius","og_url":"https:\/\/siranius.com\/es\/248-2\/","og_site_name":"Siranius","article_modified_time":"2025-12-16T19:04:37+00:00","og_image":[{"width":1024,"height":768,"url":"https:\/\/siranius.com\/wp-content\/uploads\/sites\/2\/2025\/12\/Meta-The-company.png","type":"image\/png"}],"twitter_card":"summary_large_image","twitter_misc":{"Tiempo de lectura":"2 minutos"},"schema":{"@context":"https:\/\/schema.org","@graph":[{"@type":"WebPage","@id":"https:\/\/siranius.com\/248-2\/","url":"https:\/\/siranius.com\/248-2\/","name":"Aviso legal - Siranius","isPartOf":{"@id":"https:\/\/siranius.com\/#website"},"primaryImageOfPage":{"@id":"https:\/\/siranius.com\/248-2\/#primaryimage"},"image":{"@id":"https:\/\/siranius.com\/248-2\/#primaryimage"},"thumbnailUrl":"https:\/\/siranius.com\/wp-content\/uploads\/sites\/2\/2025\/12\/Meta-The-company.png","datePublished":"2025-11-30T19:32:17+00:00","dateModified":"2025-12-16T19:04:37+00:00","breadcrumb":{"@id":"https:\/\/siranius.com\/248-2\/#breadcrumb"},"inLanguage":"es","potentialAction":[{"@type":"ReadAction","target":["https:\/\/siranius.com\/248-2\/"]}]},{"@type":"ImageObject","inLanguage":"es","@id":"https:\/\/siranius.com\/248-2\/#primaryimage","url":"https:\/\/siranius.com\/wp-content\/uploads\/sites\/2\/2025\/12\/Meta-The-company.png","contentUrl":"https:\/\/siranius.com\/wp-content\/uploads\/sites\/2\/2025\/12\/Meta-The-company.png","width":1024,"height":768},{"@type":"BreadcrumbList","@id":"https:\/\/siranius.com\/248-2\/#breadcrumb","itemListElement":[{"@type":"ListItem","position":1,"name":"Home","item":"https:\/\/siranius.com\/"},{"@type":"ListItem","position":2,"name":"Impressum"}]},{"@type":"WebSite","@id":"https:\/\/siranius.com\/#website","url":"https:\/\/siranius.com\/","name":"Siranius","description":"Nutrac\u00e9uticos a base de lignina","potentialAction":[{"@type":"SearchAction","target":{"@type":"EntryPoint","urlTemplate":"https:\/\/siranius.com\/?s={search_term_string}"},"query-input":{"@type":"PropertyValueSpecification","valueRequired":true,"valueName":"search_term_string"}}],"inLanguage":"es"}]}},"_links":{"self":[{"href":"https:\/\/siranius.com\/es\/wp-json\/wp\/v2\/pages\/248","targetHints":{"allow":["GET"]}}],"collection":[{"href":"https:\/\/siranius.com\/es\/wp-json\/wp\/v2\/pages"}],"about":[{"href":"https:\/\/siranius.com\/es\/wp-json\/wp\/v2\/types\/page"}],"author":[{"embeddable":true,"href":"https:\/\/siranius.com\/es\/wp-json\/wp\/v2\/users\/1"}],"replies":[{"embeddable":true,"href":"https:\/\/siranius.com\/es\/wp-json\/wp\/v2\/comments?post=248"}],"version-history":[{"count":3,"href":"https:\/\/siranius.com\/es\/wp-json\/wp\/v2\/pages\/248\/revisions"}],"predecessor-version":[{"id":280,"href":"https:\/\/siranius.com\/es\/wp-json\/wp\/v2\/pages\/248\/revisions\/280"}],"wp:featuredmedia":[{"embeddable":true,"href":"https:\/\/siranius.com\/es\/wp-json\/wp\/v2\/media\/504"}],"wp:attachment":[{"href":"https:\/\/siranius.com\/es\/wp-json\/wp\/v2\/media?parent=248"}],"curies":[{"name":"wp","href":"https:\/\/api.w.org\/{rel}","templated":true}]}}