{"id":21,"date":"2025-11-19T09:49:24","date_gmt":"2025-11-19T09:49:24","guid":{"rendered":"https:\/\/siranius.tanovis.linawang.se\/?page_id=21"},"modified":"2025-12-16T20:34:00","modified_gmt":"2025-12-16T20:34:00","slug":"salud-humana","status":"publish","type":"page","link":"https:\/\/siranius.com\/es\/salud-humana\/","title":{"rendered":"Salud humana"},"content":{"rendered":"<section\n  class=\"tanovis_sub_hero  sub_hero--bg-medium split\"\n  >\n  <div class=\"hero__media\">\n              <img decoding=\"async\" class=\"hero__bg\" src=\"https:\/\/siranius.com\/wp-content\/uploads\/sites\/2\/2025\/11\/image01.jpg\" alt=\"\" \/>\n    \n    <div class=\"hero__symbol-container split\">\n      <div class=\"hero__symbol\">\n              <\/div>\n    <\/div>\n  <\/div>\n\n  <div class=\"hero__content container\">\n          <h1 class=\"hero__title title-lg\">Hay millones de razones para fortalecer el intestino.<\/h1>\n      <\/div>\n<\/section>\n\n\n<section class=\"text container wysiwyg\" id=\"Global-challenges\" >\n                                      <div class=\"text__body fade-up\">\n            <p>SII. Hinchaz\u00f3n. Diarrea. Hoy en d\u00eda, millones de personas luchan contra el desequilibrio intestinal y una salud intestinal impredecible. Con investigaciones a nivel mundial que relacionan a las bacterias intestinales con la de salud integral, estamos aqu\u00ed para ayudar a fortalecer y proteger lo que m\u00e1s importa.<\/p>\n          <\/div>\n                    \n<\/section>\n\n\n<section class=\"text-columns container  bg-default\" id=\"Gobal-health-challenges\" >\n  <div class=\"text-columns__inner\">\n    <div class=\"text-columns__col-title\">\n      <h2 class=\"title-md\">Los retos sanitarios mundiales<\/h2>\n    <\/div>\n    <div><\/div>\n    <div class=\"text-columns__col-1 fade-up-delay-200\">\n      <p><span style=\"font-weight: 400;\">La vida moderna ejerce una gran presi\u00f3n sobre la salud humana que muchas veces nuestra biolog\u00eda tiene dificultades para soportar. La inflamaci\u00f3n cr\u00f3nica, las reacciones autoinmunes, los trastornos metab\u00f3licos y la exposici\u00f3n a toxinas est\u00e1n aumentando, impulsados por el estr\u00e9s, la mala alimentaci\u00f3n, la tensi\u00f3n ambiental y un sistema inmunol\u00f3gico sobrecargado.<\/span><\/p>\n    <\/div>\n    <div class=\"text-columns__col-2 fade-up-delay-600\">\n      <p><span style=\"font-weight: 400;\">En el centro de todo se encuentra el intestino. Las investigaciones demuestran cada vez m\u00e1s que las alteraciones en la microbiota intestinal est\u00e1n relacionadas no solo con problemas digestivos, sino tambi\u00e9n con afecciones sist\u00e9micas que afectan al cerebro,  coraz\u00f3n,  metabolismo y a la respuesta inmunitaria.<\/span><\/p>\n    <\/div>\n      <\/div>\n<\/section>\n\n\n<section class=\"numbers container  bg-default\" >\n  <h2 class=\"numbers__title\"><\/h2>\n  <div class=\"numbers__inner\">\n        <div class=\"numbers__item\">\n      <h3 class=\"numbers__item-number title-xxl\"><span\n          class=\"numbers__item-number-animate\">11<\/span>%      <\/h3>\n      <p class=\"numbers__item-text body-sm\">de la poblaci\u00f3n mundial vive con el s\u00edndrome del intestino irritable.<\/p>\n    <\/div>\n        <div class=\"numbers__item\">\n      <h3 class=\"numbers__item-number title-xxl\"><span\n          class=\"numbers__item-number-animate\">30<\/span>%      <\/h3>\n      <p class=\"numbers__item-text body-sm\">de estos buscan atenci\u00f3n m\u00e9dica<\/p>\n    <\/div>\n        <div class=\"numbers__item\">\n      <h3 class=\"numbers__item-number title-xxl\"><span\n          class=\"numbers__item-number-animate\">15<\/span>%      <\/h3>\n      <p class=\"numbers__item-text body-sm\">Se estima que entre el 10 y 15% de personas en Europa, Estados Unidos y M\u00e9xico padecen el s\u00edndrome del intestino irritable.<\/p>\n    <\/div>\n      <\/div>\n<\/section>\n\n\n<section class=\"text-columns container  bg-default\" id=\"Our-focus-areas\" >\n  <div class=\"text-columns__inner\">\n    <div class=\"text-columns__col-title\">\n      <h2 class=\"title-md\">Nuestras \u00e1reas de inter\u00e9s<\/h2>\n    <\/div>\n    <div><\/div>\n    <div class=\"text-columns__col-1 fade-up-delay-200\">\n      <p><span style=\"font-weight: 400;\">El intestino es mucho m\u00e1s que un \u00f3rgano digestivo. Es un ecosistema complejo entrelazado con la inmunidad, el metabolismo energ\u00e9tico y la claridad mental. Con hasta el 70 % del sistema inmunol\u00f3gico ubicado all\u00ed, el equilibrio intestinal es fundamental para la salud en general. Nuestra investigaci\u00f3n actual se centra en el impacto positivo que compuestos derivados de la lignina ofrecen a los microorganismos que moderan la inflamaci\u00f3n y fortalecen la barrera intestinal.<\/span><\/p>\n    <\/div>\n    <div class=\"text-columns__col-2 fade-up-delay-600\">\n      <p><span style=\"font-weight: 400;\">A trav\u00e9s de una rigurosa validaci\u00f3n cl\u00ednica y una formulaci\u00f3n avanzada, convertimos el poder bioactivo de la lignina en soluciones seguras y eficaces. Desde nutrac\u00e9uticos hasta futuras aplicaciones m\u00e9dicas o funcionales, permitimos que el cuerpo se defienda y se recupere desde dentro.<\/span><\/p>\n    <\/div>\n      <\/div>\n<\/section>\n\n\n<section class=\"stacked-texts container  bg-default\" >\n  <h2 class=\"stacked-texts__title body-md\">Salud intestinal <\/h2>\n  <div class=\"stacked-texts__inner\">\n            <div class=\"stacked-texts__section fade-up\">\n      <h3 class=\"stacked-texts__section-title title-md animate-words\">Experiencia <\/h3>\n      <div class=\"stacked-texts__section-text body-md fade-up-delay-600\"><p><span style=\"font-weight: 400;\">Un intestino inestable puede manifestarse de muchas formas: hinchaz\u00f3n, fatiga, sensibilidad a ciertos alimentos, falta de concentraci\u00f3n o infecciones frecuentes. Aunque puedan parecer s\u00edntomas independientes, a menudo son se\u00f1ales relacionadas entre s\u00ed que provienen del ecosistema interno del cuerpo. Las soluciones de Siranius act\u00faan para restablecer este equilibrio.\u00a0<\/span><\/p>\n<\/div>\n    <\/div>\n        <div class=\"stacked-texts__section fade-up\">\n      <h3 class=\"stacked-texts__section-title title-md animate-words\">Efecto<\/h3>\n      <div class=\"stacked-texts__section-text body-md fade-up-delay-600\"><p>Nuestras f\u00f3rmulas a base de lignina tienen como objetivo reducir la inflamaci\u00f3n, armonizar la microbiota intestinal y mejorar los mecanismos de defensa naturales. El resultado es tangible: un intestino m\u00e1s tranquilo, una energ\u00eda m\u00e1s clara y una mayor resistencia diaria.<\/p>\n<\/div>\n    <\/div>\n          <\/div>\n<\/section>\n\n\n<section class=\"text container wysiwyg\" >\n                                      <div class=\"text__image fade-up\">\n            <img loading=\"lazy\" decoding=\"async\" width=\"700\" height=\"525\" src=\"https:\/\/siranius.com\/wp-content\/uploads\/sites\/2\/2025\/12\/SIRANIUS_Mirelle_Casual_0359_V01-4-3-700px.jpg\" class=\"text__image-img\" alt=\"\" srcset=\"https:\/\/siranius.com\/wp-content\/uploads\/sites\/2\/2025\/12\/SIRANIUS_Mirelle_Casual_0359_V01-4-3-700px.jpg 700w, https:\/\/siranius.com\/wp-content\/uploads\/sites\/2\/2025\/12\/SIRANIUS_Mirelle_Casual_0359_V01-4-3-700px-300x225.jpg 300w\" sizes=\"auto, (max-width: 700px) 100vw, 700px\" \/>          <\/div>\n                    \n<\/section>","protected":false},"excerpt":{"rendered":"","protected":false},"author":1,"featured_media":505,"parent":0,"menu_order":0,"comment_status":"closed","ping_status":"closed","template":"","meta":{"_acf_changed":false,"content-type":"","footnotes":""},"class_list":["post-21","page","type-page","status-publish","has-post-thumbnail","hentry"],"acf":[],"yoast_head":"<!-- This site is optimized with the Yoast SEO plugin v26.6 - https:\/\/yoast.com\/wordpress\/plugins\/seo\/ -->\n<title>Human health - Siranius<\/title>\n<meta name=\"description\" content=\"Explore Siranius\u2019 human health solutions using lignin. Discover sustainable, science-backed innovations that support wellbeing and real-world health impact.\" \/>\n<meta name=\"robots\" content=\"index, follow, max-snippet:-1, max-image-preview:large, max-video-preview:-1\" \/>\n<link rel=\"canonical\" href=\"https:\/\/siranius.com\/es\/salud-humana\/\" \/>\n<meta property=\"og:locale\" content=\"es_MX\" \/>\n<meta property=\"og:type\" content=\"article\" \/>\n<meta property=\"og:title\" content=\"Human health - Siranius\" \/>\n<meta property=\"og:description\" content=\"Explore Siranius\u2019 human health solutions using lignin. Discover sustainable, science-backed innovations that support wellbeing and real-world health impact.\" \/>\n<meta property=\"og:url\" content=\"https:\/\/siranius.com\/es\/salud-humana\/\" \/>\n<meta property=\"og:site_name\" content=\"Siranius\" \/>\n<meta property=\"article:modified_time\" content=\"2025-12-16T20:34:00+00:00\" \/>\n<meta property=\"og:image\" content=\"https:\/\/siranius.com\/wp-content\/uploads\/sites\/2\/2025\/12\/Meta-Human-health.png\" \/>\n\t<meta property=\"og:image:width\" content=\"1024\" \/>\n\t<meta property=\"og:image:height\" content=\"768\" \/>\n\t<meta property=\"og:image:type\" content=\"image\/png\" \/>\n<meta name=\"twitter:card\" content=\"summary_large_image\" \/>\n<meta name=\"twitter:label1\" content=\"Tiempo de lectura\" \/>\n\t<meta name=\"twitter:data1\" content=\"3 minutos\" \/>\n<script type=\"application\/ld+json\" class=\"yoast-schema-graph\">{\"@context\":\"https:\/\/schema.org\",\"@graph\":[{\"@type\":\"WebPage\",\"@id\":\"https:\/\/siranius.com\/human-health\/\",\"url\":\"https:\/\/siranius.com\/human-health\/\",\"name\":\"Human health - Siranius\",\"isPartOf\":{\"@id\":\"https:\/\/siranius.com\/#website\"},\"primaryImageOfPage\":{\"@id\":\"https:\/\/siranius.com\/human-health\/#primaryimage\"},\"image\":{\"@id\":\"https:\/\/siranius.com\/human-health\/#primaryimage\"},\"thumbnailUrl\":\"https:\/\/siranius.com\/wp-content\/uploads\/sites\/2\/2025\/12\/Meta-Human-health.png\",\"datePublished\":\"2025-11-19T09:49:24+00:00\",\"dateModified\":\"2025-12-16T20:34:00+00:00\",\"description\":\"Explore Siranius\u2019 human health solutions using lignin. Discover sustainable, science-backed innovations that support wellbeing and real-world health impact.\",\"breadcrumb\":{\"@id\":\"https:\/\/siranius.com\/human-health\/#breadcrumb\"},\"inLanguage\":\"es\",\"potentialAction\":[{\"@type\":\"ReadAction\",\"target\":[\"https:\/\/siranius.com\/human-health\/\"]}]},{\"@type\":\"ImageObject\",\"inLanguage\":\"es\",\"@id\":\"https:\/\/siranius.com\/human-health\/#primaryimage\",\"url\":\"https:\/\/siranius.com\/wp-content\/uploads\/sites\/2\/2025\/12\/Meta-Human-health.png\",\"contentUrl\":\"https:\/\/siranius.com\/wp-content\/uploads\/sites\/2\/2025\/12\/Meta-Human-health.png\",\"width\":1024,\"height\":768},{\"@type\":\"BreadcrumbList\",\"@id\":\"https:\/\/siranius.com\/human-health\/#breadcrumb\",\"itemListElement\":[{\"@type\":\"ListItem\",\"position\":1,\"name\":\"Home\",\"item\":\"https:\/\/siranius.com\/\"},{\"@type\":\"ListItem\",\"position\":2,\"name\":\"Human health\"}]},{\"@type\":\"WebSite\",\"@id\":\"https:\/\/siranius.com\/#website\",\"url\":\"https:\/\/siranius.com\/\",\"name\":\"Siranius\",\"description\":\"Lignin powered nutraceuticals\",\"potentialAction\":[{\"@type\":\"SearchAction\",\"target\":{\"@type\":\"EntryPoint\",\"urlTemplate\":\"https:\/\/siranius.com\/?s={search_term_string}\"},\"query-input\":{\"@type\":\"PropertyValueSpecification\",\"valueRequired\":true,\"valueName\":\"search_term_string\"}}],\"inLanguage\":\"es\"}]}<\/script>\n<!-- \/ Yoast SEO plugin. -->","yoast_head_json":{"title":"Salud humana - Siranius","description":"Explore las soluciones para la salud humana de Siranius que utilizan lignina. Descubra innovaciones sostenibles y respaldadas por la ciencia que favorecen el bienestar y tienen un impacto real en la salud.","robots":{"index":"index","follow":"follow","max-snippet":"max-snippet:-1","max-image-preview":"max-image-preview:large","max-video-preview":"max-video-preview:-1"},"canonical":"https:\/\/siranius.com\/es\/salud-humana\/","og_locale":"es_MX","og_type":"article","og_title":"Human health - Siranius","og_description":"Explore Siranius\u2019 human health solutions using lignin. Discover sustainable, science-backed innovations that support wellbeing and real-world health impact.","og_url":"https:\/\/siranius.com\/es\/salud-humana\/","og_site_name":"Siranius","article_modified_time":"2025-12-16T20:34:00+00:00","og_image":[{"width":1024,"height":768,"url":"https:\/\/siranius.com\/wp-content\/uploads\/sites\/2\/2025\/12\/Meta-Human-health.png","type":"image\/png"}],"twitter_card":"summary_large_image","twitter_misc":{"Tiempo de lectura":"3 minutos"},"schema":{"@context":"https:\/\/schema.org","@graph":[{"@type":"WebPage","@id":"https:\/\/siranius.com\/human-health\/","url":"https:\/\/siranius.com\/human-health\/","name":"Salud humana - Siranius","isPartOf":{"@id":"https:\/\/siranius.com\/#website"},"primaryImageOfPage":{"@id":"https:\/\/siranius.com\/human-health\/#primaryimage"},"image":{"@id":"https:\/\/siranius.com\/human-health\/#primaryimage"},"thumbnailUrl":"https:\/\/siranius.com\/wp-content\/uploads\/sites\/2\/2025\/12\/Meta-Human-health.png","datePublished":"2025-11-19T09:49:24+00:00","dateModified":"2025-12-16T20:34:00+00:00","description":"Explore las soluciones para la salud humana de Siranius que utilizan lignina. Descubra innovaciones sostenibles y respaldadas por la ciencia que favorecen el bienestar y tienen un impacto real en la salud.","breadcrumb":{"@id":"https:\/\/siranius.com\/human-health\/#breadcrumb"},"inLanguage":"es","potentialAction":[{"@type":"ReadAction","target":["https:\/\/siranius.com\/human-health\/"]}]},{"@type":"ImageObject","inLanguage":"es","@id":"https:\/\/siranius.com\/human-health\/#primaryimage","url":"https:\/\/siranius.com\/wp-content\/uploads\/sites\/2\/2025\/12\/Meta-Human-health.png","contentUrl":"https:\/\/siranius.com\/wp-content\/uploads\/sites\/2\/2025\/12\/Meta-Human-health.png","width":1024,"height":768},{"@type":"BreadcrumbList","@id":"https:\/\/siranius.com\/human-health\/#breadcrumb","itemListElement":[{"@type":"ListItem","position":1,"name":"Home","item":"https:\/\/siranius.com\/"},{"@type":"ListItem","position":2,"name":"Human health"}]},{"@type":"WebSite","@id":"https:\/\/siranius.com\/#website","url":"https:\/\/siranius.com\/","name":"Siranius","description":"Nutrac\u00e9uticos a base de lignina","potentialAction":[{"@type":"SearchAction","target":{"@type":"EntryPoint","urlTemplate":"https:\/\/siranius.com\/?s={search_term_string}"},"query-input":{"@type":"PropertyValueSpecification","valueRequired":true,"valueName":"search_term_string"}}],"inLanguage":"es"}]}},"_links":{"self":[{"href":"https:\/\/siranius.com\/es\/wp-json\/wp\/v2\/pages\/21","targetHints":{"allow":["GET"]}}],"collection":[{"href":"https:\/\/siranius.com\/es\/wp-json\/wp\/v2\/pages"}],"about":[{"href":"https:\/\/siranius.com\/es\/wp-json\/wp\/v2\/types\/page"}],"author":[{"embeddable":true,"href":"https:\/\/siranius.com\/es\/wp-json\/wp\/v2\/users\/1"}],"replies":[{"embeddable":true,"href":"https:\/\/siranius.com\/es\/wp-json\/wp\/v2\/comments?post=21"}],"version-history":[{"count":45,"href":"https:\/\/siranius.com\/es\/wp-json\/wp\/v2\/pages\/21\/revisions"}],"predecessor-version":[{"id":443,"href":"https:\/\/siranius.com\/es\/wp-json\/wp\/v2\/pages\/21\/revisions\/443"}],"wp:featuredmedia":[{"embeddable":true,"href":"https:\/\/siranius.com\/es\/wp-json\/wp\/v2\/media\/505"}],"wp:attachment":[{"href":"https:\/\/siranius.com\/es\/wp-json\/wp\/v2\/media?parent=21"}],"curies":[{"name":"wp","href":"https:\/\/api.w.org\/{rel}","templated":true}]}}