{"id":451,"date":"2025-12-02T21:48:45","date_gmt":"2025-12-02T21:48:45","guid":{"rendered":"https:\/\/siranius.tanovis.linawang.se\/?page_id=451"},"modified":"2025-12-22T17:09:59","modified_gmt":"2025-12-22T17:09:59","slug":"produkte","status":"publish","type":"page","link":"https:\/\/siranius.com\/de\/produkte\/","title":{"rendered":"Produkte"},"content":{"rendered":"<section\n  class=\"tanovis_sub_hero  sub_hero--bg-default none\"\n  >\n  <div class=\"hero__media\">\n        \n    <div class=\"hero__symbol-container none\">\n      <div class=\"hero__symbol\">\n              <\/div>\n    <\/div>\n  <\/div>\n\n  <div class=\"hero__content container\">\n          <h1 class=\"hero__title title-lg\">In K\u00fcrze werden wir die weltweit ersten Nutrazeutika auf Ligninbasis auf den Markt bringen.<\/h1>\n      <\/div>\n<\/section>\n\n\n<section class=\"text container wysiwyg\" id=\"ibs\" >\n                                      <h2 class=\"text__title fade-up\">\n            Lignin bei Reizdarmsyndrom (IBS)          <\/h2>\n                                                  <div class=\"text__body fade-up\">\n            <p>In den letzten Jahren gibt es einen wachsenden Trend unter Menschen, die nach nat\u00fcrlichen Alternativen zur Behandlung ihrer Gesundheitsprobleme, einschlie\u00dflich IBS, suchen. Diese ver\u00e4nderte Sichtweise wird durch den Wunsch angetrieben, die potenziellen Nebenwirkungen von Arzneimitteln zu minimieren und einen ganzheitlicheren Ansatz f\u00fcr das Wohlbefinden zu verfolgen. Infolgedessen suchen viele Menschen aktiv nach nat\u00fcrlichen Heilmitteln und Nahrungserg\u00e4nzungsmitteln, die Linderung ihrer IBS-Symptome versprechen.<\/p>\n<p>&nbsp;<\/p>\n<p>Sie f\u00fchlen sich von diesen Alternativen angezogen, weil sie oft mit dem Wunsch nach weniger Chemikalien und einem Fokus auf die Pflege des nat\u00fcrlichen Gleichgewichts ihres K\u00f6rpers \u00fcbereinstimmen. Daher gibt es eine wachsende Nachfrage nach nat\u00fcrlichen L\u00f6sungen, die eine wirksame Linderung von IBS bieten und es den Betroffenen erm\u00f6glichen, die Kontrolle \u00fcber ihre Verdauungsgesundheit auf eine Weise zur\u00fcckzugewinnen, die ihrem Lebensstil und ihren Werten entspricht. Bei Siranius haben wir uns zum Ziel gesetzt, das Leben von Menschen mit IBS zu verbessern und ihnen gleichzeitig zu erm\u00f6glichen, ihren Lebensstil und ihre Lebensqualit\u00e4t beizubehalten.<\/p>\n          <\/div>\n                    \n<\/section>\n\n\n<section class=\"hubspot-form container bg-accent\" >\n  <div class=\"hubspot-form__inner\">\n    <div class=\"hubspot-form__content\">\n      <h2 class=\"hubspot-form__title title-md\">M\u00f6chten Sie als Erste\/r \u00fcber unser IBS-Nutrazeutikum informiert werden?<\/h2>\n      <p class=\"hubspot-form__text body-md\">Wir suchen nach geeigneten Personen, die das Produkt ausprobieren und uns ihre Erfahrungen mitteilen.<\/p>\n    <\/div>\n          <style id=\"wpforms-css-vars-493\">\n\t\t\t\t#wpforms-493 {\n\t\t\t\t--wpforms-field-size-input-height: 43px;\n--wpforms-field-size-input-spacing: 15px;\n--wpforms-field-size-font-size: 16px;\n--wpforms-field-size-line-height: 19px;\n--wpforms-field-size-padding-h: 14px;\n--wpforms-field-size-checkbox-size: 16px;\n--wpforms-field-size-sublabel-spacing: 5px;\n--wpforms-field-size-icon-size: 1;\n--wpforms-label-size-font-size: 16px;\n--wpforms-label-size-line-height: 19px;\n--wpforms-label-size-sublabel-font-size: 14px;\n--wpforms-label-size-sublabel-line-height: 17px;\n--wpforms-button-size-font-size: 17px;\n--wpforms-button-size-height: 41px;\n--wpforms-button-size-padding-h: 15px;\n--wpforms-button-size-margin-top: 10px;\n--wpforms-container-shadow-size-box-shadow: none;\n\t\t\t}\n\t\t\t<\/style><div class=\"wpforms-container wpforms-container-full wpforms-render-modern\" id=\"wpforms-493\"><form id=\"wpforms-form-493\" class=\"wpforms-validate wpforms-form wpforms-ajax-form\" data-formid=\"493\" method=\"post\" enctype=\"multipart\/form-data\" action=\"\/de\/wp-json\/wp\/v2\/pages\/451\" data-token=\"b47b1f09bdb053a9a401885569ec4c58\" data-token-time=\"1776770700\" data-trp-original-action=\"\/de\/wp-json\/wp\/v2\/pages\/451\"><noscript class=\"wpforms-error-noscript\">Bitte aktiviere JavaScript in deinem Browser, um dieses Formular fertigzustellen.<\/noscript><div id=\"wpforms-error-noscript\" style=\"display: none;\">Bitte aktiviere JavaScript in deinem Browser, um dieses Formular fertigzustellen.<\/div><div class=\"wpforms-field-container\"><div id=\"wpforms-493-field_1-container\" class=\"wpforms-field wpforms-field-name\" data-field-id=\"1\"><fieldset><legend class=\"wpforms-field-label\">Name <span class=\"wpforms-required-label\" aria-hidden=\"true\">*<\/span><\/legend><div class=\"wpforms-field-row wpforms-field-medium\"><div class=\"wpforms-field-row-block wpforms-first wpforms-one-half\"><input type=\"text\" id=\"wpforms-493-field_1\" class=\"wpforms-field-name-first wpforms-field-required\" name=\"wpforms[fields][1][first]\" aria-errormessage=\"wpforms-493-field_1-error\" required><label for=\"wpforms-493-field_1\" class=\"wpforms-field-sublabel after\">Vorname<\/label><\/div><div class=\"wpforms-field-row-block wpforms-one-half\"><input type=\"text\" id=\"wpforms-493-field_1-last\" class=\"wpforms-field-name-last wpforms-field-required\" name=\"wpforms[fields][1][last]\" aria-errormessage=\"wpforms-493-field_1-last-error\" required><label for=\"wpforms-493-field_1-last\" class=\"wpforms-field-sublabel after\">Nachname<\/label><\/div><\/div><\/fieldset><\/div>\t\t<div id=\"wpforms-493-field_3-container\"\n\t\t\tclass=\"wpforms-field wpforms-field-text\"\n\t\t\tdata-field-type=\"text\"\n\t\t\tdata-field-id=\"3\"\n\t\t\t>\n\t\t\t<label class=\"wpforms-field-label\" for=\"wpforms-493-field_3\" >E-Mail Name<\/label>\n\t\t\t<input type=\"text\" id=\"wpforms-493-field_3\" class=\"wpforms-field-medium\" name=\"wpforms[fields][3]\" >\n\t\t<\/div>\n\t\t<div id=\"wpforms-493-field_2-container\" class=\"wpforms-field wpforms-field-email\" data-field-id=\"2\"><label class=\"wpforms-field-label\" for=\"wpforms-493-field_2\">E-Mail <span class=\"wpforms-required-label\" aria-hidden=\"true\">*<\/span><\/label><input type=\"email\" id=\"wpforms-493-field_2\" class=\"wpforms-field-medium wpforms-field-required\" name=\"wpforms[fields][2]\" spellcheck=\"false\" aria-errormessage=\"wpforms-493-field_2-error\" required><\/div><script>\n\t\t\t\t( function() {\n\t\t\t\t\tconst style = document.createElement( 'style' );\n\t\t\t\t\tstyle.appendChild( document.createTextNode( '#wpforms-493-field_3-container { position: absolute !important; overflow: hidden !important; display: inline !important; height: 1px !important; width: 1px !important; z-index: -1000 !important; padding: 0 !important; } #wpforms-493-field_3-container input { visibility: hidden; } #wpforms-conversational-form-page #wpforms-493-field_3-container label { counter-increment: none; }' ) );\n\t\t\t\t\tdocument.head.appendChild( style );\n\t\t\t\t\tdocument.currentScript?.remove();\n\t\t\t\t} )();\n\t\t\t<\/script><\/div><!-- .wpforms-field-container --><div class=\"wpforms-submit-container\" ><input type=\"hidden\" name=\"wpforms[id]\" value=\"493\"><input type=\"hidden\" name=\"page_title\" value=\"\"><input type=\"hidden\" name=\"page_url\" value=\"https:\/\/siranius.com\/de\/wp-json\/wp\/v2\/pages\/451\"><input type=\"hidden\" name=\"url_referer\" value=\"\"><button type=\"submit\" name=\"wpforms[submit]\" id=\"wpforms-submit-493\" class=\"wpforms-submit\" data-alt-text=\"Sending...\" data-submit-text=\"Submit\" aria-live=\"assertive\" value=\"wpforms-submit\">Einreichen<\/button><img loading=\"lazy\" decoding=\"async\" src=\"https:\/\/siranius.com\/wp-content\/plugins\/wpforms\/assets\/images\/submit-spin.svg\" class=\"wpforms-submit-spinner\" style=\"display: none;\" width=\"26\" height=\"26\" alt=\"Wird geladen\"><\/div><input type=\"hidden\" name=\"trp-form-language\" value=\"de\"\/><\/form><\/div>  <!-- .wpforms-container -->\n      <\/div>\n<\/section>","protected":false},"excerpt":{"rendered":"","protected":false},"author":1,"featured_media":516,"parent":0,"menu_order":0,"comment_status":"closed","ping_status":"closed","template":"","meta":{"_acf_changed":false,"content-type":"","footnotes":""},"class_list":["post-451","page","type-page","status-publish","has-post-thumbnail","hentry"],"acf":[],"yoast_head":"<!-- This site is optimized with the Yoast SEO plugin v26.6 - https:\/\/yoast.com\/wordpress\/plugins\/seo\/ -->\n<title>Products - Siranius<\/title>\n<meta name=\"description\" content=\"Explore Siranius\u2019 lignin-derived health products. Thoughtfully developed to support wellbeing with sustainable, science-led innovation that matters.\" \/>\n<meta name=\"robots\" content=\"index, follow, max-snippet:-1, max-image-preview:large, max-video-preview:-1\" \/>\n<link rel=\"canonical\" href=\"https:\/\/siranius.com\/de\/produkte\/\" \/>\n<meta property=\"og:locale\" content=\"de_DE\" \/>\n<meta property=\"og:type\" content=\"article\" \/>\n<meta property=\"og:title\" content=\"Products - Siranius\" \/>\n<meta property=\"og:description\" content=\"Explore Siranius\u2019 lignin-derived health products. Thoughtfully developed to support wellbeing with sustainable, science-led innovation that matters.\" \/>\n<meta property=\"og:url\" content=\"https:\/\/siranius.com\/de\/produkte\/\" \/>\n<meta property=\"og:site_name\" content=\"Siranius\" \/>\n<meta property=\"article:modified_time\" content=\"2025-12-22T17:09:59+00:00\" \/>\n<meta property=\"og:image\" content=\"https:\/\/siranius.com\/wp-content\/uploads\/sites\/2\/2025\/12\/Meta-Products-to-come.jpg\" \/>\n\t<meta property=\"og:image:width\" content=\"1024\" \/>\n\t<meta property=\"og:image:height\" content=\"768\" \/>\n\t<meta property=\"og:image:type\" content=\"image\/jpeg\" \/>\n<meta name=\"twitter:card\" content=\"summary_large_image\" \/>\n<meta name=\"twitter:label1\" content=\"Gesch\u00e4tzte Lesezeit\" \/>\n\t<meta name=\"twitter:data1\" content=\"2\u00a0Minuten\" \/>\n<script type=\"application\/ld+json\" class=\"yoast-schema-graph\">{\"@context\":\"https:\/\/schema.org\",\"@graph\":[{\"@type\":\"WebPage\",\"@id\":\"https:\/\/siranius.com\/products\/\",\"url\":\"https:\/\/siranius.com\/products\/\",\"name\":\"Products - Siranius\",\"isPartOf\":{\"@id\":\"https:\/\/siranius.com\/#website\"},\"primaryImageOfPage\":{\"@id\":\"https:\/\/siranius.com\/products\/#primaryimage\"},\"image\":{\"@id\":\"https:\/\/siranius.com\/products\/#primaryimage\"},\"thumbnailUrl\":\"https:\/\/siranius.com\/wp-content\/uploads\/sites\/2\/2025\/12\/Meta-Products-to-come.jpg\",\"datePublished\":\"2025-12-02T21:48:45+00:00\",\"dateModified\":\"2025-12-22T17:09:59+00:00\",\"description\":\"Explore Siranius\u2019 lignin-derived health products. Thoughtfully developed to support wellbeing with sustainable, science-led innovation that matters.\",\"breadcrumb\":{\"@id\":\"https:\/\/siranius.com\/products\/#breadcrumb\"},\"inLanguage\":\"de\",\"potentialAction\":[{\"@type\":\"ReadAction\",\"target\":[\"https:\/\/siranius.com\/products\/\"]}]},{\"@type\":\"ImageObject\",\"inLanguage\":\"de\",\"@id\":\"https:\/\/siranius.com\/products\/#primaryimage\",\"url\":\"https:\/\/siranius.com\/wp-content\/uploads\/sites\/2\/2025\/12\/Meta-Products-to-come.jpg\",\"contentUrl\":\"https:\/\/siranius.com\/wp-content\/uploads\/sites\/2\/2025\/12\/Meta-Products-to-come.jpg\",\"width\":1024,\"height\":768},{\"@type\":\"BreadcrumbList\",\"@id\":\"https:\/\/siranius.com\/products\/#breadcrumb\",\"itemListElement\":[{\"@type\":\"ListItem\",\"position\":1,\"name\":\"Home\",\"item\":\"https:\/\/siranius.com\/\"},{\"@type\":\"ListItem\",\"position\":2,\"name\":\"Products\"}]},{\"@type\":\"WebSite\",\"@id\":\"https:\/\/siranius.com\/#website\",\"url\":\"https:\/\/siranius.com\/\",\"name\":\"Siranius\",\"description\":\"Lignin powered nutraceuticals\",\"potentialAction\":[{\"@type\":\"SearchAction\",\"target\":{\"@type\":\"EntryPoint\",\"urlTemplate\":\"https:\/\/siranius.com\/?s={search_term_string}\"},\"query-input\":{\"@type\":\"PropertyValueSpecification\",\"valueRequired\":true,\"valueName\":\"search_term_string\"}}],\"inLanguage\":\"de\"}]}<\/script>\n<!-- \/ Yoast SEO plugin. -->","yoast_head_json":{"title":"Produkte \u2013 Siranius","description":"Entdecken Sie die aus Lignin gewonnenen Gesundheitsprodukte von Siranius. Sorgf\u00e4ltig entwickelt, um das Wohlbefinden mit nachhaltigen, wissenschaftlich fundierten Innovationen zu unterst\u00fctzen, die wirklich z\u00e4hlen.","robots":{"index":"index","follow":"follow","max-snippet":"max-snippet:-1","max-image-preview":"max-image-preview:large","max-video-preview":"max-video-preview:-1"},"canonical":"https:\/\/siranius.com\/de\/produkte\/","og_locale":"de_DE","og_type":"article","og_title":"Products - Siranius","og_description":"Explore Siranius\u2019 lignin-derived health products. Thoughtfully developed to support wellbeing with sustainable, science-led innovation that matters.","og_url":"https:\/\/siranius.com\/de\/produkte\/","og_site_name":"Siranius","article_modified_time":"2025-12-22T17:09:59+00:00","og_image":[{"width":1024,"height":768,"url":"https:\/\/siranius.com\/wp-content\/uploads\/sites\/2\/2025\/12\/Meta-Products-to-come.jpg","type":"image\/jpeg"}],"twitter_card":"summary_large_image","twitter_misc":{"Gesch\u00e4tzte Lesezeit":"2\u00a0Minuten"},"schema":{"@context":"https:\/\/schema.org","@graph":[{"@type":"WebPage","@id":"https:\/\/siranius.com\/products\/","url":"https:\/\/siranius.com\/products\/","name":"Produkte \u2013 Siranius","isPartOf":{"@id":"https:\/\/siranius.com\/#website"},"primaryImageOfPage":{"@id":"https:\/\/siranius.com\/products\/#primaryimage"},"image":{"@id":"https:\/\/siranius.com\/products\/#primaryimage"},"thumbnailUrl":"https:\/\/siranius.com\/wp-content\/uploads\/sites\/2\/2025\/12\/Meta-Products-to-come.jpg","datePublished":"2025-12-02T21:48:45+00:00","dateModified":"2025-12-22T17:09:59+00:00","description":"Entdecken Sie die aus Lignin gewonnenen Gesundheitsprodukte von Siranius. Sorgf\u00e4ltig entwickelt, um das Wohlbefinden mit nachhaltigen, wissenschaftlich fundierten Innovationen zu unterst\u00fctzen, die wirklich z\u00e4hlen.","breadcrumb":{"@id":"https:\/\/siranius.com\/products\/#breadcrumb"},"inLanguage":"de","potentialAction":[{"@type":"ReadAction","target":["https:\/\/siranius.com\/products\/"]}]},{"@type":"ImageObject","inLanguage":"de","@id":"https:\/\/siranius.com\/products\/#primaryimage","url":"https:\/\/siranius.com\/wp-content\/uploads\/sites\/2\/2025\/12\/Meta-Products-to-come.jpg","contentUrl":"https:\/\/siranius.com\/wp-content\/uploads\/sites\/2\/2025\/12\/Meta-Products-to-come.jpg","width":1024,"height":768},{"@type":"BreadcrumbList","@id":"https:\/\/siranius.com\/products\/#breadcrumb","itemListElement":[{"@type":"ListItem","position":1,"name":"Home","item":"https:\/\/siranius.com\/"},{"@type":"ListItem","position":2,"name":"Products"}]},{"@type":"WebSite","@id":"https:\/\/siranius.com\/#website","url":"https:\/\/siranius.com\/","name":"Siranius","description":"Nutrazeutika auf Ligninbasis","potentialAction":[{"@type":"SearchAction","target":{"@type":"EntryPoint","urlTemplate":"https:\/\/siranius.com\/?s={search_term_string}"},"query-input":{"@type":"PropertyValueSpecification","valueRequired":true,"valueName":"search_term_string"}}],"inLanguage":"de"}]}},"_links":{"self":[{"href":"https:\/\/siranius.com\/de\/wp-json\/wp\/v2\/pages\/451","targetHints":{"allow":["GET"]}}],"collection":[{"href":"https:\/\/siranius.com\/de\/wp-json\/wp\/v2\/pages"}],"about":[{"href":"https:\/\/siranius.com\/de\/wp-json\/wp\/v2\/types\/page"}],"author":[{"embeddable":true,"href":"https:\/\/siranius.com\/de\/wp-json\/wp\/v2\/users\/1"}],"replies":[{"embeddable":true,"href":"https:\/\/siranius.com\/de\/wp-json\/wp\/v2\/comments?post=451"}],"version-history":[{"count":13,"href":"https:\/\/siranius.com\/de\/wp-json\/wp\/v2\/pages\/451\/revisions"}],"predecessor-version":[{"id":531,"href":"https:\/\/siranius.com\/de\/wp-json\/wp\/v2\/pages\/451\/revisions\/531"}],"wp:featuredmedia":[{"embeddable":true,"href":"https:\/\/siranius.com\/de\/wp-json\/wp\/v2\/media\/516"}],"wp:attachment":[{"href":"https:\/\/siranius.com\/de\/wp-json\/wp\/v2\/media?parent=451"}],"curies":[{"name":"wp","href":"https:\/\/api.w.org\/{rel}","templated":true}]}}