{"id":35,"date":"2025-11-19T09:53:25","date_gmt":"2025-11-19T09:53:25","guid":{"rendered":"https:\/\/siranius.tanovis.linawang.se\/?page_id=35"},"modified":"2025-12-16T20:42:38","modified_gmt":"2025-12-16T20:42:38","slug":"uber","status":"publish","type":"page","link":"https:\/\/siranius.com\/de\/uber\/","title":{"rendered":"Das Unternehmen"},"content":{"rendered":"<section\n  class=\"tanovis_sub_hero  sub_hero--bg-default split\"\n  >\n  <div class=\"hero__media\">\n        \n    <div class=\"hero__symbol-container split\">\n      <div class=\"hero__symbol\">\n                  <img decoding=\"async\" class=\"hero__symbol\" src=\"https:\/\/siranius.com\/wp-content\/uploads\/sites\/2\/2025\/11\/image06.jpg\"\n            alt=\"\" \/>\n              <\/div>\n    <\/div>\n  <\/div>\n\n  <div class=\"hero__content container\">\n          <h1 class=\"hero__title title-lg\">Mit Lignin betriebene L\u00f6sungen f\u00fcr die menschliche Gesundheit.<\/h1>\n      <\/div>\n<\/section>\n\n\n<section class=\"text container wysiwyg\" >\n                                      <div class=\"text__body fade-up\">\n            <p><span style=\"font-weight: 400\">Wir entwickeln ligninbasierte Nutrazeutika und funktionelle Inhaltsstoffe, die den Darm st\u00e4rken, und sind damit Vorreiter einer v\u00f6llig neuen Kategorie nachhaltiger Gesundheitsl\u00f6sungen. Unsere Mission ist es, messbare Ergebnisse nicht nur f\u00fcr den Einzelnen, sondern f\u00fcr unsere gesamte Gesellschaft zu erzielen.<\/span><\/p>\n<p>&nbsp;<\/p>\n          <\/div>\n                    \n<\/section>\n\n\n<section class=\"stacked-texts container  bg-default\" >\n  <h2 class=\"stacked-texts__title body-md\">\u00dcber Siranius<\/h2>\n  <div class=\"stacked-texts__inner\">\n            <div class=\"stacked-texts__section fade-up\">\n      <h3 class=\"stacked-texts__section-title title-md animate-words\">Unser Unternehmen<\/h3>\n      <div class=\"stacked-texts__section-text body-md fade-up-delay-600\"><p><span style=\"font-weight: 400;\">Siranius ist ein in der Schweiz ans\u00e4ssiges Biowissenschaftsunternehmen. Wir sind an der Schnittstelle zwischen Biotechnologie und allt\u00e4glicher Gesundheit t\u00e4tig und verwandeln das nat\u00fcrliche Abwehrsystem von Lignin in sichere und wirksame Produkte f\u00fcr die Darmgesundheit.<\/span><\/p>\n<\/div>\n    <\/div>\n        <div class=\"stacked-texts__section fade-up\">\n      <h3 class=\"stacked-texts__section-title title-md animate-words\">Unsere Mission<\/h3>\n      <div class=\"stacked-texts__section-text body-md fade-up-delay-600\"><ul class=\"ul1\">\n<li class=\"li2\">Die bioaktive Kraft von Lignin f\u00fcr die menschliche Gesundheit nutzbar machen und sichere, wirksame und nachhaltige L\u00f6sungen entwickeln, die das Gleichgewicht im Darm, die Immunit\u00e4t und die Widerstandsf\u00e4higkeit unterst\u00fctzen.<\/li>\n<\/ul>\n<\/div>\n    <\/div>\n        <div class=\"stacked-texts__section fade-up\">\n      <h3 class=\"stacked-texts__section-title title-md animate-words\">Unsere Vision<\/h3>\n      <div class=\"stacked-texts__section-text body-md fade-up-delay-600\"><ul class=\"ul1\">\n<li class=\"li1\">Lignin-basierte Gesundheitsl\u00f6sungen zu einem vertrauensw\u00fcrdigen Standard in den Bereichen Nutrazeutika und funktionelle Wellness zu machen, die nicht nur wegen ihrer nat\u00fcrlichen Herkunft, sondern auch wegen ihrer nachgewiesenen Wirksamkeit f\u00fcr die menschliche Gesundheit gesch\u00e4tzt werden.<\/li>\n<\/ul>\n<\/div>\n    <\/div>\n        <div class=\"stacked-texts__section fade-up\">\n      <h3 class=\"stacked-texts__section-title title-md animate-words\">Unsere wichtigsten M\u00e4rkte<\/h3>\n      <div class=\"stacked-texts__section-text body-md fade-up-delay-600\"><p>Siranius ist ein globales Unternehmen, das auf verschiedenen M\u00e4rkten t\u00e4tig ist. Unsere ersten Konsumg\u00fcter werden bald in Lateinamerika erh\u00e4ltlich sein.<\/p>\n<\/div>\n    <\/div>\n          <\/div>\n<\/section>\n\n\n<section class=\"text container wysiwyg\" >\n                                      <div class=\"text__image fade-up\">\n            <img loading=\"lazy\" decoding=\"async\" width=\"800\" height=\"600\" src=\"https:\/\/siranius.com\/wp-content\/uploads\/sites\/2\/2025\/12\/Siranius-i-symbol.png\" class=\"text__image-img\" alt=\"\" srcset=\"https:\/\/siranius.com\/wp-content\/uploads\/sites\/2\/2025\/12\/Siranius-i-symbol.png 800w, https:\/\/siranius.com\/wp-content\/uploads\/sites\/2\/2025\/12\/Siranius-i-symbol-300x225.png 300w, https:\/\/siranius.com\/wp-content\/uploads\/sites\/2\/2025\/12\/Siranius-i-symbol-768x576.png 768w\" sizes=\"auto, (max-width: 800px) 100vw, 800px\" \/>          <\/div>\n                                                  <h3 class=\"text__title fade-up\">\n            Wir sind Teil der Tanovis-Gruppe.          <\/h3>\n                                                  <div class=\"text__body fade-up\">\n            <p><span style=\"font-weight: 400\">Siranius ist ein Unternehmen der Tanovis-Gruppe \u2013 einer expandierenden Gruppe von Unternehmen, die das wissenschaftliche Potenzial von Lignin in greifbare Ergebnisse umsetzt. Jedes Unternehmen erweitert die Lignin-Plattform von Tanovis um einen neuen Bereich und wendet dieselbe Kerntechnologie auf eine Weise an, die die Tiergesundheit verbessert, die Materialleistung steigert und das Wohlbefinden des Menschen erh\u00f6ht. Die Pionierarbeit von Tanovis mit pflanzlichen Polymeren bildet das wissenschaftliche R\u00fcckgrat unserer eigenen Entwicklung und gibt uns eine bew\u00e4hrte Plattform, um L\u00f6sungen f\u00fcr die menschliche Gesundheit mit Zuversicht voranzutreiben.<\/span><\/p>\n<p>&nbsp;<\/p>\n<p>&nbsp;<\/p>\n          <\/div>\n                                                  <div class=\"text__image fade-up\">\n            <img loading=\"lazy\" decoding=\"async\" width=\"800\" height=\"242\" src=\"https:\/\/siranius.com\/wp-content\/uploads\/sites\/2\/2025\/12\/Tanovis-Group-colors-800.jpg\" class=\"text__image-img\" alt=\"\" srcset=\"https:\/\/siranius.com\/wp-content\/uploads\/sites\/2\/2025\/12\/Tanovis-Group-colors-800.jpg 800w, https:\/\/siranius.com\/wp-content\/uploads\/sites\/2\/2025\/12\/Tanovis-Group-colors-800-300x91.jpg 300w, https:\/\/siranius.com\/wp-content\/uploads\/sites\/2\/2025\/12\/Tanovis-Group-colors-800-768x232.jpg 768w\" sizes=\"auto, (max-width: 800px) 100vw, 800px\" \/>          <\/div>\n                    \n<\/section>","protected":false},"excerpt":{"rendered":"","protected":false},"author":1,"featured_media":505,"parent":0,"menu_order":0,"comment_status":"closed","ping_status":"closed","template":"","meta":{"_acf_changed":false,"content-type":"","footnotes":""},"class_list":["post-35","page","type-page","status-publish","has-post-thumbnail","hentry"],"acf":[],"yoast_head":"<!-- This site is optimized with the Yoast SEO plugin v26.6 - https:\/\/yoast.com\/wordpress\/plugins\/seo\/ -->\n<title>The company - Siranius<\/title>\n<meta name=\"description\" content=\"Discover Siranius\u2019 story, mission and values \u2014 a team dedicated to science-led, sustainable health innovation rooted in lignin and real human impact.\" \/>\n<meta name=\"robots\" content=\"index, follow, max-snippet:-1, max-image-preview:large, max-video-preview:-1\" \/>\n<link rel=\"canonical\" href=\"https:\/\/siranius.com\/de\/uber\/\" \/>\n<meta property=\"og:locale\" content=\"de_DE\" \/>\n<meta property=\"og:type\" content=\"article\" \/>\n<meta property=\"og:title\" content=\"The company - Siranius\" \/>\n<meta property=\"og:description\" content=\"Discover Siranius\u2019 story, mission and values \u2014 a team dedicated to science-led, sustainable health innovation rooted in lignin and real human impact.\" \/>\n<meta property=\"og:url\" content=\"https:\/\/siranius.com\/de\/uber\/\" \/>\n<meta property=\"og:site_name\" content=\"Siranius\" \/>\n<meta property=\"article:modified_time\" content=\"2025-12-16T20:42:38+00:00\" \/>\n<meta property=\"og:image\" content=\"https:\/\/siranius.com\/wp-content\/uploads\/sites\/2\/2025\/12\/Meta-Human-health.png\" \/>\n\t<meta property=\"og:image:width\" content=\"1024\" \/>\n\t<meta property=\"og:image:height\" content=\"768\" \/>\n\t<meta property=\"og:image:type\" content=\"image\/png\" \/>\n<meta name=\"twitter:card\" content=\"summary_large_image\" \/>\n<meta name=\"twitter:label1\" content=\"Gesch\u00e4tzte Lesezeit\" \/>\n\t<meta name=\"twitter:data1\" content=\"2\u00a0Minuten\" \/>\n<script type=\"application\/ld+json\" class=\"yoast-schema-graph\">{\"@context\":\"https:\/\/schema.org\",\"@graph\":[{\"@type\":\"WebPage\",\"@id\":\"https:\/\/siranius.com\/about\/\",\"url\":\"https:\/\/siranius.com\/about\/\",\"name\":\"The company - Siranius\",\"isPartOf\":{\"@id\":\"https:\/\/siranius.com\/#website\"},\"primaryImageOfPage\":{\"@id\":\"https:\/\/siranius.com\/about\/#primaryimage\"},\"image\":{\"@id\":\"https:\/\/siranius.com\/about\/#primaryimage\"},\"thumbnailUrl\":\"https:\/\/siranius.com\/wp-content\/uploads\/sites\/2\/2025\/12\/Meta-Human-health.png\",\"datePublished\":\"2025-11-19T09:53:25+00:00\",\"dateModified\":\"2025-12-16T20:42:38+00:00\",\"description\":\"Discover Siranius\u2019 story, mission and values \u2014 a team dedicated to science-led, sustainable health innovation rooted in lignin and real human impact.\",\"breadcrumb\":{\"@id\":\"https:\/\/siranius.com\/about\/#breadcrumb\"},\"inLanguage\":\"de\",\"potentialAction\":[{\"@type\":\"ReadAction\",\"target\":[\"https:\/\/siranius.com\/about\/\"]}]},{\"@type\":\"ImageObject\",\"inLanguage\":\"de\",\"@id\":\"https:\/\/siranius.com\/about\/#primaryimage\",\"url\":\"https:\/\/siranius.com\/wp-content\/uploads\/sites\/2\/2025\/12\/Meta-Human-health.png\",\"contentUrl\":\"https:\/\/siranius.com\/wp-content\/uploads\/sites\/2\/2025\/12\/Meta-Human-health.png\",\"width\":1024,\"height\":768},{\"@type\":\"BreadcrumbList\",\"@id\":\"https:\/\/siranius.com\/about\/#breadcrumb\",\"itemListElement\":[{\"@type\":\"ListItem\",\"position\":1,\"name\":\"Home\",\"item\":\"https:\/\/siranius.com\/\"},{\"@type\":\"ListItem\",\"position\":2,\"name\":\"The company\"}]},{\"@type\":\"WebSite\",\"@id\":\"https:\/\/siranius.com\/#website\",\"url\":\"https:\/\/siranius.com\/\",\"name\":\"Siranius\",\"description\":\"Lignin powered nutraceuticals\",\"potentialAction\":[{\"@type\":\"SearchAction\",\"target\":{\"@type\":\"EntryPoint\",\"urlTemplate\":\"https:\/\/siranius.com\/?s={search_term_string}\"},\"query-input\":{\"@type\":\"PropertyValueSpecification\",\"valueRequired\":true,\"valueName\":\"search_term_string\"}}],\"inLanguage\":\"de\"}]}<\/script>\n<!-- \/ Yoast SEO plugin. -->","yoast_head_json":{"title":"Das Unternehmen \u2013 Siranius","description":"Entdecken Sie die Geschichte, Mission und Werte von Siranius \u2013 einem Team, das sich wissenschaftlich fundierten, nachhaltigen Gesundheitsinnovationen verschrieben hat, die auf Lignin basieren und echte Auswirkungen auf das Leben der Menschen haben.","robots":{"index":"index","follow":"follow","max-snippet":"max-snippet:-1","max-image-preview":"max-image-preview:large","max-video-preview":"max-video-preview:-1"},"canonical":"https:\/\/siranius.com\/de\/uber\/","og_locale":"de_DE","og_type":"article","og_title":"The company - Siranius","og_description":"Discover Siranius\u2019 story, mission and values \u2014 a team dedicated to science-led, sustainable health innovation rooted in lignin and real human impact.","og_url":"https:\/\/siranius.com\/de\/uber\/","og_site_name":"Siranius","article_modified_time":"2025-12-16T20:42:38+00:00","og_image":[{"width":1024,"height":768,"url":"https:\/\/siranius.com\/wp-content\/uploads\/sites\/2\/2025\/12\/Meta-Human-health.png","type":"image\/png"}],"twitter_card":"summary_large_image","twitter_misc":{"Gesch\u00e4tzte Lesezeit":"2\u00a0Minuten"},"schema":{"@context":"https:\/\/schema.org","@graph":[{"@type":"WebPage","@id":"https:\/\/siranius.com\/about\/","url":"https:\/\/siranius.com\/about\/","name":"Das Unternehmen \u2013 Siranius","isPartOf":{"@id":"https:\/\/siranius.com\/#website"},"primaryImageOfPage":{"@id":"https:\/\/siranius.com\/about\/#primaryimage"},"image":{"@id":"https:\/\/siranius.com\/about\/#primaryimage"},"thumbnailUrl":"https:\/\/siranius.com\/wp-content\/uploads\/sites\/2\/2025\/12\/Meta-Human-health.png","datePublished":"2025-11-19T09:53:25+00:00","dateModified":"2025-12-16T20:42:38+00:00","description":"Entdecken Sie die Geschichte, Mission und Werte von Siranius \u2013 einem Team, das sich wissenschaftlich fundierten, nachhaltigen Gesundheitsinnovationen verschrieben hat, die auf Lignin basieren und echte Auswirkungen auf das Leben der Menschen haben.","breadcrumb":{"@id":"https:\/\/siranius.com\/about\/#breadcrumb"},"inLanguage":"de","potentialAction":[{"@type":"ReadAction","target":["https:\/\/siranius.com\/about\/"]}]},{"@type":"ImageObject","inLanguage":"de","@id":"https:\/\/siranius.com\/about\/#primaryimage","url":"https:\/\/siranius.com\/wp-content\/uploads\/sites\/2\/2025\/12\/Meta-Human-health.png","contentUrl":"https:\/\/siranius.com\/wp-content\/uploads\/sites\/2\/2025\/12\/Meta-Human-health.png","width":1024,"height":768},{"@type":"BreadcrumbList","@id":"https:\/\/siranius.com\/about\/#breadcrumb","itemListElement":[{"@type":"ListItem","position":1,"name":"Home","item":"https:\/\/siranius.com\/"},{"@type":"ListItem","position":2,"name":"The company"}]},{"@type":"WebSite","@id":"https:\/\/siranius.com\/#website","url":"https:\/\/siranius.com\/","name":"Siranius","description":"Nutrazeutika auf Ligninbasis","potentialAction":[{"@type":"SearchAction","target":{"@type":"EntryPoint","urlTemplate":"https:\/\/siranius.com\/?s={search_term_string}"},"query-input":{"@type":"PropertyValueSpecification","valueRequired":true,"valueName":"search_term_string"}}],"inLanguage":"de"}]}},"_links":{"self":[{"href":"https:\/\/siranius.com\/de\/wp-json\/wp\/v2\/pages\/35","targetHints":{"allow":["GET"]}}],"collection":[{"href":"https:\/\/siranius.com\/de\/wp-json\/wp\/v2\/pages"}],"about":[{"href":"https:\/\/siranius.com\/de\/wp-json\/wp\/v2\/types\/page"}],"author":[{"embeddable":true,"href":"https:\/\/siranius.com\/de\/wp-json\/wp\/v2\/users\/1"}],"replies":[{"embeddable":true,"href":"https:\/\/siranius.com\/de\/wp-json\/wp\/v2\/comments?post=35"}],"version-history":[{"count":20,"href":"https:\/\/siranius.com\/de\/wp-json\/wp\/v2\/pages\/35\/revisions"}],"predecessor-version":[{"id":476,"href":"https:\/\/siranius.com\/de\/wp-json\/wp\/v2\/pages\/35\/revisions\/476"}],"wp:featuredmedia":[{"embeddable":true,"href":"https:\/\/siranius.com\/de\/wp-json\/wp\/v2\/media\/505"}],"wp:attachment":[{"href":"https:\/\/siranius.com\/de\/wp-json\/wp\/v2\/media?parent=35"}],"curies":[{"name":"wp","href":"https:\/\/api.w.org\/{rel}","templated":true}]}}