{"id":33,"date":"2025-11-19T09:52:37","date_gmt":"2025-11-19T09:52:37","guid":{"rendered":"https:\/\/siranius.tanovis.linawang.se\/?page_id=33"},"modified":"2025-12-16T20:43:57","modified_gmt":"2025-12-16T20:43:57","slug":"biowissenschaft","status":"publish","type":"page","link":"https:\/\/siranius.com\/de\/biowissenschaft\/","title":{"rendered":"Die Wissenschaft"},"content":{"rendered":"<section class=\"title-text-block  bg-default\" >\n  <div class=\"title-text-block__inner container\">\n    <div class=\"title-text-block__title\">\n      <h2 class=\"title-xl animate-words\">20 Jahre Forschung. Und wir stehen erst am Anfang. <\/h2>\n    <\/div>\n    <div class=\"title-text-block__text fade-up-delay-600\">\n      <div class=\"body-lg\"><\/div>\n          <\/div>\n  <\/div>\n<\/section>\n\n\n<section class=\"quote   bg-default\" >\n  \n  <div class=\"container\">\n        <h3 class=\"quote__text animate-lines title-md\">\n      Wir haben die verborgene Kraft von Lignin freigesetzt, dem nat\u00fcrlichen Stoff, der f\u00fcr die Widerstandsf\u00e4higkeit und Abwehrkr\u00e4fte von Pflanzen verantwortlich ist. Mit mehr als 20 Jahren Forschung im R\u00fccken sind wir Vorreiter bei der Entwicklung von Gesundheitsl\u00f6sungen auf Ligninbasis.     <\/h3>\n          <\/div>\n\n<\/section>\n\n\n<section class=\"text container wysiwyg\" >\n                                      <h2 class=\"text__title fade-up\">\n            Verbesserung der Darmgesundheit und Nachhaltigkeit<br \/><br \/>\r\n          <\/h2>\n                                                  <div class=\"text__body fade-up\">\n            <p><span style=\"font-weight: 400\">Von Stoffwechselst\u00f6rungen und Lebererkrankungen bis hin zu Immunschw\u00e4che, Herz-Kreislauf-Problemen, Allergien und Reizdarmsyndrom. Weltweit nehmen chronische Erkrankungen zu, die mit einem Ungleichgewicht im Darm zusammenh\u00e4ngen. Zahlreiche Forschungsergebnisse zeigen mittlerweile, wie St\u00f6rungen der Darmflora Entz\u00fcndungen, die Immunregulation und die allgemeine Widerstandsf\u00e4higkeit des K\u00f6rpers beeinflussen k\u00f6nnen.<\/span><\/p>\n<p>&nbsp;<\/p>\n<p><span style=\"font-weight: 400\">Gleichzeitig braucht die Gesellschaft L\u00f6sungen, die sowohl die Menschen als auch den Planeten sch\u00fctzen. Die Arbeit mit Lignin \u2013 einem reichlich vorhandenen, erneuerbaren Pflanzenpolymer \u2013 erm\u00f6glicht es uns, uns um die menschliche Gesundheit zu k\u00fcmmern und gleichzeitig die Abh\u00e4ngigkeit von fossilen Materialien zu verringern. <\/span><\/p>\n          <\/div>\n                    \n<\/section>\n\n\n<section class=\"numbers container  bg-default\" >\n  <h2 class=\"numbers__title\">IBS in Zahlen<\/h2>\n  <div class=\"numbers__inner\">\n        <div class=\"numbers__item\">\n      <h3 class=\"numbers__item-number title-xxl\"><span\n          class=\"numbers__item-number-animate\">11<\/span>%      <\/h3>\n      <p class=\"numbers__item-text body-sm\">Von der Weltbev\u00f6lkerung lebt mit Reizdarmsyndrom (IBS).<\/p>\n    <\/div>\n        <div class=\"numbers__item\">\n      <h3 class=\"numbers__item-number title-xxl\"><span\n          class=\"numbers__item-number-animate\">15<\/span>%      <\/h3>\n      <p class=\"numbers__item-text body-sm\">Von den Menschen in Europa, den USA und Mexiko leiden sch\u00e4tzungsweise an IBS.<\/p>\n    <\/div>\n        <div class=\"numbers__item\">\n      <h3 class=\"numbers__item-number title-xxl\"><span\n          class=\"numbers__item-number-animate\">30<\/span>%      <\/h3>\n      <p class=\"numbers__item-text body-sm\">Von denjenigen, die IBS-Symptome haben, suchen \u00e4rztliche Hilfe auf<\/p>\n    <\/div>\n      <\/div>\n<\/section>\n\n\n<section class=\"text container wysiwyg\" >\n                              <div class=\"text__table fade-up\">\n                          <div class=\"text__table-column\">\n                                                  <p class=\"text__table-header body-md\">Lignin und Darmgesundheit<\/p>\n                                                  <ul class=\"text__table-list\">\n                                                                                        <li class=\"text__table-item\">Ein Ungleichgewicht im Darm steht in Zusammenhang mit Diabetes, Lebererkrankungen, Herz-Kreislauf-Erkrankungen, Autoimmunerkrankungen und Reizdarmsyndrom.<\/li>\n                                                                                                              <li class=\"text__table-item\">Unsere Biopolymere auf Ligninbasis f\u00f6rdern eine ges\u00fcndere Darmflora, reduzieren Entz\u00fcndungen und st\u00e4rken das Immunsystem.<\/li>\n                                                                                                              <li class=\"text__table-item\">Die nat\u00fcrliche F\u00e4higkeit von Lignin, die Darmflora zu beeinflussen, macht es zu einem potenziellen Mittel gegen allt\u00e4gliche Symptome und gro\u00dfe globale Gesundheitsprobleme der Zukunft.<\/li>\n                                                            <\/ul>\n                              <\/div>\n                      <\/div>\n                    \n<\/section>\n\n\n<section class=\"card-slider\" id=\"card-slider-block_e26907cdc753f4ebd0f98a01e00cb9cd\" >\n  <div class=\"bg-decorator\"\n    ><\/div>\n\n      <div class=\"container\">\n      <div class=\"card-slider__cards swiper\">\n        <div class=\"swiper-wrapper\">\n                      <div class=\"swiper-slide\">\n              <div class=\"card-slider__cards-card cutout cutout-top-right aspect-ratio-1-1\">\n                                  <h3 class=\"card-slider__cards-card-title\">Lignin und Darmgesundheit<\/h3>\n                                              <\/div>\n            <\/div>\n                      <div class=\"swiper-slide\">\n              <div class=\"card-slider__cards-card cutout cutout-top-right aspect-ratio-1-1\">\n                                                  <div class=\"card-slider__cards-card-text\">\n                    <p>Ein Ungleichgewicht im Darm steht in Zusammenhang mit Diabetes, Lebererkrankungen, Herz-Kreislauf-Erkrankungen, Autoimmunerkrankungen und Reizdarmsyndrom.<\/p>\n                  <\/div>\n                              <\/div>\n            <\/div>\n                      <div class=\"swiper-slide\">\n              <div class=\"card-slider__cards-card cutout cutout-top-right aspect-ratio-1-1\">\n                                                  <div class=\"card-slider__cards-card-text\">\n                    <p>Unsere Biopolymere auf Ligninbasis f\u00f6rdern eine ges\u00fcndere Darmflora, reduzieren Entz\u00fcndungen und st\u00e4rken das Immunsystem.<\/p>\n                  <\/div>\n                              <\/div>\n            <\/div>\n                      <div class=\"swiper-slide\">\n              <div class=\"card-slider__cards-card cutout cutout-top-right aspect-ratio-1-1\">\n                                                  <div class=\"card-slider__cards-card-text\">\n                    <p>Die nat\u00fcrliche F\u00e4higkeit von Lignin, die Darmflora zu beeinflussen, macht es zu einem potenziellen Mittel gegen allt\u00e4gliche Symptome und gro\u00dfe globale Gesundheitsprobleme der Zukunft.<\/p>\n                  <\/div>\n                              <\/div>\n            <\/div>\n                  <\/div>\n        <div class=\"swiper-pagination\"><\/div>\n      <\/div>\n        <\/div>\n\n    <script type=\"module\">\n      import Swiper from \"https:\/\/cdn.jsdelivr.net\/npm\/swiper@11\/swiper-bundle.min.mjs\";\n\n      \/\/ Initialize Swiper\n              const section = document.getElementById(\"card-slider-block_e26907cdc753f4ebd0f98a01e00cb9cd\");\n        const swiperEl = section?.querySelector(\".swiper\");\n        if (swiperEl) {\n          new Swiper(swiperEl, {\n            slidesPerView: 'auto',\n            spaceBetween: 20,\n            pagination: {\n              el: \".swiper-pagination\",\n              clickable: true,\n            },\n          });\n        }\n          <\/script>\n<\/section>\n\n\n<section class=\"text container wysiwyg\" >\n                                      <h3 class=\"text__title fade-up\">\n            Eigenschaften von Lignin und wissenschaftliche Erkenntnisse          <\/h3>\n                                                  <div class=\"text__body fade-up\">\n            <p><span style=\"font-weight: 400\">Lignin ist ein komplexes phenolisches Polymer, das von der Natur entwickelt wurde, um Pflanzen zu verteidigen, zu stabilisieren und zu sch\u00fctzen. Mehrere Studien belegen seine breite Bioaktivit\u00e4t: antivirale, antioxidative, entz\u00fcndungshemmende, antimikrobielle und immunmodulierende Eigenschaften, die weitgehend auf seine hochpolymerisierte polyphenolische Struktur zur\u00fcckzuf\u00fchren sind.<\/span><\/p>\n<p>&nbsp;<\/p>\n<p><span style=\"font-weight: 400\">Unsere Biopolymere auf Ligninbasis f\u00f6rdern nachweislich eine ges\u00fcndere Darmflora, lindern Reizungen und st\u00e4rken das Immunsystem. Ihre F\u00e4higkeit, Giftstoffe zu binden, das Gleichgewicht der Mikrobiota zu beeinflussen und Immunprozesse zu modulieren, basiert auf mehr als 20 Jahren Ligninforschung in den Bereichen Darmgesundheit, Entz\u00fcndungen und Darmschutz.<\/span><\/p>\n          <\/div>\n                    \n<\/section>","protected":false},"excerpt":{"rendered":"","protected":false},"author":1,"featured_media":505,"parent":0,"menu_order":0,"comment_status":"closed","ping_status":"closed","template":"","meta":{"_acf_changed":false,"content-type":"","footnotes":""},"class_list":["post-33","page","type-page","status-publish","has-post-thumbnail","hentry"],"acf":[],"yoast_head":"<!-- This site is optimized with the Yoast SEO plugin v26.6 - https:\/\/yoast.com\/wordpress\/plugins\/seo\/ -->\n<title>The Science - Siranius<\/title>\n<meta name=\"description\" content=\"Discover the science behind lignin at Siranius \u2014 how bioscience research fuels sustainable health innovation and meaningful impact for people and planet.\" \/>\n<meta name=\"robots\" content=\"index, follow, max-snippet:-1, max-image-preview:large, max-video-preview:-1\" \/>\n<link rel=\"canonical\" href=\"https:\/\/siranius.com\/de\/biowissenschaft\/\" \/>\n<meta property=\"og:locale\" content=\"de_DE\" \/>\n<meta property=\"og:type\" content=\"article\" \/>\n<meta property=\"og:title\" content=\"The Science - Siranius\" \/>\n<meta property=\"og:description\" content=\"Discover the science behind lignin at Siranius \u2014 how bioscience research fuels sustainable health innovation and meaningful impact for people and planet.\" \/>\n<meta property=\"og:url\" content=\"https:\/\/siranius.com\/de\/biowissenschaft\/\" \/>\n<meta property=\"og:site_name\" content=\"Siranius\" \/>\n<meta property=\"article:modified_time\" content=\"2025-12-16T20:43:57+00:00\" \/>\n<meta property=\"og:image\" content=\"https:\/\/siranius.com\/wp-content\/uploads\/sites\/2\/2025\/12\/Meta-Human-health.png\" \/>\n\t<meta property=\"og:image:width\" content=\"1024\" \/>\n\t<meta property=\"og:image:height\" content=\"768\" \/>\n\t<meta property=\"og:image:type\" content=\"image\/png\" \/>\n<meta name=\"twitter:card\" content=\"summary_large_image\" \/>\n<meta name=\"twitter:label1\" content=\"Gesch\u00e4tzte Lesezeit\" \/>\n\t<meta name=\"twitter:data1\" content=\"2\u00a0Minuten\" \/>\n<script type=\"application\/ld+json\" class=\"yoast-schema-graph\">{\"@context\":\"https:\/\/schema.org\",\"@graph\":[{\"@type\":\"WebPage\",\"@id\":\"https:\/\/siranius.com\/bioscience\/\",\"url\":\"https:\/\/siranius.com\/bioscience\/\",\"name\":\"The Science - Siranius\",\"isPartOf\":{\"@id\":\"https:\/\/siranius.com\/#website\"},\"primaryImageOfPage\":{\"@id\":\"https:\/\/siranius.com\/bioscience\/#primaryimage\"},\"image\":{\"@id\":\"https:\/\/siranius.com\/bioscience\/#primaryimage\"},\"thumbnailUrl\":\"https:\/\/siranius.com\/wp-content\/uploads\/sites\/2\/2025\/12\/Meta-Human-health.png\",\"datePublished\":\"2025-11-19T09:52:37+00:00\",\"dateModified\":\"2025-12-16T20:43:57+00:00\",\"description\":\"Discover the science behind lignin at Siranius \u2014 how bioscience research fuels sustainable health innovation and meaningful impact for people and planet.\",\"breadcrumb\":{\"@id\":\"https:\/\/siranius.com\/bioscience\/#breadcrumb\"},\"inLanguage\":\"de\",\"potentialAction\":[{\"@type\":\"ReadAction\",\"target\":[\"https:\/\/siranius.com\/bioscience\/\"]}]},{\"@type\":\"ImageObject\",\"inLanguage\":\"de\",\"@id\":\"https:\/\/siranius.com\/bioscience\/#primaryimage\",\"url\":\"https:\/\/siranius.com\/wp-content\/uploads\/sites\/2\/2025\/12\/Meta-Human-health.png\",\"contentUrl\":\"https:\/\/siranius.com\/wp-content\/uploads\/sites\/2\/2025\/12\/Meta-Human-health.png\",\"width\":1024,\"height\":768},{\"@type\":\"BreadcrumbList\",\"@id\":\"https:\/\/siranius.com\/bioscience\/#breadcrumb\",\"itemListElement\":[{\"@type\":\"ListItem\",\"position\":1,\"name\":\"Home\",\"item\":\"https:\/\/siranius.com\/\"},{\"@type\":\"ListItem\",\"position\":2,\"name\":\"The Science\"}]},{\"@type\":\"WebSite\",\"@id\":\"https:\/\/siranius.com\/#website\",\"url\":\"https:\/\/siranius.com\/\",\"name\":\"Siranius\",\"description\":\"Lignin powered nutraceuticals\",\"potentialAction\":[{\"@type\":\"SearchAction\",\"target\":{\"@type\":\"EntryPoint\",\"urlTemplate\":\"https:\/\/siranius.com\/?s={search_term_string}\"},\"query-input\":{\"@type\":\"PropertyValueSpecification\",\"valueRequired\":true,\"valueName\":\"search_term_string\"}}],\"inLanguage\":\"de\"}]}<\/script>\n<!-- \/ Yoast SEO plugin. -->","yoast_head_json":{"title":"Die Wissenschaft \u2013 Siranius","description":"Entdecken Sie bei Siranius die Wissenschaft hinter Lignin \u2013 wie die biowissenschaftliche Forschung nachhaltige Gesundheitsinnovationen und bedeutende Auswirkungen f\u00fcr Mensch und Umwelt vorantreibt.","robots":{"index":"index","follow":"follow","max-snippet":"max-snippet:-1","max-image-preview":"max-image-preview:large","max-video-preview":"max-video-preview:-1"},"canonical":"https:\/\/siranius.com\/de\/biowissenschaft\/","og_locale":"de_DE","og_type":"article","og_title":"The Science - Siranius","og_description":"Discover the science behind lignin at Siranius \u2014 how bioscience research fuels sustainable health innovation and meaningful impact for people and planet.","og_url":"https:\/\/siranius.com\/de\/biowissenschaft\/","og_site_name":"Siranius","article_modified_time":"2025-12-16T20:43:57+00:00","og_image":[{"width":1024,"height":768,"url":"https:\/\/siranius.com\/wp-content\/uploads\/sites\/2\/2025\/12\/Meta-Human-health.png","type":"image\/png"}],"twitter_card":"summary_large_image","twitter_misc":{"Gesch\u00e4tzte Lesezeit":"2\u00a0Minuten"},"schema":{"@context":"https:\/\/schema.org","@graph":[{"@type":"WebPage","@id":"https:\/\/siranius.com\/bioscience\/","url":"https:\/\/siranius.com\/bioscience\/","name":"Die Wissenschaft \u2013 Siranius","isPartOf":{"@id":"https:\/\/siranius.com\/#website"},"primaryImageOfPage":{"@id":"https:\/\/siranius.com\/bioscience\/#primaryimage"},"image":{"@id":"https:\/\/siranius.com\/bioscience\/#primaryimage"},"thumbnailUrl":"https:\/\/siranius.com\/wp-content\/uploads\/sites\/2\/2025\/12\/Meta-Human-health.png","datePublished":"2025-11-19T09:52:37+00:00","dateModified":"2025-12-16T20:43:57+00:00","description":"Entdecken Sie bei Siranius die Wissenschaft hinter Lignin \u2013 wie die biowissenschaftliche Forschung nachhaltige Gesundheitsinnovationen und bedeutende Auswirkungen f\u00fcr Mensch und Umwelt vorantreibt.","breadcrumb":{"@id":"https:\/\/siranius.com\/bioscience\/#breadcrumb"},"inLanguage":"de","potentialAction":[{"@type":"ReadAction","target":["https:\/\/siranius.com\/bioscience\/"]}]},{"@type":"ImageObject","inLanguage":"de","@id":"https:\/\/siranius.com\/bioscience\/#primaryimage","url":"https:\/\/siranius.com\/wp-content\/uploads\/sites\/2\/2025\/12\/Meta-Human-health.png","contentUrl":"https:\/\/siranius.com\/wp-content\/uploads\/sites\/2\/2025\/12\/Meta-Human-health.png","width":1024,"height":768},{"@type":"BreadcrumbList","@id":"https:\/\/siranius.com\/bioscience\/#breadcrumb","itemListElement":[{"@type":"ListItem","position":1,"name":"Home","item":"https:\/\/siranius.com\/"},{"@type":"ListItem","position":2,"name":"The Science"}]},{"@type":"WebSite","@id":"https:\/\/siranius.com\/#website","url":"https:\/\/siranius.com\/","name":"Siranius","description":"Nutrazeutika auf Ligninbasis","potentialAction":[{"@type":"SearchAction","target":{"@type":"EntryPoint","urlTemplate":"https:\/\/siranius.com\/?s={search_term_string}"},"query-input":{"@type":"PropertyValueSpecification","valueRequired":true,"valueName":"search_term_string"}}],"inLanguage":"de"}]}},"_links":{"self":[{"href":"https:\/\/siranius.com\/de\/wp-json\/wp\/v2\/pages\/33","targetHints":{"allow":["GET"]}}],"collection":[{"href":"https:\/\/siranius.com\/de\/wp-json\/wp\/v2\/pages"}],"about":[{"href":"https:\/\/siranius.com\/de\/wp-json\/wp\/v2\/types\/page"}],"author":[{"embeddable":true,"href":"https:\/\/siranius.com\/de\/wp-json\/wp\/v2\/users\/1"}],"replies":[{"embeddable":true,"href":"https:\/\/siranius.com\/de\/wp-json\/wp\/v2\/comments?post=33"}],"version-history":[{"count":20,"href":"https:\/\/siranius.com\/de\/wp-json\/wp\/v2\/pages\/33\/revisions"}],"predecessor-version":[{"id":246,"href":"https:\/\/siranius.com\/de\/wp-json\/wp\/v2\/pages\/33\/revisions\/246"}],"wp:featuredmedia":[{"embeddable":true,"href":"https:\/\/siranius.com\/de\/wp-json\/wp\/v2\/media\/505"}],"wp:attachment":[{"href":"https:\/\/siranius.com\/de\/wp-json\/wp\/v2\/media?parent=33"}],"curies":[{"name":"wp","href":"https:\/\/api.w.org\/{rel}","templated":true}]}}