{"id":31,"date":"2025-11-19T09:52:04","date_gmt":"2025-11-19T09:52:04","guid":{"rendered":"https:\/\/siranius.tanovis.linawang.se\/?page_id=31"},"modified":"2025-12-22T20:12:03","modified_gmt":"2025-12-22T20:12:03","slug":"lignineigenschaften","status":"publish","type":"page","link":"https:\/\/siranius.com\/de\/lignineigenschaften\/","title":{"rendered":"Lignin"},"content":{"rendered":"<section\n  class=\"tanovis_sub_hero  sub_hero--bg-medium split\"\n  >\n  <div class=\"hero__media\">\n        \n    <div class=\"hero__symbol-container split\">\n      <div class=\"hero__symbol\">\n                  <img decoding=\"async\" class=\"hero__symbol\" src=\"https:\/\/siranius.com\/wp-content\/uploads\/sites\/2\/2025\/11\/image01.jpg\"\n            alt=\"\" \/>\n              <\/div>\n    <\/div>\n  <\/div>\n\n  <div class=\"hero__content container\">\n          <h1 class=\"hero__title title-lg\">Lignin ist reine nat\u00fcrliche Intelligenz.<\/h1>\n      <\/div>\n<\/section>\n\n\n<section class=\"text container wysiwyg\" >\n                                      <div class=\"text__body fade-up\">\n            <p><span style=\"font-weight: 400\">Lignin ist der nat\u00fcrliche Stoff, der f\u00fcr die Widerstandsf\u00e4higkeit und Abwehrkr\u00e4fte von Pflanzen verantwortlich ist. Und unsere Biopolymere f\u00f6rdern eine gesunde Darmflora, lindern Entz\u00fcndungen und st\u00e4rken das Immunsystem. <\/span><\/p>\n          <\/div>\n                    \n<\/section>\n\n\n<section class=\"text-columns container  bg-default\" >\n  <div class=\"text-columns__inner\">\n    <div class=\"text-columns__col-title\">\n      <h2 class=\"title-md\">Die Wissenschaft hinter der Kraft der Lignine.<\/h2>\n    <\/div>\n    <div><\/div>\n    <div class=\"text-columns__col-1 fade-up-delay-200\">\n      <p>Wir arbeiten mit Lignin, weil seine Molek\u00fclstruktur seltene Eigenschaften aufweist, die sich direkt positiv auf den Darm und das Immunsystem auswirken. Als komplexes phenolisches Biopolymer interagiert Lignin auf vielf\u00e4ltige Weise mit der Darmumgebung:<\/p>\n    <\/div>\n    <div class=\"text-columns__col-2 fade-up-delay-600\">\n      <p>Es bindet und neutralisiert allt\u00e4gliche Giftstoffe, unterst\u00fctzt die mikrobielle Vielfalt und hilft bei der Regulierung von Entz\u00fcndungsreaktionen. Unsere Biopolymere auf Ligninbasis schaffen nachweislich Bedingungen, die ein ausgewogenes Darm\u00f6kosystem f\u00f6rdern, gleichzeitig Reizungen lindern und das Immunsystem unterst\u00fctzen.<\/p>\n    <\/div>\n      <\/div>\n<\/section>\n\n\n<section class=\"stacked-texts container  bg-default\" >\n  <h2 class=\"stacked-texts__title body-md\">Lignin und Darmgesundheit<\/h2>\n  <div class=\"stacked-texts__inner\">\n            <div class=\"stacked-texts__section fade-up\">\n      <h3 class=\"stacked-texts__section-title title-md animate-words\">Die Herausforderung<\/h3>\n      <div class=\"stacked-texts__section-text body-md fade-up-delay-600\"><p><span style=\"font-weight: 400;\">Ein Ungleichgewicht im Darm steht in Zusammenhang mit Diabetes, Lebererkrankungen, Herz-Kreislauf-Erkrankungen, Autoimmunerkrankungen und Reizdarmsyndrom.<\/span><\/p>\n<\/div>\n    <\/div>\n        <div class=\"stacked-texts__section fade-up\">\n      <h3 class=\"stacked-texts__section-title title-md animate-words\">Die Ergebnisse<\/h3>\n      <div class=\"stacked-texts__section-text body-md fade-up-delay-600\"><p><span style=\"font-weight: 400;\">Unsere Biopolymere auf Ligninbasis f\u00f6rdern eine ges\u00fcndere Darmflora, reduzieren Entz\u00fcndungen und unterst\u00fctzen das Immunsystem.<\/span>y<span style=\"font-weight: 400;\">.<\/span><\/p>\n<\/div>\n    <\/div>\n        <div class=\"stacked-texts__section fade-up\">\n      <h3 class=\"stacked-texts__section-title title-md animate-words\">Das Potenzial<\/h3>\n      <div class=\"stacked-texts__section-text body-md fade-up-delay-600\"><p><span style=\"font-weight: 400;\">Die nat\u00fcrliche F\u00e4higkeit von Lignin, die Darmflora zu beeinflussen, macht es zu einem potenziellen Mittel gegen allt\u00e4gliche Symptome und gro\u00dfe globale Gesundheitsprobleme der Zukunft.<\/span><\/p>\n<\/div>\n    <\/div>\n          <\/div>\n<\/section>","protected":false},"excerpt":{"rendered":"","protected":false},"author":1,"featured_media":504,"parent":0,"menu_order":0,"comment_status":"closed","ping_status":"closed","template":"","meta":{"_acf_changed":false,"content-type":"","footnotes":""},"class_list":["post-31","page","type-page","status-publish","has-post-thumbnail","hentry"],"acf":[],"yoast_head":"<!-- This site is optimized with the Yoast SEO plugin v26.6 - https:\/\/yoast.com\/wordpress\/plugins\/seo\/ -->\n<title>Lignin - Siranius<\/title>\n<meta name=\"description\" content=\"Learn about lignin\u2019s properties and why they matter. Siranius breaks down its benefits, characteristics and role in sustainable health and material solutions.\" \/>\n<meta name=\"robots\" content=\"index, follow, max-snippet:-1, max-image-preview:large, max-video-preview:-1\" \/>\n<link rel=\"canonical\" href=\"https:\/\/siranius.com\/de\/lignineigenschaften\/\" \/>\n<meta property=\"og:locale\" content=\"de_DE\" \/>\n<meta property=\"og:type\" content=\"article\" \/>\n<meta property=\"og:title\" content=\"Lignin - Siranius\" \/>\n<meta property=\"og:description\" content=\"Learn about lignin\u2019s properties and why they matter. Siranius breaks down its benefits, characteristics and role in sustainable health and material solutions.\" \/>\n<meta property=\"og:url\" content=\"https:\/\/siranius.com\/de\/lignineigenschaften\/\" \/>\n<meta property=\"og:site_name\" content=\"Siranius\" \/>\n<meta property=\"article:modified_time\" content=\"2025-12-22T20:12:03+00:00\" \/>\n<meta property=\"og:image\" content=\"https:\/\/siranius.com\/wp-content\/uploads\/sites\/2\/2025\/12\/Meta-The-company.png\" \/>\n\t<meta property=\"og:image:width\" content=\"1024\" \/>\n\t<meta property=\"og:image:height\" content=\"768\" \/>\n\t<meta property=\"og:image:type\" content=\"image\/png\" \/>\n<meta name=\"twitter:card\" content=\"summary_large_image\" \/>\n<meta name=\"twitter:label1\" content=\"Gesch\u00e4tzte Lesezeit\" \/>\n\t<meta name=\"twitter:data1\" content=\"1\u00a0Minute\" \/>\n<script type=\"application\/ld+json\" class=\"yoast-schema-graph\">{\"@context\":\"https:\/\/schema.org\",\"@graph\":[{\"@type\":\"WebPage\",\"@id\":\"https:\/\/siranius.com\/lignin-properties\/\",\"url\":\"https:\/\/siranius.com\/lignin-properties\/\",\"name\":\"Lignin - Siranius\",\"isPartOf\":{\"@id\":\"https:\/\/siranius.com\/#website\"},\"primaryImageOfPage\":{\"@id\":\"https:\/\/siranius.com\/lignin-properties\/#primaryimage\"},\"image\":{\"@id\":\"https:\/\/siranius.com\/lignin-properties\/#primaryimage\"},\"thumbnailUrl\":\"https:\/\/siranius.com\/wp-content\/uploads\/sites\/2\/2025\/12\/Meta-The-company.png\",\"datePublished\":\"2025-11-19T09:52:04+00:00\",\"dateModified\":\"2025-12-22T20:12:03+00:00\",\"description\":\"Learn about lignin\u2019s properties and why they matter. Siranius breaks down its benefits, characteristics and role in sustainable health and material solutions.\",\"breadcrumb\":{\"@id\":\"https:\/\/siranius.com\/lignin-properties\/#breadcrumb\"},\"inLanguage\":\"de\",\"potentialAction\":[{\"@type\":\"ReadAction\",\"target\":[\"https:\/\/siranius.com\/lignin-properties\/\"]}]},{\"@type\":\"ImageObject\",\"inLanguage\":\"de\",\"@id\":\"https:\/\/siranius.com\/lignin-properties\/#primaryimage\",\"url\":\"https:\/\/siranius.com\/wp-content\/uploads\/sites\/2\/2025\/12\/Meta-The-company.png\",\"contentUrl\":\"https:\/\/siranius.com\/wp-content\/uploads\/sites\/2\/2025\/12\/Meta-The-company.png\",\"width\":1024,\"height\":768},{\"@type\":\"BreadcrumbList\",\"@id\":\"https:\/\/siranius.com\/lignin-properties\/#breadcrumb\",\"itemListElement\":[{\"@type\":\"ListItem\",\"position\":1,\"name\":\"Home\",\"item\":\"https:\/\/siranius.com\/\"},{\"@type\":\"ListItem\",\"position\":2,\"name\":\"Lignin\"}]},{\"@type\":\"WebSite\",\"@id\":\"https:\/\/siranius.com\/#website\",\"url\":\"https:\/\/siranius.com\/\",\"name\":\"Siranius\",\"description\":\"Lignin powered nutraceuticals\",\"potentialAction\":[{\"@type\":\"SearchAction\",\"target\":{\"@type\":\"EntryPoint\",\"urlTemplate\":\"https:\/\/siranius.com\/?s={search_term_string}\"},\"query-input\":{\"@type\":\"PropertyValueSpecification\",\"valueRequired\":true,\"valueName\":\"search_term_string\"}}],\"inLanguage\":\"de\"}]}<\/script>\n<!-- \/ Yoast SEO plugin. -->","yoast_head_json":{"title":"Lignin \u2013 Siranius","description":"Erfahren Sie mehr \u00fcber die Eigenschaften von Lignin und warum sie wichtig sind. Siranius erl\u00e4utert seine Vorteile, Eigenschaften und seine Rolle f\u00fcr nachhaltige Gesundheits- und Materiall\u00f6sungen.","robots":{"index":"index","follow":"follow","max-snippet":"max-snippet:-1","max-image-preview":"max-image-preview:large","max-video-preview":"max-video-preview:-1"},"canonical":"https:\/\/siranius.com\/de\/lignineigenschaften\/","og_locale":"de_DE","og_type":"article","og_title":"Lignin - Siranius","og_description":"Learn about lignin\u2019s properties and why they matter. Siranius breaks down its benefits, characteristics and role in sustainable health and material solutions.","og_url":"https:\/\/siranius.com\/de\/lignineigenschaften\/","og_site_name":"Siranius","article_modified_time":"2025-12-22T20:12:03+00:00","og_image":[{"width":1024,"height":768,"url":"https:\/\/siranius.com\/wp-content\/uploads\/sites\/2\/2025\/12\/Meta-The-company.png","type":"image\/png"}],"twitter_card":"summary_large_image","twitter_misc":{"Gesch\u00e4tzte Lesezeit":"1\u00a0Minute"},"schema":{"@context":"https:\/\/schema.org","@graph":[{"@type":"WebPage","@id":"https:\/\/siranius.com\/lignin-properties\/","url":"https:\/\/siranius.com\/lignin-properties\/","name":"Lignin \u2013 Siranius","isPartOf":{"@id":"https:\/\/siranius.com\/#website"},"primaryImageOfPage":{"@id":"https:\/\/siranius.com\/lignin-properties\/#primaryimage"},"image":{"@id":"https:\/\/siranius.com\/lignin-properties\/#primaryimage"},"thumbnailUrl":"https:\/\/siranius.com\/wp-content\/uploads\/sites\/2\/2025\/12\/Meta-The-company.png","datePublished":"2025-11-19T09:52:04+00:00","dateModified":"2025-12-22T20:12:03+00:00","description":"Erfahren Sie mehr \u00fcber die Eigenschaften von Lignin und warum sie wichtig sind. Siranius erl\u00e4utert seine Vorteile, Eigenschaften und seine Rolle f\u00fcr nachhaltige Gesundheits- und Materiall\u00f6sungen.","breadcrumb":{"@id":"https:\/\/siranius.com\/lignin-properties\/#breadcrumb"},"inLanguage":"de","potentialAction":[{"@type":"ReadAction","target":["https:\/\/siranius.com\/lignin-properties\/"]}]},{"@type":"ImageObject","inLanguage":"de","@id":"https:\/\/siranius.com\/lignin-properties\/#primaryimage","url":"https:\/\/siranius.com\/wp-content\/uploads\/sites\/2\/2025\/12\/Meta-The-company.png","contentUrl":"https:\/\/siranius.com\/wp-content\/uploads\/sites\/2\/2025\/12\/Meta-The-company.png","width":1024,"height":768},{"@type":"BreadcrumbList","@id":"https:\/\/siranius.com\/lignin-properties\/#breadcrumb","itemListElement":[{"@type":"ListItem","position":1,"name":"Home","item":"https:\/\/siranius.com\/"},{"@type":"ListItem","position":2,"name":"Lignin"}]},{"@type":"WebSite","@id":"https:\/\/siranius.com\/#website","url":"https:\/\/siranius.com\/","name":"Siranius","description":"Nutrazeutika auf Ligninbasis","potentialAction":[{"@type":"SearchAction","target":{"@type":"EntryPoint","urlTemplate":"https:\/\/siranius.com\/?s={search_term_string}"},"query-input":{"@type":"PropertyValueSpecification","valueRequired":true,"valueName":"search_term_string"}}],"inLanguage":"de"}]}},"_links":{"self":[{"href":"https:\/\/siranius.com\/de\/wp-json\/wp\/v2\/pages\/31","targetHints":{"allow":["GET"]}}],"collection":[{"href":"https:\/\/siranius.com\/de\/wp-json\/wp\/v2\/pages"}],"about":[{"href":"https:\/\/siranius.com\/de\/wp-json\/wp\/v2\/types\/page"}],"author":[{"embeddable":true,"href":"https:\/\/siranius.com\/de\/wp-json\/wp\/v2\/users\/1"}],"replies":[{"embeddable":true,"href":"https:\/\/siranius.com\/de\/wp-json\/wp\/v2\/comments?post=31"}],"version-history":[{"count":18,"href":"https:\/\/siranius.com\/de\/wp-json\/wp\/v2\/pages\/31\/revisions"}],"predecessor-version":[{"id":534,"href":"https:\/\/siranius.com\/de\/wp-json\/wp\/v2\/pages\/31\/revisions\/534"}],"wp:featuredmedia":[{"embeddable":true,"href":"https:\/\/siranius.com\/de\/wp-json\/wp\/v2\/media\/504"}],"wp:attachment":[{"href":"https:\/\/siranius.com\/de\/wp-json\/wp\/v2\/media?parent=31"}],"curies":[{"name":"wp","href":"https:\/\/api.w.org\/{rel}","templated":true}]}}