{"id":25,"date":"2025-11-19T09:50:13","date_gmt":"2025-11-19T09:50:13","guid":{"rendered":"https:\/\/siranius.tanovis.linawang.se\/?page_id=25"},"modified":"2025-12-16T20:41:10","modified_gmt":"2025-12-16T20:41:10","slug":"nachhaltigkeit","status":"publish","type":"page","link":"https:\/\/siranius.com\/de\/nachhaltigkeit\/","title":{"rendered":"Nachhaltigkeit"},"content":{"rendered":"<section\n  class=\"tanovis_sub_hero  sub_hero--bg-light split\"\n  >\n  <div class=\"hero__media\">\n        \n    <div class=\"hero__symbol-container split\">\n      <div class=\"hero__symbol\">\n                  <img decoding=\"async\" class=\"hero__symbol\" src=\"https:\/\/siranius.com\/wp-content\/uploads\/sites\/2\/2025\/11\/image08.jpg\"\n            alt=\"\" \/>\n              <\/div>\n    <\/div>\n  <\/div>\n\n  <div class=\"hero__content container\">\n          <h1 class=\"hero__title title-lg\">Wir setzen ganz auf Basiswissenschaft. Im wahrsten Sinne des Wortes.<\/h1>\n      <\/div>\n<\/section>\n\n\n<section class=\"text container wysiwyg\" >\n                                      <div class=\"text__body fade-up\">\n            <p>Von der Beschaffung des Weizenstrohs bis hin zur Produktion \u2013 Zweckm\u00e4\u00dfigkeit und Kreislaufwirtschaft sind in jeden Schritt unseres Weges eingebettet. Wir sind st\u00e4ndig auf der Suche nach intelligenteren M\u00f6glichkeiten, um die Auswirkungen auf die Umwelt zu reduzieren und gleichzeitig den Wert f\u00fcr die Gesundheit der Menschen zu steigern. Jede Entscheidung, die wir treffen, basiert auf der \u00dcberzeugung, dass Nachhaltigkeit kein Merkmal ist. Sie ist die Grundlage.<\/p>\n          <\/div>\n                    \n<\/section>\n\n\n<section class=\"text-columns container  bg-default\" >\n  <div class=\"text-columns__inner\">\n    <div class=\"text-columns__col-title\">\n      <h2 class=\"title-md\">Eine nat\u00fcrliche, wiederverwertete Ressource<\/h2>\n    <\/div>\n    <div><\/div>\n    <div class=\"text-columns__col-1 fade-up-delay-200\">\n      <p>Wir beziehen Lignin aus landwirtschaftlichen Nebenprodukten, die sonst verbrannt oder entsorgt w\u00fcrden. Durch Upcycling und Modifizierung dieses reichlich vorhandenen Biopolymers vermeiden wir Abf\u00e4lle aus der fossilen Produktion, reduzieren CO2-Emissionen und schaffen einen kreislauff\u00e4higen Rohstoff f\u00fcr L\u00f6sungen im Bereich der menschlichen Gesundheit. .<\/p>\n    <\/div>\n    <div class=\"text-columns__col-2 fade-up-delay-600\">\n      <p>Dieser Ansatz verwandelt eine unzureichend genutzte nat\u00fcrliche Ressource in ein Sprungbrett f\u00fcr nachhaltige Wirkung. So k\u00f6nnen intelligente Wissenschaft und verantwortungsbewusste Beschaffung Hand in Hand arbeiten, um ges\u00fcndere M\u00f6glichkeiten f\u00fcr Mensch und Planet zu erschlie\u00dfen.<\/p>\n    <\/div>\n      <\/div>\n<\/section>\n\n\n<section class=\"text container wysiwyg\" >\n                              <div class=\"text__table fade-up\">\n                          <div class=\"text__table-column\">\n                                                  <p class=\"text__table-header body-md\">Unser Prozess<\/p>\n                                              <\/div>\n                      <\/div>\n                                                  <div class=\"text__image fade-up\">\n            <img loading=\"lazy\" decoding=\"async\" width=\"1920\" height=\"300\" src=\"https:\/\/siranius.com\/wp-content\/uploads\/sites\/2\/2025\/12\/Siranius-Our-base-model-beige-1.jpg\" class=\"text__image-img\" alt=\"\" srcset=\"https:\/\/siranius.com\/wp-content\/uploads\/sites\/2\/2025\/12\/Siranius-Our-base-model-beige-1.jpg 1920w, https:\/\/siranius.com\/wp-content\/uploads\/sites\/2\/2025\/12\/Siranius-Our-base-model-beige-1-300x47.jpg 300w, https:\/\/siranius.com\/wp-content\/uploads\/sites\/2\/2025\/12\/Siranius-Our-base-model-beige-1-1024x160.jpg 1024w, https:\/\/siranius.com\/wp-content\/uploads\/sites\/2\/2025\/12\/Siranius-Our-base-model-beige-1-768x120.jpg 768w, https:\/\/siranius.com\/wp-content\/uploads\/sites\/2\/2025\/12\/Siranius-Our-base-model-beige-1-1536x240.jpg 1536w\" sizes=\"auto, (max-width: 1920px) 100vw, 1920px\" \/>          <\/div>\n                    \n<\/section>\n\n\n<section class=\"text-columns container  bg-default\" >\n  <div class=\"text-columns__inner\">\n    <div class=\"text-columns__col-title\">\n      <h2 class=\"title-md\">Verantwortungsvolle Innovation und Produktion<\/h2>\n    <\/div>\n    <div><\/div>\n    <div class=\"text-columns__col-1 fade-up-delay-200\">\n      <p><span style=\"font-weight: 400;\">Wir verwenden ein Produktionsverfahren, das darauf ausgelegt ist, die molekulare Integrit\u00e4t von Lignin zu bewahren und gleichzeitig den Energieverbrauch und den Abfall auf ein Minimum zu reduzieren. Durch die Kombination von schonender Fraktionierung, pr\u00e4ziser Formulierung und geschlossenen Versorgungssystemen minimieren wir den Ressourcenverbrauch und die Umweltbelastung.\u00a0<\/span><\/p>\n    <\/div>\n    <div class=\"text-columns__col-2 fade-up-delay-600\">\n      <p><span style=\"font-weight: 400;\">Jedes Produkt, das wir auf den Markt bringen, spiegelt unser Engagement f\u00fcr umweltfreundliche Innovationen und gesundheitsf\u00f6rdernde Ziele wider.<\/span><\/p>\n    <\/div>\n      <\/div>\n<\/section>\n\n\n<section class=\"quote   bg-default\" >\n    <img decoding=\"async\" class=\"quote__bg\" src=\"https:\/\/siranius.com\/wp-content\/uploads\/sites\/2\/2025\/11\/Image05.jpg\" alt=\"\" \/>\n  \n  <div class=\"container\">\n        <h3 class=\"quote__text animate-lines title-xl\">\n      \u201dZweckm\u00e4\u00dfigkeit und Kreislaufwirtschaft sind in jeden Schritt unserer Reise eingebettet.\u201d    <\/h3>\n          <\/div>\n\n<\/section>","protected":false},"excerpt":{"rendered":"","protected":false},"author":1,"featured_media":504,"parent":0,"menu_order":0,"comment_status":"closed","ping_status":"closed","template":"","meta":{"_acf_changed":false,"content-type":"","footnotes":""},"class_list":["post-25","page","type-page","status-publish","has-post-thumbnail","hentry"],"acf":[],"yoast_head":"<!-- This site is optimized with the Yoast SEO plugin v26.6 - https:\/\/yoast.com\/wordpress\/plugins\/seo\/ -->\n<title>Sustainability - Siranius<\/title>\n<meta name=\"description\" content=\"Explore Siranius\u2019 sustainability journey \u2014 how we combine science, responsibility and eco-friendly practices in lignin-based health innovation that matters.\" \/>\n<meta name=\"robots\" content=\"index, follow, max-snippet:-1, max-image-preview:large, max-video-preview:-1\" \/>\n<link rel=\"canonical\" href=\"https:\/\/siranius.com\/de\/nachhaltigkeit\/\" \/>\n<meta property=\"og:locale\" content=\"de_DE\" \/>\n<meta property=\"og:type\" content=\"article\" \/>\n<meta property=\"og:title\" content=\"Sustainability - Siranius\" \/>\n<meta property=\"og:description\" content=\"Explore Siranius\u2019 sustainability journey \u2014 how we combine science, responsibility and eco-friendly practices in lignin-based health innovation that matters.\" \/>\n<meta property=\"og:url\" content=\"https:\/\/siranius.com\/de\/nachhaltigkeit\/\" \/>\n<meta property=\"og:site_name\" content=\"Siranius\" \/>\n<meta property=\"article:modified_time\" content=\"2025-12-16T20:41:10+00:00\" \/>\n<meta property=\"og:image\" content=\"https:\/\/siranius.com\/wp-content\/uploads\/sites\/2\/2025\/12\/Meta-The-company.png\" \/>\n\t<meta property=\"og:image:width\" content=\"1024\" \/>\n\t<meta property=\"og:image:height\" content=\"768\" \/>\n\t<meta property=\"og:image:type\" content=\"image\/png\" \/>\n<meta name=\"twitter:card\" content=\"summary_large_image\" \/>\n<meta name=\"twitter:label1\" content=\"Gesch\u00e4tzte Lesezeit\" \/>\n\t<meta name=\"twitter:data1\" content=\"2\u00a0Minuten\" \/>\n<script type=\"application\/ld+json\" class=\"yoast-schema-graph\">{\"@context\":\"https:\/\/schema.org\",\"@graph\":[{\"@type\":\"WebPage\",\"@id\":\"https:\/\/siranius.com\/sustainability\/\",\"url\":\"https:\/\/siranius.com\/sustainability\/\",\"name\":\"Sustainability - Siranius\",\"isPartOf\":{\"@id\":\"https:\/\/siranius.com\/#website\"},\"primaryImageOfPage\":{\"@id\":\"https:\/\/siranius.com\/sustainability\/#primaryimage\"},\"image\":{\"@id\":\"https:\/\/siranius.com\/sustainability\/#primaryimage\"},\"thumbnailUrl\":\"https:\/\/siranius.com\/wp-content\/uploads\/sites\/2\/2025\/12\/Meta-The-company.png\",\"datePublished\":\"2025-11-19T09:50:13+00:00\",\"dateModified\":\"2025-12-16T20:41:10+00:00\",\"description\":\"Explore Siranius\u2019 sustainability journey \u2014 how we combine science, responsibility and eco-friendly practices in lignin-based health innovation that matters.\",\"breadcrumb\":{\"@id\":\"https:\/\/siranius.com\/sustainability\/#breadcrumb\"},\"inLanguage\":\"de\",\"potentialAction\":[{\"@type\":\"ReadAction\",\"target\":[\"https:\/\/siranius.com\/sustainability\/\"]}]},{\"@type\":\"ImageObject\",\"inLanguage\":\"de\",\"@id\":\"https:\/\/siranius.com\/sustainability\/#primaryimage\",\"url\":\"https:\/\/siranius.com\/wp-content\/uploads\/sites\/2\/2025\/12\/Meta-The-company.png\",\"contentUrl\":\"https:\/\/siranius.com\/wp-content\/uploads\/sites\/2\/2025\/12\/Meta-The-company.png\",\"width\":1024,\"height\":768},{\"@type\":\"BreadcrumbList\",\"@id\":\"https:\/\/siranius.com\/sustainability\/#breadcrumb\",\"itemListElement\":[{\"@type\":\"ListItem\",\"position\":1,\"name\":\"Home\",\"item\":\"https:\/\/siranius.com\/\"},{\"@type\":\"ListItem\",\"position\":2,\"name\":\"Sustainability\"}]},{\"@type\":\"WebSite\",\"@id\":\"https:\/\/siranius.com\/#website\",\"url\":\"https:\/\/siranius.com\/\",\"name\":\"Siranius\",\"description\":\"Lignin powered nutraceuticals\",\"potentialAction\":[{\"@type\":\"SearchAction\",\"target\":{\"@type\":\"EntryPoint\",\"urlTemplate\":\"https:\/\/siranius.com\/?s={search_term_string}\"},\"query-input\":{\"@type\":\"PropertyValueSpecification\",\"valueRequired\":true,\"valueName\":\"search_term_string\"}}],\"inLanguage\":\"de\"}]}<\/script>\n<!-- \/ Yoast SEO plugin. -->","yoast_head_json":{"title":"Nachhaltigkeit \u2013 Siranius","description":"Entdecken Sie Siranius\u2019 Weg zur Nachhaltigkeit \u2013 wie wir Wissenschaft, Verantwortung und umweltfreundliche Praktiken in wichtigen Gesundheitsinnovationen auf Ligninbasis vereinen.","robots":{"index":"index","follow":"follow","max-snippet":"max-snippet:-1","max-image-preview":"max-image-preview:large","max-video-preview":"max-video-preview:-1"},"canonical":"https:\/\/siranius.com\/de\/nachhaltigkeit\/","og_locale":"de_DE","og_type":"article","og_title":"Sustainability - Siranius","og_description":"Explore Siranius\u2019 sustainability journey \u2014 how we combine science, responsibility and eco-friendly practices in lignin-based health innovation that matters.","og_url":"https:\/\/siranius.com\/de\/nachhaltigkeit\/","og_site_name":"Siranius","article_modified_time":"2025-12-16T20:41:10+00:00","og_image":[{"width":1024,"height":768,"url":"https:\/\/siranius.com\/wp-content\/uploads\/sites\/2\/2025\/12\/Meta-The-company.png","type":"image\/png"}],"twitter_card":"summary_large_image","twitter_misc":{"Gesch\u00e4tzte Lesezeit":"2\u00a0Minuten"},"schema":{"@context":"https:\/\/schema.org","@graph":[{"@type":"WebPage","@id":"https:\/\/siranius.com\/sustainability\/","url":"https:\/\/siranius.com\/sustainability\/","name":"Nachhaltigkeit \u2013 Siranius","isPartOf":{"@id":"https:\/\/siranius.com\/#website"},"primaryImageOfPage":{"@id":"https:\/\/siranius.com\/sustainability\/#primaryimage"},"image":{"@id":"https:\/\/siranius.com\/sustainability\/#primaryimage"},"thumbnailUrl":"https:\/\/siranius.com\/wp-content\/uploads\/sites\/2\/2025\/12\/Meta-The-company.png","datePublished":"2025-11-19T09:50:13+00:00","dateModified":"2025-12-16T20:41:10+00:00","description":"Entdecken Sie Siranius\u2019 Weg zur Nachhaltigkeit \u2013 wie wir Wissenschaft, Verantwortung und umweltfreundliche Praktiken in wichtigen Gesundheitsinnovationen auf Ligninbasis vereinen.","breadcrumb":{"@id":"https:\/\/siranius.com\/sustainability\/#breadcrumb"},"inLanguage":"de","potentialAction":[{"@type":"ReadAction","target":["https:\/\/siranius.com\/sustainability\/"]}]},{"@type":"ImageObject","inLanguage":"de","@id":"https:\/\/siranius.com\/sustainability\/#primaryimage","url":"https:\/\/siranius.com\/wp-content\/uploads\/sites\/2\/2025\/12\/Meta-The-company.png","contentUrl":"https:\/\/siranius.com\/wp-content\/uploads\/sites\/2\/2025\/12\/Meta-The-company.png","width":1024,"height":768},{"@type":"BreadcrumbList","@id":"https:\/\/siranius.com\/sustainability\/#breadcrumb","itemListElement":[{"@type":"ListItem","position":1,"name":"Home","item":"https:\/\/siranius.com\/"},{"@type":"ListItem","position":2,"name":"Sustainability"}]},{"@type":"WebSite","@id":"https:\/\/siranius.com\/#website","url":"https:\/\/siranius.com\/","name":"Siranius","description":"Nutrazeutika auf Ligninbasis","potentialAction":[{"@type":"SearchAction","target":{"@type":"EntryPoint","urlTemplate":"https:\/\/siranius.com\/?s={search_term_string}"},"query-input":{"@type":"PropertyValueSpecification","valueRequired":true,"valueName":"search_term_string"}}],"inLanguage":"de"}]}},"_links":{"self":[{"href":"https:\/\/siranius.com\/de\/wp-json\/wp\/v2\/pages\/25","targetHints":{"allow":["GET"]}}],"collection":[{"href":"https:\/\/siranius.com\/de\/wp-json\/wp\/v2\/pages"}],"about":[{"href":"https:\/\/siranius.com\/de\/wp-json\/wp\/v2\/types\/page"}],"author":[{"embeddable":true,"href":"https:\/\/siranius.com\/de\/wp-json\/wp\/v2\/users\/1"}],"replies":[{"embeddable":true,"href":"https:\/\/siranius.com\/de\/wp-json\/wp\/v2\/comments?post=25"}],"version-history":[{"count":28,"href":"https:\/\/siranius.com\/de\/wp-json\/wp\/v2\/pages\/25\/revisions"}],"predecessor-version":[{"id":422,"href":"https:\/\/siranius.com\/de\/wp-json\/wp\/v2\/pages\/25\/revisions\/422"}],"wp:featuredmedia":[{"embeddable":true,"href":"https:\/\/siranius.com\/de\/wp-json\/wp\/v2\/media\/504"}],"wp:attachment":[{"href":"https:\/\/siranius.com\/de\/wp-json\/wp\/v2\/media?parent=25"}],"curies":[{"name":"wp","href":"https:\/\/api.w.org\/{rel}","templated":true}]}}