{"id":248,"date":"2025-11-30T19:32:17","date_gmt":"2025-11-30T19:32:17","guid":{"rendered":"https:\/\/siranius.tanovis.linawang.se\/?page_id=248"},"modified":"2025-12-16T19:04:37","modified_gmt":"2025-12-16T19:04:37","slug":"248-2","status":"publish","type":"page","link":"https:\/\/siranius.com\/de\/248-2\/","title":{"rendered":"Impressum"},"content":{"rendered":"<section class=\"text container wysiwyg\" >\n                                      <h2 class=\"text__title fade-up\">\n            Impressum          <\/h2>\n                                                  <div class=\"text__body fade-up\">\n            <p>Siranius AG<br \/>\nWeingartenstra\u00dfe 11<br \/>\n8803 R\u00fcschlikon<\/p>\n<p>Schweiz<\/p>\n<p>+41 (0)44 500 7325<\/p>\n<p><a class=\"obfuscated-link\" href=\"mailto:info@plt-innovations.com\"><span class=\"obfuscated-link-text\">info@siranius.com<\/span><\/a><\/p>\n<p>&nbsp;<\/p>\n<p>Gesch\u00e4ftsf\u00fchrer: Charles Walser<\/p>\n          <\/div>\n                    \n<\/section>\n\n\n<section class=\"text container wysiwyg\" >\n                                      <h2 class=\"text__title fade-up\">\n            Nutzungsbedingungen          <\/h2>\n                                                  <div class=\"text__body fade-up\">\n            <p>Die auf dieser Website angezeigten Materialien, einschlie\u00dflich, aber nicht beschr\u00e4nkt auf alle schriftlichen Materialien, Fotos, Illustrationen, Grafiken und andere Bildmaterialien sowie Namen, Logos, Marken und Dienstleistungsmarken, sind Eigentum der Siranius AG oder ihrer Lizenzgeber und sind durch Urheber-, Marken- und andere Gesetze zum Schutz geistigen Eigentums gesch\u00fctzt. Alle Inhalte dieser Website d\u00fcrfen ausschlie\u00dflich f\u00fcr Ihren pers\u00f6nlichen, nicht kommerziellen Gebrauch angezeigt und ausgedruckt werden. Sie erkl\u00e4ren sich damit einverstanden, keine Materialien dieser Website ohne die ausdr\u00fcckliche vorherige schriftliche Zustimmung der Siranius AG zu reproduzieren, weiterzugeben, zu verbreiten, zu verkaufen, zu ver\u00f6ffentlichen, auszustrahlen oder anderweitig zu nutzen.<\/p>\n<p>Diese Website enth\u00e4lt Links zu anderen Websites. Wir sind nicht f\u00fcr den Inhalt und die Datenschutzpraktiken anderer Websites verantwortlich und empfehlen Ihnen, die Datenschutzrichtlinien jeder Website zu \u00fcberpr\u00fcfen und Ihre eigenen Entscheidungen hinsichtlich der Genauigkeit, Zuverl\u00e4ssigkeit und Richtigkeit der dort gefundenen Materialien und Informationen zu treffen.<\/p>\n          <\/div>\n                                                  <h2 class=\"text__title fade-up\">\n            Haftungsausschluss          <\/h2>\n                                                  <div class=\"text__body fade-up\">\n            <p>Diese Website enth\u00e4lt zukunftsgerichtete Aussagen. Diese Aussagen basieren auf aktuellen Erwartungen und Annahmen, die Risiken und Unsicherheiten unterliegen. Die tats\u00e4chlichen Ergebnisse k\u00f6nnen aufgrund verschiedener Faktoren erheblich davon abweichen, darunter: Ver\u00e4nderungen der allgemeinen wirtschaftlichen Lage, die sich auf die Nachfrage nach Dienstleistungen und Produkten der Sirnaius AG auswirken; W\u00e4hrungsschwankungen; technologische Ver\u00e4nderungen; Produktlebenszyklen; \u00c4nderungen der Verkaufsbedingungen; die finanzielle Lage von Gesch\u00e4ftspartnern.<\/p>\n<p>Es kann nicht garantiert werden, dass die Annahmen und Zukunftsprognosen zutreffend sind oder dass solche Sch\u00e4tzungen und Prognosen eintreten werden.<\/p>\n<p>Die auf dieser Website enthaltenen Informationen stammen aus den eigenen Unterlagen von Siranius und aus anderen Quellen, die als zuverl\u00e4ssig angesehen werden. Es wird jedoch keine Gew\u00e4hr f\u00fcr deren Richtigkeit oder Vollst\u00e4ndigkeit \u00fcbernommen.<\/p>\n          <\/div>\n                    \n<\/section>","protected":false},"excerpt":{"rendered":"","protected":false},"author":1,"featured_media":504,"parent":0,"menu_order":0,"comment_status":"closed","ping_status":"closed","template":"","meta":{"_acf_changed":false,"content-type":"","footnotes":""},"class_list":["post-248","page","type-page","status-publish","has-post-thumbnail","hentry"],"acf":[],"yoast_head":"<!-- This site is optimized with the Yoast SEO plugin v26.6 - https:\/\/yoast.com\/wordpress\/plugins\/seo\/ -->\n<title>Impressum - Siranius<\/title>\n<meta name=\"robots\" content=\"index, follow, max-snippet:-1, max-image-preview:large, max-video-preview:-1\" \/>\n<link rel=\"canonical\" href=\"https:\/\/siranius.com\/de\/248-2\/\" \/>\n<meta property=\"og:locale\" content=\"de_DE\" \/>\n<meta property=\"og:type\" content=\"article\" \/>\n<meta property=\"og:title\" content=\"Impressum - Siranius\" \/>\n<meta property=\"og:url\" content=\"https:\/\/siranius.com\/de\/248-2\/\" \/>\n<meta property=\"og:site_name\" content=\"Siranius\" \/>\n<meta property=\"article:modified_time\" content=\"2025-12-16T19:04:37+00:00\" \/>\n<meta property=\"og:image\" content=\"https:\/\/siranius.com\/wp-content\/uploads\/sites\/2\/2025\/12\/Meta-The-company.png\" \/>\n\t<meta property=\"og:image:width\" content=\"1024\" \/>\n\t<meta property=\"og:image:height\" content=\"768\" \/>\n\t<meta property=\"og:image:type\" content=\"image\/png\" \/>\n<meta name=\"twitter:card\" content=\"summary_large_image\" \/>\n<meta name=\"twitter:label1\" content=\"Gesch\u00e4tzte Lesezeit\" \/>\n\t<meta name=\"twitter:data1\" content=\"2\u00a0Minuten\" \/>\n<script type=\"application\/ld+json\" class=\"yoast-schema-graph\">{\"@context\":\"https:\/\/schema.org\",\"@graph\":[{\"@type\":\"WebPage\",\"@id\":\"https:\/\/siranius.com\/248-2\/\",\"url\":\"https:\/\/siranius.com\/248-2\/\",\"name\":\"Impressum - Siranius\",\"isPartOf\":{\"@id\":\"https:\/\/siranius.com\/#website\"},\"primaryImageOfPage\":{\"@id\":\"https:\/\/siranius.com\/248-2\/#primaryimage\"},\"image\":{\"@id\":\"https:\/\/siranius.com\/248-2\/#primaryimage\"},\"thumbnailUrl\":\"https:\/\/siranius.com\/wp-content\/uploads\/sites\/2\/2025\/12\/Meta-The-company.png\",\"datePublished\":\"2025-11-30T19:32:17+00:00\",\"dateModified\":\"2025-12-16T19:04:37+00:00\",\"breadcrumb\":{\"@id\":\"https:\/\/siranius.com\/248-2\/#breadcrumb\"},\"inLanguage\":\"de\",\"potentialAction\":[{\"@type\":\"ReadAction\",\"target\":[\"https:\/\/siranius.com\/248-2\/\"]}]},{\"@type\":\"ImageObject\",\"inLanguage\":\"de\",\"@id\":\"https:\/\/siranius.com\/248-2\/#primaryimage\",\"url\":\"https:\/\/siranius.com\/wp-content\/uploads\/sites\/2\/2025\/12\/Meta-The-company.png\",\"contentUrl\":\"https:\/\/siranius.com\/wp-content\/uploads\/sites\/2\/2025\/12\/Meta-The-company.png\",\"width\":1024,\"height\":768},{\"@type\":\"BreadcrumbList\",\"@id\":\"https:\/\/siranius.com\/248-2\/#breadcrumb\",\"itemListElement\":[{\"@type\":\"ListItem\",\"position\":1,\"name\":\"Home\",\"item\":\"https:\/\/siranius.com\/\"},{\"@type\":\"ListItem\",\"position\":2,\"name\":\"Impressum\"}]},{\"@type\":\"WebSite\",\"@id\":\"https:\/\/siranius.com\/#website\",\"url\":\"https:\/\/siranius.com\/\",\"name\":\"Siranius\",\"description\":\"Lignin powered nutraceuticals\",\"potentialAction\":[{\"@type\":\"SearchAction\",\"target\":{\"@type\":\"EntryPoint\",\"urlTemplate\":\"https:\/\/siranius.com\/?s={search_term_string}\"},\"query-input\":{\"@type\":\"PropertyValueSpecification\",\"valueRequired\":true,\"valueName\":\"search_term_string\"}}],\"inLanguage\":\"de\"}]}<\/script>\n<!-- \/ Yoast SEO plugin. -->","yoast_head_json":{"title":"Impressum \u2013 Siranius","robots":{"index":"index","follow":"follow","max-snippet":"max-snippet:-1","max-image-preview":"max-image-preview:large","max-video-preview":"max-video-preview:-1"},"canonical":"https:\/\/siranius.com\/de\/248-2\/","og_locale":"de_DE","og_type":"article","og_title":"Impressum - Siranius","og_url":"https:\/\/siranius.com\/de\/248-2\/","og_site_name":"Siranius","article_modified_time":"2025-12-16T19:04:37+00:00","og_image":[{"width":1024,"height":768,"url":"https:\/\/siranius.com\/wp-content\/uploads\/sites\/2\/2025\/12\/Meta-The-company.png","type":"image\/png"}],"twitter_card":"summary_large_image","twitter_misc":{"Gesch\u00e4tzte Lesezeit":"2\u00a0Minuten"},"schema":{"@context":"https:\/\/schema.org","@graph":[{"@type":"WebPage","@id":"https:\/\/siranius.com\/248-2\/","url":"https:\/\/siranius.com\/248-2\/","name":"Impressum \u2013 Siranius","isPartOf":{"@id":"https:\/\/siranius.com\/#website"},"primaryImageOfPage":{"@id":"https:\/\/siranius.com\/248-2\/#primaryimage"},"image":{"@id":"https:\/\/siranius.com\/248-2\/#primaryimage"},"thumbnailUrl":"https:\/\/siranius.com\/wp-content\/uploads\/sites\/2\/2025\/12\/Meta-The-company.png","datePublished":"2025-11-30T19:32:17+00:00","dateModified":"2025-12-16T19:04:37+00:00","breadcrumb":{"@id":"https:\/\/siranius.com\/248-2\/#breadcrumb"},"inLanguage":"de","potentialAction":[{"@type":"ReadAction","target":["https:\/\/siranius.com\/248-2\/"]}]},{"@type":"ImageObject","inLanguage":"de","@id":"https:\/\/siranius.com\/248-2\/#primaryimage","url":"https:\/\/siranius.com\/wp-content\/uploads\/sites\/2\/2025\/12\/Meta-The-company.png","contentUrl":"https:\/\/siranius.com\/wp-content\/uploads\/sites\/2\/2025\/12\/Meta-The-company.png","width":1024,"height":768},{"@type":"BreadcrumbList","@id":"https:\/\/siranius.com\/248-2\/#breadcrumb","itemListElement":[{"@type":"ListItem","position":1,"name":"Home","item":"https:\/\/siranius.com\/"},{"@type":"ListItem","position":2,"name":"Impressum"}]},{"@type":"WebSite","@id":"https:\/\/siranius.com\/#website","url":"https:\/\/siranius.com\/","name":"Siranius","description":"Nutrazeutika auf Ligninbasis","potentialAction":[{"@type":"SearchAction","target":{"@type":"EntryPoint","urlTemplate":"https:\/\/siranius.com\/?s={search_term_string}"},"query-input":{"@type":"PropertyValueSpecification","valueRequired":true,"valueName":"search_term_string"}}],"inLanguage":"de"}]}},"_links":{"self":[{"href":"https:\/\/siranius.com\/de\/wp-json\/wp\/v2\/pages\/248","targetHints":{"allow":["GET"]}}],"collection":[{"href":"https:\/\/siranius.com\/de\/wp-json\/wp\/v2\/pages"}],"about":[{"href":"https:\/\/siranius.com\/de\/wp-json\/wp\/v2\/types\/page"}],"author":[{"embeddable":true,"href":"https:\/\/siranius.com\/de\/wp-json\/wp\/v2\/users\/1"}],"replies":[{"embeddable":true,"href":"https:\/\/siranius.com\/de\/wp-json\/wp\/v2\/comments?post=248"}],"version-history":[{"count":3,"href":"https:\/\/siranius.com\/de\/wp-json\/wp\/v2\/pages\/248\/revisions"}],"predecessor-version":[{"id":280,"href":"https:\/\/siranius.com\/de\/wp-json\/wp\/v2\/pages\/248\/revisions\/280"}],"wp:featuredmedia":[{"embeddable":true,"href":"https:\/\/siranius.com\/de\/wp-json\/wp\/v2\/media\/504"}],"wp:attachment":[{"href":"https:\/\/siranius.com\/de\/wp-json\/wp\/v2\/media?parent=248"}],"curies":[{"name":"wp","href":"https:\/\/api.w.org\/{rel}","templated":true}]}}