{"id":21,"date":"2025-11-19T09:49:24","date_gmt":"2025-11-19T09:49:24","guid":{"rendered":"https:\/\/siranius.tanovis.linawang.se\/?page_id=21"},"modified":"2025-12-16T20:34:00","modified_gmt":"2025-12-16T20:34:00","slug":"menschliche-gesundheit","status":"publish","type":"page","link":"https:\/\/siranius.com\/de\/menschliche-gesundheit\/","title":{"rendered":"Menschliche Gesundheit"},"content":{"rendered":"<section\n  class=\"tanovis_sub_hero  sub_hero--bg-medium split\"\n  >\n  <div class=\"hero__media\">\n              <img decoding=\"async\" class=\"hero__bg\" src=\"https:\/\/siranius.com\/wp-content\/uploads\/sites\/2\/2025\/11\/image01.jpg\" alt=\"\" \/>\n    \n    <div class=\"hero__symbol-container split\">\n      <div class=\"hero__symbol\">\n              <\/div>\n    <\/div>\n  <\/div>\n\n  <div class=\"hero__content container\">\n          <h1 class=\"hero__title title-lg\">Es gibt Millionen von Gr\u00fcnden, einen st\u00e4rkeren Darm aufzubauen.<\/h1>\n      <\/div>\n<\/section>\n\n\n<section class=\"text container wysiwyg\" id=\"Global-challenges\" >\n                                      <div class=\"text__body fade-up\">\n            <p>Reizdarmsyndrom. Dehydrierung. Durchfall. Heute leiden Millionen von Menschen unter einem unausgeglichenen Darm und einer unvorhersehbaren Darmgesundheit. Da weltweite Forschungsergebnisse einen Zusammenhang zwischen Darmbakterien und schwerwiegenden Gesundheitsproblemen herstellen, m\u00f6chten wir Ihnen dabei helfen, Ihren Darm zu st\u00e4rken und zu sch\u00fctzen, wo es am wichtigsten ist.<\/p>\n          <\/div>\n                    \n<\/section>\n\n\n<section class=\"text-columns container  bg-default\" id=\"Gobal-health-challenges\" >\n  <div class=\"text-columns__inner\">\n    <div class=\"text-columns__col-title\">\n      <h2 class=\"title-md\">Die globalen Herausforderungen im Gesundheitswesen<\/h2>\n    <\/div>\n    <div><\/div>\n    <div class=\"text-columns__col-1 fade-up-delay-200\">\n      <p><span style=\"font-weight: 400;\">Das moderne Leben belastet die menschliche Gesundheit in einer Weise, mit der unsere Biologie nur schwer Schritt halten kann. Chronische Entz\u00fcndungen, Autoimmunreaktionen, Stoffwechselst\u00f6rungen und die Belastung durch Giftstoffe nehmen zu, verursacht durch Stress, schlechte Ern\u00e4hrung, Umweltbelastungen und ein \u00fcberlastetes Immunsystem.<\/span><\/p>\n    <\/div>\n    <div class=\"text-columns__col-2 fade-up-delay-600\">\n      <p><span style=\"font-weight: 400;\">Im Mittelpunkt steht dabei der Darm. Forschungsergebnisse zeigen zunehmend, dass St\u00f6rungen des Darmmikrobioms nicht nur mit Verdauungsproblemen zusammenh\u00e4ngen, sondern auch mit systemischen Erkrankungen, die das Gehirn, das Herz, den Stoffwechsel und die Immunantwort beeintr\u00e4chtigen.<\/span><\/p>\n    <\/div>\n      <\/div>\n<\/section>\n\n\n<section class=\"numbers container  bg-default\" >\n  <h2 class=\"numbers__title\"><\/h2>\n  <div class=\"numbers__inner\">\n        <div class=\"numbers__item\">\n      <h3 class=\"numbers__item-number title-xxl\"><span\n          class=\"numbers__item-number-animate\">11<\/span>%      <\/h3>\n      <p class=\"numbers__item-text body-sm\">der Weltbev\u00f6lkerung lebt mit Reizdarmsyndrom<\/p>\n    <\/div>\n        <div class=\"numbers__item\">\n      <h3 class=\"numbers__item-number title-xxl\"><span\n          class=\"numbers__item-number-animate\">30<\/span>%      <\/h3>\n      <p class=\"numbers__item-text body-sm\">von denen suchen medizinische Versorgung<\/p>\n    <\/div>\n        <div class=\"numbers__item\">\n      <h3 class=\"numbers__item-number title-xxl\"><span\n          class=\"numbers__item-number-animate\">15<\/span>%      <\/h3>\n      <p class=\"numbers__item-text body-sm\">Sch\u00e4tzungsweise 10\u201315% Menschen in Europa, den USA und Mexiko leiden an IBS.<\/p>\n    <\/div>\n      <\/div>\n<\/section>\n\n\n<section class=\"text-columns container  bg-default\" id=\"Our-focus-areas\" >\n  <div class=\"text-columns__inner\">\n    <div class=\"text-columns__col-title\">\n      <h2 class=\"title-md\">Unsere Schwerpunkte<\/h2>\n    <\/div>\n    <div><\/div>\n    <div class=\"text-columns__col-1 fade-up-delay-200\">\n      <p><span style=\"font-weight: 400;\">Der Darm ist weit mehr als nur ein Verdauungsorgan. Er ist ein komplexes \u00d6kosystem, das mit dem Immunsystem, dem Energiestoffwechsel und der geistigen Klarheit eng verbunden ist. Da sich bis zu 70 % des Immunsystems dort befinden, ist das Gleichgewicht des Darms von grundlegender Bedeutung f\u00fcr die allgemeine Gesundheit. Unsere aktuelle Forschung konzentriert sich auf aus Lignin gewonnene Verbindungen, die n\u00fctzliche Mikroben unterst\u00fctzen, Entz\u00fcndungen lindern und die Darmbarriere st\u00e4rken.<\/span><\/p>\n    <\/div>\n    <div class=\"text-columns__col-2 fade-up-delay-600\">\n      <p><span style=\"font-weight: 400;\">Durch strenge klinische Validierung und fortschrittliche Formulierung setzen wir die bioaktive Kraft von Lignin in sichere, wirksame L\u00f6sungen um. Von Nutrazeutika bis hin zu zuk\u00fcnftigen medizinischen oder funktionellen Anwendungen \u2013 wir erm\u00f6glichen es dem K\u00f6rper, sich von innen heraus zu verteidigen und zu regenerieren.<\/span><\/p>\n    <\/div>\n      <\/div>\n<\/section>\n\n\n<section class=\"stacked-texts container  bg-default\" >\n  <h2 class=\"stacked-texts__title body-md\">Darmgesundheit <\/h2>\n  <div class=\"stacked-texts__inner\">\n            <div class=\"stacked-texts__section fade-up\">\n      <h3 class=\"stacked-texts__section-title title-md animate-words\">Erfahrung <\/h3>\n      <div class=\"stacked-texts__section-text body-md fade-up-delay-600\"><p><span style=\"font-weight: 400;\">Ein instabiler Darm kann sich auf vielf\u00e4ltige Weise \u00e4u\u00dfern: Bl\u00e4hungen, M\u00fcdigkeit, Nahrungsmittelunvertr\u00e4glichkeiten, Konzentrationsschw\u00e4che oder h\u00e4ufige Infektionen. Diese Symptome m\u00f6gen unabh\u00e4ngig voneinander auftreten, sind jedoch oft miteinander verbundene Signale des inneren \u00d6kosystems des K\u00f6rpers. Die L\u00f6sungen von Siranius tragen dazu bei, das Gleichgewicht wiederherzustellen.\u00a0<\/span><\/p>\n<\/div>\n    <\/div>\n        <div class=\"stacked-texts__section fade-up\">\n      <h3 class=\"stacked-texts__section-title title-md animate-words\">Wirkung<\/h3>\n      <div class=\"stacked-texts__section-text body-md fade-up-delay-600\"><p>Unsere Formulierungen auf Ligninbasis zielen darauf ab, Entz\u00fcndungen zu reduzieren, das Mikrobiom zu harmonisieren und die nat\u00fcrlichen Abwehrmechanismen zu st\u00e4rken. Das Ergebnis ist sp\u00fcrbar: ein ruhigerer Darm, klarere Energie und eine gr\u00f6\u00dfere Widerstandsf\u00e4higkeit im Alltag.<\/p>\n<\/div>\n    <\/div>\n          <\/div>\n<\/section>\n\n\n<section class=\"text container wysiwyg\" >\n                                      <div class=\"text__image fade-up\">\n            <img loading=\"lazy\" decoding=\"async\" width=\"700\" height=\"525\" src=\"https:\/\/siranius.com\/wp-content\/uploads\/sites\/2\/2025\/12\/SIRANIUS_Mirelle_Casual_0359_V01-4-3-700px.jpg\" class=\"text__image-img\" alt=\"\" srcset=\"https:\/\/siranius.com\/wp-content\/uploads\/sites\/2\/2025\/12\/SIRANIUS_Mirelle_Casual_0359_V01-4-3-700px.jpg 700w, https:\/\/siranius.com\/wp-content\/uploads\/sites\/2\/2025\/12\/SIRANIUS_Mirelle_Casual_0359_V01-4-3-700px-300x225.jpg 300w\" sizes=\"auto, (max-width: 700px) 100vw, 700px\" \/>          <\/div>\n                    \n<\/section>","protected":false},"excerpt":{"rendered":"","protected":false},"author":1,"featured_media":505,"parent":0,"menu_order":0,"comment_status":"closed","ping_status":"closed","template":"","meta":{"_acf_changed":false,"content-type":"","footnotes":""},"class_list":["post-21","page","type-page","status-publish","has-post-thumbnail","hentry"],"acf":[],"yoast_head":"<!-- This site is optimized with the Yoast SEO plugin v26.6 - https:\/\/yoast.com\/wordpress\/plugins\/seo\/ -->\n<title>Human health - Siranius<\/title>\n<meta name=\"description\" content=\"Explore Siranius\u2019 human health solutions using lignin. Discover sustainable, science-backed innovations that support wellbeing and real-world health impact.\" \/>\n<meta name=\"robots\" content=\"index, follow, max-snippet:-1, max-image-preview:large, max-video-preview:-1\" \/>\n<link rel=\"canonical\" href=\"https:\/\/siranius.com\/de\/menschliche-gesundheit\/\" \/>\n<meta property=\"og:locale\" content=\"de_DE\" \/>\n<meta property=\"og:type\" content=\"article\" \/>\n<meta property=\"og:title\" content=\"Human health - Siranius\" \/>\n<meta property=\"og:description\" content=\"Explore Siranius\u2019 human health solutions using lignin. Discover sustainable, science-backed innovations that support wellbeing and real-world health impact.\" \/>\n<meta property=\"og:url\" content=\"https:\/\/siranius.com\/de\/menschliche-gesundheit\/\" \/>\n<meta property=\"og:site_name\" content=\"Siranius\" \/>\n<meta property=\"article:modified_time\" content=\"2025-12-16T20:34:00+00:00\" \/>\n<meta property=\"og:image\" content=\"https:\/\/siranius.com\/wp-content\/uploads\/sites\/2\/2025\/12\/Meta-Human-health.png\" \/>\n\t<meta property=\"og:image:width\" content=\"1024\" \/>\n\t<meta property=\"og:image:height\" content=\"768\" \/>\n\t<meta property=\"og:image:type\" content=\"image\/png\" \/>\n<meta name=\"twitter:card\" content=\"summary_large_image\" \/>\n<meta name=\"twitter:label1\" content=\"Gesch\u00e4tzte Lesezeit\" \/>\n\t<meta name=\"twitter:data1\" content=\"3\u00a0Minuten\" \/>\n<script type=\"application\/ld+json\" class=\"yoast-schema-graph\">{\"@context\":\"https:\/\/schema.org\",\"@graph\":[{\"@type\":\"WebPage\",\"@id\":\"https:\/\/siranius.com\/human-health\/\",\"url\":\"https:\/\/siranius.com\/human-health\/\",\"name\":\"Human health - Siranius\",\"isPartOf\":{\"@id\":\"https:\/\/siranius.com\/#website\"},\"primaryImageOfPage\":{\"@id\":\"https:\/\/siranius.com\/human-health\/#primaryimage\"},\"image\":{\"@id\":\"https:\/\/siranius.com\/human-health\/#primaryimage\"},\"thumbnailUrl\":\"https:\/\/siranius.com\/wp-content\/uploads\/sites\/2\/2025\/12\/Meta-Human-health.png\",\"datePublished\":\"2025-11-19T09:49:24+00:00\",\"dateModified\":\"2025-12-16T20:34:00+00:00\",\"description\":\"Explore Siranius\u2019 human health solutions using lignin. Discover sustainable, science-backed innovations that support wellbeing and real-world health impact.\",\"breadcrumb\":{\"@id\":\"https:\/\/siranius.com\/human-health\/#breadcrumb\"},\"inLanguage\":\"de\",\"potentialAction\":[{\"@type\":\"ReadAction\",\"target\":[\"https:\/\/siranius.com\/human-health\/\"]}]},{\"@type\":\"ImageObject\",\"inLanguage\":\"de\",\"@id\":\"https:\/\/siranius.com\/human-health\/#primaryimage\",\"url\":\"https:\/\/siranius.com\/wp-content\/uploads\/sites\/2\/2025\/12\/Meta-Human-health.png\",\"contentUrl\":\"https:\/\/siranius.com\/wp-content\/uploads\/sites\/2\/2025\/12\/Meta-Human-health.png\",\"width\":1024,\"height\":768},{\"@type\":\"BreadcrumbList\",\"@id\":\"https:\/\/siranius.com\/human-health\/#breadcrumb\",\"itemListElement\":[{\"@type\":\"ListItem\",\"position\":1,\"name\":\"Home\",\"item\":\"https:\/\/siranius.com\/\"},{\"@type\":\"ListItem\",\"position\":2,\"name\":\"Human health\"}]},{\"@type\":\"WebSite\",\"@id\":\"https:\/\/siranius.com\/#website\",\"url\":\"https:\/\/siranius.com\/\",\"name\":\"Siranius\",\"description\":\"Lignin powered nutraceuticals\",\"potentialAction\":[{\"@type\":\"SearchAction\",\"target\":{\"@type\":\"EntryPoint\",\"urlTemplate\":\"https:\/\/siranius.com\/?s={search_term_string}\"},\"query-input\":{\"@type\":\"PropertyValueSpecification\",\"valueRequired\":true,\"valueName\":\"search_term_string\"}}],\"inLanguage\":\"de\"}]}<\/script>\n<!-- \/ Yoast SEO plugin. -->","yoast_head_json":{"title":"Menschliche Gesundheit \u2013 Siranius","description":"Entdecken Sie die L\u00f6sungen von Siranius f\u00fcr die menschliche Gesundheit auf Basis von Lignin. Entdecken Sie nachhaltige, wissenschaftlich fundierte Innovationen, die das Wohlbefinden f\u00f6rdern und sich positiv auf die Gesundheit auswirken.","robots":{"index":"index","follow":"follow","max-snippet":"max-snippet:-1","max-image-preview":"max-image-preview:large","max-video-preview":"max-video-preview:-1"},"canonical":"https:\/\/siranius.com\/de\/menschliche-gesundheit\/","og_locale":"de_DE","og_type":"article","og_title":"Human health - Siranius","og_description":"Explore Siranius\u2019 human health solutions using lignin. Discover sustainable, science-backed innovations that support wellbeing and real-world health impact.","og_url":"https:\/\/siranius.com\/de\/menschliche-gesundheit\/","og_site_name":"Siranius","article_modified_time":"2025-12-16T20:34:00+00:00","og_image":[{"width":1024,"height":768,"url":"https:\/\/siranius.com\/wp-content\/uploads\/sites\/2\/2025\/12\/Meta-Human-health.png","type":"image\/png"}],"twitter_card":"summary_large_image","twitter_misc":{"Gesch\u00e4tzte Lesezeit":"3\u00a0Minuten"},"schema":{"@context":"https:\/\/schema.org","@graph":[{"@type":"WebPage","@id":"https:\/\/siranius.com\/human-health\/","url":"https:\/\/siranius.com\/human-health\/","name":"Menschliche Gesundheit \u2013 Siranius","isPartOf":{"@id":"https:\/\/siranius.com\/#website"},"primaryImageOfPage":{"@id":"https:\/\/siranius.com\/human-health\/#primaryimage"},"image":{"@id":"https:\/\/siranius.com\/human-health\/#primaryimage"},"thumbnailUrl":"https:\/\/siranius.com\/wp-content\/uploads\/sites\/2\/2025\/12\/Meta-Human-health.png","datePublished":"2025-11-19T09:49:24+00:00","dateModified":"2025-12-16T20:34:00+00:00","description":"Entdecken Sie die L\u00f6sungen von Siranius f\u00fcr die menschliche Gesundheit auf Basis von Lignin. Entdecken Sie nachhaltige, wissenschaftlich fundierte Innovationen, die das Wohlbefinden f\u00f6rdern und sich positiv auf die Gesundheit auswirken.","breadcrumb":{"@id":"https:\/\/siranius.com\/human-health\/#breadcrumb"},"inLanguage":"de","potentialAction":[{"@type":"ReadAction","target":["https:\/\/siranius.com\/human-health\/"]}]},{"@type":"ImageObject","inLanguage":"de","@id":"https:\/\/siranius.com\/human-health\/#primaryimage","url":"https:\/\/siranius.com\/wp-content\/uploads\/sites\/2\/2025\/12\/Meta-Human-health.png","contentUrl":"https:\/\/siranius.com\/wp-content\/uploads\/sites\/2\/2025\/12\/Meta-Human-health.png","width":1024,"height":768},{"@type":"BreadcrumbList","@id":"https:\/\/siranius.com\/human-health\/#breadcrumb","itemListElement":[{"@type":"ListItem","position":1,"name":"Home","item":"https:\/\/siranius.com\/"},{"@type":"ListItem","position":2,"name":"Human health"}]},{"@type":"WebSite","@id":"https:\/\/siranius.com\/#website","url":"https:\/\/siranius.com\/","name":"Siranius","description":"Nutrazeutika auf Ligninbasis","potentialAction":[{"@type":"SearchAction","target":{"@type":"EntryPoint","urlTemplate":"https:\/\/siranius.com\/?s={search_term_string}"},"query-input":{"@type":"PropertyValueSpecification","valueRequired":true,"valueName":"search_term_string"}}],"inLanguage":"de"}]}},"_links":{"self":[{"href":"https:\/\/siranius.com\/de\/wp-json\/wp\/v2\/pages\/21","targetHints":{"allow":["GET"]}}],"collection":[{"href":"https:\/\/siranius.com\/de\/wp-json\/wp\/v2\/pages"}],"about":[{"href":"https:\/\/siranius.com\/de\/wp-json\/wp\/v2\/types\/page"}],"author":[{"embeddable":true,"href":"https:\/\/siranius.com\/de\/wp-json\/wp\/v2\/users\/1"}],"replies":[{"embeddable":true,"href":"https:\/\/siranius.com\/de\/wp-json\/wp\/v2\/comments?post=21"}],"version-history":[{"count":45,"href":"https:\/\/siranius.com\/de\/wp-json\/wp\/v2\/pages\/21\/revisions"}],"predecessor-version":[{"id":443,"href":"https:\/\/siranius.com\/de\/wp-json\/wp\/v2\/pages\/21\/revisions\/443"}],"wp:featuredmedia":[{"embeddable":true,"href":"https:\/\/siranius.com\/de\/wp-json\/wp\/v2\/media\/505"}],"wp:attachment":[{"href":"https:\/\/siranius.com\/de\/wp-json\/wp\/v2\/media?parent=21"}],"curies":[{"name":"wp","href":"https:\/\/api.w.org\/{rel}","templated":true}]}}