{"id":2,"date":"2025-10-30T14:18:17","date_gmt":"2025-10-30T14:18:17","guid":{"rendered":"http:\/\/siranius.tanovis.linawang.se\/?page_id=2"},"modified":"2025-12-16T21:52:58","modified_gmt":"2025-12-16T21:52:58","slug":"sample-page","status":"publish","type":"page","link":"https:\/\/siranius.com\/de\/","title":{"rendered":"Siranius"},"content":{"rendered":"<section class=\"tanovis_hero  bg-medium\" >\n  <div class=\"hero__media\">\n          <video class=\"hero__video\" src=\"https:\/\/siranius.com\/wp-content\/uploads\/sites\/2\/2025\/12\/SIRANIUS_16-9_03.mp4\" autoplay muted loop playsinline><\/video>\n              <img decoding=\"async\" class=\"hero__bg\" src=\"https:\/\/siranius.com\/wp-content\/uploads\/sites\/2\/2025\/12\/Siranius-color-16-9.jpg\" alt=\"\" \/>\n    \n    <div class=\"hero__symbol-container\">\n          <\/div>\n  <\/div>\n\n  <div class=\"hero__content container\">\n    \n          <h1 class=\"hero__title title-lg\">Reine nat\u00fcrliche Intelligenz f\u00fcr das menschliche Wohlbefinden.<\/h1>\n    \n    \n  <\/div>\n<\/section>\n\n\n<section class=\"text container wysiwyg\" >\n                                      <div class=\"text__preamble  fade-up\">\n            <p class=\"preamble\">Wir entwickeln Nutrazeutika und funktionelle Inhaltsstoffe auf Ligninbasis, die den Darm st\u00e4rken, und leisten damit Pionierarbeit f\u00fcr eine ganz neue Kategorie von nachhaltigen Gesundheitsl\u00f6sungen.<\/p>\n          <\/div>\n                    \n<\/section>\n\n\n<section class=\"gallery  bg-medium\" >\n  <div class=\"gallery__images layout-two\">\n          <h3 class=\"gallery__text title-md\" data-speed=\"1.2\">\n        Reine nat\u00fcrliche Intelligenz f\u00fcr die menschliche Gesundheit      <\/h3>\n      <div class=\"image-1 cutout cutout-image aspect-ratio-16-9 cutout-top-right\" data-speed=\"1.5\">\n        <img decoding=\"async\" src=\"https:\/\/siranius.com\/wp-content\/uploads\/sites\/2\/2025\/11\/image01.jpg\" alt=\"\" data-speed=\"0.9\">\n      <\/div>\n      <div class=\"image-2 cutout cutout-image aspect-ratio-4-3 cutout-top-right\" data-speed=\"1.1\">\n        <img decoding=\"async\" src=\"https:\/\/siranius.com\/wp-content\/uploads\/sites\/2\/2025\/12\/SIRANIUS_Morgane_Casual_0481_V01-1-1-scaled.jpg\" alt=\"\" data-speed=\"1.1\">\n      <\/div>\n\n      <\/div>\n\n  <\/section>\n\n\n<section class=\"title-text-block  bg-medium\" >\n  <div class=\"title-text-block__inner container\">\n    <div class=\"title-text-block__title\">\n      <h2 class=\"title-xl animate-words\">Mit Lignin betriebene L\u00f6sungen f\u00fcr die menschliche Gesundheit.<\/h2>\n    <\/div>\n    <div class=\"title-text-block__text fade-up-delay-600\">\n      <div class=\"body-lg\"><p><span style=\"font-weight: 400\">Wir haben die verborgene Kraft von Lignin, der nat\u00fcrlichen Verbindung hinter der Widerstandsf\u00e4higkeit und Abwehrkraft von Pflanzen, entschl\u00fcsselt. Mit einer Kombination aus Wissenschaft und Upcycling leisten wir Pionierarbeit f\u00fcr eine ganz neue Kategorie nachhaltiger Gesundheitsl\u00f6sungen: Lignin-basierte Nutrazeutika und funktionelle Inhaltsstoffe, die sowohl Ihren Darm als auch unsere Gesellschaft st\u00e4rken.<\/span><\/p>\n<\/div>\n                  <a href=\"https:\/\/siranius.tanovis.linawang.se\/human-health\/\" class=\"link\" >\n      Entdecken Sie Lignin f\u00fcr die menschliche Gesundheit <span class=\"link__arrow\"><svg width=\"14\" height=\"17\" viewbox=\"0 0 14 17\" fill=\"none\"\n          xmlns=\"http:\/\/www.w3.org\/2000\/svg\">\n          <path d=\"M0 17V0L14 8.5L0 17Z\" fill=\"currentColor\" \/>\n        <\/svg>\n      <\/span>\n    <\/a>\n          <\/div>\n  <\/div>\n<\/section>","protected":false},"excerpt":{"rendered":"","protected":false},"author":1,"featured_media":505,"parent":0,"menu_order":0,"comment_status":"closed","ping_status":"open","template":"","meta":{"_acf_changed":false,"content-type":"","footnotes":""},"class_list":["post-2","page","type-page","status-publish","has-post-thumbnail","hentry"],"acf":[],"yoast_head":"<!-- This site is optimized with the Yoast SEO plugin v26.6 - https:\/\/yoast.com\/wordpress\/plugins\/seo\/ -->\n<title>Siranius - Siranius<\/title>\n<meta name=\"description\" content=\"Welcome to Siranius \u2014 where lignin science meets human health. Discover sustainable, thoughtfully developed solutions that support wellbeing and real impact.\" \/>\n<meta name=\"robots\" content=\"index, follow, max-snippet:-1, max-image-preview:large, max-video-preview:-1\" \/>\n<link rel=\"canonical\" href=\"https:\/\/siranius.com\/de\/\" \/>\n<meta property=\"og:locale\" content=\"de_DE\" \/>\n<meta property=\"og:type\" content=\"article\" \/>\n<meta property=\"og:title\" content=\"Siranius - Siranius\" \/>\n<meta property=\"og:description\" content=\"Welcome to Siranius \u2014 where lignin science meets human health. Discover sustainable, thoughtfully developed solutions that support wellbeing and real impact.\" \/>\n<meta property=\"og:url\" content=\"https:\/\/siranius.com\/de\/\" \/>\n<meta property=\"og:site_name\" content=\"Siranius\" \/>\n<meta property=\"article:modified_time\" content=\"2025-12-16T21:52:58+00:00\" \/>\n<meta property=\"og:image\" content=\"https:\/\/siranius.com\/wp-content\/uploads\/sites\/2\/2025\/12\/Meta-Human-health.png\" \/>\n\t<meta property=\"og:image:width\" content=\"1024\" \/>\n\t<meta property=\"og:image:height\" content=\"768\" \/>\n\t<meta property=\"og:image:type\" content=\"image\/png\" \/>\n<meta name=\"twitter:card\" content=\"summary_large_image\" \/>\n<meta name=\"twitter:label1\" content=\"Gesch\u00e4tzte Lesezeit\" \/>\n\t<meta name=\"twitter:data1\" content=\"2\u00a0Minuten\" \/>\n<script type=\"application\/ld+json\" class=\"yoast-schema-graph\">{\"@context\":\"https:\/\/schema.org\",\"@graph\":[{\"@type\":\"WebPage\",\"@id\":\"https:\/\/siranius.com\/\",\"url\":\"https:\/\/siranius.com\/\",\"name\":\"Siranius - Siranius\",\"isPartOf\":{\"@id\":\"https:\/\/siranius.com\/#website\"},\"primaryImageOfPage\":{\"@id\":\"https:\/\/siranius.com\/#primaryimage\"},\"image\":{\"@id\":\"https:\/\/siranius.com\/#primaryimage\"},\"thumbnailUrl\":\"https:\/\/siranius.com\/wp-content\/uploads\/sites\/2\/2025\/12\/Meta-Human-health.png\",\"datePublished\":\"2025-10-30T14:18:17+00:00\",\"dateModified\":\"2025-12-16T21:52:58+00:00\",\"description\":\"Welcome to Siranius \u2014 where lignin science meets human health. Discover sustainable, thoughtfully developed solutions that support wellbeing and real impact.\",\"breadcrumb\":{\"@id\":\"https:\/\/siranius.com\/#breadcrumb\"},\"inLanguage\":\"de\",\"potentialAction\":[{\"@type\":\"ReadAction\",\"target\":[\"https:\/\/siranius.com\/\"]}]},{\"@type\":\"ImageObject\",\"inLanguage\":\"de\",\"@id\":\"https:\/\/siranius.com\/#primaryimage\",\"url\":\"https:\/\/siranius.com\/wp-content\/uploads\/sites\/2\/2025\/12\/Meta-Human-health.png\",\"contentUrl\":\"https:\/\/siranius.com\/wp-content\/uploads\/sites\/2\/2025\/12\/Meta-Human-health.png\",\"width\":1024,\"height\":768},{\"@type\":\"BreadcrumbList\",\"@id\":\"https:\/\/siranius.com\/#breadcrumb\",\"itemListElement\":[{\"@type\":\"ListItem\",\"position\":1,\"name\":\"Home\",\"item\":\"https:\/\/siranius.com\/\"},{\"@type\":\"ListItem\",\"position\":2,\"name\":\"Siranius\"}]},{\"@type\":\"WebSite\",\"@id\":\"https:\/\/siranius.com\/#website\",\"url\":\"https:\/\/siranius.com\/\",\"name\":\"Siranius\",\"description\":\"Lignin powered nutraceuticals\",\"potentialAction\":[{\"@type\":\"SearchAction\",\"target\":{\"@type\":\"EntryPoint\",\"urlTemplate\":\"https:\/\/siranius.com\/?s={search_term_string}\"},\"query-input\":{\"@type\":\"PropertyValueSpecification\",\"valueRequired\":true,\"valueName\":\"search_term_string\"}}],\"inLanguage\":\"de\"}]}<\/script>\n<!-- \/ Yoast SEO plugin. -->","yoast_head_json":{"title":"Siranius - Siranius","description":"Willkommen bei Siranius - wo Ligninwissenschaft auf menschliche Gesundheit trifft. Entdecken Sie nachhaltige, durchdachte L\u00f6sungen, die das Wohlbefinden und eine echte Wirkung unterst\u00fctzen.","robots":{"index":"index","follow":"follow","max-snippet":"max-snippet:-1","max-image-preview":"max-image-preview:large","max-video-preview":"max-video-preview:-1"},"canonical":"https:\/\/siranius.com\/de\/","og_locale":"de_DE","og_type":"article","og_title":"Siranius - Siranius","og_description":"Welcome to Siranius \u2014 where lignin science meets human health. Discover sustainable, thoughtfully developed solutions that support wellbeing and real impact.","og_url":"https:\/\/siranius.com\/de\/","og_site_name":"Siranius","article_modified_time":"2025-12-16T21:52:58+00:00","og_image":[{"width":1024,"height":768,"url":"https:\/\/siranius.com\/wp-content\/uploads\/sites\/2\/2025\/12\/Meta-Human-health.png","type":"image\/png"}],"twitter_card":"summary_large_image","twitter_misc":{"Gesch\u00e4tzte Lesezeit":"2\u00a0Minuten"},"schema":{"@context":"https:\/\/schema.org","@graph":[{"@type":"WebPage","@id":"https:\/\/siranius.com\/","url":"https:\/\/siranius.com\/","name":"Siranius - Siranius","isPartOf":{"@id":"https:\/\/siranius.com\/#website"},"primaryImageOfPage":{"@id":"https:\/\/siranius.com\/#primaryimage"},"image":{"@id":"https:\/\/siranius.com\/#primaryimage"},"thumbnailUrl":"https:\/\/siranius.com\/wp-content\/uploads\/sites\/2\/2025\/12\/Meta-Human-health.png","datePublished":"2025-10-30T14:18:17+00:00","dateModified":"2025-12-16T21:52:58+00:00","description":"Willkommen bei Siranius - wo Ligninwissenschaft auf menschliche Gesundheit trifft. Entdecken Sie nachhaltige, durchdachte L\u00f6sungen, die das Wohlbefinden und eine echte Wirkung unterst\u00fctzen.","breadcrumb":{"@id":"https:\/\/siranius.com\/#breadcrumb"},"inLanguage":"de","potentialAction":[{"@type":"ReadAction","target":["https:\/\/siranius.com\/"]}]},{"@type":"ImageObject","inLanguage":"de","@id":"https:\/\/siranius.com\/#primaryimage","url":"https:\/\/siranius.com\/wp-content\/uploads\/sites\/2\/2025\/12\/Meta-Human-health.png","contentUrl":"https:\/\/siranius.com\/wp-content\/uploads\/sites\/2\/2025\/12\/Meta-Human-health.png","width":1024,"height":768},{"@type":"BreadcrumbList","@id":"https:\/\/siranius.com\/#breadcrumb","itemListElement":[{"@type":"ListItem","position":1,"name":"Home","item":"https:\/\/siranius.com\/"},{"@type":"ListItem","position":2,"name":"Siranius"}]},{"@type":"WebSite","@id":"https:\/\/siranius.com\/#website","url":"https:\/\/siranius.com\/","name":"Siranius","description":"Nutrazeutika auf Ligninbasis","potentialAction":[{"@type":"SearchAction","target":{"@type":"EntryPoint","urlTemplate":"https:\/\/siranius.com\/?s={search_term_string}"},"query-input":{"@type":"PropertyValueSpecification","valueRequired":true,"valueName":"search_term_string"}}],"inLanguage":"de"}]}},"_links":{"self":[{"href":"https:\/\/siranius.com\/de\/wp-json\/wp\/v2\/pages\/2","targetHints":{"allow":["GET"]}}],"collection":[{"href":"https:\/\/siranius.com\/de\/wp-json\/wp\/v2\/pages"}],"about":[{"href":"https:\/\/siranius.com\/de\/wp-json\/wp\/v2\/types\/page"}],"author":[{"embeddable":true,"href":"https:\/\/siranius.com\/de\/wp-json\/wp\/v2\/users\/1"}],"replies":[{"embeddable":true,"href":"https:\/\/siranius.com\/de\/wp-json\/wp\/v2\/comments?post=2"}],"version-history":[{"count":95,"href":"https:\/\/siranius.com\/de\/wp-json\/wp\/v2\/pages\/2\/revisions"}],"predecessor-version":[{"id":512,"href":"https:\/\/siranius.com\/de\/wp-json\/wp\/v2\/pages\/2\/revisions\/512"}],"wp:featuredmedia":[{"embeddable":true,"href":"https:\/\/siranius.com\/de\/wp-json\/wp\/v2\/media\/505"}],"wp:attachment":[{"href":"https:\/\/siranius.com\/de\/wp-json\/wp\/v2\/media?parent=2"}],"curies":[{"name":"wp","href":"https:\/\/api.w.org\/{rel}","templated":true}]}}